{"id":6495,"date":"2020-06-16T15:20:27","date_gmt":"2020-06-16T13:20:27","guid":{"rendered":"https:\/\/www.shootingcracow.com\/ofert\/individuellt-skytte\/"},"modified":"2020-07-08T23:10:08","modified_gmt":"2020-07-08T21:10:08","slug":"individuellt-skytte","status":"publish","type":"page","link":"https:\/\/www.shootingcracow.com\/sv\/ofert\/individuellt-skytte\/","title":{"rendered":"Individuellt skytte"},"content":{"rendered":"<section class=\"l-section wpb_row us_custom_6d54c28f height_medium\"><div class=\"l-section-h i-cf\"><div class=\"g-cols vc_row via_flex valign_top type_default stacking_default\"><div class=\"vc_col-sm-12 wpb_column vc_column_container\"><div class=\"vc_column-inner\"><div class=\"wpb_wrapper\"><div id=\"ultimate-heading-91836a00c7fb4fa33\" class=\"uvc-heading ult-adjust-bottom-margin ultimate-heading-91836a00c7fb4fa33 uvc-6325 \" data-hspacer=\"no_spacer\" data-halign=\"center\" style=\"text-align:center\"><div class=\"uvc-heading-spacer no_spacer\" style=\"top\"><\/div><div class=\"uvc-main-heading ult-responsive\" data-ultimate-target=\".uvc-heading.ultimate-heading-91836a00c7fb4fa33 h1\" data-responsive-json-new=\"{&quot;font-size&quot;:&quot;&quot;,&quot;line-height&quot;:&quot;&quot;}\"><h1 style=\"font-family:&#039;Oswald&#039;;font-weight:500;color:#ffffff;\">INDIVIDUELLT SKYTTNING AV BRANDVAROR<\/h1><\/div><\/div><\/div><\/div><\/div><\/div><\/div><\/section><section class=\"l-section wpb_row height_small\"><div class=\"l-section-h i-cf\"><div class=\"g-cols vc_row via_flex valign_top type_default stacking_default\"><div class=\"vc_col-sm-12 wpb_column vc_column_container\"><div class=\"vc_column-inner\"><div class=\"wpb_wrapper\"><div id=\"ultimate-heading-30586a00c7fb50459\" class=\"uvc-heading ult-adjust-bottom-margin ultimate-heading-30586a00c7fb50459 uvc-1752 \" data-hspacer=\"line_with_icon\" data-hline_width=\"auto\" data-hicon_type=\"custom\" data-hborder_style=\"solid\" data-hborder_height=\"1\" data-hborder_color=\"#ccc\" data-icon_width=\"48\" data-hfixer=\"10\" data-halign=\"center\" style=\"text-align:center\"><div class=\"uvc-main-heading ult-responsive\" data-ultimate-target=\".uvc-heading.ultimate-heading-30586a00c7fb50459 h2\" data-responsive-json-new=\"{&quot;font-size&quot;:&quot;&quot;,&quot;line-height&quot;:&quot;&quot;}\"><h2 style=\"font-family:&#039;Oswald&#039;;font-weight:300;\">\u00c4r du en vapenfantast?<\/h2><\/div><div class=\"uvc-sub-heading ult-responsive\" data-ultimate-target=\".uvc-heading.ultimate-heading-30586a00c7fb50459 .uvc-sub-heading \" data-responsive-json-new=\"{&quot;font-size&quot;:&quot;&quot;,&quot;line-height&quot;:&quot;&quot;}\" style=\"font-weight:normal;\">\n<p style=\"text-align: center;\">Det \u00e4r h\u00f6g tid att bes\u00f6ka oss. Cracow Shooting Academy \u00e4r ett bra st\u00e4lle att b\u00f6rja ditt \u00e4ventyr<br>\nmed att skjuta eller f\u00f6rb\u00e4ttra dina f\u00e4rdigheter i att anv\u00e4nda vapen.<\/p>\n<\/div><div class=\"uvc-heading-spacer line_with_icon\" style=\"margin-top:20px;\"><div class=\"ult-just-icon-wrapper \"><div class=\"align-icon\" style=\"text-align:center;\">\n<div class=\"aio-icon-img \" style=\"font-size:48px;display:inline-block;\">\n\t<noscript><img class=\"img-icon\" alt=\"null\" src=\"https:\/\/www.shootingcracow.com\/wp-content\/uploads\/2020\/03\/guns-312418.svg\"><\/noscript><img class=\"img-icon lazyload\" alt=\"null\" src=\"data:image\/gif;base64,R0lGODlhAQABAIAAAAAAAP\/\/\/yH5BAEAAAAALAAAAAABAAEAAAIBRAA7\" data-src=\"https:\/\/www.shootingcracow.com\/wp-content\/uploads\/2020\/03\/guns-312418.svg\">\n<\/div><\/div><\/div><\/div><\/div><div class=\"w-separator size_custom\" style=\"height:20px\"><\/div><div class=\"w-btn-wrapper align_center\"><a class=\"w-btn us-btn-style_1 icon_atleft\" title=\"kontakt\" href=\"https:\/\/www.shootingcracow.com\/sv\/create-package\/\"><i class=\"far fa-play\"><\/i><span class=\"w-btn-label\">skapa ett paket<\/span><\/a><\/div><\/div><\/div><\/div><\/div><\/div><\/section><section class=\"l-section wpb_row height_small\"><div class=\"l-section-h i-cf\"><div class=\"g-cols vc_row via_flex valign_middle type_default stacking_default\"><div class=\"vc_col-sm-6 wpb_column vc_column_container\"><div class=\"vc_column-inner\"><div class=\"wpb_wrapper\"><div id=\"ultimate-heading-50656a00c7fb50c38\" class=\"uvc-heading ult-adjust-bottom-margin ultimate-heading-50656a00c7fb50c38 uvc-3019 \" data-hspacer=\"no_spacer\" data-halign=\"right\" style=\"text-align:right\"><div class=\"uvc-heading-spacer no_spacer\" style=\"top\"><\/div><div class=\"uvc-main-heading ult-responsive\" data-ultimate-target=\".uvc-heading.ultimate-heading-50656a00c7fb50c38 h3\" data-responsive-json-new=\"{&quot;font-size&quot;:&quot;&quot;,&quot;line-height&quot;:&quot;&quot;}\"><h3 style=\"font-family:&#039;Oswald&#039;;font-weight:500;margin-bottom:10px;\">VI GARANTERAR GOOD FUN!<\/h3><\/div><div class=\"uvc-sub-heading ult-responsive\" data-ultimate-target=\".uvc-heading.ultimate-heading-50656a00c7fb50c38 .uvc-sub-heading \" data-responsive-json-new=\"{&quot;font-size&quot;:&quot;&quot;,&quot;line-height&quot;:&quot;&quot;}\" style=\"font-weight:normal;\">\n<p>Hos oss kommer du att kunna v\u00e4lja ditt dr\u00f6mvapen fr\u00e5n ett enormt arsenal, och alla fr\u00e5gor och tvivel kommer att besvaras av en instrukt\u00f6r som kommer att finnas tillg\u00e4nglig under din vistelse. Entusiaster av allt relaterat till vapen kommer s\u00e4kert att hitta n\u00e5got f\u00f6r sig sj\u00e4lva.<\/p>\n<\/div><\/div><\/div><\/div><\/div><div class=\"vc_col-sm-6 wpb_column vc_column_container\"><div class=\"vc_column-inner\"><div class=\"wpb_wrapper\"><div class=\"w-image align_none\"><div class=\"w-image-h\"><noscript><img width=\"1024\" height=\"576\" src=\"https:\/\/www.shootingcracow.com\/wp-content\/uploads\/2020\/04\/IMG_7290-1024x576.jpg\" class=\"attachment-large size-large\" alt decoding=\"async\" srcset=\"https:\/\/www.shootingcracow.com\/wp-content\/uploads\/2020\/04\/IMG_7290-1024x576.jpg 1024w, https:\/\/www.shootingcracow.com\/wp-content\/uploads\/2020\/04\/IMG_7290-300x169.jpg 300w, https:\/\/www.shootingcracow.com\/wp-content\/uploads\/2020\/04\/IMG_7290-1536x864.jpg 1536w, https:\/\/www.shootingcracow.com\/wp-content\/uploads\/2020\/04\/IMG_7290.jpg 1920w\" sizes=\"(max-width: 1024px) 100vw, 1024px\"><\/noscript><img width=\"1024\" height=\"576\" src=\"data:image\/svg+xml,%3Csvg%20xmlns%3D%22http%3A%2F%2Fwww.w3.org%2F2000%2Fsvg%22%20viewBox%3D%220%200%201024%20576%22%3E%3C%2Fsvg%3E\" class=\"attachment-large size-large lazyload\" alt decoding=\"async\" srcset=\"data:image\/svg+xml,%3Csvg%20xmlns%3D%22http%3A%2F%2Fwww.w3.org%2F2000%2Fsvg%22%20viewBox%3D%220%200%201024%20576%22%3E%3C%2Fsvg%3E 1024w\" sizes=\"(max-width: 1024px) 100vw, 1024px\" data-srcset=\"https:\/\/www.shootingcracow.com\/wp-content\/uploads\/2020\/04\/IMG_7290-1024x576.jpg 1024w, https:\/\/www.shootingcracow.com\/wp-content\/uploads\/2020\/04\/IMG_7290-300x169.jpg 300w, https:\/\/www.shootingcracow.com\/wp-content\/uploads\/2020\/04\/IMG_7290-1536x864.jpg 1536w, https:\/\/www.shootingcracow.com\/wp-content\/uploads\/2020\/04\/IMG_7290.jpg 1920w\" data-src=\"https:\/\/www.shootingcracow.com\/wp-content\/uploads\/2020\/04\/IMG_7290-1024x576.jpg\"><\/div><\/div><\/div><\/div><\/div><\/div><\/div><\/section><section class=\"l-section wpb_row height_small\"><div class=\"l-section-h i-cf\"><div class=\"g-cols vc_row via_flex valign_middle type_default reversed stacking_default\"><div class=\"vc_col-sm-6 wpb_column vc_column_container\"><div class=\"vc_column-inner\"><div class=\"wpb_wrapper\"><div class=\"w-image align_none\"><div class=\"w-image-h\"><noscript><img width=\"1024\" height=\"577\" src=\"https:\/\/www.shootingcracow.com\/wp-content\/uploads\/2020\/04\/IMG_7285-1024x577.jpg\" class=\"attachment-large size-large\" alt decoding=\"async\" srcset=\"https:\/\/www.shootingcracow.com\/wp-content\/uploads\/2020\/04\/IMG_7285-1024x577.jpg 1024w, https:\/\/www.shootingcracow.com\/wp-content\/uploads\/2020\/04\/IMG_7285-300x169.jpg 300w, https:\/\/www.shootingcracow.com\/wp-content\/uploads\/2020\/04\/IMG_7285-1536x865.jpg 1536w, https:\/\/www.shootingcracow.com\/wp-content\/uploads\/2020\/04\/IMG_7285.jpg 1920w\" sizes=\"(max-width: 1024px) 100vw, 1024px\"><\/noscript><img width=\"1024\" height=\"577\" src=\"data:image\/svg+xml,%3Csvg%20xmlns%3D%22http%3A%2F%2Fwww.w3.org%2F2000%2Fsvg%22%20viewBox%3D%220%200%201024%20577%22%3E%3C%2Fsvg%3E\" class=\"attachment-large size-large lazyload\" alt decoding=\"async\" srcset=\"data:image\/svg+xml,%3Csvg%20xmlns%3D%22http%3A%2F%2Fwww.w3.org%2F2000%2Fsvg%22%20viewBox%3D%220%200%201024%20577%22%3E%3C%2Fsvg%3E 1024w\" sizes=\"(max-width: 1024px) 100vw, 1024px\" data-srcset=\"https:\/\/www.shootingcracow.com\/wp-content\/uploads\/2020\/04\/IMG_7285-1024x577.jpg 1024w, https:\/\/www.shootingcracow.com\/wp-content\/uploads\/2020\/04\/IMG_7285-300x169.jpg 300w, https:\/\/www.shootingcracow.com\/wp-content\/uploads\/2020\/04\/IMG_7285-1536x865.jpg 1536w, https:\/\/www.shootingcracow.com\/wp-content\/uploads\/2020\/04\/IMG_7285.jpg 1920w\" data-src=\"https:\/\/www.shootingcracow.com\/wp-content\/uploads\/2020\/04\/IMG_7285-1024x577.jpg\"><\/div><\/div><\/div><\/div><\/div><div class=\"vc_col-sm-6 wpb_column vc_column_container\"><div class=\"vc_column-inner\"><div class=\"wpb_wrapper\"><div id=\"ultimate-heading-55256a00c7fb51d6e\" class=\"uvc-heading ult-adjust-bottom-margin ultimate-heading-55256a00c7fb51d6e uvc-9853 \" data-hspacer=\"no_spacer\" data-halign=\"left\" style=\"text-align:left\"><div class=\"uvc-heading-spacer no_spacer\" style=\"top\"><\/div><div class=\"uvc-main-heading ult-responsive\" data-ultimate-target=\".uvc-heading.ultimate-heading-55256a00c7fb51d6e h3\" data-responsive-json-new=\"{&quot;font-size&quot;:&quot;&quot;,&quot;line-height&quot;:&quot;&quot;}\"><h3 style=\"font-family:&#039;Oswald&#039;;font-weight:500;margin-bottom:10px;\">\u00c4R SKYTTE EN FORM F\u00d6R DIG?<\/h3><\/div><div class=\"uvc-sub-heading ult-responsive\" data-ultimate-target=\".uvc-heading.ultimate-heading-55256a00c7fb51d6e .uvc-sub-heading \" data-responsive-json-new=\"{&quot;font-size&quot;:&quot;&quot;,&quot;line-height&quot;:&quot;&quot;}\" style=\"font-weight:normal;\">\n<p>Vill du f\u00f6rb\u00e4ttra din verkstad eller bara prova olika typer av vapen som finns i v\u00e5rt erbjudande? Vi ger dig denna m\u00f6jlighet. V\u00e5ra instrukt\u00f6rer hj\u00e4lper och st\u00f6djer dig med deras professionella kunskaper om vapen och skottekniker.<\/p>\n<\/div><\/div><\/div><\/div><\/div><\/div><\/div><\/section><section class=\"l-section wpb_row height_medium\"><div class=\"l-section-h i-cf\"><div class=\"g-cols vc_row via_flex valign_top type_default stacking_default\"><div class=\"vc_col-sm-12 wpb_column vc_column_container\"><div class=\"vc_column-inner\"><div class=\"wpb_wrapper\"><div class=\"g-cols wpb_row us_custom_2c45f91b via_flex valign_top type_default stacking_default\"><div class=\"vc_col-sm-6 wpb_column vc_column_container\"><div class=\"vc_column-inner\"><div class=\"wpb_wrapper\"><div class=\"w-btn-wrapper align_center\"><a class=\"w-btn us-btn-style_1 icon_atleft\" title=\"Prislista\" href=\"https:\/\/www.shootingcracow.com\/sv\/priser\/\"><i class=\"far fa-play\"><\/i><span class=\"w-btn-label\">priser<\/span><\/a><\/div><\/div><\/div><\/div><div class=\"vc_col-sm-6 wpb_column vc_column_container\"><div class=\"vc_column-inner\"><div class=\"wpb_wrapper\"><div class=\"w-btn-wrapper align_center\"><a class=\"w-btn us-btn-style_1 icon_atleft\" title=\"paket\" href=\"https:\/\/www.shootingcracow.com\/sv\/kontakt\/\"><i class=\"far fa-play\"><\/i><span class=\"w-btn-label\">bok<\/span><\/a><\/div><\/div><\/div><\/div><\/div><\/div><\/div><\/div><\/div><\/div><\/section><section class=\"l-section wpb_row us_custom_0c54ba39 height_medium width_full\"><div class=\"l-section-h i-cf\"><div class=\"g-cols vc_row via_flex valign_top type_default stacking_default\"><div class=\"vc_col-sm-12 wpb_column vc_column_container\"><div class=\"vc_column-inner\"><div class=\"wpb_wrapper\"><div class=\"w-actionbox us_custom_a86d61b4 action-box-blok has_text_color color_light controls_bottom\"><div class=\"w-actionbox-text\"><h4 class=\"w-actionbox-title\" style=\"font-size:25px\">Vill du f\u00e5 mer information?<\/h4><div class=\"w-actionbox-description\"><p>Skriv eller ring<\/p>\n<\/div><\/div><div class=\"w-actionbox-controls\"><a class=\"w-btn us-btn-style_1 icon_atleft\" title=\"kontakt\" href=\"https:\/\/www.shootingcracow.com\/sv\/kontakt\/\" style=\"font-size:18px;\"><i class=\"far fa-play\"><\/i><span class=\"w-btn-label\">kontakt<\/span><\/a><a class=\"w-btn us-btn-style_1 icon_atleft\" title=\"priser\" href=\"https:\/\/www.shootingcracow.com\/sv\/priser\/\" style=\"font-size:18px;\"><i class=\"far fa-play\"><\/i><span class=\"w-btn-label\">paket<\/span><\/a><\/div><\/div><\/div><\/div><\/div><\/div><\/div><\/section><section class=\"l-section wpb_row us_custom_9d21f858 height_medium width_full\"><div class=\"l-section-h i-cf\"><div class=\"g-cols vc_row via_flex valign_top type_default stacking_default\"><div class=\"vc_col-sm-12 wpb_column vc_column_container\"><div class=\"vc_column-inner us_custom_8535c5f4\"><div class=\"wpb_wrapper\">[vc_raw_html el_class=&#8221;google-maps&#8221; css=&#8221;%7B%22default%22%3A%7B%22line-height%22%3A%220%22%2C%22margin-bottom%22%3A%220%22%2C%22padding-bottom%22%3A%220%22%7D%7D&#8221;]PGlmcmFtZSBzcmM9Imh0dHBzOi8vd3d3Lmdvb2dsZS5jb20vbWFwcy9lbWJlZD9wYj0hMW0xOCExbTEyITFtMyExZDI1NTkuMDUzMTczNzg5NDQhMmQxOS44NjI1NTk2MTU5NzM0NiEzZDUwLjEwNDAxMTY3OTQyOTE2ITJtMyExZjAhMmYwITNmMCEzbTIhMWkxMDI0ITJpNzY4ITRmMTMuMSEzbTMhMW0yITFzMHg0NzE2NTk5MTJhNzQzNmNiJTNBMHg2MTlmODFkOTMyN2EwYWQ5ITJzQ3JhY293K1Nob290aW5nK0FjYWRlbXkhNWUwITNtMiExc3BsITJzcGwhNHYxNTMyNzg1OTMwMzU0IiB3aWR0aD0iMjAwMCIgaGVpZ2h0PSIzNTAiIGZyYW1lYm9yZGVyPSIwIiBzdHlsZT0iYm9yZGVyOjAiIGFsbG93ZnVsbHNjcmVlbj0iIj48L2lmcmFtZT4=[\/vc_raw_html]<\/div><\/div><\/div><\/div><\/div><\/section>\n","protected":false},"excerpt":{"rendered":"INDIVIDUELLT SKYTTNING AV BRANDVAROR\u00c4r du en vapenfantast? Det \u00e4r h\u00f6g tid att bes\u00f6ka oss. Cracow Shooting Academy \u00e4r ett bra st\u00e4lle att b\u00f6rja ditt \u00e4ventyr med att skjuta eller f\u00f6rb\u00e4ttra dina f\u00e4rdigheter i att anv\u00e4nda vapen. skapa ett paketVI GARANTERAR GOOD FUN! Hos oss kommer du att kunna v\u00e4lja ditt dr\u00f6mvapen fr\u00e5n ett enormt arsenal,...","protected":false},"author":1,"featured_media":0,"parent":6257,"menu_order":2,"comment_status":"closed","ping_status":"closed","template":"","meta":{"powered_cache_disable_cache":false},"acf":[],"yoast_head":"<!-- This site is optimized with the Yoast SEO plugin v20.6 - https:\/\/yoast.com\/wordpress\/plugins\/seo\/ -->\n<title>Individuellt skytte p\u00e5 skjutbanan i Krakow<\/title>\n<meta name=\"description\" content=\"Individuellt skytte p\u00e5 skjutbanan i Krakow Vi bjuder in alla oavsett deras grad av framsteg n\u00e4r det g\u00e4ller anv\u00e4ndning av vapen.\" \/>\n<meta name=\"robots\" content=\"index, follow, max-snippet:-1, max-image-preview:large, max-video-preview:-1\" \/>\n<link rel=\"canonical\" href=\"https:\/\/www.shootingcracow.com\/sv\/ofert\/individuellt-skytte\/\" \/>\n<meta property=\"og:locale\" content=\"sv_SE\" \/>\n<meta property=\"og:type\" content=\"article\" \/>\n<meta property=\"og:title\" content=\"Individuellt skytte p\u00e5 skjutbanan i Krakow\" \/>\n<meta property=\"og:description\" content=\"Individuellt skytte p\u00e5 skjutbanan i Krakow Vi bjuder in alla oavsett deras grad av framsteg n\u00e4r det g\u00e4ller anv\u00e4ndning av vapen.\" \/>\n<meta property=\"og:url\" content=\"https:\/\/www.shootingcracow.com\/sv\/ofert\/individuellt-skytte\/\" \/>\n<meta property=\"og:site_name\" content=\"Shooting Cracow\" \/>\n<meta property=\"article:publisher\" content=\"https:\/\/www.facebook.com\/shootingcracow\" \/>\n<meta property=\"article:modified_time\" content=\"2020-07-08T21:10:08+00:00\" \/>\n<meta property=\"og:image\" content=\"https:\/\/www.shootingcracow.com\/wp-content\/uploads\/2020\/03\/IMG_7320.jpg\" \/>\n\t<meta property=\"og:image:width\" content=\"1200\" \/>\n\t<meta property=\"og:image:height\" content=\"800\" \/>\n\t<meta property=\"og:image:type\" content=\"image\/jpeg\" \/>\n<meta name=\"twitter:card\" content=\"summary_large_image\" \/>\n<meta name=\"twitter:label1\" content=\"Ber\u00e4knad l\u00e4stid\" \/>\n\t<meta name=\"twitter:data1\" content=\"4 minuter\" \/>\n<script type=\"application\/ld+json\" class=\"yoast-schema-graph\">{\"@context\":\"https:\/\/schema.org\",\"@graph\":[{\"@type\":\"WebPage\",\"@id\":\"https:\/\/www.shootingcracow.com\/sv\/ofert\/individuellt-skytte\/\",\"url\":\"https:\/\/www.shootingcracow.com\/sv\/ofert\/individuellt-skytte\/\",\"name\":\"Individuellt skytte p\u00e5 skjutbanan i Krakow\",\"isPartOf\":{\"@id\":\"https:\/\/www.shootingcracow.com\/sv\/#website\"},\"datePublished\":\"2020-06-16T13:20:27+00:00\",\"dateModified\":\"2020-07-08T21:10:08+00:00\",\"description\":\"Individuellt skytte p\u00e5 skjutbanan i Krakow Vi bjuder in alla oavsett deras grad av framsteg n\u00e4r det g\u00e4ller anv\u00e4ndning av vapen.\",\"breadcrumb\":{\"@id\":\"https:\/\/www.shootingcracow.com\/sv\/ofert\/individuellt-skytte\/#breadcrumb\"},\"inLanguage\":\"sv-SE\",\"potentialAction\":[{\"@type\":\"ReadAction\",\"target\":[\"https:\/\/www.shootingcracow.com\/sv\/ofert\/individuellt-skytte\/\"]}]},{\"@type\":\"BreadcrumbList\",\"@id\":\"https:\/\/www.shootingcracow.com\/sv\/ofert\/individuellt-skytte\/#breadcrumb\",\"itemListElement\":[{\"@type\":\"ListItem\",\"position\":1,\"name\":\"Strona g\u0142\u00f3wna\",\"item\":\"https:\/\/www.shootingcracow.com\/sv\/huvudsida\/\"},{\"@type\":\"ListItem\",\"position\":2,\"name\":\"Ofert\",\"item\":\"https:\/\/www.shootingcracow.com\/sv\/ofert\/\"},{\"@type\":\"ListItem\",\"position\":3,\"name\":\"Individuellt skytte\"}]},{\"@type\":\"WebSite\",\"@id\":\"https:\/\/www.shootingcracow.com\/sv\/#website\",\"url\":\"https:\/\/www.shootingcracow.com\/sv\/\",\"name\":\"Shooting Cracow\",\"description\":\"\",\"potentialAction\":[{\"@type\":\"SearchAction\",\"target\":{\"@type\":\"EntryPoint\",\"urlTemplate\":\"https:\/\/www.shootingcracow.com\/sv\/?s={search_term_string}\"},\"query-input\":\"required name=search_term_string\"}],\"inLanguage\":\"sv-SE\"}]}<\/script>\n<!-- \/ Yoast SEO plugin. -->","yoast_head_json":{"title":"Individuellt skytte p\u00e5 skjutbanan i Krakow","description":"Individuellt skytte p\u00e5 skjutbanan i Krakow Vi bjuder in alla oavsett deras grad av framsteg n\u00e4r det g\u00e4ller anv\u00e4ndning av vapen.","robots":{"index":"index","follow":"follow","max-snippet":"max-snippet:-1","max-image-preview":"max-image-preview:large","max-video-preview":"max-video-preview:-1"},"canonical":"https:\/\/www.shootingcracow.com\/sv\/ofert\/individuellt-skytte\/","og_locale":"sv_SE","og_type":"article","og_title":"Individuellt skytte p\u00e5 skjutbanan i Krakow","og_description":"Individuellt skytte p\u00e5 skjutbanan i Krakow Vi bjuder in alla oavsett deras grad av framsteg n\u00e4r det g\u00e4ller anv\u00e4ndning av vapen.","og_url":"https:\/\/www.shootingcracow.com\/sv\/ofert\/individuellt-skytte\/","og_site_name":"Shooting Cracow","article_publisher":"https:\/\/www.facebook.com\/shootingcracow","article_modified_time":"2020-07-08T21:10:08+00:00","og_image":[{"width":1200,"height":800,"url":"https:\/\/www.shootingcracow.com\/wp-content\/uploads\/2020\/03\/IMG_7320.jpg","type":"image\/jpeg"}],"twitter_card":"summary_large_image","twitter_misc":{"Ber\u00e4knad l\u00e4stid":"4 minuter"},"schema":{"@context":"https:\/\/schema.org","@graph":[{"@type":"WebPage","@id":"https:\/\/www.shootingcracow.com\/sv\/ofert\/individuellt-skytte\/","url":"https:\/\/www.shootingcracow.com\/sv\/ofert\/individuellt-skytte\/","name":"Individuellt skytte p\u00e5 skjutbanan i Krakow","isPartOf":{"@id":"https:\/\/www.shootingcracow.com\/sv\/#website"},"datePublished":"2020-06-16T13:20:27+00:00","dateModified":"2020-07-08T21:10:08+00:00","description":"Individuellt skytte p\u00e5 skjutbanan i Krakow Vi bjuder in alla oavsett deras grad av framsteg n\u00e4r det g\u00e4ller anv\u00e4ndning av vapen.","breadcrumb":{"@id":"https:\/\/www.shootingcracow.com\/sv\/ofert\/individuellt-skytte\/#breadcrumb"},"inLanguage":"sv-SE","potentialAction":[{"@type":"ReadAction","target":["https:\/\/www.shootingcracow.com\/sv\/ofert\/individuellt-skytte\/"]}]},{"@type":"BreadcrumbList","@id":"https:\/\/www.shootingcracow.com\/sv\/ofert\/individuellt-skytte\/#breadcrumb","itemListElement":[{"@type":"ListItem","position":1,"name":"Strona g\u0142\u00f3wna","item":"https:\/\/www.shootingcracow.com\/sv\/huvudsida\/"},{"@type":"ListItem","position":2,"name":"Ofert","item":"https:\/\/www.shootingcracow.com\/sv\/ofert\/"},{"@type":"ListItem","position":3,"name":"Individuellt skytte"}]},{"@type":"WebSite","@id":"https:\/\/www.shootingcracow.com\/sv\/#website","url":"https:\/\/www.shootingcracow.com\/sv\/","name":"Shooting Cracow","description":"","potentialAction":[{"@type":"SearchAction","target":{"@type":"EntryPoint","urlTemplate":"https:\/\/www.shootingcracow.com\/sv\/?s={search_term_string}"},"query-input":"required name=search_term_string"}],"inLanguage":"sv-SE"}]}},"_links":{"self":[{"href":"https:\/\/www.shootingcracow.com\/sv\/wp-json\/wp\/v2\/pages\/6495"}],"collection":[{"href":"https:\/\/www.shootingcracow.com\/sv\/wp-json\/wp\/v2\/pages"}],"about":[{"href":"https:\/\/www.shootingcracow.com\/sv\/wp-json\/wp\/v2\/types\/page"}],"author":[{"embeddable":true,"href":"https:\/\/www.shootingcracow.com\/sv\/wp-json\/wp\/v2\/users\/1"}],"replies":[{"embeddable":true,"href":"https:\/\/www.shootingcracow.com\/sv\/wp-json\/wp\/v2\/comments?post=6495"}],"version-history":[{"count":0,"href":"https:\/\/www.shootingcracow.com\/sv\/wp-json\/wp\/v2\/pages\/6495\/revisions"}],"up":[{"embeddable":true,"href":"https:\/\/www.shootingcracow.com\/sv\/wp-json\/wp\/v2\/pages\/6257"}],"wp:attachment":[{"href":"https:\/\/www.shootingcracow.com\/sv\/wp-json\/wp\/v2\/media?parent=6495"}],"curies":[{"name":"wp","href":"https:\/\/api.w.org\/{rel}","templated":true}]}}