{"id":6298,"date":"2020-06-15T15:48:03","date_gmt":"2020-06-15T13:48:03","guid":{"rendered":"https:\/\/www.shootingcracow.com\/ofert\/for-foretag\/"},"modified":"2023-03-17T09:01:38","modified_gmt":"2023-03-17T08:01:38","slug":"for-foretag","status":"publish","type":"page","link":"https:\/\/www.shootingcracow.com\/sv\/ofert\/for-foretag\/","title":{"rendered":"F\u00f6r f\u00f6retag"},"content":{"rendered":"<section class=\"l-section wpb_row us_custom_6d54c28f height_medium\"><div class=\"l-section-h i-cf\"><div class=\"g-cols vc_row via_flex valign_top type_default stacking_default\"><div class=\"vc_col-sm-12 wpb_column vc_column_container\"><div class=\"vc_column-inner\"><div class=\"wpb_wrapper\"><div id=\"ultimate-heading-39056a05b44d4a233\" class=\"uvc-heading ult-adjust-bottom-margin ultimate-heading-39056a05b44d4a233 uvc-7239 \" data-hspacer=\"no_spacer\" data-halign=\"center\" style=\"text-align:center\"><div class=\"uvc-heading-spacer no_spacer\" style=\"top\"><\/div><div class=\"uvc-main-heading ult-responsive\" data-ultimate-target=\".uvc-heading.ultimate-heading-39056a05b44d4a233 h1\" data-responsive-json-new=\"{&quot;font-size&quot;:&quot;&quot;,&quot;line-height&quot;:&quot;&quot;}\"><h1 style=\"font-family:&#039;Oswald&#039;;font-weight:500;color:#ffffff;\">INTEGRATIONSH\u00c4NDELSER F\u00d6R F\u00d6RETAG I KRAKOW<\/h1><\/div><\/div><\/div><\/div><\/div><\/div><\/div><\/section><section class=\"l-section wpb_row height_small\"><div class=\"l-section-h i-cf\"><div class=\"g-cols vc_row via_flex valign_top type_default stacking_default\"><div class=\"vc_col-sm-12 wpb_column vc_column_container\"><div class=\"vc_column-inner\"><div class=\"wpb_wrapper\"><div id=\"ultimate-heading-29916a05b44d4acb7\" class=\"uvc-heading ult-adjust-bottom-margin ultimate-heading-29916a05b44d4acb7 uvc-2540 \" data-hspacer=\"line_with_icon\" data-hline_width=\"auto\" data-hicon_type=\"custom\" data-hborder_style=\"solid\" data-hborder_height=\"1\" data-hborder_color=\"#ccc\" data-icon_width=\"48\" data-hfixer=\"10\" data-halign=\"center\" style=\"text-align:center\"><div class=\"uvc-main-heading ult-responsive\" data-ultimate-target=\".uvc-heading.ultimate-heading-29916a05b44d4acb7 h2\" data-responsive-json-new=\"{&quot;font-size&quot;:&quot;&quot;,&quot;line-height&quot;:&quot;&quot;}\"><h2 style=\"font-family:&#039;Oswald&#039;;font-weight:300;\">TILLG\u00c5NG ETT F\u00d6RETAG OCH INTEGRATIONSH\u00c4NDELSE I KRAKOW P\u00c5 SKJUTBANAN!<\/h2><\/div><div class=\"uvc-sub-heading ult-responsive\" data-ultimate-target=\".uvc-heading.ultimate-heading-29916a05b44d4acb7 .uvc-sub-heading \" data-responsive-json-new=\"{&quot;font-size&quot;:&quot;&quot;,&quot;line-height&quot;:&quot;&quot;}\" style=\"font-weight:normal;\">\n<p style=\"text-align: center;\">F\u00f6retagsevenemang och integrationsevenemang \u00e4r en perfekt form av att spendera tid som en del av f\u00f6retagsutbildning och teambuilding. Vi \u00e4r h\u00e4r f\u00f6r att hj\u00e4lpa dig och organisera Vi tillhandah\u00e5ller transport och evenemangets huvudattraktion, det vill s\u00e4ga skjuta med skjutvapen p\u00e5 v\u00e5r skjutbana i Krakow.<\/p>\n<\/div><div class=\"uvc-heading-spacer line_with_icon\" style=\"margin-top:20px;\"><div class=\"ult-just-icon-wrapper \"><div class=\"align-icon\" style=\"text-align:center;\">\n<div class=\"aio-icon-img \" style=\"font-size:48px;display:inline-block;\">\n\t<noscript><img class=\"img-icon\" alt=\"null\" src=\"https:\/\/www.shootingcracow.com\/wp-content\/uploads\/2020\/03\/guns-312418.svg\"><\/noscript><img class=\"img-icon lazyload\" alt=\"null\" src=\"data:image\/gif;base64,R0lGODlhAQABAIAAAAAAAP\/\/\/yH5BAEAAAAALAAAAAABAAEAAAIBRAA7\" data-src=\"https:\/\/www.shootingcracow.com\/wp-content\/uploads\/2020\/03\/guns-312418.svg\">\n<\/div><\/div><\/div><\/div><\/div><div class=\"w-separator size_small\"><\/div><div class=\"g-cols wpb_row via_flex valign_top type_default stacking_default\"><div class=\"vc_col-sm-12 wpb_column vc_column_container\"><div class=\"vc_column-inner\"><div class=\"wpb_wrapper\"><div class=\"wpb_text_column\"><div class=\"wpb_wrapper\"><p>Om du vill att ditt f\u00f6retags integrationsresa ska f\u00e5 en original, icke-standard karakt\u00e4r och ge deltagarna m\u00e5nga positiva k\u00e4nslor, v\u00e4nligen kontakta oss. Varje kv\u00e4ll \u00e4r olika och vi uppmanar dig starkt att kontakta oss f\u00f6r att f\u00f6rbereda ditt evenemang, f\u00f6r att vara det b\u00e4sta f\u00f6r tillf\u00e4llet. Vi \u00e4r \u00f6ppna f\u00f6r dina f\u00f6rslag.<\/p>\n<\/div><\/div><\/div><\/div><\/div><\/div><\/div><\/div><\/div><\/div><\/div><\/section><section class=\"l-section wpb_row us_custom_d99a8650 height_medium\"><div class=\"l-section-h i-cf\"><div class=\"g-cols vc_row via_flex valign_top type_default stacking_default\"><div class=\"vc_col-sm-12 wpb_column vc_column_container\"><div class=\"vc_column-inner\"><div class=\"wpb_wrapper\"><\/div><\/div><\/div><\/div><\/div><\/section><section class=\"l-section wpb_row height_small\"><div class=\"l-section-h i-cf\"><div class=\"g-cols vc_row via_flex valign_top type_default stacking_default\"><div class=\"vc_col-sm-12 wpb_column vc_column_container\"><div class=\"vc_column-inner\"><div class=\"wpb_wrapper\"><div class=\"wpb_text_column us_custom_ea76afbe\"><div class=\"wpb_wrapper\"><p style=\"text-align: center;\">Alla deltagare i f\u00f6retagsevenemanget, integrationsevenemanget kommer att genomg\u00e5 utbildning i principerna f\u00f6r s\u00e4ker anv\u00e4ndning av skjutvapen och grundl\u00e4ggande skjuttekniker.<br>\nV\u00e5ra instrukt\u00f6rer med m\u00e5nga \u00e5rs erfarenhet kommer att \u00f6vervaka s\u00e4kerheten vid evenemanget.<\/p>\n<\/div><\/div><div class=\"w-separator size_custom\" style=\"height:20px\"><\/div><div class=\"ult-just-icon-wrapper \"><div class=\"align-icon\" style=\"text-align:center;\">\n<div class=\"aio-icon-img \" style=\"font-size:48px;display:inline-block;\">\n\t<noscript><img class=\"img-icon\" alt=\"null\" src=\"https:\/\/www.shootingcracow.com\/wp-content\/uploads\/2020\/03\/gun-3.svg\"><\/noscript><img class=\"img-icon lazyload\" alt=\"null\" src=\"data:image\/gif;base64,R0lGODlhAQABAIAAAAAAAP\/\/\/yH5BAEAAAAALAAAAAABAAEAAAIBRAA7\" data-src=\"https:\/\/www.shootingcracow.com\/wp-content\/uploads\/2020\/03\/gun-3.svg\">\n<\/div><\/div><\/div><div class=\"w-separator size_custom\" style=\"height:40px\"><\/div><div class=\"wpb_text_column us_custom_b40e44a0\"><div class=\"wpb_wrapper\"><h3 style=\"text-align: center;\"><strong>Kontakta oss g\u00e4rna.<\/strong><\/h3>\n<\/div><\/div><div class=\"w-btn-wrapper align_center\"><a class=\"w-btn us-btn-style_1 icon_atleft\" title=\"Prislista\" href=\"https:\/\/www.shootingcracow.com\/sv\/priser\/\"><i class=\"far fa-play\"><\/i><span class=\"w-btn-label\">priser<\/span><\/a><\/div><div class=\"w-separator size_custom\" style=\"height:40px\"><\/div><\/div><\/div><\/div><\/div><\/div><\/section><section class=\"l-section wpb_row us_custom_0c54ba39 height_medium width_full\"><div class=\"l-section-h i-cf\"><div class=\"g-cols vc_row via_flex valign_top type_default stacking_default\"><div class=\"vc_col-sm-12 wpb_column vc_column_container\"><div class=\"vc_column-inner\"><div class=\"wpb_wrapper\"><div class=\"w-actionbox us_custom_a86d61b4 action-box-blok has_text_color color_light controls_bottom\"><div class=\"w-actionbox-text\"><h3 class=\"w-actionbox-title\">Vill du f\u00e5 mer information?<\/h3><div class=\"w-actionbox-description\"><p>Skriv eller ring<\/p>\n<\/div><\/div><div class=\"w-actionbox-controls\"><a class=\"w-btn us-btn-style_1 icon_atleft\" title=\"kontakt\" href=\"https:\/\/www.shootingcracow.com\/sv\/kontakt\/\" style=\"font-size:18px;\"><i class=\"far fa-play\"><\/i><span class=\"w-btn-label\">kontakt<\/span><\/a><a class=\"w-btn us-btn-style_1 icon_atleft\" title=\"priser\" href=\"https:\/\/www.shootingcracow.com\/sv\/priser\/\" style=\"font-size:18px;\"><i class=\"far fa-play\"><\/i><span class=\"w-btn-label\">paket<\/span><\/a><\/div><\/div><\/div><\/div><\/div><\/div><\/div><\/section><section class=\"l-section wpb_row us_custom_9d21f858 height_medium width_full\"><div class=\"l-section-h i-cf\"><div class=\"g-cols vc_row via_flex valign_top type_default stacking_default\"><div class=\"vc_col-sm-12 wpb_column vc_column_container\"><div class=\"vc_column-inner us_custom_8535c5f4\"><div class=\"wpb_wrapper\"><\/div><\/div><\/div><\/div><\/div><\/section>\n","protected":false},"excerpt":{"rendered":"INTEGRATIONSH\u00c4NDELSER F\u00d6R F\u00d6RETAG I KRAKOWTILLG\u00c5NG ETT F\u00d6RETAG OCH INTEGRATIONSH\u00c4NDELSE I KRAKOW P\u00c5 SKJUTBANAN! F\u00f6retagsevenemang och integrationsevenemang \u00e4r en perfekt form av att spendera tid som en del av f\u00f6retagsutbildning och teambuilding. Vi \u00e4r h\u00e4r f\u00f6r att hj\u00e4lpa dig och organisera Vi tillhandah\u00e5ller transport och evenemangets huvudattraktion, det vill s\u00e4ga skjuta med skjutvapen p\u00e5 v\u00e5r skjutbana...","protected":false},"author":1,"featured_media":0,"parent":6257,"menu_order":1,"comment_status":"closed","ping_status":"closed","template":"","meta":{"powered_cache_disable_cache":false},"acf":[],"yoast_head":"<!-- This site is optimized with the Yoast SEO plugin v20.6 - https:\/\/yoast.com\/wordpress\/plugins\/seo\/ -->\n<title>F\u00f6retags- och integrationsevenemang i Krakow vid skjutbanan<\/title>\n<meta name=\"description\" content=\"Vi organiserar f\u00f6retags- och integrationsevenemang i v\u00e5r skjutbana i Krakow. Vi tillhandah\u00e5ller transport, catering och evenemangets huvudattraktion, det vill s\u00e4ga att skjuta skjutvapen\" \/>\n<meta name=\"robots\" content=\"index, follow, max-snippet:-1, max-image-preview:large, max-video-preview:-1\" \/>\n<link rel=\"canonical\" href=\"https:\/\/www.shootingcracow.com\/sv\/ofert\/for-foretag\/\" \/>\n<meta property=\"og:locale\" content=\"sv_SE\" \/>\n<meta property=\"og:type\" content=\"article\" \/>\n<meta property=\"og:title\" content=\"F\u00f6retags- och integrationsevenemang i Krakow vid skjutbanan\" \/>\n<meta property=\"og:description\" content=\"Vi organiserar f\u00f6retags- och integrationsevenemang i v\u00e5r skjutbana i Krakow. Vi tillhandah\u00e5ller transport, catering och evenemangets huvudattraktion, det vill s\u00e4ga att skjuta skjutvapen\" \/>\n<meta property=\"og:url\" content=\"https:\/\/www.shootingcracow.com\/sv\/ofert\/for-foretag\/\" \/>\n<meta property=\"og:site_name\" content=\"Shooting Cracow\" \/>\n<meta property=\"article:publisher\" content=\"https:\/\/www.facebook.com\/shootingcracow\" \/>\n<meta property=\"article:modified_time\" content=\"2023-03-17T08:01:38+00:00\" \/>\n<meta property=\"og:image\" content=\"https:\/\/www.shootingcracow.com\/wp-content\/uploads\/2020\/03\/IMG_7320.jpg\" \/>\n<meta name=\"twitter:card\" content=\"summary_large_image\" \/>\n<meta name=\"twitter:label1\" content=\"Ber\u00e4knad l\u00e4stid\" \/>\n\t<meta name=\"twitter:data1\" content=\"3 minuter\" \/>\n<script type=\"application\/ld+json\" class=\"yoast-schema-graph\">{\"@context\":\"https:\/\/schema.org\",\"@graph\":[{\"@type\":\"WebPage\",\"@id\":\"https:\/\/www.shootingcracow.com\/sv\/ofert\/for-foretag\/\",\"url\":\"https:\/\/www.shootingcracow.com\/sv\/ofert\/for-foretag\/\",\"name\":\"F\u00f6retags- och integrationsevenemang i Krakow vid skjutbanan\",\"isPartOf\":{\"@id\":\"https:\/\/www.shootingcracow.com\/sv\/#website\"},\"datePublished\":\"2020-06-15T13:48:03+00:00\",\"dateModified\":\"2023-03-17T08:01:38+00:00\",\"description\":\"Vi organiserar f\u00f6retags- och integrationsevenemang i v\u00e5r skjutbana i Krakow. Vi tillhandah\u00e5ller transport, catering och evenemangets huvudattraktion, det vill s\u00e4ga att skjuta skjutvapen\",\"breadcrumb\":{\"@id\":\"https:\/\/www.shootingcracow.com\/sv\/ofert\/for-foretag\/#breadcrumb\"},\"inLanguage\":\"sv-SE\",\"potentialAction\":[{\"@type\":\"ReadAction\",\"target\":[\"https:\/\/www.shootingcracow.com\/sv\/ofert\/for-foretag\/\"]}]},{\"@type\":\"BreadcrumbList\",\"@id\":\"https:\/\/www.shootingcracow.com\/sv\/ofert\/for-foretag\/#breadcrumb\",\"itemListElement\":[{\"@type\":\"ListItem\",\"position\":1,\"name\":\"Strona g\u0142\u00f3wna\",\"item\":\"https:\/\/www.shootingcracow.com\/sv\/huvudsida\/\"},{\"@type\":\"ListItem\",\"position\":2,\"name\":\"Ofert\",\"item\":\"https:\/\/www.shootingcracow.com\/sv\/ofert\/\"},{\"@type\":\"ListItem\",\"position\":3,\"name\":\"F\u00f6r f\u00f6retag\"}]},{\"@type\":\"WebSite\",\"@id\":\"https:\/\/www.shootingcracow.com\/sv\/#website\",\"url\":\"https:\/\/www.shootingcracow.com\/sv\/\",\"name\":\"Shooting Cracow\",\"description\":\"\",\"potentialAction\":[{\"@type\":\"SearchAction\",\"target\":{\"@type\":\"EntryPoint\",\"urlTemplate\":\"https:\/\/www.shootingcracow.com\/sv\/?s={search_term_string}\"},\"query-input\":\"required name=search_term_string\"}],\"inLanguage\":\"sv-SE\"}]}<\/script>\n<!-- \/ Yoast SEO plugin. -->","yoast_head_json":{"title":"F\u00f6retags- och integrationsevenemang i Krakow vid skjutbanan","description":"Vi organiserar f\u00f6retags- och integrationsevenemang i v\u00e5r skjutbana i Krakow. Vi tillhandah\u00e5ller transport, catering och evenemangets huvudattraktion, det vill s\u00e4ga att skjuta skjutvapen","robots":{"index":"index","follow":"follow","max-snippet":"max-snippet:-1","max-image-preview":"max-image-preview:large","max-video-preview":"max-video-preview:-1"},"canonical":"https:\/\/www.shootingcracow.com\/sv\/ofert\/for-foretag\/","og_locale":"sv_SE","og_type":"article","og_title":"F\u00f6retags- och integrationsevenemang i Krakow vid skjutbanan","og_description":"Vi organiserar f\u00f6retags- och integrationsevenemang i v\u00e5r skjutbana i Krakow. Vi tillhandah\u00e5ller transport, catering och evenemangets huvudattraktion, det vill s\u00e4ga att skjuta skjutvapen","og_url":"https:\/\/www.shootingcracow.com\/sv\/ofert\/for-foretag\/","og_site_name":"Shooting Cracow","article_publisher":"https:\/\/www.facebook.com\/shootingcracow","article_modified_time":"2023-03-17T08:01:38+00:00","og_image":[{"url":"https:\/\/www.shootingcracow.com\/wp-content\/uploads\/2020\/03\/IMG_7320.jpg"}],"twitter_card":"summary_large_image","twitter_misc":{"Ber\u00e4knad l\u00e4stid":"3 minuter"},"schema":{"@context":"https:\/\/schema.org","@graph":[{"@type":"WebPage","@id":"https:\/\/www.shootingcracow.com\/sv\/ofert\/for-foretag\/","url":"https:\/\/www.shootingcracow.com\/sv\/ofert\/for-foretag\/","name":"F\u00f6retags- och integrationsevenemang i Krakow vid skjutbanan","isPartOf":{"@id":"https:\/\/www.shootingcracow.com\/sv\/#website"},"datePublished":"2020-06-15T13:48:03+00:00","dateModified":"2023-03-17T08:01:38+00:00","description":"Vi organiserar f\u00f6retags- och integrationsevenemang i v\u00e5r skjutbana i Krakow. Vi tillhandah\u00e5ller transport, catering och evenemangets huvudattraktion, det vill s\u00e4ga att skjuta skjutvapen","breadcrumb":{"@id":"https:\/\/www.shootingcracow.com\/sv\/ofert\/for-foretag\/#breadcrumb"},"inLanguage":"sv-SE","potentialAction":[{"@type":"ReadAction","target":["https:\/\/www.shootingcracow.com\/sv\/ofert\/for-foretag\/"]}]},{"@type":"BreadcrumbList","@id":"https:\/\/www.shootingcracow.com\/sv\/ofert\/for-foretag\/#breadcrumb","itemListElement":[{"@type":"ListItem","position":1,"name":"Strona g\u0142\u00f3wna","item":"https:\/\/www.shootingcracow.com\/sv\/huvudsida\/"},{"@type":"ListItem","position":2,"name":"Ofert","item":"https:\/\/www.shootingcracow.com\/sv\/ofert\/"},{"@type":"ListItem","position":3,"name":"F\u00f6r f\u00f6retag"}]},{"@type":"WebSite","@id":"https:\/\/www.shootingcracow.com\/sv\/#website","url":"https:\/\/www.shootingcracow.com\/sv\/","name":"Shooting Cracow","description":"","potentialAction":[{"@type":"SearchAction","target":{"@type":"EntryPoint","urlTemplate":"https:\/\/www.shootingcracow.com\/sv\/?s={search_term_string}"},"query-input":"required name=search_term_string"}],"inLanguage":"sv-SE"}]}},"_links":{"self":[{"href":"https:\/\/www.shootingcracow.com\/sv\/wp-json\/wp\/v2\/pages\/6298"}],"collection":[{"href":"https:\/\/www.shootingcracow.com\/sv\/wp-json\/wp\/v2\/pages"}],"about":[{"href":"https:\/\/www.shootingcracow.com\/sv\/wp-json\/wp\/v2\/types\/page"}],"author":[{"embeddable":true,"href":"https:\/\/www.shootingcracow.com\/sv\/wp-json\/wp\/v2\/users\/1"}],"replies":[{"embeddable":true,"href":"https:\/\/www.shootingcracow.com\/sv\/wp-json\/wp\/v2\/comments?post=6298"}],"version-history":[{"count":0,"href":"https:\/\/www.shootingcracow.com\/sv\/wp-json\/wp\/v2\/pages\/6298\/revisions"}],"up":[{"embeddable":true,"href":"https:\/\/www.shootingcracow.com\/sv\/wp-json\/wp\/v2\/pages\/6257"}],"wp:attachment":[{"href":"https:\/\/www.shootingcracow.com\/sv\/wp-json\/wp\/v2\/media?parent=6298"}],"curies":[{"name":"wp","href":"https:\/\/api.w.org\/{rel}","templated":true}]}}