{"id":6211,"date":"2020-06-15T14:22:45","date_gmt":"2020-06-15T12:22:45","guid":{"rendered":"https:\/\/www.shootingcracow.com\/faq-skjutbana-cracow-shooting-academy\/"},"modified":"2025-06-11T17:21:34","modified_gmt":"2025-06-11T15:21:34","slug":"faq-skjutbana-cracow-shooting-academy","status":"publish","type":"page","link":"https:\/\/www.shootingcracow.com\/sv\/faq-skjutbana-cracow-shooting-academy\/","title":{"rendered":"Faq"},"content":{"rendered":"<section class=\"l-section wpb_row us_custom_6d54c28f height_medium\"><div class=\"l-section-h i-cf\"><div class=\"g-cols vc_row via_flex valign_top type_default stacking_default\"><div class=\"vc_col-sm-12 wpb_column vc_column_container\"><div class=\"vc_column-inner\"><div class=\"wpb_wrapper\"><div id=\"ultimate-heading-28106a00c8012b1e5\" class=\"uvc-heading ult-adjust-bottom-margin ultimate-heading-28106a00c8012b1e5 uvc-9363 \" data-hspacer=\"no_spacer\" data-halign=\"center\" style=\"text-align:center\"><div class=\"uvc-heading-spacer no_spacer\" style=\"top\"><\/div><div class=\"uvc-main-heading ult-responsive\" data-ultimate-target='.uvc-heading.ultimate-heading-28106a00c8012b1e5 h1' data-responsive-json-new='{\"font-size\":\"\",\"line-height\":\"\"}' ><h1 style=\"font-family:&#039;Oswald&#039;;font-weight:500;color:#ffffff;\">FAQ<\/h1><\/div><\/div><\/div><\/div><\/div><\/div><\/div><\/section><section class=\"l-section wpb_row height_medium\"><div class=\"l-section-h i-cf\"><div class=\"g-cols vc_row via_flex valign_top type_default stacking_default\"><div class=\"vc_col-sm-12 wpb_column vc_column_container\"><div class=\"vc_column-inner\"><div class=\"wpb_wrapper\"><div class=\"w-tabs style_default switch_click accordion type_togglable has_scrolling\" style=\"--sections-title-size:1.4rem\"><div class=\"w-tabs-sections titles-align_none icon_chevron cpos_right\"><div class=\"w-tabs-section\" id=\"1583624489552-d009bba3-e660\"><button class=\"w-tabs-section-header with_icon\" aria-controls=\"content-1583624489552-d009bba3-e660\" aria-expanded=\"false\"><i class=\"far fa-question-circle\"><\/i><div class=\"w-tabs-section-title\">Det h\u00e4r \u00e4r min f\u00f6rsta g\u00e5ng p\u00e5 skjutbanan &#8211; hur ser det ut, kommer n\u00e5gon att hj\u00e4lpa mig?<\/div><div class=\"w-tabs-section-control\"><\/div><\/button><div class=\"w-tabs-section-content\" id=\"content-1583624489552-d009bba3-e660\"><div class=\"w-tabs-section-content-h i-cf\"><div class=\"wpb_text_column\"><div class=\"wpb_wrapper\"><p>Varje person som anv\u00e4nder v\u00e5r skjutbana b\u00f6rjar sin tr\u00e4ning med s\u00e4kerhetsregler och grundl\u00e4ggande vapendrift. Instrukt\u00f6ren f\u00f6ljer klienten hela tiden, erbjuder v\u00e4gbeskrivningar och besvarar alla fr\u00e5gor.<\/p>\n<\/div><\/div><\/div><\/div><\/div><div class=\"w-tabs-section\" id=\"1583624489588-f7df01b0-a0d6\"><button class=\"w-tabs-section-header with_icon\" aria-controls=\"content-1583624489588-f7df01b0-a0d6\" aria-expanded=\"false\"><i class=\"far fa-question-circle\"><\/i><div class=\"w-tabs-section-title\">\u00c4r pistolen p\u00e5 skjutbanan verklig?<\/div><div class=\"w-tabs-section-control\"><\/div><\/button><div class=\"w-tabs-section-content\" id=\"content-1583624489588-f7df01b0-a0d6\"><div class=\"w-tabs-section-content-h i-cf\"><div class=\"wpb_text_column\"><div class=\"wpb_wrapper\"><p>Ja! Vi anv\u00e4nder samma skjutvapen som polisen eller arm\u00e9n. Det \u00e4r inte flygvapen eller ASG-kopior, utan riktiga sport- och stridsvapen.<\/p>\n<\/div><\/div><\/div><\/div><\/div><div class=\"w-tabs-section\" id=\"1583624489624-21f713a1-0897\"><button class=\"w-tabs-section-header with_icon\" aria-controls=\"content-1583624489624-21f713a1-0897\" aria-expanded=\"false\"><i class=\"far fa-question-circle\"><\/i><div class=\"w-tabs-section-title\">Kan du ta foton och videor n\u00e4r du skjuter?<\/div><div class=\"w-tabs-section-control\"><\/div><\/button><div class=\"w-tabs-section-content\" id=\"content-1583624489624-21f713a1-0897\"><div class=\"w-tabs-section-content-h i-cf\"><div class=\"wpb_text_column\"><div class=\"wpb_wrapper\"><p>En medf\u00f6ljande person kan spela filmer och ta bilder. Om det finns tv\u00e5 av er, b\u00e5da ni skjuter, kan ni ta bilder av varandra f\u00f6r en f\u00f6r\u00e4ndring. Efter skyttet tar instrukt\u00f6ren g\u00e4rna ett foto av dig med ett vapnen men av s\u00e4kerhetssk\u00e4l, be inte honom att ta bilder av dig n\u00e4r du skjuter. Om du bes\u00f6kte oss ensam, fr\u00e5ga instrukt\u00f6ren om n\u00e5gon \u00e4r tillg\u00e4nglig som kan ta bilder av dig.<\/p>\n<\/div><\/div><\/div><\/div><\/div><div class=\"w-tabs-section\" id=\"1583624489732-dc55b0aa-a862\"><button class=\"w-tabs-section-header with_icon\" aria-controls=\"content-1583624489732-dc55b0aa-a862\" aria-expanded=\"false\"><i class=\"far fa-question-circle\"><\/i><div class=\"w-tabs-section-title\">\u00c4r reservationer obligatoriska?<\/div><div class=\"w-tabs-section-control\"><\/div><\/button><div class=\"w-tabs-section-content\" id=\"content-1583624489732-dc55b0aa-a862\"><div class=\"w-tabs-section-content-h i-cf\"><div class=\"wpb_text_column\"><div class=\"wpb_wrapper\"><p>Ja! Du m\u00e5ste boka ditt bes\u00f6k p\u00e5 skjutbanan i f\u00f6rv\u00e4g p\u00e5 grund av det stora antalet volont\u00e4rer. Personer som kom utan bokning ombeds att v\u00e4nta p\u00e5 n\u00e4sta tillg\u00e4ngliga datum.<\/p>\n<\/div><\/div><\/div><\/div><\/div><div class=\"w-tabs-section\" id=\"1583624489918-f7332e51-5174\"><button class=\"w-tabs-section-header with_icon\" aria-controls=\"content-1583624489918-f7332e51-5174\" aria-expanded=\"false\"><i class=\"far fa-question-circle\"><\/i><div class=\"w-tabs-section-title\">\u00c4r anpassade paket tillg\u00e4ngliga p\u00e5 plats?<\/div><div class=\"w-tabs-section-control\"><\/div><\/button><div class=\"w-tabs-section-content\" id=\"content-1583624489918-f7332e51-5174\"><div class=\"w-tabs-section-content-h i-cf\"><div class=\"wpb_text_column\"><div class=\"wpb_wrapper\"><p>Om du vill skapa ditt eget paket beh\u00f6ver vi veta listan \u00f6ver vapen (per person) redan vid bokningstillf\u00e4llet. Standardpaket kan v\u00e4ljas p\u00e5 plats:<br \/>\n<a class=\"gmail-\" href=\"https:\/\/www.shootingcracow.com\/sv\/priser\/\" rel=\"noopener\">https:\/\/www.shootingcracow.com\/cennik\/<\/a><\/p>\n<\/div><\/div><\/div><\/div><\/div><div class=\"w-tabs-section\" id=\"1583624489732-dc55b0aa-a862\"><button class=\"w-tabs-section-header with_icon\" aria-controls=\"content-1583624489732-dc55b0aa-a862\" aria-expanded=\"false\"><i class=\"far fa-question-circle\"><\/i><div class=\"w-tabs-section-title\">M\u00e5ste jag anl\u00e4nda innan jag bokar?<\/div><div class=\"w-tabs-section-control\"><\/div><\/button><div class=\"w-tabs-section-content\" id=\"content-1583624489732-dc55b0aa-a862\"><div class=\"w-tabs-section-content-h i-cf\"><div class=\"wpb_text_column\"><div class=\"wpb_wrapper\"><p>Vi anger alltid bokningstiden f\u00f6r sessionens starttid (t.ex. kl. 14.00). Du m\u00e5ste komma cirka 30 minuter tidigare (t.ex. 13:30) f\u00f6r att v\u00e4lja\/bekr\u00e4fta paketen och fylla i pappersarbetet.<\/p>\n<\/div><\/div><\/div><\/div><\/div><div class=\"w-tabs-section\" id=\"1583624489732-dc55b0aa-a862\"><button class=\"w-tabs-section-header with_icon\" aria-controls=\"content-1583624489732-dc55b0aa-a862\" aria-expanded=\"false\"><i class=\"far fa-question-circle\"><\/i><div class=\"w-tabs-section-title\">Finns det n\u00e5gra restriktioner f\u00f6r minder\u00e5riga eller personer med funktionsneds\u00e4ttning?<\/div><div class=\"w-tabs-section-control\"><\/div><\/button><div class=\"w-tabs-section-content\" id=\"content-1583624489732-dc55b0aa-a862\"><div class=\"w-tabs-section-content-h i-cf\"><div class=\"wpb_text_column\"><div class=\"wpb_wrapper\"><p>Om skyttarna ska vara barn eller personer med fysiska och\/eller psykiska funktionsneds\u00e4ttningar, v\u00e4nligen meddela detta vid bokningstillf\u00e4llet. Det kan finnas restriktioner f\u00f6r val av vapen &#8211; varje fall bed\u00f6ms individuellt.<\/p>\n<\/div><\/div><\/div><\/div><\/div><div class=\"w-tabs-section\" id=\"1583624489732-dc55b0aa-a862\"><button class=\"w-tabs-section-header with_icon\" aria-controls=\"content-1583624489732-dc55b0aa-a862\" aria-expanded=\"false\"><i class=\"far fa-question-circle\"><\/i><div class=\"w-tabs-section-title\">M\u00e5ste jag vara nykter?<\/div><div class=\"w-tabs-section-control\"><\/div><\/button><div class=\"w-tabs-section-content\" id=\"content-1583624489732-dc55b0aa-a862\"><div class=\"w-tabs-section-content-h i-cf\"><div class=\"wpb_text_column\"><div class=\"wpb_wrapper\"><p>Ingen alkohol eller andra droger f\u00e5r tas med till skjutbanan.<br \/>\nPersoner som \u00e4r p\u00e5verkade av dessa kommer att bli ombedda att l\u00e4mna omr\u00e5det.<\/p>\n<\/div><\/div><\/div><\/div><\/div><div class=\"w-tabs-section\" id=\"1583624489732-dc55b0aa-a862\"><button class=\"w-tabs-section-header with_icon\" aria-controls=\"content-1583624489732-dc55b0aa-a862\" aria-expanded=\"false\"><i class=\"far fa-question-circle\"><\/i><div class=\"w-tabs-section-title\">Kan jag skjuta n\u00e4r jag \u00e4r gravid?<\/div><div class=\"w-tabs-section-control\"><\/div><\/button><div class=\"w-tabs-section-content\" id=\"content-1583624489732-dc55b0aa-a862\"><div class=\"w-tabs-section-content-h i-cf\"><div class=\"wpb_text_column\"><div class=\"wpb_wrapper\"><p>Av s\u00e4kerhetssk\u00e4l f\u00e5r gravida kvinnor inte delta i skjutningen eller vistas i hallen under p\u00e5g\u00e5ende skjutning.<\/p>\n<\/div><\/div><\/div><\/div><\/div><div class=\"w-tabs-section\" id=\"1583624489732-dc55b0aa-a862\"><button class=\"w-tabs-section-header with_icon\" aria-controls=\"content-1583624489732-dc55b0aa-a862\" aria-expanded=\"false\"><i class=\"far fa-question-circle\"><\/i><div class=\"w-tabs-section-title\">Finns det n\u00e5gra restriktioner f\u00f6r kl\u00e4dsel?<\/div><div class=\"w-tabs-section-control\"><\/div><\/button><div class=\"w-tabs-section-content\" id=\"content-1583624489732-dc55b0aa-a862\"><div class=\"w-tabs-section-content-h i-cf\"><div class=\"wpb_text_column\"><div class=\"wpb_wrapper\"><p>Det finns inga strikta krav, men vi rekommenderar bekv\u00e4ma kl\u00e4der och helt\u00e4ckande skor. T\u00e4nk p\u00e5 att vapen kan g\u00f6ra dina kl\u00e4der smutsiga.<\/p>\n<\/div><\/div><\/div><\/div><\/div><div class=\"w-tabs-section\" id=\"1583624489732-dc55b0aa-a862\"><button class=\"w-tabs-section-header with_icon\" aria-controls=\"content-1583624489732-dc55b0aa-a862\" aria-expanded=\"false\"><i class=\"far fa-question-circle\"><\/i><div class=\"w-tabs-section-title\">Vad h\u00e4nder om jag inte f\u00f6ljer s\u00e4kerhetsreglerna?<\/div><div class=\"w-tabs-section-control\"><\/div><\/button><div class=\"w-tabs-section-content\" id=\"content-1583624489732-dc55b0aa-a862\"><div class=\"w-tabs-section-content-h i-cf\"><div class=\"wpb_text_column\"><div class=\"wpb_wrapper\"><p>De som inte f\u00f6ljer instrukt\u00f6rens instruktioner eller bryter mot s\u00e4kerhetsreglerna kommer omedelbart att kastas ut fr\u00e5n hallen utan \u00e5terbetalning.<\/p>\n<\/div><\/div><\/div><\/div><\/div><div class=\"w-tabs-section\" id=\"1583624489765-c0d43523-8329\"><button class=\"w-tabs-section-header with_icon\" aria-controls=\"content-1583624489765-c0d43523-8329\" aria-expanded=\"false\"><i class=\"far fa-question-circle\"><\/i><div class=\"w-tabs-section-title\">Vilka \u00e4r \u00e5ldersgr\u00e4nserna?<\/div><div class=\"w-tabs-section-control\"><\/div><\/button><div class=\"w-tabs-section-content\" id=\"content-1583624489765-c0d43523-8329\"><div class=\"w-tabs-section-content-h i-cf\"><div class=\"wpb_text_column\"><div class=\"wpb_wrapper\"><p>Det finns ingen \u00e5lder, allt beror p\u00e5 personen. V\u00e5r erfarenhet visar dock att minimi\u00e5ldern f\u00f6r att starta \u00e4ventyret med skytte verkar vara 11-12 \u00e5r.<\/p>\n<\/div><\/div><\/div><\/div><\/div><div class=\"w-tabs-section\" id=\"1583624489802-4f94629d-6ce2\"><button class=\"w-tabs-section-header with_icon\" aria-controls=\"content-1583624489802-4f94629d-6ce2\" aria-expanded=\"false\"><i class=\"far fa-question-circle\"><\/i><div class=\"w-tabs-section-title\">Kan n\u00e5gon f\u00f6lja mig n\u00e4r jag skjuter?<\/div><div class=\"w-tabs-section-control\"><\/div><\/button><div class=\"w-tabs-section-content\" id=\"content-1583624489802-4f94629d-6ce2\"><div class=\"w-tabs-section-content-h i-cf\"><div class=\"wpb_text_column\"><div class=\"wpb_wrapper\"><p>Ja, eftersom de flesta kan skjutv\u00e4nner som inte har beslutat att skjuta.<\/p>\n<\/div><\/div><\/div><\/div><\/div><div class=\"w-tabs-section\" id=\"1583624489959-1cc5569d-a5a5\"><button class=\"w-tabs-section-header with_icon\" aria-controls=\"content-1583624489959-1cc5569d-a5a5\" aria-expanded=\"false\"><i class=\"far fa-question-circle\"><\/i><div class=\"w-tabs-section-title\">Tills n\u00e4r m\u00e5ste jag anv\u00e4nda presentkortet?<\/div><div class=\"w-tabs-section-control\"><\/div><\/button><div class=\"w-tabs-section-content\" id=\"content-1583624489959-1cc5569d-a5a5\"><div class=\"w-tabs-section-content-h i-cf\"><div class=\"wpb_text_column\"><div class=\"wpb_wrapper\"><p>Cracow Shooting Academy presentkort \u00e4r giltiga i sex m\u00e5nader fr\u00e5n utf\u00e4rdandedatumet. I speciella fall kan kupongen f\u00f6rl\u00e4ngas.<\/p>\n<\/div><\/div><\/div><\/div><\/div><\/div><\/div><div class=\"w-separator size_large\"><\/div><\/div><\/div><\/div><\/div><\/div><\/section><section class=\"l-section wpb_row us_custom_0c54ba39 height_medium width_full\"><div class=\"l-section-h i-cf\"><div class=\"g-cols vc_row via_flex valign_top type_default stacking_default\"><div class=\"vc_col-sm-12 wpb_column vc_column_container\"><div class=\"vc_column-inner\"><div class=\"wpb_wrapper\"><div class=\"w-actionbox us_custom_a86d61b4 action-box-blok has_text_color color_light controls_bottom\"><div class=\"w-actionbox-text\"><h2 class=\"w-actionbox-title\">Vill du f\u00e5 mer information?<\/h2><div class=\"w-actionbox-description\"><p>Skriv eller ring<\/p>\n<\/div><\/div><div class=\"w-actionbox-controls\"><a class=\"w-btn us-btn-style_1 icon_atleft\" title=\"kontakt\" href=\"https:\/\/www.shootingcracow.com\/sv\/kontakt\/\" style=\"font-size:18px;\"><i class=\"far fa-play\"><\/i><span class=\"w-btn-label\">kontakt<\/span><\/a><a class=\"w-btn us-btn-style_1 icon_atleft\" title=\"priser\" href=\"https:\/\/www.shootingcracow.com\/sv\/priser\/\" style=\"font-size:18px;\"><i class=\"far fa-play\"><\/i><span class=\"w-btn-label\">paket<\/span><\/a><\/div><\/div><\/div><\/div><\/div><\/div><\/div><\/section><section class=\"l-section wpb_row us_custom_9d21f858 height_medium width_full\"><div class=\"l-section-h i-cf\"><div class=\"g-cols vc_row via_flex valign_top type_default stacking_default\"><div class=\"vc_col-sm-12 wpb_column vc_column_container\"><div class=\"vc_column-inner us_custom_8535c5f4\"><div class=\"wpb_wrapper\">[vc_raw_html el_class=&#8221;google-maps&#8221; css=&#8221;%7B%22default%22%3A%7B%22line-height%22%3A%220%22%2C%22margin-bottom%22%3A%220%22%2C%22padding-bottom%22%3A%220%22%7D%7D&#8221;]PGlmcmFtZSBzcmM9Imh0dHBzOi8vd3d3Lmdvb2dsZS5jb20vbWFwcy9lbWJlZD9wYj0hMW0xOCExbTEyITFtMyExZDI1NTkuMDUzMTczNzg5NDQhMmQxOS44NjI1NTk2MTU5NzM0NiEzZDUwLjEwNDAxMTY3OTQyOTE2ITJtMyExZjAhMmYwITNmMCEzbTIhMWkxMDI0ITJpNzY4ITRmMTMuMSEzbTMhMW0yITFzMHg0NzE2NTk5MTJhNzQzNmNiJTNBMHg2MTlmODFkOTMyN2EwYWQ5ITJzQ3JhY293K1Nob290aW5nK0FjYWRlbXkhNWUwITNtMiExc3BsITJzcGwhNHYxNTMyNzg1OTMwMzU0IiB3aWR0aD0iMjAwMCIgaGVpZ2h0PSIzNTAiIGZyYW1lYm9yZGVyPSIwIiBzdHlsZT0iYm9yZGVyOjAiIGFsbG93ZnVsbHNjcmVlbj0iIj48L2lmcmFtZT4=[\/vc_raw_html]<\/div><\/div><\/div><\/div><\/div><\/section>\n","protected":false},"excerpt":{"rendered":"FAQDet h\u00e4r \u00e4r min f\u00f6rsta g\u00e5ng p\u00e5 skjutbanan &#8211; hur ser det ut, kommer n\u00e5gon att hj\u00e4lpa mig?Varje person som anv\u00e4nder v\u00e5r skjutbana b\u00f6rjar sin tr\u00e4ning med s\u00e4kerhetsregler och grundl\u00e4ggande vapendrift. Instrukt\u00f6ren f\u00f6ljer klienten hela tiden, erbjuder v\u00e4gbeskrivningar och besvarar alla fr\u00e5gor. \u00c4r pistolen p\u00e5 skjutbanan verklig?Ja! Vi anv\u00e4nder samma skjutvapen som polisen eller arm\u00e9n....","protected":false},"author":1,"featured_media":0,"parent":0,"menu_order":10,"comment_status":"closed","ping_status":"closed","template":"","meta":{"powered_cache_disable_cache":false},"acf":[],"yoast_head":"<!-- This site is optimized with the Yoast SEO plugin v20.6 - https:\/\/yoast.com\/wordpress\/plugins\/seo\/ -->\n<title>FAQ. Skjutbana Cracow Shooting Academy<\/title>\n<meta name=\"description\" content=\"Vanliga fr\u00e5gor (FAQs) om Cracow Shooting Academy. Vi bjuder in dig att bekanta dig med dem.\" \/>\n<meta name=\"robots\" content=\"index, follow, max-snippet:-1, max-image-preview:large, max-video-preview:-1\" \/>\n<link rel=\"canonical\" href=\"https:\/\/www.shootingcracow.com\/sv\/faq-skjutbana-cracow-shooting-academy\/\" \/>\n<meta property=\"og:locale\" content=\"sv_SE\" \/>\n<meta property=\"og:type\" content=\"article\" \/>\n<meta property=\"og:title\" content=\"FAQ. Skjutbana Cracow Shooting Academy\" \/>\n<meta property=\"og:description\" content=\"Vanliga fr\u00e5gor (FAQs) om Cracow Shooting Academy. Vi bjuder in dig att bekanta dig med dem.\" \/>\n<meta property=\"og:url\" content=\"https:\/\/www.shootingcracow.com\/sv\/faq-skjutbana-cracow-shooting-academy\/\" \/>\n<meta property=\"og:site_name\" content=\"Shooting Cracow\" \/>\n<meta property=\"article:publisher\" content=\"https:\/\/www.facebook.com\/shootingcracow\" \/>\n<meta property=\"article:modified_time\" content=\"2025-06-11T15:21:34+00:00\" \/>\n<meta property=\"og:image\" content=\"https:\/\/www.shootingcracow.com\/wp-content\/uploads\/2020\/03\/IMG_7320.jpg\" \/>\n\t<meta property=\"og:image:width\" content=\"1200\" \/>\n\t<meta property=\"og:image:height\" content=\"800\" \/>\n\t<meta property=\"og:image:type\" content=\"image\/jpeg\" \/>\n<meta name=\"twitter:card\" content=\"summary_large_image\" \/>\n<meta name=\"twitter:label1\" content=\"Ber\u00e4knad l\u00e4stid\" \/>\n\t<meta name=\"twitter:data1\" content=\"6 minuter\" \/>\n<script type=\"application\/ld+json\" class=\"yoast-schema-graph\">{\"@context\":\"https:\/\/schema.org\",\"@graph\":[{\"@type\":\"WebPage\",\"@id\":\"https:\/\/www.shootingcracow.com\/sv\/faq-skjutbana-cracow-shooting-academy\/\",\"url\":\"https:\/\/www.shootingcracow.com\/sv\/faq-skjutbana-cracow-shooting-academy\/\",\"name\":\"FAQ. Skjutbana Cracow Shooting Academy\",\"isPartOf\":{\"@id\":\"https:\/\/www.shootingcracow.com\/sv\/#website\"},\"datePublished\":\"2020-06-15T12:22:45+00:00\",\"dateModified\":\"2025-06-11T15:21:34+00:00\",\"description\":\"Vanliga fr\u00e5gor (FAQs) om Cracow Shooting Academy. Vi bjuder in dig att bekanta dig med dem.\",\"breadcrumb\":{\"@id\":\"https:\/\/www.shootingcracow.com\/sv\/faq-skjutbana-cracow-shooting-academy\/#breadcrumb\"},\"inLanguage\":\"sv-SE\",\"potentialAction\":[{\"@type\":\"ReadAction\",\"target\":[\"https:\/\/www.shootingcracow.com\/sv\/faq-skjutbana-cracow-shooting-academy\/\"]}]},{\"@type\":\"BreadcrumbList\",\"@id\":\"https:\/\/www.shootingcracow.com\/sv\/faq-skjutbana-cracow-shooting-academy\/#breadcrumb\",\"itemListElement\":[{\"@type\":\"ListItem\",\"position\":1,\"name\":\"Strona g\u0142\u00f3wna\",\"item\":\"https:\/\/www.shootingcracow.com\/sv\/huvudsida\/\"},{\"@type\":\"ListItem\",\"position\":2,\"name\":\"Faq\"}]},{\"@type\":\"WebSite\",\"@id\":\"https:\/\/www.shootingcracow.com\/sv\/#website\",\"url\":\"https:\/\/www.shootingcracow.com\/sv\/\",\"name\":\"Shooting Cracow\",\"description\":\"\",\"potentialAction\":[{\"@type\":\"SearchAction\",\"target\":{\"@type\":\"EntryPoint\",\"urlTemplate\":\"https:\/\/www.shootingcracow.com\/sv\/?s={search_term_string}\"},\"query-input\":\"required name=search_term_string\"}],\"inLanguage\":\"sv-SE\"}]}<\/script>\n<!-- \/ Yoast SEO plugin. -->","yoast_head_json":{"title":"FAQ. Skjutbana Cracow Shooting Academy","description":"Vanliga fr\u00e5gor (FAQs) om Cracow Shooting Academy. Vi bjuder in dig att bekanta dig med dem.","robots":{"index":"index","follow":"follow","max-snippet":"max-snippet:-1","max-image-preview":"max-image-preview:large","max-video-preview":"max-video-preview:-1"},"canonical":"https:\/\/www.shootingcracow.com\/sv\/faq-skjutbana-cracow-shooting-academy\/","og_locale":"sv_SE","og_type":"article","og_title":"FAQ. Skjutbana Cracow Shooting Academy","og_description":"Vanliga fr\u00e5gor (FAQs) om Cracow Shooting Academy. Vi bjuder in dig att bekanta dig med dem.","og_url":"https:\/\/www.shootingcracow.com\/sv\/faq-skjutbana-cracow-shooting-academy\/","og_site_name":"Shooting Cracow","article_publisher":"https:\/\/www.facebook.com\/shootingcracow","article_modified_time":"2025-06-11T15:21:34+00:00","og_image":[{"width":1200,"height":800,"url":"https:\/\/www.shootingcracow.com\/wp-content\/uploads\/2020\/03\/IMG_7320.jpg","type":"image\/jpeg"}],"twitter_card":"summary_large_image","twitter_misc":{"Ber\u00e4knad l\u00e4stid":"6 minuter"},"schema":{"@context":"https:\/\/schema.org","@graph":[{"@type":"WebPage","@id":"https:\/\/www.shootingcracow.com\/sv\/faq-skjutbana-cracow-shooting-academy\/","url":"https:\/\/www.shootingcracow.com\/sv\/faq-skjutbana-cracow-shooting-academy\/","name":"FAQ. Skjutbana Cracow Shooting Academy","isPartOf":{"@id":"https:\/\/www.shootingcracow.com\/sv\/#website"},"datePublished":"2020-06-15T12:22:45+00:00","dateModified":"2025-06-11T15:21:34+00:00","description":"Vanliga fr\u00e5gor (FAQs) om Cracow Shooting Academy. Vi bjuder in dig att bekanta dig med dem.","breadcrumb":{"@id":"https:\/\/www.shootingcracow.com\/sv\/faq-skjutbana-cracow-shooting-academy\/#breadcrumb"},"inLanguage":"sv-SE","potentialAction":[{"@type":"ReadAction","target":["https:\/\/www.shootingcracow.com\/sv\/faq-skjutbana-cracow-shooting-academy\/"]}]},{"@type":"BreadcrumbList","@id":"https:\/\/www.shootingcracow.com\/sv\/faq-skjutbana-cracow-shooting-academy\/#breadcrumb","itemListElement":[{"@type":"ListItem","position":1,"name":"Strona g\u0142\u00f3wna","item":"https:\/\/www.shootingcracow.com\/sv\/huvudsida\/"},{"@type":"ListItem","position":2,"name":"Faq"}]},{"@type":"WebSite","@id":"https:\/\/www.shootingcracow.com\/sv\/#website","url":"https:\/\/www.shootingcracow.com\/sv\/","name":"Shooting Cracow","description":"","potentialAction":[{"@type":"SearchAction","target":{"@type":"EntryPoint","urlTemplate":"https:\/\/www.shootingcracow.com\/sv\/?s={search_term_string}"},"query-input":"required name=search_term_string"}],"inLanguage":"sv-SE"}]}},"_links":{"self":[{"href":"https:\/\/www.shootingcracow.com\/sv\/wp-json\/wp\/v2\/pages\/6211"}],"collection":[{"href":"https:\/\/www.shootingcracow.com\/sv\/wp-json\/wp\/v2\/pages"}],"about":[{"href":"https:\/\/www.shootingcracow.com\/sv\/wp-json\/wp\/v2\/types\/page"}],"author":[{"embeddable":true,"href":"https:\/\/www.shootingcracow.com\/sv\/wp-json\/wp\/v2\/users\/1"}],"replies":[{"embeddable":true,"href":"https:\/\/www.shootingcracow.com\/sv\/wp-json\/wp\/v2\/comments?post=6211"}],"version-history":[{"count":0,"href":"https:\/\/www.shootingcracow.com\/sv\/wp-json\/wp\/v2\/pages\/6211\/revisions"}],"wp:attachment":[{"href":"https:\/\/www.shootingcracow.com\/sv\/wp-json\/wp\/v2\/media?parent=6211"}],"curies":[{"name":"wp","href":"https:\/\/api.w.org\/{rel}","templated":true}]}}