{"id":9174,"date":"2020-06-17T11:56:20","date_gmt":"2020-06-17T09:56:20","guid":{"rendered":"https:\/\/www.shootingcracow.com\/tilbud\/bursdag\/"},"modified":"2021-04-12T20:53:18","modified_gmt":"2021-04-12T18:53:18","slug":"bursdag","status":"publish","type":"page","link":"https:\/\/www.shootingcracow.com\/no\/tilbud\/bursdag\/","title":{"rendered":"Bursdag"},"content":{"rendered":"<section class=\"l-section wpb_row us_custom_6d54c28f height_medium\"><div class=\"l-section-h i-cf\"><div class=\"g-cols vc_row via_flex valign_top type_default stacking_default\"><div class=\"vc_col-sm-12 wpb_column vc_column_container\"><div class=\"vc_column-inner\"><div class=\"wpb_wrapper\"><div id=\"ultimate-heading-18469f7177061a6c\" class=\"uvc-heading ult-adjust-bottom-margin ultimate-heading-18469f7177061a6c uvc-5577 \" data-hspacer=\"no_spacer\" data-halign=\"center\" style=\"text-align:center\"><div class=\"uvc-heading-spacer no_spacer\" style=\"top\"><\/div><div class=\"uvc-main-heading ult-responsive\" data-ultimate-target=\".uvc-heading.ultimate-heading-18469f7177061a6c h1\" data-responsive-json-new=\"{&quot;font-size&quot;:&quot;&quot;,&quot;line-height&quot;:&quot;&quot;}\"><h1 style=\"font-family:&#039;Oswald&#039;;font-weight:500;color:#ffffff;\">FESTER OG FIRDSDAGSFESTER I KRAK\u00d3W<\/h1><\/div><\/div><\/div><\/div><\/div><\/div><\/div><\/section><section class=\"l-section wpb_row height_small\"><div class=\"l-section-h i-cf\"><div class=\"g-cols vc_row via_flex valign_top type_default stacking_default\"><div class=\"vc_col-sm-12 wpb_column vc_column_container\"><div class=\"vc_column-inner\"><div class=\"wpb_wrapper\"><div id=\"ultimate-heading-977269f71770624e6\" class=\"uvc-heading ult-adjust-bottom-margin ultimate-heading-977269f71770624e6 uvc-6502 \" data-hspacer=\"line_with_icon\" data-hline_width=\"auto\" data-hicon_type=\"custom\" data-hborder_style=\"solid\" data-hborder_height=\"1\" data-hborder_color=\"#ccc\" data-icon_width=\"48\" data-hfixer=\"10\" data-halign=\"center\" style=\"text-align:center\"><div class=\"uvc-main-heading ult-responsive\" data-ultimate-target=\".uvc-heading.ultimate-heading-977269f71770624e6 h2\" data-responsive-json-new=\"{&quot;font-size&quot;:&quot;&quot;,&quot;line-height&quot;:&quot;&quot;}\"><h2 style=\"font-family:&#039;Oswald&#039;;font-weight:300;\">BURSDAGFEST P\u00c5 SKYTEBANEN<\/h2><\/div><div class=\"uvc-sub-heading ult-responsive\" data-ultimate-target=\".uvc-heading.ultimate-heading-977269f71770624e6 .uvc-sub-heading \" data-responsive-json-new=\"{&quot;font-size&quot;:&quot;&quot;,&quot;line-height&quot;:&quot;&quot;}\" style=\"font-weight:normal;\">\n<p style=\"text-align: center;\">Lei av kjedelige bursdagsfester? Vil du overraske deg selv eller noen i n\u00e6rheten?<\/p>\n<\/div><div class=\"uvc-heading-spacer line_with_icon\" style=\"margin-top:20px;\"><div class=\"ult-just-icon-wrapper \"><div class=\"align-icon\" style=\"text-align:center;\">\n<div class=\"aio-icon-img \" style=\"font-size:48px;display:inline-block;\">\n\t<noscript><img class=\"img-icon\" alt=\"null\" src=\"https:\/\/www.shootingcracow.com\/wp-content\/uploads\/2020\/03\/guns-312418.svg\"><\/noscript><img class=\"img-icon lazyload\" alt=\"null\" src=\"data:image\/gif;base64,R0lGODlhAQABAIAAAAAAAP\/\/\/yH5BAEAAAAALAAAAAABAAEAAAIBRAA7\" data-src=\"https:\/\/www.shootingcracow.com\/wp-content\/uploads\/2020\/03\/guns-312418.svg\">\n<\/div><\/div><\/div><\/div><\/div><div class=\"w-separator size_custom\" style=\"height:60px\"><\/div><div class=\"g-cols wpb_row us_custom_2c45f91b via_flex valign_top type_default stacking_default\"><div class=\"vc_col-sm-6 wpb_column vc_column_container\"><div class=\"vc_column-inner\"><div class=\"wpb_wrapper\"><div class=\"w-btn-wrapper align_center\"><a class=\"w-btn us-btn-style_1 icon_atleft\" title=\"Pris liste\" href=\"https:\/\/www.shootingcracow.com\/no\/pris-liste\/\"><i class=\"far fa-play\"><\/i><span class=\"w-btn-label\">pris liste<\/span><\/a><\/div><\/div><\/div><\/div><div class=\"vc_col-sm-6 wpb_column vc_column_container\"><div class=\"vc_column-inner\"><div class=\"wpb_wrapper\"><div class=\"w-btn-wrapper align_center\"><a class=\"w-btn us-btn-style_1 icon_atleft\" title=\"pakker\" href=\"https:\/\/www.shootingcracow.com\/no\/kontakt\/\"><i class=\"far fa-play\"><\/i><span class=\"w-btn-label\">bok<\/span><\/a><\/div><\/div><\/div><\/div><\/div><\/div><\/div><\/div><\/div><\/div><\/section><section class=\"l-section wpb_row height_medium\"><div class=\"l-section-h i-cf\"><div class=\"g-cols vc_row via_flex valign_top type_default stacking_default\"><div class=\"vc_col-sm-12 wpb_column vc_column_container\"><div class=\"vc_column-inner\"><div class=\"wpb_wrapper\"><div id=\"ultimate-heading-976469f71770632c4\" class=\"uvc-heading ult-adjust-bottom-margin ultimate-heading-976469f71770632c4 uvc-8165 \" data-hspacer=\"no_spacer\" data-halign=\"center\" style=\"text-align:center\"><div class=\"uvc-heading-spacer no_spacer\" style=\"top\"><\/div><div class=\"uvc-main-heading ult-responsive\" data-ultimate-target=\".uvc-heading.ultimate-heading-976469f71770632c4 h3\" data-responsive-json-new=\"{&quot;font-size&quot;:&quot;&quot;,&quot;line-height&quot;:&quot;&quot;}\"><h3 style=\"font-family:&#039;Oswald&#039;;font-weight:500;\">DU HAR KOMMET ITL RETT STED<\/h3><\/div><\/div><div class=\"w-separator size_custom\" style=\"height:20px\"><\/div><div class=\"wpb_text_column us_custom_ea76afbe\"><div class=\"wpb_wrapper\"><p style=\"text-align: center;\">En bursdagsfest p\u00e5 skytebanen v\u00e5r i Krakow er ikke bare morsom, det er uforglemmelige \u00f8yeblikk som du vil huske i \u00e5revis.<\/p>\n<\/div><\/div><div class=\"w-separator size_custom\" style=\"height:20px\"><\/div><div class=\"wpb_text_column us_custom_ea76afbe\"><div class=\"wpb_wrapper\"><p style=\"text-align: center;\">Spesielt for bursdagsbarn og deres gjester har vi utarbeidet profesjonelle spor og et bredt spekter av v\u00e5pen, samt fullt skyte utstyr.<br>\nHvis du vil, kan du konkurrere med hverandre og velge kveldens beste skytter.<\/p>\n<\/div><\/div><div class=\"w-separator size_custom\" style=\"height:20px\"><\/div><div class=\"w-image us_custom_2e9da019 align_center\"><div class=\"w-image-h\"><noscript><img width=\"983\" height=\"596\" src=\"https:\/\/www.shootingcracow.com\/wp-content\/uploads\/2020\/05\/img-2018061.jpg\" class=\"attachment-full size-full\" alt decoding=\"async\" srcset=\"https:\/\/www.shootingcracow.com\/wp-content\/uploads\/2020\/05\/img-2018061.jpg 983w, https:\/\/www.shootingcracow.com\/wp-content\/uploads\/2020\/05\/img-2018061-300x182.jpg 300w\" sizes=\"(max-width: 983px) 100vw, 983px\"><\/noscript><img width=\"983\" height=\"596\" src=\"data:image\/svg+xml,%3Csvg%20xmlns%3D%22http%3A%2F%2Fwww.w3.org%2F2000%2Fsvg%22%20viewBox%3D%220%200%20983%20596%22%3E%3C%2Fsvg%3E\" class=\"attachment-full size-full lazyload\" alt decoding=\"async\" srcset=\"data:image\/svg+xml,%3Csvg%20xmlns%3D%22http%3A%2F%2Fwww.w3.org%2F2000%2Fsvg%22%20viewBox%3D%220%200%20983%20596%22%3E%3C%2Fsvg%3E 983w\" sizes=\"(max-width: 983px) 100vw, 983px\" data-srcset=\"https:\/\/www.shootingcracow.com\/wp-content\/uploads\/2020\/05\/img-2018061.jpg 983w, https:\/\/www.shootingcracow.com\/wp-content\/uploads\/2020\/05\/img-2018061-300x182.jpg 300w\" data-src=\"https:\/\/www.shootingcracow.com\/wp-content\/uploads\/2020\/05\/img-2018061.jpg\"><\/div><\/div><div class=\"w-separator size_custom\" style=\"height:20px\"><\/div><div id=\"ultimate-heading-746569f7177064172\" class=\"uvc-heading ult-adjust-bottom-margin ultimate-heading-746569f7177064172 uvc-579 \" data-hspacer=\"no_spacer\" data-halign=\"center\" style=\"text-align:center\"><div class=\"uvc-heading-spacer no_spacer\" style=\"top\"><\/div><div class=\"uvc-main-heading ult-responsive\" data-ultimate-target=\".uvc-heading.ultimate-heading-746569f7177064172 h3\" data-responsive-json-new=\"{&quot;font-size&quot;:&quot;&quot;,&quot;line-height&quot;:&quot;&quot;}\"><h3 style=\"font-family:&#039;Oswald&#039;;font-weight:500;\">VI GARANTERER OPPLEVELSER SOM VIL BLI MED DEG FOR LENGE<\/h3><\/div><\/div><div class=\"w-separator size_custom\" style=\"height:20px\"><\/div><div class=\"wpb_text_column us_custom_ea76afbe\"><div class=\"wpb_wrapper\"><p style=\"text-align: center;\">Alt vil foreg\u00e5 under det vakte \u00f8ye fra instrukt\u00f8rene v\u00e5re, og gi hjelp under hele oppholdet og ta vare p\u00e5 gjestenes totale sikkerhet.<\/p>\n<\/div><\/div><div class=\"w-separator size_custom\" style=\"height:20px\"><\/div><div id=\"ultimate-heading-210269f7177064491\" class=\"uvc-heading ult-adjust-bottom-margin ultimate-heading-210269f7177064491 uvc-6633 \" data-hspacer=\"no_spacer\" data-halign=\"center\" style=\"text-align:center\"><div class=\"uvc-heading-spacer no_spacer\" style=\"top\"><\/div><div class=\"uvc-main-heading ult-responsive\" data-ultimate-target=\".uvc-heading.ultimate-heading-210269f7177064491 h3\" data-responsive-json-new=\"{&quot;font-size&quot;:&quot;&quot;,&quot;line-height&quot;:&quot;&quot;}\"><h3 style=\"font-family:&#039;Oswald&#039;;font-weight:500;\">VELG PAKKET OG BESTILL EN DATO!<\/h3><\/div><\/div><div class=\"w-separator size_custom\" style=\"height:20px\"><\/div><div class=\"wpb_text_column us_custom_ea76afbe\"><div class=\"wpb_wrapper\"><p style=\"text-align: center;\">Fantastisk bursdag &#8211; bare med oss!<\/p>\n<\/div><\/div><div class=\"w-separator size_custom\" style=\"height:20px\"><\/div><div class=\"w-btn-wrapper align_center\"><a class=\"w-btn us-btn-style_1 icon_atleft\" title=\"pris liste\" href=\"https:\/\/www.shootingcracow.com\/no\/pris-liste\/\"><i class=\"far fa-play\"><\/i><span class=\"w-btn-label\">PAKKER<\/span><\/a><\/div><\/div><\/div><\/div><\/div><\/div><\/section><section class=\"l-section wpb_row us_custom_0c54ba39 height_medium width_full\"><div class=\"l-section-h i-cf\"><div class=\"g-cols vc_row via_flex valign_top type_default stacking_default\"><div class=\"vc_col-sm-12 wpb_column vc_column_container\"><div class=\"vc_column-inner\"><div class=\"wpb_wrapper\"><div class=\"w-actionbox us_custom_a86d61b4 action-box-blok has_text_color color_light controls_bottom\"><div class=\"w-actionbox-text\"><h4 class=\"w-actionbox-title\" style=\"font-size:25px\">\u00d8nsker du \u00e5 f\u00e5 mer informasjon?<\/h4><div class=\"w-actionbox-description\"><p>Skriv eller ring<\/p>\n<\/div><\/div><div class=\"w-actionbox-controls\"><a class=\"w-btn us-btn-style_1 icon_atleft\" title=\"kontakt\" href=\"https:\/\/www.shootingcracow.com\/no\/kontakt\/\" style=\"font-size:18px;\"><i class=\"far fa-play\"><\/i><span class=\"w-btn-label\">kontakt<\/span><\/a><a class=\"w-btn us-btn-style_1 icon_atleft\" title=\"pris liste\" href=\"https:\/\/www.shootingcracow.com\/no\/pris-liste\/\" style=\"font-size:18px;\"><i class=\"far fa-play\"><\/i><span class=\"w-btn-label\">pakker<\/span><\/a><\/div><\/div><\/div><\/div><\/div><\/div><\/div><\/section>\n","protected":false},"excerpt":{"rendered":"FESTER OG FIRDSDAGSFESTER I KRAK\u00d3WBURSDAGFEST P\u00c5 SKYTEBANEN Lei av kjedelige bursdagsfester? Vil du overraske deg selv eller noen i n\u00e6rheten? pris listebokDU HAR KOMMET ITL RETT STEDEn bursdagsfest p\u00e5 skytebanen v\u00e5r i Krakow er ikke bare morsom, det er uforglemmelige \u00f8yeblikk som du vil huske i \u00e5revis. Spesielt for bursdagsbarn og deres gjester har vi...","protected":false},"author":1,"featured_media":0,"parent":6511,"menu_order":2,"comment_status":"closed","ping_status":"closed","template":"","meta":{"powered_cache_disable_cache":false},"acf":[],"yoast_head":"<!-- This site is optimized with the Yoast SEO plugin v20.6 - https:\/\/yoast.com\/wordpress\/plugins\/seo\/ -->\n<title>Bursdagsfester p\u00e5 skytebanen i Krakow<\/title>\n<meta name=\"description\" content=\"En id\u00e9 for en uvanlig bursdagsfest p\u00e5 en skytebane i Krakow. Vi arrangerer bursdagsfest som du vil huske lenge.\" \/>\n<meta name=\"robots\" content=\"index, follow, max-snippet:-1, max-image-preview:large, max-video-preview:-1\" \/>\n<link rel=\"canonical\" href=\"https:\/\/www.shootingcracow.com\/no\/tilbud\/bursdag\/\" \/>\n<meta property=\"og:locale\" content=\"nb_NO\" \/>\n<meta property=\"og:type\" content=\"article\" \/>\n<meta property=\"og:title\" content=\"Bursdagsfester p\u00e5 skytebanen i Krakow\" \/>\n<meta property=\"og:description\" content=\"En id\u00e9 for en uvanlig bursdagsfest p\u00e5 en skytebane i Krakow. Vi arrangerer bursdagsfest som du vil huske lenge.\" \/>\n<meta property=\"og:url\" content=\"https:\/\/www.shootingcracow.com\/no\/tilbud\/bursdag\/\" \/>\n<meta property=\"og:site_name\" content=\"Shooting Cracow\" \/>\n<meta property=\"article:publisher\" content=\"https:\/\/www.facebook.com\/shootingcracow\" \/>\n<meta property=\"article:modified_time\" content=\"2021-04-12T18:53:18+00:00\" \/>\n<meta property=\"og:image\" content=\"https:\/\/www.shootingcracow.com\/wp-content\/uploads\/2020\/03\/IMG_7320.jpg\" \/>\n\t<meta property=\"og:image:width\" content=\"1200\" \/>\n\t<meta property=\"og:image:height\" content=\"800\" \/>\n\t<meta property=\"og:image:type\" content=\"image\/jpeg\" \/>\n<meta name=\"twitter:card\" content=\"summary_large_image\" \/>\n<meta name=\"twitter:label1\" content=\"Ansl. lesetid\" \/>\n\t<meta name=\"twitter:data1\" content=\"4 minutter\" \/>\n<script type=\"application\/ld+json\" class=\"yoast-schema-graph\">{\"@context\":\"https:\/\/schema.org\",\"@graph\":[{\"@type\":\"WebPage\",\"@id\":\"https:\/\/www.shootingcracow.com\/no\/tilbud\/bursdag\/\",\"url\":\"https:\/\/www.shootingcracow.com\/no\/tilbud\/bursdag\/\",\"name\":\"Bursdagsfester p\u00e5 skytebanen i Krakow\",\"isPartOf\":{\"@id\":\"https:\/\/www.shootingcracow.com\/no\/#website\"},\"datePublished\":\"2020-06-17T09:56:20+00:00\",\"dateModified\":\"2021-04-12T18:53:18+00:00\",\"description\":\"En id\u00e9 for en uvanlig bursdagsfest p\u00e5 en skytebane i Krakow. Vi arrangerer bursdagsfest som du vil huske lenge.\",\"breadcrumb\":{\"@id\":\"https:\/\/www.shootingcracow.com\/no\/tilbud\/bursdag\/#breadcrumb\"},\"inLanguage\":\"nb-NO\",\"potentialAction\":[{\"@type\":\"ReadAction\",\"target\":[\"https:\/\/www.shootingcracow.com\/no\/tilbud\/bursdag\/\"]}]},{\"@type\":\"BreadcrumbList\",\"@id\":\"https:\/\/www.shootingcracow.com\/no\/tilbud\/bursdag\/#breadcrumb\",\"itemListElement\":[{\"@type\":\"ListItem\",\"position\":1,\"name\":\"Strona g\u0142\u00f3wna\",\"item\":\"https:\/\/www.shootingcracow.com\/no\/hjem\/\"},{\"@type\":\"ListItem\",\"position\":2,\"name\":\"Tilbud\",\"item\":\"https:\/\/www.shootingcracow.com\/no\/tilbud\/\"},{\"@type\":\"ListItem\",\"position\":3,\"name\":\"Bursdag\"}]},{\"@type\":\"WebSite\",\"@id\":\"https:\/\/www.shootingcracow.com\/no\/#website\",\"url\":\"https:\/\/www.shootingcracow.com\/no\/\",\"name\":\"Shooting Cracow\",\"description\":\"\",\"potentialAction\":[{\"@type\":\"SearchAction\",\"target\":{\"@type\":\"EntryPoint\",\"urlTemplate\":\"https:\/\/www.shootingcracow.com\/no\/?s={search_term_string}\"},\"query-input\":\"required name=search_term_string\"}],\"inLanguage\":\"nb-NO\"}]}<\/script>\n<!-- \/ Yoast SEO plugin. -->","yoast_head_json":{"title":"Bursdagsfester p\u00e5 skytebanen i Krakow","description":"En id\u00e9 for en uvanlig bursdagsfest p\u00e5 en skytebane i Krakow. Vi arrangerer bursdagsfest som du vil huske lenge.","robots":{"index":"index","follow":"follow","max-snippet":"max-snippet:-1","max-image-preview":"max-image-preview:large","max-video-preview":"max-video-preview:-1"},"canonical":"https:\/\/www.shootingcracow.com\/no\/tilbud\/bursdag\/","og_locale":"nb_NO","og_type":"article","og_title":"Bursdagsfester p\u00e5 skytebanen i Krakow","og_description":"En id\u00e9 for en uvanlig bursdagsfest p\u00e5 en skytebane i Krakow. Vi arrangerer bursdagsfest som du vil huske lenge.","og_url":"https:\/\/www.shootingcracow.com\/no\/tilbud\/bursdag\/","og_site_name":"Shooting Cracow","article_publisher":"https:\/\/www.facebook.com\/shootingcracow","article_modified_time":"2021-04-12T18:53:18+00:00","og_image":[{"width":1200,"height":800,"url":"https:\/\/www.shootingcracow.com\/wp-content\/uploads\/2020\/03\/IMG_7320.jpg","type":"image\/jpeg"}],"twitter_card":"summary_large_image","twitter_misc":{"Ansl. lesetid":"4 minutter"},"schema":{"@context":"https:\/\/schema.org","@graph":[{"@type":"WebPage","@id":"https:\/\/www.shootingcracow.com\/no\/tilbud\/bursdag\/","url":"https:\/\/www.shootingcracow.com\/no\/tilbud\/bursdag\/","name":"Bursdagsfester p\u00e5 skytebanen i Krakow","isPartOf":{"@id":"https:\/\/www.shootingcracow.com\/no\/#website"},"datePublished":"2020-06-17T09:56:20+00:00","dateModified":"2021-04-12T18:53:18+00:00","description":"En id\u00e9 for en uvanlig bursdagsfest p\u00e5 en skytebane i Krakow. Vi arrangerer bursdagsfest som du vil huske lenge.","breadcrumb":{"@id":"https:\/\/www.shootingcracow.com\/no\/tilbud\/bursdag\/#breadcrumb"},"inLanguage":"nb-NO","potentialAction":[{"@type":"ReadAction","target":["https:\/\/www.shootingcracow.com\/no\/tilbud\/bursdag\/"]}]},{"@type":"BreadcrumbList","@id":"https:\/\/www.shootingcracow.com\/no\/tilbud\/bursdag\/#breadcrumb","itemListElement":[{"@type":"ListItem","position":1,"name":"Strona g\u0142\u00f3wna","item":"https:\/\/www.shootingcracow.com\/no\/hjem\/"},{"@type":"ListItem","position":2,"name":"Tilbud","item":"https:\/\/www.shootingcracow.com\/no\/tilbud\/"},{"@type":"ListItem","position":3,"name":"Bursdag"}]},{"@type":"WebSite","@id":"https:\/\/www.shootingcracow.com\/no\/#website","url":"https:\/\/www.shootingcracow.com\/no\/","name":"Shooting Cracow","description":"","potentialAction":[{"@type":"SearchAction","target":{"@type":"EntryPoint","urlTemplate":"https:\/\/www.shootingcracow.com\/no\/?s={search_term_string}"},"query-input":"required name=search_term_string"}],"inLanguage":"nb-NO"}]}},"_links":{"self":[{"href":"https:\/\/www.shootingcracow.com\/no\/wp-json\/wp\/v2\/pages\/9174"}],"collection":[{"href":"https:\/\/www.shootingcracow.com\/no\/wp-json\/wp\/v2\/pages"}],"about":[{"href":"https:\/\/www.shootingcracow.com\/no\/wp-json\/wp\/v2\/types\/page"}],"author":[{"embeddable":true,"href":"https:\/\/www.shootingcracow.com\/no\/wp-json\/wp\/v2\/users\/1"}],"replies":[{"embeddable":true,"href":"https:\/\/www.shootingcracow.com\/no\/wp-json\/wp\/v2\/comments?post=9174"}],"version-history":[{"count":0,"href":"https:\/\/www.shootingcracow.com\/no\/wp-json\/wp\/v2\/pages\/9174\/revisions"}],"up":[{"embeddable":true,"href":"https:\/\/www.shootingcracow.com\/no\/wp-json\/wp\/v2\/pages\/6511"}],"wp:attachment":[{"href":"https:\/\/www.shootingcracow.com\/no\/wp-json\/wp\/v2\/media?parent=9174"}],"curies":[{"name":"wp","href":"https:\/\/api.w.org\/{rel}","templated":true}]}}