{"id":9168,"date":"2020-06-17T11:39:17","date_gmt":"2020-06-17T09:39:17","guid":{"rendered":"https:\/\/www.shootingcracow.com\/tilbud\/individuell-skyting\/"},"modified":"2020-07-08T23:10:28","modified_gmt":"2020-07-08T21:10:28","slug":"individuell-skyting","status":"publish","type":"page","link":"https:\/\/www.shootingcracow.com\/no\/tilbud\/individuell-skyting\/","title":{"rendered":"Individuell skyting"},"content":{"rendered":"<section class=\"l-section wpb_row us_custom_6d54c28f height_medium\"><div class=\"l-section-h i-cf\"><div class=\"g-cols vc_row via_flex valign_top type_default stacking_default\"><div class=\"vc_col-sm-12 wpb_column vc_column_container\"><div class=\"vc_column-inner\"><div class=\"wpb_wrapper\"><div id=\"ultimate-heading-300769f71ca1caab3\" class=\"uvc-heading ult-adjust-bottom-margin ultimate-heading-300769f71ca1caab3 uvc-1414 \" data-hspacer=\"no_spacer\" data-halign=\"center\" style=\"text-align:center\"><div class=\"uvc-heading-spacer no_spacer\" style=\"top\"><\/div><div class=\"uvc-main-heading ult-responsive\" data-ultimate-target=\".uvc-heading.ultimate-heading-300769f71ca1caab3 h1\" data-responsive-json-new=\"{&quot;font-size&quot;:&quot;&quot;,&quot;line-height&quot;:&quot;&quot;}\"><h1 style=\"font-family:&#039;Oswald&#039;;font-weight:500;color:#ffffff;\">INDIVIDUELL SHOOTING AV AKYTEV\u00c5PEN<\/h1><\/div><\/div><\/div><\/div><\/div><\/div><\/div><\/section><section class=\"l-section wpb_row height_small\"><div class=\"l-section-h i-cf\"><div class=\"g-cols vc_row via_flex valign_top type_default stacking_default\"><div class=\"vc_col-sm-12 wpb_column vc_column_container\"><div class=\"vc_column-inner\"><div class=\"wpb_wrapper\"><div id=\"ultimate-heading-833269f71ca1cbc9b\" class=\"uvc-heading ult-adjust-bottom-margin ultimate-heading-833269f71ca1cbc9b uvc-6660 \" data-hspacer=\"line_with_icon\" data-hline_width=\"auto\" data-hicon_type=\"custom\" data-hborder_style=\"solid\" data-hborder_height=\"1\" data-hborder_color=\"#ccc\" data-icon_width=\"48\" data-hfixer=\"10\" data-halign=\"center\" style=\"text-align:center\"><div class=\"uvc-main-heading ult-responsive\" data-ultimate-target=\".uvc-heading.ultimate-heading-833269f71ca1cbc9b h2\" data-responsive-json-new=\"{&quot;font-size&quot;:&quot;&quot;,&quot;line-height&quot;:&quot;&quot;}\"><h2 style=\"font-family:&#039;Oswald&#039;;font-weight:300;\">ER DU EN FLAGGVAPENSKJ\u00c6RLIGHET?<\/h2><\/div><div class=\"uvc-sub-heading ult-responsive\" data-ultimate-target=\".uvc-heading.ultimate-heading-833269f71ca1cbc9b .uvc-sub-heading \" data-responsive-json-new=\"{&quot;font-size&quot;:&quot;&quot;,&quot;line-height&quot;:&quot;&quot;}\" style=\"font-weight:normal;\">\n<p style=\"text-align: center;\">Det er p\u00e5 h\u00f8y tid \u00e5 bes\u00f8ke oss. Cracow Shooting Academy er et flott sted \u00e5 starte ditt eventyr med \u00e5 skyte<br>\neller forbedre ferdighetene dine i \u00e5 bruke v\u00e5pen.<\/p>\n<\/div><div class=\"uvc-heading-spacer line_with_icon\" style=\"margin-top:20px;\"><div class=\"ult-just-icon-wrapper \"><div class=\"align-icon\" style=\"text-align:center;\">\n<div class=\"aio-icon-img \" style=\"font-size:48px;display:inline-block;\">\n\t<noscript><img class=\"img-icon\" alt=\"null\" src=\"https:\/\/www.shootingcracow.com\/wp-content\/uploads\/2020\/03\/guns-312418.svg\"><\/noscript><img class=\"img-icon lazyload\" alt=\"null\" src=\"data:image\/gif;base64,R0lGODlhAQABAIAAAAAAAP\/\/\/yH5BAEAAAAALAAAAAABAAEAAAIBRAA7\" data-src=\"https:\/\/www.shootingcracow.com\/wp-content\/uploads\/2020\/03\/guns-312418.svg\">\n<\/div><\/div><\/div><\/div><\/div><div class=\"w-separator size_custom\" style=\"height:20px\"><\/div><div class=\"w-btn-wrapper align_center\"><a class=\"w-btn us-btn-style_1 icon_atleft\" title=\"kontakt\" href=\"https:\/\/www.shootingcracow.com\/no\/skapa-ett-paket\/\"><i class=\"far fa-play\"><\/i><span class=\"w-btn-label\">lag en pakke<\/span><\/a><\/div><\/div><\/div><\/div><\/div><\/div><\/section><section class=\"l-section wpb_row height_small\"><div class=\"l-section-h i-cf\"><div class=\"g-cols vc_row via_flex valign_middle type_default stacking_default\"><div class=\"vc_col-sm-6 wpb_column vc_column_container\"><div class=\"vc_column-inner\"><div class=\"wpb_wrapper\"><div id=\"ultimate-heading-255569f71ca1ccbae\" class=\"uvc-heading ult-adjust-bottom-margin ultimate-heading-255569f71ca1ccbae uvc-5894 \" data-hspacer=\"no_spacer\" data-halign=\"right\" style=\"text-align:right\"><div class=\"uvc-heading-spacer no_spacer\" style=\"top\"><\/div><div class=\"uvc-main-heading ult-responsive\" data-ultimate-target=\".uvc-heading.ultimate-heading-255569f71ca1ccbae h3\" data-responsive-json-new=\"{&quot;font-size&quot;:&quot;&quot;,&quot;line-height&quot;:&quot;&quot;}\"><h3 style=\"font-family:&#039;Oswald&#039;;font-weight:500;margin-bottom:10px;\">VI GARANTERER GOD MORO!<\/h3><\/div><div class=\"uvc-sub-heading ult-responsive\" data-ultimate-target=\".uvc-heading.ultimate-heading-255569f71ca1ccbae .uvc-sub-heading \" data-responsive-json-new=\"{&quot;font-size&quot;:&quot;&quot;,&quot;line-height&quot;:&quot;&quot;}\" style=\"font-weight:normal;\">\n<p>Hos oss vil du kunne velge ditt dr\u00f8mmev\u00e5pen fra et enormt arsenal, og alle sp\u00f8rsm\u00e5l og tvil vil bli besvart av en instrukt\u00f8r som vil v\u00e6re tilgjengelig under hele oppholdet. Entusiaster av alt relatert til v\u00e5pen vil helt sikkert finne noe for seg selv.<\/p>\n<\/div><\/div><\/div><\/div><\/div><div class=\"vc_col-sm-6 wpb_column vc_column_container\"><div class=\"vc_column-inner\"><div class=\"wpb_wrapper\"><div class=\"w-image align_none\"><div class=\"w-image-h\"><noscript><img width=\"1024\" height=\"576\" src=\"https:\/\/www.shootingcracow.com\/wp-content\/uploads\/2020\/04\/IMG_7290-1024x576.jpg\" class=\"attachment-large size-large\" alt decoding=\"async\" srcset=\"https:\/\/www.shootingcracow.com\/wp-content\/uploads\/2020\/04\/IMG_7290-1024x576.jpg 1024w, https:\/\/www.shootingcracow.com\/wp-content\/uploads\/2020\/04\/IMG_7290-300x169.jpg 300w, https:\/\/www.shootingcracow.com\/wp-content\/uploads\/2020\/04\/IMG_7290-1536x864.jpg 1536w, https:\/\/www.shootingcracow.com\/wp-content\/uploads\/2020\/04\/IMG_7290.jpg 1920w\" sizes=\"(max-width: 1024px) 100vw, 1024px\"><\/noscript><img width=\"1024\" height=\"576\" src=\"data:image\/svg+xml,%3Csvg%20xmlns%3D%22http%3A%2F%2Fwww.w3.org%2F2000%2Fsvg%22%20viewBox%3D%220%200%201024%20576%22%3E%3C%2Fsvg%3E\" class=\"attachment-large size-large lazyload\" alt decoding=\"async\" srcset=\"data:image\/svg+xml,%3Csvg%20xmlns%3D%22http%3A%2F%2Fwww.w3.org%2F2000%2Fsvg%22%20viewBox%3D%220%200%201024%20576%22%3E%3C%2Fsvg%3E 1024w\" sizes=\"(max-width: 1024px) 100vw, 1024px\" data-srcset=\"https:\/\/www.shootingcracow.com\/wp-content\/uploads\/2020\/04\/IMG_7290-1024x576.jpg 1024w, https:\/\/www.shootingcracow.com\/wp-content\/uploads\/2020\/04\/IMG_7290-300x169.jpg 300w, https:\/\/www.shootingcracow.com\/wp-content\/uploads\/2020\/04\/IMG_7290-1536x864.jpg 1536w, https:\/\/www.shootingcracow.com\/wp-content\/uploads\/2020\/04\/IMG_7290.jpg 1920w\" data-src=\"https:\/\/www.shootingcracow.com\/wp-content\/uploads\/2020\/04\/IMG_7290-1024x576.jpg\"><\/div><\/div><\/div><\/div><\/div><\/div><\/div><\/section><section class=\"l-section wpb_row height_small\"><div class=\"l-section-h i-cf\"><div class=\"g-cols vc_row via_flex valign_middle type_default reversed stacking_default\"><div class=\"vc_col-sm-6 wpb_column vc_column_container\"><div class=\"vc_column-inner\"><div class=\"wpb_wrapper\"><div class=\"w-image align_none\"><div class=\"w-image-h\"><noscript><img width=\"1024\" height=\"577\" src=\"https:\/\/www.shootingcracow.com\/wp-content\/uploads\/2020\/04\/IMG_7285-1024x577.jpg\" class=\"attachment-large size-large\" alt decoding=\"async\" srcset=\"https:\/\/www.shootingcracow.com\/wp-content\/uploads\/2020\/04\/IMG_7285-1024x577.jpg 1024w, https:\/\/www.shootingcracow.com\/wp-content\/uploads\/2020\/04\/IMG_7285-300x169.jpg 300w, https:\/\/www.shootingcracow.com\/wp-content\/uploads\/2020\/04\/IMG_7285-1536x865.jpg 1536w, https:\/\/www.shootingcracow.com\/wp-content\/uploads\/2020\/04\/IMG_7285.jpg 1920w\" sizes=\"(max-width: 1024px) 100vw, 1024px\"><\/noscript><img width=\"1024\" height=\"577\" src=\"data:image\/svg+xml,%3Csvg%20xmlns%3D%22http%3A%2F%2Fwww.w3.org%2F2000%2Fsvg%22%20viewBox%3D%220%200%201024%20577%22%3E%3C%2Fsvg%3E\" class=\"attachment-large size-large lazyload\" alt decoding=\"async\" srcset=\"data:image\/svg+xml,%3Csvg%20xmlns%3D%22http%3A%2F%2Fwww.w3.org%2F2000%2Fsvg%22%20viewBox%3D%220%200%201024%20577%22%3E%3C%2Fsvg%3E 1024w\" sizes=\"(max-width: 1024px) 100vw, 1024px\" data-srcset=\"https:\/\/www.shootingcracow.com\/wp-content\/uploads\/2020\/04\/IMG_7285-1024x577.jpg 1024w, https:\/\/www.shootingcracow.com\/wp-content\/uploads\/2020\/04\/IMG_7285-300x169.jpg 300w, https:\/\/www.shootingcracow.com\/wp-content\/uploads\/2020\/04\/IMG_7285-1536x865.jpg 1536w, https:\/\/www.shootingcracow.com\/wp-content\/uploads\/2020\/04\/IMG_7285.jpg 1920w\" data-src=\"https:\/\/www.shootingcracow.com\/wp-content\/uploads\/2020\/04\/IMG_7285-1024x577.jpg\"><\/div><\/div><\/div><\/div><\/div><div class=\"vc_col-sm-6 wpb_column vc_column_container\"><div class=\"vc_column-inner\"><div class=\"wpb_wrapper\"><div id=\"ultimate-heading-299869f71ca1cf207\" class=\"uvc-heading ult-adjust-bottom-margin ultimate-heading-299869f71ca1cf207 uvc-2665 \" data-hspacer=\"no_spacer\" data-halign=\"left\" style=\"text-align:left\"><div class=\"uvc-heading-spacer no_spacer\" style=\"top\"><\/div><div class=\"uvc-main-heading ult-responsive\" data-ultimate-target=\".uvc-heading.ultimate-heading-299869f71ca1cf207 h3\" data-responsive-json-new=\"{&quot;font-size&quot;:&quot;&quot;,&quot;line-height&quot;:&quot;&quot;}\"><h3 style=\"font-family:&#039;Oswald&#039;;font-weight:500;margin-bottom:10px;\">SKYTNING ER EN FORMELSE FOR REKREASJON FOR DEG?<\/h3><\/div><div class=\"uvc-sub-heading ult-responsive\" data-ultimate-target=\".uvc-heading.ultimate-heading-299869f71ca1cf207 .uvc-sub-heading \" data-responsive-json-new=\"{&quot;font-size&quot;:&quot;&quot;,&quot;line-height&quot;:&quot;&quot;}\" style=\"font-weight:normal;\">\n<p>Vil du forbedre verkstedet ditt eller bare pr\u00f8ve forskjellige typer v\u00e5pen tilgjengelig i tilbudet v\u00e5rt? Vi gir deg denne muligheten. Instrukt\u00f8rene v\u00e5re hjelper og st\u00f8tter deg med deres faglige kunnskaper om v\u00e5pen og skyte teknikker.<\/p>\n<\/div><\/div><\/div><\/div><\/div><\/div><\/div><\/section><section class=\"l-section wpb_row height_medium\"><div class=\"l-section-h i-cf\"><div class=\"g-cols vc_row via_flex valign_top type_default stacking_default\"><div class=\"vc_col-sm-12 wpb_column vc_column_container\"><div class=\"vc_column-inner\"><div class=\"wpb_wrapper\"><div class=\"g-cols wpb_row us_custom_2c45f91b via_flex valign_top type_default stacking_default\"><div class=\"vc_col-sm-6 wpb_column vc_column_container\"><div class=\"vc_column-inner\"><div class=\"wpb_wrapper\"><div class=\"w-btn-wrapper align_center\"><a class=\"w-btn us-btn-style_1 icon_atleft\" title=\"Pris liste\" href=\"https:\/\/www.shootingcracow.com\/no\/pris-liste\/\"><i class=\"far fa-play\"><\/i><span class=\"w-btn-label\">pris liste<\/span><\/a><\/div><\/div><\/div><\/div><div class=\"vc_col-sm-6 wpb_column vc_column_container\"><div class=\"vc_column-inner\"><div class=\"wpb_wrapper\"><div class=\"w-btn-wrapper align_center\"><a class=\"w-btn us-btn-style_1 icon_atleft\" title=\"pakker\" href=\"https:\/\/www.shootingcracow.com\/no\/kontakt-2\/\"><i class=\"far fa-play\"><\/i><span class=\"w-btn-label\">bok<\/span><\/a><\/div><\/div><\/div><\/div><\/div><\/div><\/div><\/div><\/div><\/div><\/section><section class=\"l-section wpb_row us_custom_0c54ba39 height_medium width_full\"><div class=\"l-section-h i-cf\"><div class=\"g-cols vc_row via_flex valign_top type_default stacking_default\"><div class=\"vc_col-sm-12 wpb_column vc_column_container\"><div class=\"vc_column-inner\"><div class=\"wpb_wrapper\"><div class=\"w-actionbox us_custom_a86d61b4 action-box-blok has_text_color color_light controls_bottom\"><div class=\"w-actionbox-text\"><h4 class=\"w-actionbox-title\" style=\"font-size:25px\">\u00d8nsker du \u00e5 f\u00e5 mer informasjon?<\/h4><div class=\"w-actionbox-description\"><p>Skriv eller ring<\/p>\n<\/div><\/div><div class=\"w-actionbox-controls\"><a class=\"w-btn us-btn-style_1 icon_atleft\" title=\"kontakt\" href=\"https:\/\/www.shootingcracow.com\/no\/kontakt-2\/\" style=\"font-size:18px;\"><i class=\"far fa-play\"><\/i><span class=\"w-btn-label\">kontakt<\/span><\/a><a class=\"w-btn us-btn-style_1 icon_atleft\" title=\"pris liste\" href=\"https:\/\/www.shootingcracow.com\/no\/pris-liste\/\" style=\"font-size:18px;\"><i class=\"far fa-play\"><\/i><span class=\"w-btn-label\">pakker<\/span><\/a><\/div><\/div><\/div><\/div><\/div><\/div><\/div><\/section><section class=\"l-section wpb_row us_custom_9d21f858 height_medium width_full\"><div class=\"l-section-h i-cf\"><div class=\"g-cols vc_row via_flex valign_top type_default stacking_default\"><div class=\"vc_col-sm-12 wpb_column vc_column_container\"><div class=\"vc_column-inner us_custom_8535c5f4\"><div class=\"wpb_wrapper\">[vc_raw_html el_class=&raquo;google-maps&raquo; css=&raquo;%7B%22default%22%3A%7B%22line-height%22%3A%220%22%2C%22margin-bottom%22%3A%220%22%2C%22padding-bottom%22%3A%220%22%7D%7D&raquo;]PGlmcmFtZSBzcmM9Imh0dHBzOi8vd3d3Lmdvb2dsZS5jb20vbWFwcy9lbWJlZD9wYj0hMW0xOCExbTEyITFtMyExZDI1NTkuMDUzMTczNzg5NDQhMmQxOS44NjI1NTk2MTU5NzM0NiEzZDUwLjEwNDAxMTY3OTQyOTE2ITJtMyExZjAhMmYwITNmMCEzbTIhMWkxMDI0ITJpNzY4ITRmMTMuMSEzbTMhMW0yITFzMHg0NzE2NTk5MTJhNzQzNmNiJTNBMHg2MTlmODFkOTMyN2EwYWQ5ITJzQ3JhY293K1Nob290aW5nK0FjYWRlbXkhNWUwITNtMiExc3BsITJzcGwhNHYxNTMyNzg1OTMwMzU0IiB3aWR0aD0iMjAwMCIgaGVpZ2h0PSIzNTAiIGZyYW1lYm9yZGVyPSIwIiBzdHlsZT0iYm9yZGVyOjAiIGFsbG93ZnVsbHNjcmVlbj0iIj48L2lmcmFtZT4=[\/vc_raw_html]<\/div><\/div><\/div><\/div><\/div><\/section>\n","protected":false},"excerpt":{"rendered":"INDIVIDUELL SHOOTING AV AKYTEV\u00c5PENER DU EN FLAGGVAPENSKJ\u00c6RLIGHET? Det er p\u00e5 h\u00f8y tid \u00e5 bes\u00f8ke oss. Cracow Shooting Academy er et flott sted \u00e5 starte ditt eventyr med \u00e5 skyte eller forbedre ferdighetene dine i \u00e5 bruke v\u00e5pen. lag en pakkeVI GARANTERER GOD MORO! Hos oss vil du kunne velge ditt dr\u00f8mmev\u00e5pen fra et enormt arsenal,...","protected":false},"author":1,"featured_media":0,"parent":6511,"menu_order":2,"comment_status":"closed","ping_status":"closed","template":"","meta":{"powered_cache_disable_cache":false},"acf":[],"yoast_head":"<!-- This site is optimized with the Yoast SEO plugin v20.6 - https:\/\/yoast.com\/wordpress\/plugins\/seo\/ -->\n<title>Individuell avfyring av skytev\u00e5pen p\u00e5 skytefeltet i Krakow<\/title>\n<meta name=\"description\" content=\"Individuell avfyring av skytev\u00e5pen p\u00e5 skytefeltet i Krakow Vi inviterer alle uavhengig av deres fremskritt i bruk av v\u00e5pen.\" \/>\n<meta name=\"robots\" content=\"index, follow, max-snippet:-1, max-image-preview:large, max-video-preview:-1\" \/>\n<link rel=\"canonical\" href=\"https:\/\/www.shootingcracow.com\/no\/tilbud\/individuell-skyting\/\" \/>\n<meta property=\"og:locale\" content=\"nb_NO\" \/>\n<meta property=\"og:type\" content=\"article\" \/>\n<meta property=\"og:title\" content=\"Individuell avfyring av skytev\u00e5pen p\u00e5 skytefeltet i Krakow\" \/>\n<meta property=\"og:description\" content=\"Individuell avfyring av skytev\u00e5pen p\u00e5 skytefeltet i Krakow Vi inviterer alle uavhengig av deres fremskritt i bruk av v\u00e5pen.\" \/>\n<meta property=\"og:url\" content=\"https:\/\/www.shootingcracow.com\/no\/tilbud\/individuell-skyting\/\" \/>\n<meta property=\"og:site_name\" content=\"Shooting Cracow\" \/>\n<meta property=\"article:publisher\" content=\"https:\/\/www.facebook.com\/shootingcracow\" \/>\n<meta property=\"article:modified_time\" content=\"2020-07-08T21:10:28+00:00\" \/>\n<meta property=\"og:image\" content=\"https:\/\/www.shootingcracow.com\/wp-content\/uploads\/2020\/03\/IMG_7320.jpg\" \/>\n\t<meta property=\"og:image:width\" content=\"1200\" \/>\n\t<meta property=\"og:image:height\" content=\"800\" \/>\n\t<meta property=\"og:image:type\" content=\"image\/jpeg\" \/>\n<meta name=\"twitter:card\" content=\"summary_large_image\" \/>\n<meta name=\"twitter:label1\" content=\"Ansl. lesetid\" \/>\n\t<meta name=\"twitter:data1\" content=\"4 minutter\" \/>\n<script type=\"application\/ld+json\" class=\"yoast-schema-graph\">{\"@context\":\"https:\/\/schema.org\",\"@graph\":[{\"@type\":\"WebPage\",\"@id\":\"https:\/\/www.shootingcracow.com\/no\/tilbud\/individuell-skyting\/\",\"url\":\"https:\/\/www.shootingcracow.com\/no\/tilbud\/individuell-skyting\/\",\"name\":\"Individuell avfyring av skytev\u00e5pen p\u00e5 skytefeltet i Krakow\",\"isPartOf\":{\"@id\":\"https:\/\/www.shootingcracow.com\/no\/#website\"},\"datePublished\":\"2020-06-17T09:39:17+00:00\",\"dateModified\":\"2020-07-08T21:10:28+00:00\",\"description\":\"Individuell avfyring av skytev\u00e5pen p\u00e5 skytefeltet i Krakow Vi inviterer alle uavhengig av deres fremskritt i bruk av v\u00e5pen.\",\"breadcrumb\":{\"@id\":\"https:\/\/www.shootingcracow.com\/no\/tilbud\/individuell-skyting\/#breadcrumb\"},\"inLanguage\":\"nb-NO\",\"potentialAction\":[{\"@type\":\"ReadAction\",\"target\":[\"https:\/\/www.shootingcracow.com\/no\/tilbud\/individuell-skyting\/\"]}]},{\"@type\":\"BreadcrumbList\",\"@id\":\"https:\/\/www.shootingcracow.com\/no\/tilbud\/individuell-skyting\/#breadcrumb\",\"itemListElement\":[{\"@type\":\"ListItem\",\"position\":1,\"name\":\"Strona g\u0142\u00f3wna\",\"item\":\"https:\/\/www.shootingcracow.com\/no\/hjem\/\"},{\"@type\":\"ListItem\",\"position\":2,\"name\":\"Tilbud\",\"item\":\"https:\/\/www.shootingcracow.com\/no\/tilbud\/\"},{\"@type\":\"ListItem\",\"position\":3,\"name\":\"Individuell skyting\"}]},{\"@type\":\"WebSite\",\"@id\":\"https:\/\/www.shootingcracow.com\/no\/#website\",\"url\":\"https:\/\/www.shootingcracow.com\/no\/\",\"name\":\"Shooting Cracow\",\"description\":\"\",\"potentialAction\":[{\"@type\":\"SearchAction\",\"target\":{\"@type\":\"EntryPoint\",\"urlTemplate\":\"https:\/\/www.shootingcracow.com\/no\/?s={search_term_string}\"},\"query-input\":\"required name=search_term_string\"}],\"inLanguage\":\"nb-NO\"}]}<\/script>\n<!-- \/ Yoast SEO plugin. -->","yoast_head_json":{"title":"Individuell avfyring av skytev\u00e5pen p\u00e5 skytefeltet i Krakow","description":"Individuell avfyring av skytev\u00e5pen p\u00e5 skytefeltet i Krakow Vi inviterer alle uavhengig av deres fremskritt i bruk av v\u00e5pen.","robots":{"index":"index","follow":"follow","max-snippet":"max-snippet:-1","max-image-preview":"max-image-preview:large","max-video-preview":"max-video-preview:-1"},"canonical":"https:\/\/www.shootingcracow.com\/no\/tilbud\/individuell-skyting\/","og_locale":"nb_NO","og_type":"article","og_title":"Individuell avfyring av skytev\u00e5pen p\u00e5 skytefeltet i Krakow","og_description":"Individuell avfyring av skytev\u00e5pen p\u00e5 skytefeltet i Krakow Vi inviterer alle uavhengig av deres fremskritt i bruk av v\u00e5pen.","og_url":"https:\/\/www.shootingcracow.com\/no\/tilbud\/individuell-skyting\/","og_site_name":"Shooting Cracow","article_publisher":"https:\/\/www.facebook.com\/shootingcracow","article_modified_time":"2020-07-08T21:10:28+00:00","og_image":[{"width":1200,"height":800,"url":"https:\/\/www.shootingcracow.com\/wp-content\/uploads\/2020\/03\/IMG_7320.jpg","type":"image\/jpeg"}],"twitter_card":"summary_large_image","twitter_misc":{"Ansl. lesetid":"4 minutter"},"schema":{"@context":"https:\/\/schema.org","@graph":[{"@type":"WebPage","@id":"https:\/\/www.shootingcracow.com\/no\/tilbud\/individuell-skyting\/","url":"https:\/\/www.shootingcracow.com\/no\/tilbud\/individuell-skyting\/","name":"Individuell avfyring av skytev\u00e5pen p\u00e5 skytefeltet i Krakow","isPartOf":{"@id":"https:\/\/www.shootingcracow.com\/no\/#website"},"datePublished":"2020-06-17T09:39:17+00:00","dateModified":"2020-07-08T21:10:28+00:00","description":"Individuell avfyring av skytev\u00e5pen p\u00e5 skytefeltet i Krakow Vi inviterer alle uavhengig av deres fremskritt i bruk av v\u00e5pen.","breadcrumb":{"@id":"https:\/\/www.shootingcracow.com\/no\/tilbud\/individuell-skyting\/#breadcrumb"},"inLanguage":"nb-NO","potentialAction":[{"@type":"ReadAction","target":["https:\/\/www.shootingcracow.com\/no\/tilbud\/individuell-skyting\/"]}]},{"@type":"BreadcrumbList","@id":"https:\/\/www.shootingcracow.com\/no\/tilbud\/individuell-skyting\/#breadcrumb","itemListElement":[{"@type":"ListItem","position":1,"name":"Strona g\u0142\u00f3wna","item":"https:\/\/www.shootingcracow.com\/no\/hjem\/"},{"@type":"ListItem","position":2,"name":"Tilbud","item":"https:\/\/www.shootingcracow.com\/no\/tilbud\/"},{"@type":"ListItem","position":3,"name":"Individuell skyting"}]},{"@type":"WebSite","@id":"https:\/\/www.shootingcracow.com\/no\/#website","url":"https:\/\/www.shootingcracow.com\/no\/","name":"Shooting Cracow","description":"","potentialAction":[{"@type":"SearchAction","target":{"@type":"EntryPoint","urlTemplate":"https:\/\/www.shootingcracow.com\/no\/?s={search_term_string}"},"query-input":"required name=search_term_string"}],"inLanguage":"nb-NO"}]}},"_links":{"self":[{"href":"https:\/\/www.shootingcracow.com\/no\/wp-json\/wp\/v2\/pages\/9168"}],"collection":[{"href":"https:\/\/www.shootingcracow.com\/no\/wp-json\/wp\/v2\/pages"}],"about":[{"href":"https:\/\/www.shootingcracow.com\/no\/wp-json\/wp\/v2\/types\/page"}],"author":[{"embeddable":true,"href":"https:\/\/www.shootingcracow.com\/no\/wp-json\/wp\/v2\/users\/1"}],"replies":[{"embeddable":true,"href":"https:\/\/www.shootingcracow.com\/no\/wp-json\/wp\/v2\/comments?post=9168"}],"version-history":[{"count":0,"href":"https:\/\/www.shootingcracow.com\/no\/wp-json\/wp\/v2\/pages\/9168\/revisions"}],"up":[{"embeddable":true,"href":"https:\/\/www.shootingcracow.com\/no\/wp-json\/wp\/v2\/pages\/6511"}],"wp:attachment":[{"href":"https:\/\/www.shootingcracow.com\/no\/wp-json\/wp\/v2\/media?parent=9168"}],"curies":[{"name":"wp","href":"https:\/\/api.w.org\/{rel}","templated":true}]}}