{"id":9148,"date":"2020-03-06T23:48:18","date_gmt":"2020-03-06T22:48:18","guid":{"rendered":"https:\/\/www.shootingcracow.com\/gavekort\/"},"modified":"2026-03-12T13:43:10","modified_gmt":"2026-03-12T12:43:10","slug":"gavekort","status":"publish","type":"page","link":"https:\/\/www.shootingcracow.com\/no\/gavekort\/","title":{"rendered":"Gavekort"},"content":{"rendered":"<section class=\"l-section wpb_row us_custom_6d54c28f height_medium\"><div class=\"l-section-h i-cf\"><div class=\"g-cols vc_row via_flex valign_top type_default stacking_default\"><div class=\"vc_col-sm-12 wpb_column vc_column_container\"><div class=\"vc_column-inner\"><div class=\"wpb_wrapper\"><div id=\"ultimate-heading-27826a05a9df59861\" class=\"uvc-heading ult-adjust-bottom-margin ultimate-heading-27826a05a9df59861 uvc-3723 \" data-hspacer=\"no_spacer\" data-halign=\"center\" style=\"text-align:center\"><div class=\"uvc-heading-spacer no_spacer\" style=\"top\"><\/div><div class=\"uvc-main-heading ult-responsive\" data-ultimate-target=\".uvc-heading.ultimate-heading-27826a05a9df59861 h1\" data-responsive-json-new=\"{&quot;font-size&quot;:&quot;&quot;,&quot;line-height&quot;:&quot;&quot;}\"><h1 style=\"font-family:&#039;Oswald&#039;;font-weight:500;color:#ffffff;\">KUPONG \/ GAVEKORTFOR V\u00c5R SKYTEBANE I KRAKOW<\/h1><\/div><\/div><\/div><\/div><\/div><\/div><\/div><\/section><section class=\"l-section wpb_row height_small\"><div class=\"l-section-h i-cf\"><div class=\"g-cols vc_row via_flex valign_top type_default stacking_default\"><div class=\"vc_col-sm-12 wpb_column vc_column_container\"><div class=\"vc_column-inner\"><div class=\"wpb_wrapper\"><div id=\"ultimate-heading-55426a05a9df5a21d\" class=\"uvc-heading ult-adjust-bottom-margin ultimate-heading-55426a05a9df5a21d uvc-9956 \" data-hspacer=\"line_with_icon\" data-hline_width=\"auto\" data-hicon_type=\"custom\" data-hborder_style=\"solid\" data-hborder_height=\"1\" data-hborder_color=\"#ccc\" data-icon_width=\"48\" data-hfixer=\"10\" data-halign=\"center\" style=\"text-align:center\"><div class=\"uvc-main-heading ult-responsive\" data-ultimate-target=\".uvc-heading.ultimate-heading-55426a05a9df5a21d h2\" data-responsive-json-new=\"{&quot;font-size&quot;:&quot;&quot;,&quot;line-height&quot;:&quot;&quot;}\"><h2 style=\"font-family:&#039;Oswald&#039;;font-weight:300;\">VI HAR GAVEKORT P\u00c5 TILBUD<\/h2><\/div><div class=\"uvc-sub-heading ult-responsive\" data-ultimate-target=\".uvc-heading.ultimate-heading-55426a05a9df5a21d .uvc-sub-heading \" data-responsive-json-new=\"{&quot;font-size&quot;:&quot;&quot;,&quot;line-height&quot;:&quot;&quot;}\" style=\"font-weight:normal;\">\n<p style=\"text-align: center;\">Gavekortet til skytebanen v\u00e5r i Krakow er den perfekt bursdagen gaven og enhver annen anledning n\u00e5r du \u00f8nsker \u00e5 gi noen en uforglemmelig og uvanlig gave som mottakeren vil huske lenge.<\/p>\n<\/div><div class=\"uvc-heading-spacer line_with_icon\" style=\"margin-top:20px;\"><div class=\"ult-just-icon-wrapper \"><div class=\"align-icon\" style=\"text-align:center;\">\n<div class=\"aio-icon-img \" style=\"font-size:48px;display:inline-block;\">\n\t<noscript><img class=\"img-icon\" alt=\"null\" src=\"https:\/\/www.shootingcracow.com\/wp-content\/uploads\/2020\/03\/guns-312418.svg\"><\/noscript><img class=\"img-icon lazyload\" alt=\"null\" src=\"data:image\/gif;base64,R0lGODlhAQABAIAAAAAAAP\/\/\/yH5BAEAAAAALAAAAAABAAEAAAIBRAA7\" data-src=\"https:\/\/www.shootingcracow.com\/wp-content\/uploads\/2020\/03\/guns-312418.svg\">\n<\/div><\/div><\/div><\/div><\/div><\/div><\/div><\/div><\/div><\/div><\/section><section class=\"l-section wpb_row us_custom_05386472 height_medium\"><div class=\"l-section-h i-cf\"><div class=\"g-cols vc_row via_flex valign_top type_default stacking_default\"><div class=\"vc_col-sm-12 wpb_column vc_column_container\"><div class=\"vc_column-inner\"><div class=\"wpb_wrapper\"><div class=\"w-image align_center\"><a href=\"https:\/\/strzelnicakrakow.panvoucher.pl\" aria-label=\"Lenke\" class=\"w-image-h\"><noscript><img width=\"929\" height=\"322\" src=\"https:\/\/www.shootingcracow.com\/wp-content\/uploads\/2021\/11\/bon-na-strone.jpg\" class=\"attachment-full size-full\" alt decoding=\"async\" srcset=\"https:\/\/www.shootingcracow.com\/wp-content\/uploads\/2021\/11\/bon-na-strone.jpg 929w, https:\/\/www.shootingcracow.com\/wp-content\/uploads\/2021\/11\/bon-na-strone-300x104.jpg 300w\" sizes=\"(max-width: 929px) 100vw, 929px\"><\/noscript><img width=\"929\" height=\"322\" src=\"data:image\/svg+xml,%3Csvg%20xmlns%3D%22http%3A%2F%2Fwww.w3.org%2F2000%2Fsvg%22%20viewBox%3D%220%200%20929%20322%22%3E%3C%2Fsvg%3E\" class=\"attachment-full size-full lazyload\" alt decoding=\"async\" srcset=\"data:image\/svg+xml,%3Csvg%20xmlns%3D%22http%3A%2F%2Fwww.w3.org%2F2000%2Fsvg%22%20viewBox%3D%220%200%20929%20322%22%3E%3C%2Fsvg%3E 929w\" sizes=\"(max-width: 929px) 100vw, 929px\" data-srcset=\"https:\/\/www.shootingcracow.com\/wp-content\/uploads\/2021\/11\/bon-na-strone.jpg 929w, https:\/\/www.shootingcracow.com\/wp-content\/uploads\/2021\/11\/bon-na-strone-300x104.jpg 300w\" data-src=\"https:\/\/www.shootingcracow.com\/wp-content\/uploads\/2021\/11\/bon-na-strone.jpg\"><\/a><\/div><div class=\"w-separator size_custom\" style=\"height:30px\"><\/div><div class=\"w-btn-wrapper align_center\"><a class=\"w-btn us-btn-style_4\" title=\"kj\u00f8pe en kupong\" href=\"https:\/\/strzelnicakrakow.panvoucher.pl\"><span class=\"w-btn-label\">KJ\u00d8P KORT<\/span><\/a><\/div><div class=\"w-btn-wrapper align_center\"><a class=\"w-btn us-btn-style_4\" title=\"FORLENG KUPONGEN\" href=\"https:\/\/strzelnicakrakow.panvoucher.pl\/zamowienie\/przedluz\"><span class=\"w-btn-label\">FORLENG KUPONGEN<\/span><\/a><\/div><div class=\"w-separator size_custom\" style=\"height:30px\"><\/div><div class=\"wpb_text_column\"><div class=\"wpb_wrapper\"><p style=\"text-align: center;\">Kupong\/ Gavekort er en unik gave til b\u00e5de menn og kvinner som \u00f8nsker \u00e5 oppleve sterke og uforglemmelige inntrykk med ekte v\u00e5pen. Og alt dette under helt trygge og behagelige forhold under v\u00e5r omsorg av v\u00e5r kvalifiserte skyteinstrukt\u00f8r.<\/p>\n<p style=\"text-align: center;\">Gavekort kan utstedes for enhver skytepakke fra tilbudet v\u00e5rt. Du kan ogs\u00e5 spesifisere verdien p\u00e5 kupongen selv. Du kan bare finne en slik frihet hos oss.<\/p>\n<p style=\"text-align: center;\">Gavekupongen blir personlig tilpasset til dine retningslinjer. Den er utviklet i et estetisk og moderne grafisk design som understreker dets unike. Vi leverer kupongen i elektronisk form for \u00e5 sikre raskest mulig realisering. Vi garanterer levering dagen betaling har blitt sendt eller dagen vi mottak bekreftelse p\u00e5 overf\u00f8ringen.<\/p>\n<p style=\"text-align: center;\"><strong>Gyldigheten til voucher\/bong er seks m\u00e5neder fra kj\u00f8psdato.<\/strong> Personen som fikk kupong eller gavekort er bedt om \u00e5 kontakte oss p\u00e5 forh\u00e5nd for \u00e5 gj\u00f8re en bestilling. Vi inviterer ogs\u00e5 familiemedlemmer eller andre reisefeller.<\/p>\n<\/div><\/div><\/div><\/div><\/div><\/div><\/div><\/section><section class=\"l-section wpb_row us_custom_0c54ba39 height_medium width_full\"><div class=\"l-section-h i-cf\"><div class=\"g-cols vc_row via_flex valign_top type_default stacking_default\"><div class=\"vc_col-sm-12 wpb_column vc_column_container\"><div class=\"vc_column-inner\"><div class=\"wpb_wrapper\"><div class=\"w-actionbox us_custom_a86d61b4 action-box-blok has_text_color color_light controls_bottom\"><div class=\"w-actionbox-text\"><h4 class=\"w-actionbox-title\">KONTAKT OSS FOR DETALJER<\/h4><\/div><div class=\"w-actionbox-controls\"><a class=\"w-btn us-btn-style_1 icon_atleft\" title=\"kontakt\" href=\"https:\/\/www.shootingcracow.com\/no\/kontakt\/\" style=\"font-size:18px;\"><i class=\"far fa-play\"><\/i><span class=\"w-btn-label\">kontakt<\/span><\/a><a class=\"w-btn us-btn-style_1 icon_atleft\" title=\"pris liste\" href=\"https:\/\/www.shootingcracow.com\/no\/pris-liste\/\" style=\"font-size:18px;\"><i class=\"far fa-play\"><\/i><span class=\"w-btn-label\">PAKKER<\/span><\/a><\/div><\/div><\/div><\/div><\/div><\/div><\/div><\/section><section class=\"l-section wpb_row us_custom_9d21f858 height_medium width_full\"><div class=\"l-section-h i-cf\"><div class=\"g-cols vc_row via_flex valign_top type_default stacking_default\"><div class=\"vc_col-sm-12 wpb_column vc_column_container\"><div class=\"vc_column-inner\"><div class=\"wpb_wrapper\">[vc_raw_html el_class=&raquo;google-maps&raquo; css=&raquo;%7B%22default%22%3A%7B%22line-height%22%3A%220%22%2C%22margin-bottom%22%3A%220%22%2C%22padding-bottom%22%3A%220%22%7D%7D&raquo;]PGlmcmFtZSBzcmM9Imh0dHBzOi8vd3d3Lmdvb2dsZS5jb20vbWFwcy9lbWJlZD9wYj0hMW0xOCExbTEyITFtMyExZDI1NTkuMDUzMTczNzg5NDQhMmQxOS44NjI1NTk2MTU5NzM0NiEzZDUwLjEwNDAxMTY3OTQyOTE2ITJtMyExZjAhMmYwITNmMCEzbTIhMWkxMDI0ITJpNzY4ITRmMTMuMSEzbTMhMW0yITFzMHg0NzE2NTk5MTJhNzQzNmNiJTNBMHg2MTlmODFkOTMyN2EwYWQ5ITJzQ3JhY293K1Nob290aW5nK0FjYWRlbXkhNWUwITNtMiExc3BsITJzcGwhNHYxNTMyNzg1OTMwMzU0IiB3aWR0aD0iMjAwMCIgaGVpZ2h0PSIzNTAiIGZyYW1lYm9yZGVyPSIwIiBzdHlsZT0iYm9yZGVyOjAiIGFsbG93ZnVsbHNjcmVlbj0iIj48L2lmcmFtZT4=[\/vc_raw_html]<\/div><\/div><\/div><\/div><\/div><\/section>\n","protected":false},"excerpt":{"rendered":"KUPONG \/ GAVEKORTFOR V\u00c5R SKYTEBANE I KRAKOWVI HAR GAVEKORT P\u00c5 TILBUD Gavekortet til skytebanen v\u00e5r i Krakow er den perfekt bursdagen gaven og enhver annen anledning n\u00e5r du \u00f8nsker \u00e5 gi noen en uforglemmelig og uvanlig gave som mottakeren vil huske lenge. KJ\u00d8P KORTFORLENG KUPONGENKupong\/ Gavekort er en unik gave til b\u00e5de menn og kvinner...","protected":false},"author":1,"featured_media":0,"parent":0,"menu_order":5,"comment_status":"closed","ping_status":"closed","template":"","meta":{"powered_cache_disable_cache":false},"acf":[],"yoast_head":"<!-- This site is optimized with the Yoast SEO plugin v20.6 - https:\/\/yoast.com\/wordpress\/plugins\/seo\/ -->\n<title>Kupong \/ gavekort for skytebanen v\u00e5r i Krakow.<\/title>\n<meta name=\"description\" content=\"Kupongen \/ gavekortet til skytebanen v\u00e5r i Krakow er en unik gaveid\u00e9 for enhver anledning. i utsteder kuponger \/ kuponger for enhver skytepakke\" \/>\n<meta name=\"robots\" content=\"index, follow, max-snippet:-1, max-image-preview:large, max-video-preview:-1\" \/>\n<link rel=\"canonical\" href=\"https:\/\/www.shootingcracow.com\/no\/gavekort\/\" \/>\n<meta property=\"og:locale\" content=\"nb_NO\" \/>\n<meta property=\"og:type\" content=\"article\" \/>\n<meta property=\"og:title\" content=\"Kupong \/ gavekort for skytebanen v\u00e5r i Krakow.\" \/>\n<meta property=\"og:description\" content=\"Kupongen \/ gavekortet til skytebanen v\u00e5r i Krakow er en unik gaveid\u00e9 for enhver anledning. i utsteder kuponger \/ kuponger for enhver skytepakke\" \/>\n<meta property=\"og:url\" content=\"https:\/\/www.shootingcracow.com\/no\/gavekort\/\" \/>\n<meta property=\"og:site_name\" content=\"Shooting Cracow\" \/>\n<meta property=\"article:publisher\" content=\"https:\/\/www.facebook.com\/shootingcracow\" \/>\n<meta property=\"article:modified_time\" content=\"2026-03-12T12:43:10+00:00\" \/>\n<meta property=\"og:image\" content=\"https:\/\/www.shootingcracow.com\/wp-content\/uploads\/2020\/03\/IMG_7320.jpg\" \/>\n\t<meta property=\"og:image:width\" content=\"1200\" \/>\n\t<meta property=\"og:image:height\" content=\"800\" \/>\n\t<meta property=\"og:image:type\" content=\"image\/jpeg\" \/>\n<meta name=\"twitter:card\" content=\"summary_large_image\" \/>\n<meta name=\"twitter:label1\" content=\"Ansl. lesetid\" \/>\n\t<meta name=\"twitter:data1\" content=\"3 minutter\" \/>\n<script type=\"application\/ld+json\" class=\"yoast-schema-graph\">{\"@context\":\"https:\/\/schema.org\",\"@graph\":[{\"@type\":\"WebPage\",\"@id\":\"https:\/\/www.shootingcracow.com\/no\/gavekort\/\",\"url\":\"https:\/\/www.shootingcracow.com\/no\/gavekort\/\",\"name\":\"Kupong \/ gavekort for skytebanen v\u00e5r i Krakow.\",\"isPartOf\":{\"@id\":\"https:\/\/www.shootingcracow.com\/no\/#website\"},\"datePublished\":\"2020-03-06T22:48:18+00:00\",\"dateModified\":\"2026-03-12T12:43:10+00:00\",\"description\":\"Kupongen \/ gavekortet til skytebanen v\u00e5r i Krakow er en unik gaveid\u00e9 for enhver anledning. i utsteder kuponger \/ kuponger for enhver skytepakke\",\"breadcrumb\":{\"@id\":\"https:\/\/www.shootingcracow.com\/no\/gavekort\/#breadcrumb\"},\"inLanguage\":\"nb-NO\",\"potentialAction\":[{\"@type\":\"ReadAction\",\"target\":[\"https:\/\/www.shootingcracow.com\/no\/gavekort\/\"]}]},{\"@type\":\"BreadcrumbList\",\"@id\":\"https:\/\/www.shootingcracow.com\/no\/gavekort\/#breadcrumb\",\"itemListElement\":[{\"@type\":\"ListItem\",\"position\":1,\"name\":\"Strona g\u0142\u00f3wna\",\"item\":\"https:\/\/www.shootingcracow.com\/no\/hjem\/\"},{\"@type\":\"ListItem\",\"position\":2,\"name\":\"Gavekort\"}]},{\"@type\":\"WebSite\",\"@id\":\"https:\/\/www.shootingcracow.com\/no\/#website\",\"url\":\"https:\/\/www.shootingcracow.com\/no\/\",\"name\":\"Shooting Cracow\",\"description\":\"\",\"potentialAction\":[{\"@type\":\"SearchAction\",\"target\":{\"@type\":\"EntryPoint\",\"urlTemplate\":\"https:\/\/www.shootingcracow.com\/no\/?s={search_term_string}\"},\"query-input\":\"required name=search_term_string\"}],\"inLanguage\":\"nb-NO\"}]}<\/script>\n<!-- \/ Yoast SEO plugin. -->","yoast_head_json":{"title":"Kupong \/ gavekort for skytebanen v\u00e5r i Krakow.","description":"Kupongen \/ gavekortet til skytebanen v\u00e5r i Krakow er en unik gaveid\u00e9 for enhver anledning. i utsteder kuponger \/ kuponger for enhver skytepakke","robots":{"index":"index","follow":"follow","max-snippet":"max-snippet:-1","max-image-preview":"max-image-preview:large","max-video-preview":"max-video-preview:-1"},"canonical":"https:\/\/www.shootingcracow.com\/no\/gavekort\/","og_locale":"nb_NO","og_type":"article","og_title":"Kupong \/ gavekort for skytebanen v\u00e5r i Krakow.","og_description":"Kupongen \/ gavekortet til skytebanen v\u00e5r i Krakow er en unik gaveid\u00e9 for enhver anledning. i utsteder kuponger \/ kuponger for enhver skytepakke","og_url":"https:\/\/www.shootingcracow.com\/no\/gavekort\/","og_site_name":"Shooting Cracow","article_publisher":"https:\/\/www.facebook.com\/shootingcracow","article_modified_time":"2026-03-12T12:43:10+00:00","og_image":[{"width":1200,"height":800,"url":"https:\/\/www.shootingcracow.com\/wp-content\/uploads\/2020\/03\/IMG_7320.jpg","type":"image\/jpeg"}],"twitter_card":"summary_large_image","twitter_misc":{"Ansl. lesetid":"3 minutter"},"schema":{"@context":"https:\/\/schema.org","@graph":[{"@type":"WebPage","@id":"https:\/\/www.shootingcracow.com\/no\/gavekort\/","url":"https:\/\/www.shootingcracow.com\/no\/gavekort\/","name":"Kupong \/ gavekort for skytebanen v\u00e5r i Krakow.","isPartOf":{"@id":"https:\/\/www.shootingcracow.com\/no\/#website"},"datePublished":"2020-03-06T22:48:18+00:00","dateModified":"2026-03-12T12:43:10+00:00","description":"Kupongen \/ gavekortet til skytebanen v\u00e5r i Krakow er en unik gaveid\u00e9 for enhver anledning. i utsteder kuponger \/ kuponger for enhver skytepakke","breadcrumb":{"@id":"https:\/\/www.shootingcracow.com\/no\/gavekort\/#breadcrumb"},"inLanguage":"nb-NO","potentialAction":[{"@type":"ReadAction","target":["https:\/\/www.shootingcracow.com\/no\/gavekort\/"]}]},{"@type":"BreadcrumbList","@id":"https:\/\/www.shootingcracow.com\/no\/gavekort\/#breadcrumb","itemListElement":[{"@type":"ListItem","position":1,"name":"Strona g\u0142\u00f3wna","item":"https:\/\/www.shootingcracow.com\/no\/hjem\/"},{"@type":"ListItem","position":2,"name":"Gavekort"}]},{"@type":"WebSite","@id":"https:\/\/www.shootingcracow.com\/no\/#website","url":"https:\/\/www.shootingcracow.com\/no\/","name":"Shooting Cracow","description":"","potentialAction":[{"@type":"SearchAction","target":{"@type":"EntryPoint","urlTemplate":"https:\/\/www.shootingcracow.com\/no\/?s={search_term_string}"},"query-input":"required name=search_term_string"}],"inLanguage":"nb-NO"}]}},"_links":{"self":[{"href":"https:\/\/www.shootingcracow.com\/no\/wp-json\/wp\/v2\/pages\/9148"}],"collection":[{"href":"https:\/\/www.shootingcracow.com\/no\/wp-json\/wp\/v2\/pages"}],"about":[{"href":"https:\/\/www.shootingcracow.com\/no\/wp-json\/wp\/v2\/types\/page"}],"author":[{"embeddable":true,"href":"https:\/\/www.shootingcracow.com\/no\/wp-json\/wp\/v2\/users\/1"}],"replies":[{"embeddable":true,"href":"https:\/\/www.shootingcracow.com\/no\/wp-json\/wp\/v2\/comments?post=9148"}],"version-history":[{"count":0,"href":"https:\/\/www.shootingcracow.com\/no\/wp-json\/wp\/v2\/pages\/9148\/revisions"}],"wp:attachment":[{"href":"https:\/\/www.shootingcracow.com\/no\/wp-json\/wp\/v2\/media?parent=9148"}],"curies":[{"name":"wp","href":"https:\/\/api.w.org\/{rel}","templated":true}]}}