{"id":6531,"date":"2020-06-16T15:58:12","date_gmt":"2020-06-16T13:58:12","guid":{"rendered":"https:\/\/www.shootingcracow.com\/faq-skytebane-cracow-shooting-academy\/"},"modified":"2025-06-11T17:24:03","modified_gmt":"2025-06-11T15:24:03","slug":"faq-skytebane-cracow-shooting-academy","status":"publish","type":"page","link":"https:\/\/www.shootingcracow.com\/no\/faq-skytebane-cracow-shooting-academy\/","title":{"rendered":"Faq"},"content":{"rendered":"<section class=\"l-section wpb_row us_custom_6d54c28f height_medium\"><div class=\"l-section-h i-cf\"><div class=\"g-cols vc_row via_flex valign_top type_default stacking_default\"><div class=\"vc_col-sm-12 wpb_column vc_column_container\"><div class=\"vc_column-inner\"><div class=\"wpb_wrapper\"><div id=\"ultimate-heading-921669f7175c84726\" class=\"uvc-heading ult-adjust-bottom-margin ultimate-heading-921669f7175c84726 uvc-1757 \" data-hspacer=\"no_spacer\" data-halign=\"center\" style=\"text-align:center\"><div class=\"uvc-heading-spacer no_spacer\" style=\"top\"><\/div><div class=\"uvc-main-heading ult-responsive\" data-ultimate-target='.uvc-heading.ultimate-heading-921669f7175c84726 h1' data-responsive-json-new='{\"font-size\":\"\",\"line-height\":\"\"}' ><h1 style=\"font-family:&#039;Oswald&#039;;font-weight:500;color:#ffffff;\">FAQ<\/h1><\/div><\/div><\/div><\/div><\/div><\/div><\/div><\/section><section class=\"l-section wpb_row height_medium\"><div class=\"l-section-h i-cf\"><div class=\"g-cols vc_row via_flex valign_top type_default stacking_default\"><div class=\"vc_col-sm-12 wpb_column vc_column_container\"><div class=\"vc_column-inner\"><div class=\"wpb_wrapper\"><div class=\"w-tabs style_default switch_click accordion type_togglable has_scrolling\" style=\"--sections-title-size:1.4rem\"><div class=\"w-tabs-sections titles-align_none icon_chevron cpos_right\"><div class=\"w-tabs-section\" id=\"1583624489552-d009bba3-e660\"><button class=\"w-tabs-section-header with_icon\" aria-controls=\"content-1583624489552-d009bba3-e660\" aria-expanded=\"false\"><i class=\"far fa-question-circle\"><\/i><div class=\"w-tabs-section-title\">Dette er min f\u00f8rste gang p\u00e5 skytebanen &#8211; hvordan ser det ut, vil noen hjelpe meg?<\/div><div class=\"w-tabs-section-control\"><\/div><\/button><div class=\"w-tabs-section-content\" id=\"content-1583624489552-d009bba3-e660\"><div class=\"w-tabs-section-content-h i-cf\"><div class=\"wpb_text_column\"><div class=\"wpb_wrapper\"><p>Hver person som bruker skytefeltet begynner sin trening med sikkerhetsregler og grunnleggende v\u00e5penbruk. Instrukt\u00f8ren f\u00f8lger alltid klienten med instruksjoner og svarer p\u00e5 alle sp\u00f8rsm\u00e5l.<\/p>\n<\/div><\/div><\/div><\/div><\/div><div class=\"w-tabs-section\" id=\"1583624489588-f7df01b0-a0d6\"><button class=\"w-tabs-section-header with_icon\" aria-controls=\"content-1583624489588-f7df01b0-a0d6\" aria-expanded=\"false\"><i class=\"far fa-question-circle\"><\/i><div class=\"w-tabs-section-title\">Er pistolen p\u00e5 skytebanen ekte?<\/div><div class=\"w-tabs-section-control\"><\/div><\/button><div class=\"w-tabs-section-content\" id=\"content-1583624489588-f7df01b0-a0d6\"><div class=\"w-tabs-section-content-h i-cf\"><div class=\"wpb_text_column\"><div class=\"wpb_wrapper\"><p>Ja! Vi bruker de samme skytev\u00e5pnene som politiet eller h\u00e6ren. Det er ikke luftv\u00e5pen eller ASG-replikker, men ekte sports- og kampv\u00e5pen.<\/p>\n<\/div><\/div><\/div><\/div><\/div><div class=\"w-tabs-section\" id=\"1583624489624-21f713a1-0897\"><button class=\"w-tabs-section-header with_icon\" aria-controls=\"content-1583624489624-21f713a1-0897\" aria-expanded=\"false\"><i class=\"far fa-question-circle\"><\/i><div class=\"w-tabs-section-title\">Kan du ta bilder og videoer mens du tar bilder?<\/div><div class=\"w-tabs-section-control\"><\/div><\/button><div class=\"w-tabs-section-content\" id=\"content-1583624489624-21f713a1-0897\"><div class=\"w-tabs-section-content-h i-cf\"><div class=\"wpb_text_column\"><div class=\"wpb_wrapper\"><p>En ledsager kan ta bilder og ta bilder. Hvis det er to av dere, begge skyt dere, kan dere ta bilder av hverandre for en forandring. Etter fotografering tar instrukt\u00f8ren gjerne et bilde av deg med et v\u00e5pen eller skjold, men av sikkerhetsmessige \u00e5rsaker, ikke be ham ta bilder av deg mens du fotograferer. Hvis du bes\u00f8kte oss alene, kan du sp\u00f8rre instrukt\u00f8ren om noen er tilgjengelige som kan ta bilder av deg.<\/p>\n<\/div><\/div><\/div><\/div><\/div><div class=\"w-tabs-section\" id=\"1583624489732-dc55b0aa-a862\"><button class=\"w-tabs-section-header with_icon\" aria-controls=\"content-1583624489732-dc55b0aa-a862\" aria-expanded=\"false\"><i class=\"far fa-question-circle\"><\/i><div class=\"w-tabs-section-title\">Er reservasjoner obligatoriske?<\/div><div class=\"w-tabs-section-control\"><\/div><\/button><div class=\"w-tabs-section-content\" id=\"content-1583624489732-dc55b0aa-a862\"><div class=\"w-tabs-section-content-h i-cf\"><div class=\"wpb_text_column\"><div class=\"wpb_wrapper\"><p>Ja! Du m\u00e5 bestille bes\u00f8ket p\u00e5 skytebanen p\u00e5 forh\u00e5nd p\u00e5 grunn av det store antallet frivillige. Personer som kom uten reservasjoner vil bli bedt om \u00e5 vente til neste tilgjengelige dato.<\/p>\n<\/div><\/div><\/div><\/div><\/div><div class=\"w-tabs-section\" id=\"1583624489918-f7332e51-5174\"><button class=\"w-tabs-section-header with_icon\" aria-controls=\"content-1583624489918-f7332e51-5174\" aria-expanded=\"false\"><i class=\"far fa-question-circle\"><\/i><div class=\"w-tabs-section-title\">Er tilpassede pakker tilgjengelige p\u00e5 stedet?<\/div><div class=\"w-tabs-section-control\"><\/div><\/button><div class=\"w-tabs-section-content\" id=\"content-1583624489918-f7332e51-5174\"><div class=\"w-tabs-section-content-h i-cf\"><div class=\"wpb_text_column\"><div class=\"wpb_wrapper\"><p>Hvis du \u00f8nsker \u00e5 lage din egen pakke, m\u00e5 vi vite listen over v\u00e5pen (per person) allerede p\u00e5 bestillingstidspunktet. Standardpakker kan velges p\u00e5 stedet:<br \/>\n<a class=\"gmail-\" href=\"https:\/\/www.shootingcracow.com\/no\/pris-liste\/\" rel=\"noopener\">https:\/\/www.shootingcracow.com\/cennik\/<\/a><\/p>\n<\/div><\/div><\/div><\/div><\/div><div class=\"w-tabs-section\" id=\"1583624489732-dc55b0aa-a862\"><button class=\"w-tabs-section-header with_icon\" aria-controls=\"content-1583624489732-dc55b0aa-a862\" aria-expanded=\"false\"><i class=\"far fa-question-circle\"><\/i><div class=\"w-tabs-section-title\">M\u00e5 jeg ankomme f\u00f8r jeg bestiller?<\/div><div class=\"w-tabs-section-control\"><\/div><\/button><div class=\"w-tabs-section-content\" id=\"content-1583624489732-dc55b0aa-a862\"><div class=\"w-tabs-section-content-h i-cf\"><div class=\"wpb_text_column\"><div class=\"wpb_wrapper\"><p>Vi setter alltid bestillingstiden til starttidspunktet for \u00f8kten (f.eks. 14:00). Du m\u00e5 ankomme ca. 30 minutter f\u00f8r (f.eks. kl. 13.30) for \u00e5 velge\/bekrefte pakkene og fullf\u00f8re papirarbeidet.<\/p>\n<\/div><\/div><\/div><\/div><\/div><div class=\"w-tabs-section\" id=\"1583624489732-dc55b0aa-a862\"><button class=\"w-tabs-section-header with_icon\" aria-controls=\"content-1583624489732-dc55b0aa-a862\" aria-expanded=\"false\"><i class=\"far fa-question-circle\"><\/i><div class=\"w-tabs-section-title\">Er det noen restriksjoner for mindre\u00e5rige eller personer med nedsatt funksjonsevne?<\/div><div class=\"w-tabs-section-control\"><\/div><\/button><div class=\"w-tabs-section-content\" id=\"content-1583624489732-dc55b0aa-a862\"><div class=\"w-tabs-section-content-h i-cf\"><div class=\"wpb_text_column\"><div class=\"wpb_wrapper\"><p>Hvis skytterne skal v\u00e6re barn eller personer med fysiske og\/eller psykiske funksjonshemninger, m\u00e5 du opplyse om dette n\u00e5r du bestiller. Det kan v\u00e6re begrensninger p\u00e5 valg av v\u00e5pen &#8211; hvert tilfelle vurderes individuelt.<\/p>\n<\/div><\/div><\/div><\/div><\/div><div class=\"w-tabs-section\" id=\"1583624489732-dc55b0aa-a862\"><button class=\"w-tabs-section-header with_icon\" aria-controls=\"content-1583624489732-dc55b0aa-a862\" aria-expanded=\"false\"><i class=\"far fa-question-circle\"><\/i><div class=\"w-tabs-section-title\">M\u00e5 jeg v\u00e6re edru?<\/div><div class=\"w-tabs-section-control\"><\/div><\/button><div class=\"w-tabs-section-content\" id=\"content-1583624489732-dc55b0aa-a862\"><div class=\"w-tabs-section-content-h i-cf\"><div class=\"wpb_text_column\"><div class=\"wpb_wrapper\"><p>Det er ikke tillatt \u00e5 ta med alkohol eller andre rusmidler inn p\u00e5 skytebanen.<br \/>\nPersoner som er p\u00e5virket av dette vil bli bedt om \u00e5 forlate banen.<\/p>\n<\/div><\/div><\/div><\/div><\/div><div class=\"w-tabs-section\" id=\"1583624489732-dc55b0aa-a862\"><button class=\"w-tabs-section-header with_icon\" aria-controls=\"content-1583624489732-dc55b0aa-a862\" aria-expanded=\"false\"><i class=\"far fa-question-circle\"><\/i><div class=\"w-tabs-section-title\">Kan jeg skyte mens jeg er gravid?<\/div><div class=\"w-tabs-section-control\"><\/div><\/button><div class=\"w-tabs-section-content\" id=\"content-1583624489732-dc55b0aa-a862\"><div class=\"w-tabs-section-content-h i-cf\"><div class=\"wpb_text_column\"><div class=\"wpb_wrapper\"><p>Av sikkerhetsmessige \u00e5rsaker er det ikke tillatt for gravide \u00e5 delta i skytingen eller \u00e5 oppholde seg i hallen mens skytingen p\u00e5g\u00e5r.<\/p>\n<\/div><\/div><\/div><\/div><\/div><div class=\"w-tabs-section\" id=\"1583624489732-dc55b0aa-a862\"><button class=\"w-tabs-section-header with_icon\" aria-controls=\"content-1583624489732-dc55b0aa-a862\" aria-expanded=\"false\"><i class=\"far fa-question-circle\"><\/i><div class=\"w-tabs-section-title\">Er det noen restriksjoner p\u00e5 bekledning?<\/div><div class=\"w-tabs-section-control\"><\/div><\/button><div class=\"w-tabs-section-content\" id=\"content-1583624489732-dc55b0aa-a862\"><div class=\"w-tabs-section-content-h i-cf\"><div class=\"wpb_text_column\"><div class=\"wpb_wrapper\"><p>Det er ingen strenge krav, men vi anbefaler behagelige kl\u00e6r og fulle sko. V\u00e6r oppmerksom p\u00e5 at v\u00e5pen kan skitne til kl\u00e6rne dine.<\/p>\n<\/div><\/div><\/div><\/div><\/div><div class=\"w-tabs-section\" id=\"1583624489732-dc55b0aa-a862\"><button class=\"w-tabs-section-header with_icon\" aria-controls=\"content-1583624489732-dc55b0aa-a862\" aria-expanded=\"false\"><i class=\"far fa-question-circle\"><\/i><div class=\"w-tabs-section-title\">Hva skjer hvis jeg ikke f\u00f8lger sikkerhetsreglene?<\/div><div class=\"w-tabs-section-control\"><\/div><\/button><div class=\"w-tabs-section-content\" id=\"content-1583624489732-dc55b0aa-a862\"><div class=\"w-tabs-section-content-h i-cf\"><div class=\"wpb_text_column\"><div class=\"wpb_wrapper\"><p>De som ikke f\u00f8lger instrukt\u00f8rens anvisninger eller bryter sikkerhetsreglene, vil umiddelbart bli kastet ut av hallen uten refusjon.<\/p>\n<\/div><\/div><\/div><\/div><\/div><div class=\"w-tabs-section\" id=\"1583624489765-c0d43523-8329\"><button class=\"w-tabs-section-header with_icon\" aria-controls=\"content-1583624489765-c0d43523-8329\" aria-expanded=\"false\"><i class=\"far fa-question-circle\"><\/i><div class=\"w-tabs-section-title\">Hva er aldersgrensene?<\/div><div class=\"w-tabs-section-control\"><\/div><\/button><div class=\"w-tabs-section-content\" id=\"content-1583624489765-c0d43523-8329\"><div class=\"w-tabs-section-content-h i-cf\"><div class=\"wpb_text_column\"><div class=\"wpb_wrapper\"><p>Det er ingen alder, alt avhenger av personen. V\u00e5r erfaring viser imidlertid at minimumsalderen for \u00e5 starte eventyret med skyting ser ut til \u00e5 v\u00e6re 11-12 \u00e5r.<\/p>\n<\/div><\/div><\/div><\/div><\/div><div class=\"w-tabs-section\" id=\"1583624489802-4f94629d-6ce2\"><button class=\"w-tabs-section-header with_icon\" aria-controls=\"content-1583624489802-4f94629d-6ce2\" aria-expanded=\"false\"><i class=\"far fa-question-circle\"><\/i><div class=\"w-tabs-section-title\">Kan noen f\u00f8lge meg mens jeg skyter?<\/div><div class=\"w-tabs-section-control\"><\/div><\/button><div class=\"w-tabs-section-content\" id=\"content-1583624489802-4f94629d-6ce2\"><div class=\"w-tabs-section-content-h i-cf\"><div class=\"wpb_text_column\"><div class=\"wpb_wrapper\"><p>Ja, som folk flest kan skytevenner som ikke har bestemt seg for \u00e5 skyte.<\/p>\n<\/div><\/div><\/div><\/div><\/div><div class=\"w-tabs-section\" id=\"1583624489959-1cc5569d-a5a5\"><button class=\"w-tabs-section-header with_icon\" aria-controls=\"content-1583624489959-1cc5569d-a5a5\" aria-expanded=\"false\"><i class=\"far fa-question-circle\"><\/i><div class=\"w-tabs-section-title\">N\u00e5r m\u00e5 jeg bruke gavekortet til?<\/div><div class=\"w-tabs-section-control\"><\/div><\/button><div class=\"w-tabs-section-content\" id=\"content-1583624489959-1cc5569d-a5a5\"><div class=\"w-tabs-section-content-h i-cf\"><div class=\"wpb_text_column\"><div class=\"wpb_wrapper\"><p>Gavekort fra Cracow Shooting Academy er gyldige i seks m\u00e5neder fra utstedelsesdatoen. I spesielle tilfeller kan kupongen utvides.<\/p>\n<\/div><\/div><\/div><\/div><\/div><\/div><\/div><div class=\"w-separator size_large\"><\/div><\/div><\/div><\/div><\/div><\/div><\/section><section class=\"l-section wpb_row us_custom_0c54ba39 height_medium width_full\"><div class=\"l-section-h i-cf\"><div class=\"g-cols vc_row via_flex valign_top type_default stacking_default\"><div class=\"vc_col-sm-12 wpb_column vc_column_container\"><div class=\"vc_column-inner\"><div class=\"wpb_wrapper\"><div class=\"w-actionbox us_custom_a86d61b4 action-box-blok has_text_color color_light controls_bottom\"><div class=\"w-actionbox-text\"><h2 class=\"w-actionbox-title\">\u00d8nsker du \u00e5 f\u00e5 mer informasjon?<\/h2><div class=\"w-actionbox-description\"><p>Skriv eller ring<\/p>\n<\/div><\/div><div class=\"w-actionbox-controls\"><a class=\"w-btn us-btn-style_1 icon_atleft\" title=\"kontakt\" href=\"https:\/\/www.shootingcracow.com\/no\/kontakt\/\" style=\"font-size:18px;\"><i class=\"far fa-play\"><\/i><span class=\"w-btn-label\">kontakt<\/span><\/a><a class=\"w-btn us-btn-style_1 icon_atleft\" title=\"pris liste\" href=\"https:\/\/www.shootingcracow.com\/no\/pris-liste\/\" style=\"font-size:18px;\"><i class=\"far fa-play\"><\/i><span class=\"w-btn-label\">pakker<\/span><\/a><\/div><\/div><\/div><\/div><\/div><\/div><\/div><\/section><section class=\"l-section wpb_row us_custom_9d21f858 height_medium width_full\"><div class=\"l-section-h i-cf\"><div class=\"g-cols vc_row via_flex valign_top type_default stacking_default\"><div class=\"vc_col-sm-12 wpb_column vc_column_container\"><div class=\"vc_column-inner us_custom_8535c5f4\"><div class=\"wpb_wrapper\">[vc_raw_html el_class=&raquo;google-maps&raquo; css=&raquo;%7B%22default%22%3A%7B%22line-height%22%3A%220%22%2C%22margin-bottom%22%3A%220%22%2C%22padding-bottom%22%3A%220%22%7D%7D&raquo;]PGlmcmFtZSBzcmM9Imh0dHBzOi8vd3d3Lmdvb2dsZS5jb20vbWFwcy9lbWJlZD9wYj0hMW0xOCExbTEyITFtMyExZDI1NTkuMDUzMTczNzg5NDQhMmQxOS44NjI1NTk2MTU5NzM0NiEzZDUwLjEwNDAxMTY3OTQyOTE2ITJtMyExZjAhMmYwITNmMCEzbTIhMWkxMDI0ITJpNzY4ITRmMTMuMSEzbTMhMW0yITFzMHg0NzE2NTk5MTJhNzQzNmNiJTNBMHg2MTlmODFkOTMyN2EwYWQ5ITJzQ3JhY293K1Nob290aW5nK0FjYWRlbXkhNWUwITNtMiExc3BsITJzcGwhNHYxNTMyNzg1OTMwMzU0IiB3aWR0aD0iMjAwMCIgaGVpZ2h0PSIzNTAiIGZyYW1lYm9yZGVyPSIwIiBzdHlsZT0iYm9yZGVyOjAiIGFsbG93ZnVsbHNjcmVlbj0iIj48L2lmcmFtZT4=[\/vc_raw_html]<\/div><\/div><\/div><\/div><\/div><\/section>\n","protected":false},"excerpt":{"rendered":"FAQDette er min f\u00f8rste gang p\u00e5 skytebanen &#8211; hvordan ser det ut, vil noen hjelpe meg?Hver person som bruker skytefeltet begynner sin trening med sikkerhetsregler og grunnleggende v\u00e5penbruk. Instrukt\u00f8ren f\u00f8lger alltid klienten med instruksjoner og svarer p\u00e5 alle sp\u00f8rsm\u00e5l. Er pistolen p\u00e5 skytebanen ekte?Ja! Vi bruker de samme skytev\u00e5pnene som politiet eller h\u00e6ren. Det er...","protected":false},"author":1,"featured_media":0,"parent":0,"menu_order":10,"comment_status":"closed","ping_status":"closed","template":"","meta":{"powered_cache_disable_cache":false},"acf":[],"yoast_head":"<!-- This site is optimized with the Yoast SEO plugin v20.6 - https:\/\/yoast.com\/wordpress\/plugins\/seo\/ -->\n<title>FAQ. Skytebane Cracow Shooting Academy<\/title>\n<meta name=\"description\" content=\"Ofte stilte sp\u00f8rsm\u00e5l (FAQ) om Cracow Shooting Academy. Vi inviterer deg til \u00e5 bli kjent med dem.\" \/>\n<meta name=\"robots\" content=\"index, follow, max-snippet:-1, max-image-preview:large, max-video-preview:-1\" \/>\n<link rel=\"canonical\" href=\"https:\/\/www.shootingcracow.com\/no\/faq-skytebane-cracow-shooting-academy\/\" \/>\n<meta property=\"og:locale\" content=\"nb_NO\" \/>\n<meta property=\"og:type\" content=\"article\" \/>\n<meta property=\"og:title\" content=\"FAQ. Skytebane Cracow Shooting Academy\" \/>\n<meta property=\"og:description\" content=\"Ofte stilte sp\u00f8rsm\u00e5l (FAQ) om Cracow Shooting Academy. Vi inviterer deg til \u00e5 bli kjent med dem.\" \/>\n<meta property=\"og:url\" content=\"https:\/\/www.shootingcracow.com\/no\/faq-skytebane-cracow-shooting-academy\/\" \/>\n<meta property=\"og:site_name\" content=\"Shooting Cracow\" \/>\n<meta property=\"article:publisher\" content=\"https:\/\/www.facebook.com\/shootingcracow\" \/>\n<meta property=\"article:modified_time\" content=\"2025-06-11T15:24:03+00:00\" \/>\n<meta property=\"og:image\" content=\"https:\/\/www.shootingcracow.com\/wp-content\/uploads\/2020\/03\/IMG_7320.jpg\" \/>\n\t<meta property=\"og:image:width\" content=\"1200\" \/>\n\t<meta property=\"og:image:height\" content=\"800\" \/>\n\t<meta property=\"og:image:type\" content=\"image\/jpeg\" \/>\n<meta name=\"twitter:card\" content=\"summary_large_image\" \/>\n<meta name=\"twitter:label1\" content=\"Ansl. lesetid\" \/>\n\t<meta name=\"twitter:data1\" content=\"6 minutter\" \/>\n<script type=\"application\/ld+json\" class=\"yoast-schema-graph\">{\"@context\":\"https:\/\/schema.org\",\"@graph\":[{\"@type\":\"WebPage\",\"@id\":\"https:\/\/www.shootingcracow.com\/no\/faq-skytebane-cracow-shooting-academy\/\",\"url\":\"https:\/\/www.shootingcracow.com\/no\/faq-skytebane-cracow-shooting-academy\/\",\"name\":\"FAQ. Skytebane Cracow Shooting Academy\",\"isPartOf\":{\"@id\":\"https:\/\/www.shootingcracow.com\/no\/#website\"},\"datePublished\":\"2020-06-16T13:58:12+00:00\",\"dateModified\":\"2025-06-11T15:24:03+00:00\",\"description\":\"Ofte stilte sp\u00f8rsm\u00e5l (FAQ) om Cracow Shooting Academy. Vi inviterer deg til \u00e5 bli kjent med dem.\",\"breadcrumb\":{\"@id\":\"https:\/\/www.shootingcracow.com\/no\/faq-skytebane-cracow-shooting-academy\/#breadcrumb\"},\"inLanguage\":\"nb-NO\",\"potentialAction\":[{\"@type\":\"ReadAction\",\"target\":[\"https:\/\/www.shootingcracow.com\/no\/faq-skytebane-cracow-shooting-academy\/\"]}]},{\"@type\":\"BreadcrumbList\",\"@id\":\"https:\/\/www.shootingcracow.com\/no\/faq-skytebane-cracow-shooting-academy\/#breadcrumb\",\"itemListElement\":[{\"@type\":\"ListItem\",\"position\":1,\"name\":\"Strona g\u0142\u00f3wna\",\"item\":\"https:\/\/www.shootingcracow.com\/no\/hjem\/\"},{\"@type\":\"ListItem\",\"position\":2,\"name\":\"Faq\"}]},{\"@type\":\"WebSite\",\"@id\":\"https:\/\/www.shootingcracow.com\/no\/#website\",\"url\":\"https:\/\/www.shootingcracow.com\/no\/\",\"name\":\"Shooting Cracow\",\"description\":\"\",\"potentialAction\":[{\"@type\":\"SearchAction\",\"target\":{\"@type\":\"EntryPoint\",\"urlTemplate\":\"https:\/\/www.shootingcracow.com\/no\/?s={search_term_string}\"},\"query-input\":\"required name=search_term_string\"}],\"inLanguage\":\"nb-NO\"}]}<\/script>\n<!-- \/ Yoast SEO plugin. -->","yoast_head_json":{"title":"FAQ. Skytebane Cracow Shooting Academy","description":"Ofte stilte sp\u00f8rsm\u00e5l (FAQ) om Cracow Shooting Academy. Vi inviterer deg til \u00e5 bli kjent med dem.","robots":{"index":"index","follow":"follow","max-snippet":"max-snippet:-1","max-image-preview":"max-image-preview:large","max-video-preview":"max-video-preview:-1"},"canonical":"https:\/\/www.shootingcracow.com\/no\/faq-skytebane-cracow-shooting-academy\/","og_locale":"nb_NO","og_type":"article","og_title":"FAQ. Skytebane Cracow Shooting Academy","og_description":"Ofte stilte sp\u00f8rsm\u00e5l (FAQ) om Cracow Shooting Academy. Vi inviterer deg til \u00e5 bli kjent med dem.","og_url":"https:\/\/www.shootingcracow.com\/no\/faq-skytebane-cracow-shooting-academy\/","og_site_name":"Shooting Cracow","article_publisher":"https:\/\/www.facebook.com\/shootingcracow","article_modified_time":"2025-06-11T15:24:03+00:00","og_image":[{"width":1200,"height":800,"url":"https:\/\/www.shootingcracow.com\/wp-content\/uploads\/2020\/03\/IMG_7320.jpg","type":"image\/jpeg"}],"twitter_card":"summary_large_image","twitter_misc":{"Ansl. lesetid":"6 minutter"},"schema":{"@context":"https:\/\/schema.org","@graph":[{"@type":"WebPage","@id":"https:\/\/www.shootingcracow.com\/no\/faq-skytebane-cracow-shooting-academy\/","url":"https:\/\/www.shootingcracow.com\/no\/faq-skytebane-cracow-shooting-academy\/","name":"FAQ. Skytebane Cracow Shooting Academy","isPartOf":{"@id":"https:\/\/www.shootingcracow.com\/no\/#website"},"datePublished":"2020-06-16T13:58:12+00:00","dateModified":"2025-06-11T15:24:03+00:00","description":"Ofte stilte sp\u00f8rsm\u00e5l (FAQ) om Cracow Shooting Academy. Vi inviterer deg til \u00e5 bli kjent med dem.","breadcrumb":{"@id":"https:\/\/www.shootingcracow.com\/no\/faq-skytebane-cracow-shooting-academy\/#breadcrumb"},"inLanguage":"nb-NO","potentialAction":[{"@type":"ReadAction","target":["https:\/\/www.shootingcracow.com\/no\/faq-skytebane-cracow-shooting-academy\/"]}]},{"@type":"BreadcrumbList","@id":"https:\/\/www.shootingcracow.com\/no\/faq-skytebane-cracow-shooting-academy\/#breadcrumb","itemListElement":[{"@type":"ListItem","position":1,"name":"Strona g\u0142\u00f3wna","item":"https:\/\/www.shootingcracow.com\/no\/hjem\/"},{"@type":"ListItem","position":2,"name":"Faq"}]},{"@type":"WebSite","@id":"https:\/\/www.shootingcracow.com\/no\/#website","url":"https:\/\/www.shootingcracow.com\/no\/","name":"Shooting Cracow","description":"","potentialAction":[{"@type":"SearchAction","target":{"@type":"EntryPoint","urlTemplate":"https:\/\/www.shootingcracow.com\/no\/?s={search_term_string}"},"query-input":"required name=search_term_string"}],"inLanguage":"nb-NO"}]}},"_links":{"self":[{"href":"https:\/\/www.shootingcracow.com\/no\/wp-json\/wp\/v2\/pages\/6531"}],"collection":[{"href":"https:\/\/www.shootingcracow.com\/no\/wp-json\/wp\/v2\/pages"}],"about":[{"href":"https:\/\/www.shootingcracow.com\/no\/wp-json\/wp\/v2\/types\/page"}],"author":[{"embeddable":true,"href":"https:\/\/www.shootingcracow.com\/no\/wp-json\/wp\/v2\/users\/1"}],"replies":[{"embeddable":true,"href":"https:\/\/www.shootingcracow.com\/no\/wp-json\/wp\/v2\/comments?post=6531"}],"version-history":[{"count":0,"href":"https:\/\/www.shootingcracow.com\/no\/wp-json\/wp\/v2\/pages\/6531\/revisions"}],"wp:attachment":[{"href":"https:\/\/www.shootingcracow.com\/no\/wp-json\/wp\/v2\/media?parent=6531"}],"curies":[{"name":"wp","href":"https:\/\/api.w.org\/{rel}","templated":true}]}}