{"id":6511,"date":"2020-06-16T15:45:15","date_gmt":"2020-06-16T13:45:15","guid":{"rendered":"https:\/\/www.shootingcracow.com\/tilbud\/"},"modified":"2020-07-31T00:44:46","modified_gmt":"2020-07-30T22:44:46","slug":"tilbud","status":"publish","type":"page","link":"https:\/\/www.shootingcracow.com\/no\/tilbud\/","title":{"rendered":"Tilbud"},"content":{"rendered":"<section class=\"l-section wpb_row us_custom_6d54c28f height_medium\"><div class=\"l-section-h i-cf\"><div class=\"g-cols vc_row via_flex valign_top type_default stacking_default\"><div class=\"vc_col-sm-12 wpb_column vc_column_container\"><div class=\"vc_column-inner\"><div class=\"wpb_wrapper\"><div id=\"ultimate-heading-2596a05ae3b051f3\" class=\"uvc-heading ult-adjust-bottom-margin ultimate-heading-2596a05ae3b051f3 uvc-9583 \" data-hspacer=\"no_spacer\" data-halign=\"center\" style=\"text-align:center\"><div class=\"uvc-heading-spacer no_spacer\" style=\"top\"><\/div><div class=\"uvc-main-heading ult-responsive\" data-ultimate-target=\".uvc-heading.ultimate-heading-2596a05ae3b051f3 h1\" data-responsive-json-new=\"{&quot;font-size&quot;:&quot;&quot;,&quot;line-height&quot;:&quot;&quot;}\"><h1 style=\"font-family:&#039;Oswald&#039;;font-weight:500;color:#ffffff;\">TILBUD<\/h1><\/div><\/div><\/div><\/div><\/div><\/div><\/div><\/section><section class=\"l-section wpb_row us_custom_888f9600 height_medium\"><div class=\"l-section-h i-cf\"><div class=\"g-cols vc_row via_flex valign_top type_default stacking_default\"><div class=\"vc_col-sm-12 wpb_column vc_column_container\"><div class=\"vc_column-inner\"><div class=\"wpb_wrapper\"><div class=\"g-cols wpb_row via_flex valign_top type_default stacking_default\" style=\"--additional-gap:4px;\"><div class=\"vc_col-sm-3 wpb_column vc_column_container oferta-box has_bg_color\"><div class=\"vc_column-inner us_custom_bf6f14db\"><div class=\"wpb_wrapper\"><div id=\"ultimate-heading-64136a05ae3b05ac8\" class=\"uvc-heading ult-adjust-bottom-margin ultimate-heading-64136a05ae3b05ac8 uvc-1704 \" data-hspacer=\"no_spacer\" data-halign=\"center\" style=\"text-align:center\"><div class=\"uvc-heading-spacer no_spacer\" style=\"top\"><\/div><div class=\"uvc-main-heading ult-responsive\" data-ultimate-target=\".uvc-heading.ultimate-heading-64136a05ae3b05ac8 h2\" data-responsive-json-new=\"{&quot;font-size&quot;:&quot;desktop:22px;&quot;,&quot;line-height&quot;:&quot;&quot;}\"><h2 style=\"font-weight:bold;color:#020202;\">Utdrikningslag<\/h2><\/div><\/div><div class=\"w-separator size_custom\" style=\"height:48px\"><\/div><div class=\"ult-just-icon-wrapper \"><div class=\"align-icon\" style=\"text-align:center;\">\n<div class=\"aio-icon-img \" style=\"font-size:48px;display:inline-block;\">\n\t<noscript><img class=\"img-icon\" alt=\"null\" src=\"https:\/\/www.shootingcracow.com\/wp-content\/uploads\/2020\/04\/confetti-1.svg\"><\/noscript><img class=\"img-icon lazyload\" alt=\"null\" src=\"data:image\/gif;base64,R0lGODlhAQABAIAAAAAAAP\/\/\/yH5BAEAAAAALAAAAAABAAEAAAIBRAA7\" data-src=\"https:\/\/www.shootingcracow.com\/wp-content\/uploads\/2020\/04\/confetti-1.svg\">\n<\/div><\/div><\/div><div class=\"w-separator size_custom\" style=\"height:10px\"><\/div><div class=\"wpb_text_column us_custom_b0bb91b2\"><div class=\"wpb_wrapper\"><p style=\"text-align: center;\">Bryllupet er i ferd med \u00e5 begynne, og det er fortsatt ingen anelse om et utdrikningslag? Tid for underholdning for ekte menn. Vi lover at du vil huske kvelden p\u00e5 skytebanen i \u00e5revis.<\/p>\n<\/div><\/div><div class=\"w-btn-wrapper align_center\"><a class=\"w-btn us-btn-style_1 oferta-button\" title=\"utdrikningslag\" href=\"https:\/\/www.shootingcracow.com\/no\/tilbud\/utdrikningslag\/\"><span class=\"w-btn-label\">SE<\/span><\/a><\/div><\/div><\/div><\/div><div class=\"vc_col-sm-3 wpb_column vc_column_container oferta-box has_bg_color\"><div class=\"vc_column-inner us_custom_bf6f14db\"><div class=\"wpb_wrapper\"><div id=\"ultimate-heading-56786a05ae3b06c86\" class=\"uvc-heading ult-adjust-bottom-margin ultimate-heading-56786a05ae3b06c86 uvc-2317 \" data-hspacer=\"no_spacer\" data-halign=\"center\" style=\"text-align:center\"><div class=\"uvc-heading-spacer no_spacer\" style=\"top\"><\/div><div class=\"uvc-main-heading ult-responsive\" data-ultimate-target=\".uvc-heading.ultimate-heading-56786a05ae3b06c86 h2\" data-responsive-json-new=\"{&quot;font-size&quot;:&quot;desktop:22px;&quot;,&quot;line-height&quot;:&quot;&quot;}\"><h2 style=\"font-weight:bold;color:#020202;\">Integrasjonsarrangementer<\/h2><\/div><\/div><div class=\"w-separator size_custom\" style=\"height:48px\"><\/div><div class=\"ult-just-icon-wrapper \"><div class=\"align-icon\" style=\"text-align:center;\">\n<div class=\"aio-icon-img \" style=\"font-size:48px;display:inline-block;\">\n\t<noscript><img class=\"img-icon\" alt=\"null\" src=\"https:\/\/www.shootingcracow.com\/wp-content\/uploads\/2020\/04\/flag.svg\"><\/noscript><img class=\"img-icon lazyload\" alt=\"null\" src=\"data:image\/gif;base64,R0lGODlhAQABAIAAAAAAAP\/\/\/yH5BAEAAAAALAAAAAABAAEAAAIBRAA7\" data-src=\"https:\/\/www.shootingcracow.com\/wp-content\/uploads\/2020\/04\/flag.svg\">\n<\/div><\/div><\/div><div class=\"w-separator size_custom\" style=\"height:10px\"><\/div><div class=\"wpb_text_column us_custom_b0bb91b2\"><div class=\"wpb_wrapper\"><p style=\"text-align: center;\">En integrasjonshendelse er en flott m\u00e5te \u00e5 bygge relasjoner mellom ansatte. S\u00e5 hvorfor ikke organisere det p\u00e5 skytebanen? Vi garanterer deg god moro og sunn konkurranse.<\/p>\n<\/div><\/div><div class=\"w-btn-wrapper align_center\"><a class=\"w-btn us-btn-style_1 oferta-button\" title=\"Individuell skyting\" href=\"https:\/\/www.shootingcracow.com\/no\/tilbud\/for-bedrifter\/\"><span class=\"w-btn-label\">SE<\/span><\/a><\/div><\/div><\/div><\/div><div class=\"vc_col-sm-3 wpb_column vc_column_container oferta-box has_bg_color\"><div class=\"vc_column-inner us_custom_bf6f14db\"><div class=\"wpb_wrapper\"><div id=\"ultimate-heading-5496a05ae3b0757a\" class=\"uvc-heading ult-adjust-bottom-margin ultimate-heading-5496a05ae3b0757a uvc-5205 \" data-hspacer=\"no_spacer\" data-halign=\"center\" style=\"text-align:center\"><div class=\"uvc-heading-spacer no_spacer\" style=\"top\"><\/div><div class=\"uvc-main-heading ult-responsive\" data-ultimate-target=\".uvc-heading.ultimate-heading-5496a05ae3b0757a h2\" data-responsive-json-new=\"{&quot;font-size&quot;:&quot;desktop:22px;&quot;,&quot;line-height&quot;:&quot;&quot;}\"><h2 style=\"font-weight:bold;color:#020202;\">Bursdag<\/h2><\/div><\/div><div class=\"w-separator size_custom\" style=\"height:48px\"><\/div><div class=\"ult-just-icon-wrapper \"><div class=\"align-icon\" style=\"text-align:center;\">\n<div class=\"aio-icon-img \" style=\"font-size:48px;display:inline-block;\">\n\t<noscript><img class=\"img-icon\" alt=\"null\" src=\"https:\/\/www.shootingcracow.com\/wp-content\/uploads\/2020\/04\/balloon.svg\"><\/noscript><img class=\"img-icon lazyload\" alt=\"null\" src=\"data:image\/gif;base64,R0lGODlhAQABAIAAAAAAAP\/\/\/yH5BAEAAAAALAAAAAABAAEAAAIBRAA7\" data-src=\"https:\/\/www.shootingcracow.com\/wp-content\/uploads\/2020\/04\/balloon.svg\">\n<\/div><\/div><\/div><div class=\"w-separator size_custom\" style=\"height:10px\"><\/div><div class=\"wpb_text_column us_custom_b0bb91b2\"><div class=\"wpb_wrapper\"><p style=\"text-align: center;\">N\u00e6rmer det seg en kj\u00e6res f\u00f8dselsdag? Eller kanskje du vil organisere en fest og feire enda et \u00e5r i livet ditt med en smell? Det er ikke morsommere enn kvelden som ble brukt med oss.<\/p>\n<\/div><\/div><div class=\"w-btn-wrapper align_center\"><a class=\"w-btn us-btn-style_1 oferta-button\" title=\"Bursdag\" href=\"https:\/\/www.shootingcracow.com\/no\/tilbud\/bursdag\/\"><span class=\"w-btn-label\">SE<\/span><\/a><\/div><\/div><\/div><\/div><div class=\"vc_col-sm-3 wpb_column vc_column_container oferta-box has_bg_color\"><div class=\"vc_column-inner us_custom_bf6f14db\"><div class=\"wpb_wrapper\"><div id=\"ultimate-heading-87246a05ae3b07e20\" class=\"uvc-heading ult-adjust-bottom-margin ultimate-heading-87246a05ae3b07e20 uvc-5605 \" data-hspacer=\"no_spacer\" data-halign=\"center\" style=\"text-align:center\"><div class=\"uvc-heading-spacer no_spacer\" style=\"top\"><\/div><div class=\"uvc-main-heading ult-responsive\" data-ultimate-target=\".uvc-heading.ultimate-heading-87246a05ae3b07e20 h2\" data-responsive-json-new=\"{&quot;font-size&quot;:&quot;desktop:22px;&quot;,&quot;line-height&quot;:&quot;&quot;}\"><h2 style=\"font-weight:bold;color:#020202;\">Individuell skyting<\/h2><\/div><\/div><div class=\"w-separator size_custom\" style=\"height:20px\"><\/div><div class=\"ult-just-icon-wrapper \"><div class=\"align-icon\" style=\"text-align:center;\">\n<div class=\"aio-icon-img \" style=\"font-size:48px;display:inline-block;\">\n\t<noscript><img class=\"img-icon\" alt=\"null\" src=\"https:\/\/www.shootingcracow.com\/wp-content\/uploads\/2020\/04\/person.svg\"><\/noscript><img class=\"img-icon lazyload\" alt=\"null\" src=\"data:image\/gif;base64,R0lGODlhAQABAIAAAAAAAP\/\/\/yH5BAEAAAAALAAAAAABAAEAAAIBRAA7\" data-src=\"https:\/\/www.shootingcracow.com\/wp-content\/uploads\/2020\/04\/person.svg\">\n<\/div><\/div><\/div><div class=\"w-separator size_custom\" style=\"height:10px\"><\/div><div class=\"wpb_text_column us_custom_b0bb91b2\"><div class=\"wpb_wrapper\"><p style=\"text-align: center;\">Brenner du for militaria? Til n\u00e5 har du ikke hatt muligheten til \u00e5 pr\u00f8ve deg p\u00e5 \u00e5 skyte? Eller kanskje du allerede kan h\u00e5ndtere v\u00e5pen, men vil forbedre teknikken din? Vi vil absolutt hjelpe.<\/p>\n<\/div><\/div><div class=\"w-btn-wrapper align_center\"><a class=\"w-btn us-btn-style_1 oferta-button\" title=\"Individuell skyting\" href=\"https:\/\/www.shootingcracow.com\/no\/tilbud\/individuell-skyting\/\"><span class=\"w-btn-label\">SE<\/span><\/a><\/div><\/div><\/div><\/div><\/div><\/div><\/div><\/div><\/div><\/div><\/section><section class=\"l-section wpb_row us_custom_fdcab3db height_medium width_full\"><div class=\"l-section-h i-cf\"><div class=\"g-cols vc_row via_flex valign_top type_default stacking_default\"><div class=\"vc_col-sm-12 wpb_column vc_column_container\"><div class=\"vc_column-inner\"><div class=\"wpb_wrapper\"><section class=\"l-section wpb_row us_custom_9d21f858 height_medium width_full\"><div class=\"l-section-h i-cf\"><div class=\"g-cols vc_row via_flex valign_top type_default stacking_default\"><div class=\"vc_col-sm-12 wpb_column vc_column_container\"><div class=\"vc_column-inner us_custom_8535c5f4\"><div class=\"wpb_wrapper\">[vc_raw_html el_class=&raquo;google-maps&raquo; css=&raquo;%7B%22default%22%3A%7B%22line-height%22%3A%220%22%2C%22margin-bottom%22%3A%220%22%2C%22padding-bottom%22%3A%220%22%7D%7D&raquo;]JTNDaWZyYW1lJTIwc3JjJTNEJTIyaHR0cHMlM0ElMkYlMkZ3d3cuZ29vZ2xlLmNvbSUyRm1hcHMlMkZlbWJlZCUzRnBiJTNEJTIxMW0xOCUyMTFtMTIlMjExbTMlMjExZDI1NTkuMDUzMTczNzg5NDQlMjEyZDE5Ljg2MjU1OTYxNTk3MzQ2JTIxM2Q1MC4xMDQwMTE2Nzk0MjkxNiUyMTJtMyUyMTFmMCUyMTJmMCUyMTNmMCUyMTNtMiUyMTFpMTAyNCUyMTJpNzY4JTIxNGYxMy4xJTIxM20zJTIxMW0yJTIxMXMweDQ3MTY1OTkxMmE3NDM2Y2IlMjUzQTB4NjE5ZjgxZDkzMjdhMGFkOSUyMTJzQ3JhY293JTJCU2hvb3RpbmclMkJBY2FkZW15JTIxNWUwJTIxM20yJTIxMXNwbCUyMTJzcGwlMjE0djE1MzI3ODU5MzAzNTQlMjIlMjB3aWR0aCUzRCUyMjIwMDAlMjIlMjBoZWlnaHQlM0QlMjIzNTAlMjIlMjBmcmFtZWJvcmRlciUzRCUyMjAlMjIlMjBzdHlsZSUzRCUyMmJvcmRlciUzQTAlMjIlMjBhbGxvd2Z1bGxzY3JlZW4lM0QlMjIlMjIlM0UlM0MlMkZpZnJhbWUlM0U=[\/vc_raw_html]<\/div><\/div><\/div><\/div><\/div><\/section>\n<\/div><\/div><\/div><\/div><\/div><\/section>\n","protected":false},"excerpt":{"rendered":"TILBUDUtdrikningslag Bryllupet er i ferd med \u00e5 begynne, og det er fortsatt ingen anelse om et utdrikningslag? Tid for underholdning for ekte menn. Vi lover at du vil huske kvelden p\u00e5 skytebanen i \u00e5revis. SEIntegrasjonsarrangementer En integrasjonshendelse er en flott m\u00e5te \u00e5 bygge relasjoner mellom ansatte. S\u00e5 hvorfor ikke organisere det p\u00e5 skytebanen? Vi garanterer...","protected":false},"author":1,"featured_media":0,"parent":0,"menu_order":4,"comment_status":"closed","ping_status":"closed","template":"","meta":{"powered_cache_disable_cache":false},"acf":[],"yoast_head":"<!-- This site is optimized with the Yoast SEO plugin v20.6 - https:\/\/yoast.com\/wordpress\/plugins\/seo\/ -->\n<title>Tilbud - Cracow Shooting Academy<\/title>\n<meta name=\"description\" content=\"Vi inviterer deg til \u00e5 bli kjent med tilbudet fra Cracow Shooting Academy. V\u00e5rt tilbud er adressert til b\u00e5de selskaper og enkeltpersoner.\" \/>\n<meta name=\"robots\" content=\"index, follow, max-snippet:-1, max-image-preview:large, max-video-preview:-1\" \/>\n<link rel=\"canonical\" href=\"https:\/\/www.shootingcracow.com\/no\/tilbud\/\" \/>\n<meta property=\"og:locale\" content=\"nb_NO\" \/>\n<meta property=\"og:type\" content=\"article\" \/>\n<meta property=\"og:title\" content=\"Tilbud - Cracow Shooting Academy\" \/>\n<meta property=\"og:description\" content=\"Vi inviterer deg til \u00e5 bli kjent med tilbudet fra Cracow Shooting Academy. V\u00e5rt tilbud er adressert til b\u00e5de selskaper og enkeltpersoner.\" \/>\n<meta property=\"og:url\" content=\"https:\/\/www.shootingcracow.com\/no\/tilbud\/\" \/>\n<meta property=\"og:site_name\" content=\"Shooting Cracow\" \/>\n<meta property=\"article:publisher\" content=\"https:\/\/www.facebook.com\/shootingcracow\" \/>\n<meta property=\"article:modified_time\" content=\"2020-07-30T22:44:46+00:00\" \/>\n<meta property=\"og:image\" content=\"https:\/\/www.shootingcracow.com\/wp-content\/uploads\/2020\/03\/IMG_7320.jpg\" \/>\n\t<meta property=\"og:image:width\" content=\"1200\" \/>\n\t<meta property=\"og:image:height\" content=\"800\" \/>\n\t<meta property=\"og:image:type\" content=\"image\/jpeg\" \/>\n<meta name=\"twitter:card\" content=\"summary_large_image\" \/>\n<meta name=\"twitter:label1\" content=\"Ansl. lesetid\" \/>\n\t<meta name=\"twitter:data1\" content=\"4 minutter\" \/>\n<script type=\"application\/ld+json\" class=\"yoast-schema-graph\">{\"@context\":\"https:\/\/schema.org\",\"@graph\":[{\"@type\":\"WebPage\",\"@id\":\"https:\/\/www.shootingcracow.com\/no\/tilbud\/\",\"url\":\"https:\/\/www.shootingcracow.com\/no\/tilbud\/\",\"name\":\"Tilbud - Cracow Shooting Academy\",\"isPartOf\":{\"@id\":\"https:\/\/www.shootingcracow.com\/no\/#website\"},\"datePublished\":\"2020-06-16T13:45:15+00:00\",\"dateModified\":\"2020-07-30T22:44:46+00:00\",\"description\":\"Vi inviterer deg til \u00e5 bli kjent med tilbudet fra Cracow Shooting Academy. V\u00e5rt tilbud er adressert til b\u00e5de selskaper og enkeltpersoner.\",\"breadcrumb\":{\"@id\":\"https:\/\/www.shootingcracow.com\/no\/tilbud\/#breadcrumb\"},\"inLanguage\":\"nb-NO\",\"potentialAction\":[{\"@type\":\"ReadAction\",\"target\":[\"https:\/\/www.shootingcracow.com\/no\/tilbud\/\"]}]},{\"@type\":\"BreadcrumbList\",\"@id\":\"https:\/\/www.shootingcracow.com\/no\/tilbud\/#breadcrumb\",\"itemListElement\":[{\"@type\":\"ListItem\",\"position\":1,\"name\":\"Strona g\u0142\u00f3wna\",\"item\":\"https:\/\/www.shootingcracow.com\/no\/hjem\/\"},{\"@type\":\"ListItem\",\"position\":2,\"name\":\"Tilbud\"}]},{\"@type\":\"WebSite\",\"@id\":\"https:\/\/www.shootingcracow.com\/no\/#website\",\"url\":\"https:\/\/www.shootingcracow.com\/no\/\",\"name\":\"Shooting Cracow\",\"description\":\"\",\"potentialAction\":[{\"@type\":\"SearchAction\",\"target\":{\"@type\":\"EntryPoint\",\"urlTemplate\":\"https:\/\/www.shootingcracow.com\/no\/?s={search_term_string}\"},\"query-input\":\"required name=search_term_string\"}],\"inLanguage\":\"nb-NO\"}]}<\/script>\n<!-- \/ Yoast SEO plugin. -->","yoast_head_json":{"title":"Tilbud - Cracow Shooting Academy","description":"Vi inviterer deg til \u00e5 bli kjent med tilbudet fra Cracow Shooting Academy. V\u00e5rt tilbud er adressert til b\u00e5de selskaper og enkeltpersoner.","robots":{"index":"index","follow":"follow","max-snippet":"max-snippet:-1","max-image-preview":"max-image-preview:large","max-video-preview":"max-video-preview:-1"},"canonical":"https:\/\/www.shootingcracow.com\/no\/tilbud\/","og_locale":"nb_NO","og_type":"article","og_title":"Tilbud - Cracow Shooting Academy","og_description":"Vi inviterer deg til \u00e5 bli kjent med tilbudet fra Cracow Shooting Academy. V\u00e5rt tilbud er adressert til b\u00e5de selskaper og enkeltpersoner.","og_url":"https:\/\/www.shootingcracow.com\/no\/tilbud\/","og_site_name":"Shooting Cracow","article_publisher":"https:\/\/www.facebook.com\/shootingcracow","article_modified_time":"2020-07-30T22:44:46+00:00","og_image":[{"width":1200,"height":800,"url":"https:\/\/www.shootingcracow.com\/wp-content\/uploads\/2020\/03\/IMG_7320.jpg","type":"image\/jpeg"}],"twitter_card":"summary_large_image","twitter_misc":{"Ansl. lesetid":"4 minutter"},"schema":{"@context":"https:\/\/schema.org","@graph":[{"@type":"WebPage","@id":"https:\/\/www.shootingcracow.com\/no\/tilbud\/","url":"https:\/\/www.shootingcracow.com\/no\/tilbud\/","name":"Tilbud - Cracow Shooting Academy","isPartOf":{"@id":"https:\/\/www.shootingcracow.com\/no\/#website"},"datePublished":"2020-06-16T13:45:15+00:00","dateModified":"2020-07-30T22:44:46+00:00","description":"Vi inviterer deg til \u00e5 bli kjent med tilbudet fra Cracow Shooting Academy. V\u00e5rt tilbud er adressert til b\u00e5de selskaper og enkeltpersoner.","breadcrumb":{"@id":"https:\/\/www.shootingcracow.com\/no\/tilbud\/#breadcrumb"},"inLanguage":"nb-NO","potentialAction":[{"@type":"ReadAction","target":["https:\/\/www.shootingcracow.com\/no\/tilbud\/"]}]},{"@type":"BreadcrumbList","@id":"https:\/\/www.shootingcracow.com\/no\/tilbud\/#breadcrumb","itemListElement":[{"@type":"ListItem","position":1,"name":"Strona g\u0142\u00f3wna","item":"https:\/\/www.shootingcracow.com\/no\/hjem\/"},{"@type":"ListItem","position":2,"name":"Tilbud"}]},{"@type":"WebSite","@id":"https:\/\/www.shootingcracow.com\/no\/#website","url":"https:\/\/www.shootingcracow.com\/no\/","name":"Shooting Cracow","description":"","potentialAction":[{"@type":"SearchAction","target":{"@type":"EntryPoint","urlTemplate":"https:\/\/www.shootingcracow.com\/no\/?s={search_term_string}"},"query-input":"required name=search_term_string"}],"inLanguage":"nb-NO"}]}},"_links":{"self":[{"href":"https:\/\/www.shootingcracow.com\/no\/wp-json\/wp\/v2\/pages\/6511"}],"collection":[{"href":"https:\/\/www.shootingcracow.com\/no\/wp-json\/wp\/v2\/pages"}],"about":[{"href":"https:\/\/www.shootingcracow.com\/no\/wp-json\/wp\/v2\/types\/page"}],"author":[{"embeddable":true,"href":"https:\/\/www.shootingcracow.com\/no\/wp-json\/wp\/v2\/users\/1"}],"replies":[{"embeddable":true,"href":"https:\/\/www.shootingcracow.com\/no\/wp-json\/wp\/v2\/comments?post=6511"}],"version-history":[{"count":0,"href":"https:\/\/www.shootingcracow.com\/no\/wp-json\/wp\/v2\/pages\/6511\/revisions"}],"wp:attachment":[{"href":"https:\/\/www.shootingcracow.com\/no\/wp-json\/wp\/v2\/media?parent=6511"}],"curies":[{"name":"wp","href":"https:\/\/api.w.org\/{rel}","templated":true}]}}