{"id":5921,"date":"2020-06-10T11:26:12","date_gmt":"2020-06-10T09:26:12","guid":{"rendered":"https:\/\/www.shootingcracow.com\/offerta\/per-le-aziende\/"},"modified":"2023-03-17T08:56:41","modified_gmt":"2023-03-17T07:56:41","slug":"per-le-aziende","status":"publish","type":"page","link":"https:\/\/www.shootingcracow.com\/it\/offerta\/per-le-aziende\/","title":{"rendered":"Per le aziende"},"content":{"rendered":"<section class=\"l-section wpb_row us_custom_6d54c28f height_medium\"><div class=\"l-section-h i-cf\"><div class=\"g-cols vc_row via_flex valign_top type_default stacking_default\"><div class=\"vc_col-sm-12 wpb_column vc_column_container\"><div class=\"vc_column-inner\"><div class=\"wpb_wrapper\"><div id=\"ultimate-heading-312969f71c78cac23\" class=\"uvc-heading ult-adjust-bottom-margin ultimate-heading-312969f71c78cac23 uvc-1296 \" data-hspacer=\"no_spacer\" data-halign=\"center\" style=\"text-align:center\"><div class=\"uvc-heading-spacer no_spacer\" style=\"top\"><\/div><div class=\"uvc-main-heading ult-responsive\" data-ultimate-target=\".uvc-heading.ultimate-heading-312969f71c78cac23 h1\" data-responsive-json-new=\"{&quot;font-size&quot;:&quot;&quot;,&quot;line-height&quot;:&quot;&quot;}\"><h1 style=\"font-family:&#039;Oswald&#039;;font-weight:500;color:#ffffff;\">EVENTI DI INTEGRAZIONE PER LE AZIENDE A CRACOVIA<\/h1><\/div><\/div><\/div><\/div><\/div><\/div><\/div><\/section><section class=\"l-section wpb_row height_small\"><div class=\"l-section-h i-cf\"><div class=\"g-cols vc_row via_flex valign_top type_default stacking_default\"><div class=\"vc_col-sm-12 wpb_column vc_column_container\"><div class=\"vc_column-inner\"><div class=\"wpb_wrapper\"><div id=\"ultimate-heading-819969f71c78cb62d\" class=\"uvc-heading ult-adjust-bottom-margin ultimate-heading-819969f71c78cb62d uvc-6084 \" data-hspacer=\"line_with_icon\" data-hline_width=\"auto\" data-hicon_type=\"custom\" data-hborder_style=\"solid\" data-hborder_height=\"1\" data-hborder_color=\"#ccc\" data-icon_width=\"48\" data-hfixer=\"10\" data-halign=\"center\" style=\"text-align:center\"><div class=\"uvc-main-heading ult-responsive\" data-ultimate-target=\".uvc-heading.ultimate-heading-819969f71c78cb62d h2\" data-responsive-json-new=\"{&quot;font-size&quot;:&quot;&quot;,&quot;line-height&quot;:&quot;&quot;}\"><h2 style=\"font-family:&#039;Oswald&#039;;font-weight:300;\">TRASCORRI UN EVENTO AZIENDALE E DI INTEGRAZIONE A CRACOVIA AL POLIGONO DI TIRO!<\/h2><\/div><div class=\"uvc-sub-heading ult-responsive\" data-ultimate-target=\".uvc-heading.ultimate-heading-819969f71c78cb62d .uvc-sub-heading \" data-responsive-json-new=\"{&quot;font-size&quot;:&quot;&quot;,&quot;line-height&quot;:&quot;&quot;}\" style=\"font-weight:normal;\">\n<p style=\"text-align: center;\">Bedriftshendelser og integrasjonshendelser er en perfekt form for tid som en del av bedriftsoppl\u00e6ring og teambuilding. Lavoriamo anche con agenzie di eventi e assistiamo nell&#8217;organizzazione di tali eventi. Forniamo il trasporto e l&#8217;attrazione principale dell&#8217;evento, che \u00e8 il tiro con le armi da fuoco nel nostro poligono di tiro a Cracovia.<\/p>\n<\/div><div class=\"uvc-heading-spacer line_with_icon\" style=\"margin-top:20px;\"><div class=\"ult-just-icon-wrapper \"><div class=\"align-icon\" style=\"text-align:center;\">\n<div class=\"aio-icon-img \" style=\"font-size:48px;display:inline-block;\">\n\t<noscript><img class=\"img-icon\" alt=\"null\" src=\"https:\/\/www.shootingcracow.com\/wp-content\/uploads\/2020\/03\/guns-312418.svg\"><\/noscript><img class=\"img-icon lazyload\" alt=\"null\" src=\"data:image\/gif;base64,R0lGODlhAQABAIAAAAAAAP\/\/\/yH5BAEAAAAALAAAAAABAAEAAAIBRAA7\" data-src=\"https:\/\/www.shootingcracow.com\/wp-content\/uploads\/2020\/03\/guns-312418.svg\">\n<\/div><\/div><\/div><\/div><\/div><div class=\"w-separator size_small\"><\/div><div class=\"g-cols wpb_row via_flex valign_top type_default stacking_default\"><div class=\"vc_col-sm-12 wpb_column vc_column_container\"><div class=\"vc_column-inner\"><div class=\"wpb_wrapper\"><div class=\"wpb_text_column\"><div class=\"wpb_wrapper\"><p>Se volete che il viaggio di integrazione della vostra azienda assuma un carattere originale e non timbrato e porti molte emozioni positive ai partecipanti, contattateci. Ogni nostra offerta \u00e8 preparata individualmente secondo i desideri e le aspettative del Cliente. Siamo aperti ai vostri suggerimenti.<\/p>\n<\/div><\/div><\/div><\/div><\/div><\/div><\/div><\/div><\/div><\/div><\/div><\/section><section class=\"l-section wpb_row us_custom_d99a8650 height_medium\"><div class=\"l-section-h i-cf\"><div class=\"g-cols vc_row via_flex valign_top type_default stacking_default\"><div class=\"vc_col-sm-12 wpb_column vc_column_container\"><div class=\"vc_column-inner\"><div class=\"wpb_wrapper\"><\/div><\/div><\/div><\/div><\/div><\/section><section class=\"l-section wpb_row height_small\"><div class=\"l-section-h i-cf\"><div class=\"g-cols vc_row via_flex valign_top type_default stacking_default\"><div class=\"vc_col-sm-12 wpb_column vc_column_container\"><div class=\"vc_column-inner\"><div class=\"wpb_wrapper\"><div class=\"wpb_text_column us_custom_ea76afbe\"><div class=\"wpb_wrapper\"><p style=\"text-align: center;\">Alle deltakere av bedriftsarrangementet, integrasjonsarrangementet vil gjennomg\u00e5 oppl\u00e6ring i prinsippene for sikker bruk av skytev\u00e5pen og grunnleggende skyteteknikker.<br>\nV\u00e5re instrukt\u00f8rer med mange \u00e5rs erfaring vil overv\u00e5ke sikkerheten til arrangementet.<\/p>\n<\/div><\/div><div class=\"w-separator size_custom\" style=\"height:20px\"><\/div><div class=\"ult-just-icon-wrapper \"><div class=\"align-icon\" style=\"text-align:center;\">\n<div class=\"aio-icon-img \" style=\"font-size:48px;display:inline-block;\">\n\t<noscript><img class=\"img-icon\" alt=\"null\" src=\"https:\/\/www.shootingcracow.com\/wp-content\/uploads\/2020\/03\/gun-3.svg\"><\/noscript><img class=\"img-icon lazyload\" alt=\"null\" src=\"data:image\/gif;base64,R0lGODlhAQABAIAAAAAAAP\/\/\/yH5BAEAAAAALAAAAAABAAEAAAIBRAA7\" data-src=\"https:\/\/www.shootingcracow.com\/wp-content\/uploads\/2020\/03\/gun-3.svg\">\n<\/div><\/div><\/div><div class=\"w-separator size_custom\" style=\"height:40px\"><\/div><div class=\"wpb_text_column us_custom_b40e44a0\"><div class=\"wpb_wrapper\"><h3 style=\"text-align: center;\"><strong>Vi invitiamo a contattarci e a collaborare con noi<\/strong><\/h3>\n<\/div><\/div><div class=\"w-btn-wrapper align_center\"><a class=\"w-btn us-btn-style_1 icon_atleft\" title=\"Listino prezzi\" href=\"https:\/\/www.shootingcracow.com\/it\/listino-prezzi\/\"><i class=\"far fa-play\"><\/i><span class=\"w-btn-label\">Vedi il listino prezzi<\/span><\/a><\/div><div class=\"w-separator size_custom\" style=\"height:40px\"><\/div><\/div><\/div><\/div><\/div><\/div><\/section><section class=\"l-section wpb_row us_custom_0c54ba39 height_medium width_full\"><div class=\"l-section-h i-cf\"><div class=\"g-cols vc_row via_flex valign_top type_default stacking_default\"><div class=\"vc_col-sm-12 wpb_column vc_column_container\"><div class=\"vc_column-inner\"><div class=\"wpb_wrapper\"><div class=\"w-actionbox us_custom_a86d61b4 action-box-blok has_text_color color_light controls_bottom\"><div class=\"w-actionbox-text\"><h3 class=\"w-actionbox-title\">Vuoi maggiori informazioni?<\/h3><div class=\"w-actionbox-description\"><p>Scrivi o chiama<\/p>\n<\/div><\/div><div class=\"w-actionbox-controls\"><a class=\"w-btn us-btn-style_1 icon_atleft\" title=\"contatti\" href=\"https:\/\/www.shootingcracow.com\/it\/contatti\/\" style=\"font-size:18px;\"><i class=\"far fa-play\"><\/i><span class=\"w-btn-label\">contatti<\/span><\/a><a class=\"w-btn us-btn-style_1 icon_atleft\" title=\"listino prezzi\" href=\"https:\/\/www.shootingcracow.com\/it\/listino-prezzi\/\" style=\"font-size:18px;\"><i class=\"far fa-play\"><\/i><span class=\"w-btn-label\">pacchetti<\/span><\/a><\/div><\/div><\/div><\/div><\/div><\/div><\/div><\/section><section class=\"l-section wpb_row us_custom_9d21f858 height_medium width_full\"><div class=\"l-section-h i-cf\"><div class=\"g-cols vc_row via_flex valign_top type_default stacking_default\"><div class=\"vc_col-sm-12 wpb_column vc_column_container\"><div class=\"vc_column-inner us_custom_8535c5f4\"><div class=\"wpb_wrapper\"><\/div><\/div><\/div><\/div><\/div><\/section>\n","protected":false},"excerpt":{"rendered":"EVENTI DI INTEGRAZIONE PER LE AZIENDE A CRACOVIATRASCORRI UN EVENTO AZIENDALE E DI INTEGRAZIONE A CRACOVIA AL POLIGONO DI TIRO! Bedriftshendelser og integrasjonshendelser er en perfekt form for tid som en del av bedriftsoppl\u00e6ring og teambuilding. Lavoriamo anche con agenzie di eventi e assistiamo nell'organizzazione di tali eventi. Forniamo il trasporto e l'attrazione principale dell'evento,...","protected":false},"author":1,"featured_media":0,"parent":5865,"menu_order":1,"comment_status":"closed","ping_status":"closed","template":"","meta":{"powered_cache_disable_cache":false},"acf":[],"yoast_head":"<!-- This site is optimized with the Yoast SEO plugin v20.6 - https:\/\/yoast.com\/wordpress\/plugins\/seo\/ -->\n<title>Firma- og integrasjonsarrangementer i Krakow p\u00e5 skytebanen<\/title>\n<meta name=\"description\" content=\"Vi arrangerer bedrifts- og integrasjonsarrangementer i skytebanen v\u00e5r i Krakow. Vi tilbyr transport, servering og hovedattraksjonen til arrangementet, dvs. skytev\u00e5pen\" \/>\n<meta name=\"robots\" content=\"index, follow, max-snippet:-1, max-image-preview:large, max-video-preview:-1\" \/>\n<link rel=\"canonical\" href=\"https:\/\/www.shootingcracow.com\/it\/offerta\/per-le-aziende\/\" \/>\n<meta property=\"og:locale\" content=\"it_IT\" \/>\n<meta property=\"og:type\" content=\"article\" \/>\n<meta property=\"og:title\" content=\"Firma- og integrasjonsarrangementer i Krakow p\u00e5 skytebanen\" \/>\n<meta property=\"og:description\" content=\"Vi arrangerer bedrifts- og integrasjonsarrangementer i skytebanen v\u00e5r i Krakow. Vi tilbyr transport, servering og hovedattraksjonen til arrangementet, dvs. skytev\u00e5pen\" \/>\n<meta property=\"og:url\" content=\"https:\/\/www.shootingcracow.com\/it\/offerta\/per-le-aziende\/\" \/>\n<meta property=\"og:site_name\" content=\"Shooting Cracow\" \/>\n<meta property=\"article:publisher\" content=\"https:\/\/www.facebook.com\/shootingcracow\" \/>\n<meta property=\"article:modified_time\" content=\"2023-03-17T07:56:41+00:00\" \/>\n<meta property=\"og:image\" content=\"https:\/\/www.shootingcracow.com\/wp-content\/uploads\/2020\/03\/IMG_7320.jpg\" \/>\n<meta name=\"twitter:card\" content=\"summary_large_image\" \/>\n<meta name=\"twitter:label1\" content=\"Tempo di lettura stimato\" \/>\n\t<meta name=\"twitter:data1\" content=\"3 minuti\" \/>\n<script type=\"application\/ld+json\" class=\"yoast-schema-graph\">{\"@context\":\"https:\/\/schema.org\",\"@graph\":[{\"@type\":\"WebPage\",\"@id\":\"https:\/\/www.shootingcracow.com\/it\/offerta\/per-le-aziende\/\",\"url\":\"https:\/\/www.shootingcracow.com\/it\/offerta\/per-le-aziende\/\",\"name\":\"Firma- og integrasjonsarrangementer i Krakow p\u00e5 skytebanen\",\"isPartOf\":{\"@id\":\"https:\/\/www.shootingcracow.com\/it\/#website\"},\"datePublished\":\"2020-06-10T09:26:12+00:00\",\"dateModified\":\"2023-03-17T07:56:41+00:00\",\"description\":\"Vi arrangerer bedrifts- og integrasjonsarrangementer i skytebanen v\u00e5r i Krakow. Vi tilbyr transport, servering og hovedattraksjonen til arrangementet, dvs. skytev\u00e5pen\",\"breadcrumb\":{\"@id\":\"https:\/\/www.shootingcracow.com\/it\/offerta\/per-le-aziende\/#breadcrumb\"},\"inLanguage\":\"it-IT\",\"potentialAction\":[{\"@type\":\"ReadAction\",\"target\":[\"https:\/\/www.shootingcracow.com\/it\/offerta\/per-le-aziende\/\"]}]},{\"@type\":\"BreadcrumbList\",\"@id\":\"https:\/\/www.shootingcracow.com\/it\/offerta\/per-le-aziende\/#breadcrumb\",\"itemListElement\":[{\"@type\":\"ListItem\",\"position\":1,\"name\":\"Strona g\u0142\u00f3wna\",\"item\":\"https:\/\/www.shootingcracow.com\/it\/home-page\/\"},{\"@type\":\"ListItem\",\"position\":2,\"name\":\"Offerta\",\"item\":\"https:\/\/www.shootingcracow.com\/it\/offerta\/\"},{\"@type\":\"ListItem\",\"position\":3,\"name\":\"Per le aziende\"}]},{\"@type\":\"WebSite\",\"@id\":\"https:\/\/www.shootingcracow.com\/it\/#website\",\"url\":\"https:\/\/www.shootingcracow.com\/it\/\",\"name\":\"Shooting Cracow\",\"description\":\"\",\"potentialAction\":[{\"@type\":\"SearchAction\",\"target\":{\"@type\":\"EntryPoint\",\"urlTemplate\":\"https:\/\/www.shootingcracow.com\/it\/?s={search_term_string}\"},\"query-input\":\"required name=search_term_string\"}],\"inLanguage\":\"it-IT\"}]}<\/script>\n<!-- \/ Yoast SEO plugin. -->","yoast_head_json":{"title":"Firma- og integrasjonsarrangementer i Krakow p\u00e5 skytebanen","description":"Vi arrangerer bedrifts- og integrasjonsarrangementer i skytebanen v\u00e5r i Krakow. Vi tilbyr transport, servering og hovedattraksjonen til arrangementet, dvs. skytev\u00e5pen","robots":{"index":"index","follow":"follow","max-snippet":"max-snippet:-1","max-image-preview":"max-image-preview:large","max-video-preview":"max-video-preview:-1"},"canonical":"https:\/\/www.shootingcracow.com\/it\/offerta\/per-le-aziende\/","og_locale":"it_IT","og_type":"article","og_title":"Firma- og integrasjonsarrangementer i Krakow p\u00e5 skytebanen","og_description":"Vi arrangerer bedrifts- og integrasjonsarrangementer i skytebanen v\u00e5r i Krakow. Vi tilbyr transport, servering og hovedattraksjonen til arrangementet, dvs. skytev\u00e5pen","og_url":"https:\/\/www.shootingcracow.com\/it\/offerta\/per-le-aziende\/","og_site_name":"Shooting Cracow","article_publisher":"https:\/\/www.facebook.com\/shootingcracow","article_modified_time":"2023-03-17T07:56:41+00:00","og_image":[{"url":"https:\/\/www.shootingcracow.com\/wp-content\/uploads\/2020\/03\/IMG_7320.jpg"}],"twitter_card":"summary_large_image","twitter_misc":{"Tempo di lettura stimato":"3 minuti"},"schema":{"@context":"https:\/\/schema.org","@graph":[{"@type":"WebPage","@id":"https:\/\/www.shootingcracow.com\/it\/offerta\/per-le-aziende\/","url":"https:\/\/www.shootingcracow.com\/it\/offerta\/per-le-aziende\/","name":"Firma- og integrasjonsarrangementer i Krakow p\u00e5 skytebanen","isPartOf":{"@id":"https:\/\/www.shootingcracow.com\/it\/#website"},"datePublished":"2020-06-10T09:26:12+00:00","dateModified":"2023-03-17T07:56:41+00:00","description":"Vi arrangerer bedrifts- og integrasjonsarrangementer i skytebanen v\u00e5r i Krakow. Vi tilbyr transport, servering og hovedattraksjonen til arrangementet, dvs. skytev\u00e5pen","breadcrumb":{"@id":"https:\/\/www.shootingcracow.com\/it\/offerta\/per-le-aziende\/#breadcrumb"},"inLanguage":"it-IT","potentialAction":[{"@type":"ReadAction","target":["https:\/\/www.shootingcracow.com\/it\/offerta\/per-le-aziende\/"]}]},{"@type":"BreadcrumbList","@id":"https:\/\/www.shootingcracow.com\/it\/offerta\/per-le-aziende\/#breadcrumb","itemListElement":[{"@type":"ListItem","position":1,"name":"Strona g\u0142\u00f3wna","item":"https:\/\/www.shootingcracow.com\/it\/home-page\/"},{"@type":"ListItem","position":2,"name":"Offerta","item":"https:\/\/www.shootingcracow.com\/it\/offerta\/"},{"@type":"ListItem","position":3,"name":"Per le aziende"}]},{"@type":"WebSite","@id":"https:\/\/www.shootingcracow.com\/it\/#website","url":"https:\/\/www.shootingcracow.com\/it\/","name":"Shooting Cracow","description":"","potentialAction":[{"@type":"SearchAction","target":{"@type":"EntryPoint","urlTemplate":"https:\/\/www.shootingcracow.com\/it\/?s={search_term_string}"},"query-input":"required name=search_term_string"}],"inLanguage":"it-IT"}]}},"_links":{"self":[{"href":"https:\/\/www.shootingcracow.com\/it\/wp-json\/wp\/v2\/pages\/5921"}],"collection":[{"href":"https:\/\/www.shootingcracow.com\/it\/wp-json\/wp\/v2\/pages"}],"about":[{"href":"https:\/\/www.shootingcracow.com\/it\/wp-json\/wp\/v2\/types\/page"}],"author":[{"embeddable":true,"href":"https:\/\/www.shootingcracow.com\/it\/wp-json\/wp\/v2\/users\/1"}],"replies":[{"embeddable":true,"href":"https:\/\/www.shootingcracow.com\/it\/wp-json\/wp\/v2\/comments?post=5921"}],"version-history":[{"count":0,"href":"https:\/\/www.shootingcracow.com\/it\/wp-json\/wp\/v2\/pages\/5921\/revisions"}],"up":[{"embeddable":true,"href":"https:\/\/www.shootingcracow.com\/it\/wp-json\/wp\/v2\/pages\/5865"}],"wp:attachment":[{"href":"https:\/\/www.shootingcracow.com\/it\/wp-json\/wp\/v2\/media?parent=5921"}],"curies":[{"name":"wp","href":"https:\/\/api.w.org\/{rel}","templated":true}]}}