{"id":5906,"date":"2020-06-10T10:51:53","date_gmt":"2020-06-10T08:51:53","guid":{"rendered":"https:\/\/www.shootingcracow.com\/offerta\/tiro-individuale\/"},"modified":"2020-07-08T23:09:51","modified_gmt":"2020-07-08T21:09:51","slug":"tiro-individuale","status":"publish","type":"page","link":"https:\/\/www.shootingcracow.com\/it\/offerta\/tiro-individuale\/","title":{"rendered":"Tiro individuale"},"content":{"rendered":"<section class=\"l-section wpb_row us_custom_6d54c28f height_medium\"><div class=\"l-section-h i-cf\"><div class=\"g-cols vc_row via_flex valign_top type_default stacking_default\"><div class=\"vc_col-sm-12 wpb_column vc_column_container\"><div class=\"vc_column-inner\"><div class=\"wpb_wrapper\"><div id=\"ultimate-heading-53636a00c7c61c55b\" class=\"uvc-heading ult-adjust-bottom-margin ultimate-heading-53636a00c7c61c55b uvc-3138 \" data-hspacer=\"no_spacer\" data-halign=\"center\" style=\"text-align:center\"><div class=\"uvc-heading-spacer no_spacer\" style=\"top\"><\/div><div class=\"uvc-main-heading ult-responsive\" data-ultimate-target=\".uvc-heading.ultimate-heading-53636a00c7c61c55b h1\" data-responsive-json-new=\"{&quot;font-size&quot;:&quot;&quot;,&quot;line-height&quot;:&quot;&quot;}\"><h1 style=\"font-family:&#039;Oswald&#039;;font-weight:500;color:#ffffff;\">TIRO CON ARMI DA FUOCO INDIVIDUALE<\/h1><\/div><\/div><\/div><\/div><\/div><\/div><\/div><\/section><section class=\"l-section wpb_row height_small\"><div class=\"l-section-h i-cf\"><div class=\"g-cols vc_row via_flex valign_top type_default stacking_default\"><div class=\"vc_col-sm-12 wpb_column vc_column_container\"><div class=\"vc_column-inner\"><div class=\"wpb_wrapper\"><div id=\"ultimate-heading-73886a00c7c61cf63\" class=\"uvc-heading ult-adjust-bottom-margin ultimate-heading-73886a00c7c61cf63 uvc-4 \" data-hspacer=\"line_with_icon\" data-hline_width=\"auto\" data-hicon_type=\"custom\" data-hborder_style=\"solid\" data-hborder_height=\"1\" data-hborder_color=\"#ccc\" data-icon_width=\"48\" data-hfixer=\"10\" data-halign=\"center\" style=\"text-align:center\"><div class=\"uvc-main-heading ult-responsive\" data-ultimate-target=\".uvc-heading.ultimate-heading-73886a00c7c61cf63 h2\" data-responsive-json-new=\"{&quot;font-size&quot;:&quot;&quot;,&quot;line-height&quot;:&quot;&quot;}\"><h2 style=\"font-family:&#039;Oswald&#039;;font-weight:300;\">SEI UN AMANTE DELLE ARMI DA FUOCO?<\/h2><\/div><div class=\"uvc-sub-heading ult-responsive\" data-ultimate-target=\".uvc-heading.ultimate-heading-73886a00c7c61cf63 .uvc-sub-heading \" data-responsive-json-new=\"{&quot;font-size&quot;:&quot;&quot;,&quot;line-height&quot;:&quot;&quot;}\" style=\"font-weight:normal;\">\n<p style=\"text-align: center;\">Il momento migliore per farci visita. Cracow Shooting Academy \u00e8 il luogo perfetto per iniziare la vostra avventura con il tiro<br>\no migliorare le vostre abilit\u00e0 gi\u00e0 acquisite nell&#8217;uso delle armi.<\/p>\n<\/div><div class=\"uvc-heading-spacer line_with_icon\" style=\"margin-top:20px;\"><div class=\"ult-just-icon-wrapper \"><div class=\"align-icon\" style=\"text-align:center;\">\n<div class=\"aio-icon-img \" style=\"font-size:48px;display:inline-block;\">\n\t<noscript><img class=\"img-icon\" alt=\"null\" src=\"https:\/\/www.shootingcracow.com\/wp-content\/uploads\/2020\/03\/guns-312418.svg\"><\/noscript><img class=\"img-icon lazyload\" alt=\"null\" src=\"data:image\/gif;base64,R0lGODlhAQABAIAAAAAAAP\/\/\/yH5BAEAAAAALAAAAAABAAEAAAIBRAA7\" data-src=\"https:\/\/www.shootingcracow.com\/wp-content\/uploads\/2020\/03\/guns-312418.svg\">\n<\/div><\/div><\/div><\/div><\/div><div class=\"w-separator size_custom\" style=\"height:20px\"><\/div><div class=\"w-btn-wrapper align_center\"><a class=\"w-btn us-btn-style_1 icon_atleft\" title=\"contatti\" href=\"https:\/\/www.shootingcracow.com\/it\/creare-un-pacchetto\/\"><i class=\"far fa-play\"><\/i><span class=\"w-btn-label\">crea un pacchetto<\/span><\/a><\/div><\/div><\/div><\/div><\/div><\/div><\/section><section class=\"l-section wpb_row height_small\"><div class=\"l-section-h i-cf\"><div class=\"g-cols vc_row via_flex valign_middle type_default stacking_default\"><div class=\"vc_col-sm-6 wpb_column vc_column_container\"><div class=\"vc_column-inner\"><div class=\"wpb_wrapper\"><div id=\"ultimate-heading-12646a00c7c61d857\" class=\"uvc-heading ult-adjust-bottom-margin ultimate-heading-12646a00c7c61d857 uvc-1152 \" data-hspacer=\"no_spacer\" data-halign=\"right\" style=\"text-align:right\"><div class=\"uvc-heading-spacer no_spacer\" style=\"top\"><\/div><div class=\"uvc-main-heading ult-responsive\" data-ultimate-target=\".uvc-heading.ultimate-heading-12646a00c7c61d857 h3\" data-responsive-json-new=\"{&quot;font-size&quot;:&quot;&quot;,&quot;line-height&quot;:&quot;&quot;}\"><h3 style=\"font-family:&#039;Oswald&#039;;font-weight:500;margin-bottom:10px;\">GARANTIAMO TANTO DIVERTIMENTO!<\/h3><\/div><div class=\"uvc-sub-heading ult-responsive\" data-ultimate-target=\".uvc-heading.ultimate-heading-12646a00c7c61d857 .uvc-sub-heading \" data-responsive-json-new=\"{&quot;font-size&quot;:&quot;&quot;,&quot;line-height&quot;:&quot;&quot;}\" style=\"font-weight:normal;\">\n<p>Con noi potrete scegliere l&#8217;arma dei vostri sogni da un enorme arsenale, e ad ogni domanda o dubbio risponder\u00e0 un istruttore, che sar\u00e0 a vostra disposizione per tutta la durata del vostro soggiorno. Gli appassionati di tutto ci\u00f2 che ha a che fare con le armi troveranno sicuramente qualcosa per loro.<\/p>\n<\/div><\/div><\/div><\/div><\/div><div class=\"vc_col-sm-6 wpb_column vc_column_container\"><div class=\"vc_column-inner\"><div class=\"wpb_wrapper\"><div class=\"w-image align_none\"><div class=\"w-image-h\"><noscript><img width=\"1024\" height=\"576\" src=\"https:\/\/www.shootingcracow.com\/wp-content\/uploads\/2020\/04\/IMG_7290-1024x576.jpg\" class=\"attachment-large size-large\" alt decoding=\"async\" srcset=\"https:\/\/www.shootingcracow.com\/wp-content\/uploads\/2020\/04\/IMG_7290-1024x576.jpg 1024w, https:\/\/www.shootingcracow.com\/wp-content\/uploads\/2020\/04\/IMG_7290-300x169.jpg 300w, https:\/\/www.shootingcracow.com\/wp-content\/uploads\/2020\/04\/IMG_7290-1536x864.jpg 1536w, https:\/\/www.shootingcracow.com\/wp-content\/uploads\/2020\/04\/IMG_7290.jpg 1920w\" sizes=\"(max-width: 1024px) 100vw, 1024px\"><\/noscript><img width=\"1024\" height=\"576\" src=\"data:image\/svg+xml,%3Csvg%20xmlns%3D%22http%3A%2F%2Fwww.w3.org%2F2000%2Fsvg%22%20viewBox%3D%220%200%201024%20576%22%3E%3C%2Fsvg%3E\" class=\"attachment-large size-large lazyload\" alt decoding=\"async\" srcset=\"data:image\/svg+xml,%3Csvg%20xmlns%3D%22http%3A%2F%2Fwww.w3.org%2F2000%2Fsvg%22%20viewBox%3D%220%200%201024%20576%22%3E%3C%2Fsvg%3E 1024w\" sizes=\"(max-width: 1024px) 100vw, 1024px\" data-srcset=\"https:\/\/www.shootingcracow.com\/wp-content\/uploads\/2020\/04\/IMG_7290-1024x576.jpg 1024w, https:\/\/www.shootingcracow.com\/wp-content\/uploads\/2020\/04\/IMG_7290-300x169.jpg 300w, https:\/\/www.shootingcracow.com\/wp-content\/uploads\/2020\/04\/IMG_7290-1536x864.jpg 1536w, https:\/\/www.shootingcracow.com\/wp-content\/uploads\/2020\/04\/IMG_7290.jpg 1920w\" data-src=\"https:\/\/www.shootingcracow.com\/wp-content\/uploads\/2020\/04\/IMG_7290-1024x576.jpg\"><\/div><\/div><\/div><\/div><\/div><\/div><\/div><\/section><section class=\"l-section wpb_row height_small\"><div class=\"l-section-h i-cf\"><div class=\"g-cols vc_row via_flex valign_middle type_default reversed stacking_default\"><div class=\"vc_col-sm-6 wpb_column vc_column_container\"><div class=\"vc_column-inner\"><div class=\"wpb_wrapper\"><div class=\"w-image align_none\"><div class=\"w-image-h\"><noscript><img width=\"1024\" height=\"577\" src=\"https:\/\/www.shootingcracow.com\/wp-content\/uploads\/2020\/04\/IMG_7285-1024x577.jpg\" class=\"attachment-large size-large\" alt decoding=\"async\" srcset=\"https:\/\/www.shootingcracow.com\/wp-content\/uploads\/2020\/04\/IMG_7285-1024x577.jpg 1024w, https:\/\/www.shootingcracow.com\/wp-content\/uploads\/2020\/04\/IMG_7285-300x169.jpg 300w, https:\/\/www.shootingcracow.com\/wp-content\/uploads\/2020\/04\/IMG_7285-1536x865.jpg 1536w, https:\/\/www.shootingcracow.com\/wp-content\/uploads\/2020\/04\/IMG_7285.jpg 1920w\" sizes=\"(max-width: 1024px) 100vw, 1024px\"><\/noscript><img width=\"1024\" height=\"577\" src=\"data:image\/svg+xml,%3Csvg%20xmlns%3D%22http%3A%2F%2Fwww.w3.org%2F2000%2Fsvg%22%20viewBox%3D%220%200%201024%20577%22%3E%3C%2Fsvg%3E\" class=\"attachment-large size-large lazyload\" alt decoding=\"async\" srcset=\"data:image\/svg+xml,%3Csvg%20xmlns%3D%22http%3A%2F%2Fwww.w3.org%2F2000%2Fsvg%22%20viewBox%3D%220%200%201024%20577%22%3E%3C%2Fsvg%3E 1024w\" sizes=\"(max-width: 1024px) 100vw, 1024px\" data-srcset=\"https:\/\/www.shootingcracow.com\/wp-content\/uploads\/2020\/04\/IMG_7285-1024x577.jpg 1024w, https:\/\/www.shootingcracow.com\/wp-content\/uploads\/2020\/04\/IMG_7285-300x169.jpg 300w, https:\/\/www.shootingcracow.com\/wp-content\/uploads\/2020\/04\/IMG_7285-1536x865.jpg 1536w, https:\/\/www.shootingcracow.com\/wp-content\/uploads\/2020\/04\/IMG_7285.jpg 1920w\" data-src=\"https:\/\/www.shootingcracow.com\/wp-content\/uploads\/2020\/04\/IMG_7285-1024x577.jpg\"><\/div><\/div><\/div><\/div><\/div><div class=\"vc_col-sm-6 wpb_column vc_column_container\"><div class=\"vc_column-inner\"><div class=\"wpb_wrapper\"><div id=\"ultimate-heading-69686a00c7c61ebe5\" class=\"uvc-heading ult-adjust-bottom-margin ultimate-heading-69686a00c7c61ebe5 uvc-1564 \" data-hspacer=\"no_spacer\" data-halign=\"left\" style=\"text-align:left\"><div class=\"uvc-heading-spacer no_spacer\" style=\"top\"><\/div><div class=\"uvc-main-heading ult-responsive\" data-ultimate-target=\".uvc-heading.ultimate-heading-69686a00c7c61ebe5 h3\" data-responsive-json-new=\"{&quot;font-size&quot;:&quot;&quot;,&quot;line-height&quot;:&quot;&quot;}\"><h3 style=\"font-family:&#039;Oswald&#039;;font-weight:500;margin-bottom:10px;\">PER TE IL TIRO DINAMICO SPORTIVO \u00c8 UNA FORMA DI SVAGO?<\/h3><\/div><div class=\"uvc-sub-heading ult-responsive\" data-ultimate-target=\".uvc-heading.ultimate-heading-69686a00c7c61ebe5 .uvc-sub-heading \" data-responsive-json-new=\"{&quot;font-size&quot;:&quot;&quot;,&quot;line-height&quot;:&quot;&quot;}\" style=\"font-weight:normal;\">\n<p>Vuoi migliorare le tue capacit\u00e0 o semplicemente provare i diversi tipi di armi disponibili nel nostro arsenale? Ti diamo questa opportunit\u00e0. I nostri istruttori ti aiuteranno e ti sosterranno con la loro esperienza in materia di armi e tecniche di tiro.<\/p>\n<\/div><\/div><\/div><\/div><\/div><\/div><\/div><\/section><section class=\"l-section wpb_row height_medium\"><div class=\"l-section-h i-cf\"><div class=\"g-cols vc_row via_flex valign_top type_default stacking_default\"><div class=\"vc_col-sm-12 wpb_column vc_column_container\"><div class=\"vc_column-inner\"><div class=\"wpb_wrapper\"><div class=\"g-cols wpb_row us_custom_2c45f91b via_flex valign_top type_default stacking_default\"><div class=\"vc_col-sm-6 wpb_column vc_column_container\"><div class=\"vc_column-inner\"><div class=\"wpb_wrapper\"><div class=\"w-btn-wrapper align_center\"><a class=\"w-btn us-btn-style_1 icon_atleft\" title=\"Listino prezzi\" href=\"https:\/\/www.shootingcracow.com\/it\/listino-prezzi\/\"><i class=\"far fa-play\"><\/i><span class=\"w-btn-label\">Vedi il listino prezzi<\/span><\/a><\/div><\/div><\/div><\/div><div class=\"vc_col-sm-6 wpb_column vc_column_container\"><div class=\"vc_column-inner\"><div class=\"wpb_wrapper\"><div class=\"w-btn-wrapper align_center\"><a class=\"w-btn us-btn-style_1 icon_atleft\" title=\"pacchetti\" href=\"https:\/\/www.shootingcracow.com\/it\/contatti\/\"><i class=\"far fa-play\"><\/i><span class=\"w-btn-label\">prenota<\/span><\/a><\/div><\/div><\/div><\/div><\/div><\/div><\/div><\/div><\/div><\/div><\/section><section class=\"l-section wpb_row us_custom_0c54ba39 height_medium width_full\"><div class=\"l-section-h i-cf\"><div class=\"g-cols vc_row via_flex valign_top type_default stacking_default\"><div class=\"vc_col-sm-12 wpb_column vc_column_container\"><div class=\"vc_column-inner\"><div class=\"wpb_wrapper\"><div class=\"w-actionbox us_custom_a86d61b4 action-box-blok has_text_color color_light controls_bottom\"><div class=\"w-actionbox-text\"><h4 class=\"w-actionbox-title\" style=\"font-size:25px\">Vuoi maggiori informazioni?<\/h4><div class=\"w-actionbox-description\"><p>Scrivi o chiama<\/p>\n<\/div><\/div><div class=\"w-actionbox-controls\"><a class=\"w-btn us-btn-style_1 icon_atleft\" title=\"contatti\" href=\"https:\/\/www.shootingcracow.com\/it\/contatti\/\" style=\"font-size:18px;\"><i class=\"far fa-play\"><\/i><span class=\"w-btn-label\">contatti<\/span><\/a><a class=\"w-btn us-btn-style_1 icon_atleft\" title=\"listino prezzi\" href=\"https:\/\/www.shootingcracow.com\/it\/listino-prezzi\/\" style=\"font-size:18px;\"><i class=\"far fa-play\"><\/i><span class=\"w-btn-label\">pacchetti<\/span><\/a><\/div><\/div><\/div><\/div><\/div><\/div><\/div><\/section><section class=\"l-section wpb_row us_custom_9d21f858 height_medium width_full\"><div class=\"l-section-h i-cf\"><div class=\"g-cols vc_row via_flex valign_top type_default stacking_default\"><div class=\"vc_col-sm-12 wpb_column vc_column_container\"><div class=\"vc_column-inner us_custom_8535c5f4\"><div class=\"wpb_wrapper\">[vc_raw_html el_class=&#8221;google-maps&#8221; css=&#8221;%7B%22default%22%3A%7B%22line-height%22%3A%220%22%2C%22margin-bottom%22%3A%220%22%2C%22padding-bottom%22%3A%220%22%7D%7D&#8221;]PGlmcmFtZSBzcmM9Imh0dHBzOi8vd3d3Lmdvb2dsZS5jb20vbWFwcy9lbWJlZD9wYj0hMW0xOCExbTEyITFtMyExZDI1NTkuMDUzMTczNzg5NDQhMmQxOS44NjI1NTk2MTU5NzM0NiEzZDUwLjEwNDAxMTY3OTQyOTE2ITJtMyExZjAhMmYwITNmMCEzbTIhMWkxMDI0ITJpNzY4ITRmMTMuMSEzbTMhMW0yITFzMHg0NzE2NTk5MTJhNzQzNmNiJTNBMHg2MTlmODFkOTMyN2EwYWQ5ITJzQ3JhY293K1Nob290aW5nK0FjYWRlbXkhNWUwITNtMiExc3BsITJzcGwhNHYxNTMyNzg1OTMwMzU0IiB3aWR0aD0iMjAwMCIgaGVpZ2h0PSIzNTAiIGZyYW1lYm9yZGVyPSIwIiBzdHlsZT0iYm9yZGVyOjAiIGFsbG93ZnVsbHNjcmVlbj0iIj48L2lmcmFtZT4=[\/vc_raw_html]<\/div><\/div><\/div><\/div><\/div><\/section>\n","protected":false},"excerpt":{"rendered":"TIRO CON ARMI DA FUOCO INDIVIDUALESEI UN AMANTE DELLE ARMI DA FUOCO? Il momento migliore per farci visita. Cracow Shooting Academy \u00e8 il luogo perfetto per iniziare la vostra avventura con il tiro o migliorare le vostre abilit\u00e0 gi\u00e0 acquisite nell'uso delle armi. crea un pacchettoGARANTIAMO TANTO DIVERTIMENTO! Con noi potrete scegliere l'arma dei vostri...","protected":false},"author":1,"featured_media":0,"parent":5865,"menu_order":2,"comment_status":"closed","ping_status":"closed","template":"","meta":{"powered_cache_disable_cache":false},"acf":[],"yoast_head":"<!-- This site is optimized with the Yoast SEO plugin v20.6 - https:\/\/yoast.com\/wordpress\/plugins\/seo\/ -->\n<title>Armi da fuoco individuali che sparano in un poligono di tiro a Cracovia<\/title>\n<meta name=\"description\" content=\"Armi da fuoco individuali che sparano in un poligono di tiro a Cracovia Tutti sono i benvenuti, non importa quanto avanzato tu sia nell&#039;uso delle armi.\" \/>\n<meta name=\"robots\" content=\"index, follow, max-snippet:-1, max-image-preview:large, max-video-preview:-1\" \/>\n<link rel=\"canonical\" href=\"https:\/\/www.shootingcracow.com\/it\/offerta\/tiro-individuale\/\" \/>\n<meta property=\"og:locale\" content=\"it_IT\" \/>\n<meta property=\"og:type\" content=\"article\" \/>\n<meta property=\"og:title\" content=\"Armi da fuoco individuali che sparano in un poligono di tiro a Cracovia\" \/>\n<meta property=\"og:description\" content=\"Armi da fuoco individuali che sparano in un poligono di tiro a Cracovia Tutti sono i benvenuti, non importa quanto avanzato tu sia nell&#039;uso delle armi.\" \/>\n<meta property=\"og:url\" content=\"https:\/\/www.shootingcracow.com\/it\/offerta\/tiro-individuale\/\" \/>\n<meta property=\"og:site_name\" content=\"Shooting Cracow\" \/>\n<meta property=\"article:publisher\" content=\"https:\/\/www.facebook.com\/shootingcracow\" \/>\n<meta property=\"article:modified_time\" content=\"2020-07-08T21:09:51+00:00\" \/>\n<meta property=\"og:image\" content=\"https:\/\/www.shootingcracow.com\/wp-content\/uploads\/2020\/03\/IMG_7320.jpg\" \/>\n\t<meta property=\"og:image:width\" content=\"1200\" \/>\n\t<meta property=\"og:image:height\" content=\"800\" \/>\n\t<meta property=\"og:image:type\" content=\"image\/jpeg\" \/>\n<meta name=\"twitter:card\" content=\"summary_large_image\" \/>\n<meta name=\"twitter:label1\" content=\"Tempo di lettura stimato\" \/>\n\t<meta name=\"twitter:data1\" content=\"4 minuti\" \/>\n<script type=\"application\/ld+json\" class=\"yoast-schema-graph\">{\"@context\":\"https:\/\/schema.org\",\"@graph\":[{\"@type\":\"WebPage\",\"@id\":\"https:\/\/www.shootingcracow.com\/it\/offerta\/tiro-individuale\/\",\"url\":\"https:\/\/www.shootingcracow.com\/it\/offerta\/tiro-individuale\/\",\"name\":\"Armi da fuoco individuali che sparano in un poligono di tiro a Cracovia\",\"isPartOf\":{\"@id\":\"https:\/\/www.shootingcracow.com\/it\/#website\"},\"datePublished\":\"2020-06-10T08:51:53+00:00\",\"dateModified\":\"2020-07-08T21:09:51+00:00\",\"description\":\"Armi da fuoco individuali che sparano in un poligono di tiro a Cracovia Tutti sono i benvenuti, non importa quanto avanzato tu sia nell'uso delle armi.\",\"breadcrumb\":{\"@id\":\"https:\/\/www.shootingcracow.com\/it\/offerta\/tiro-individuale\/#breadcrumb\"},\"inLanguage\":\"it-IT\",\"potentialAction\":[{\"@type\":\"ReadAction\",\"target\":[\"https:\/\/www.shootingcracow.com\/it\/offerta\/tiro-individuale\/\"]}]},{\"@type\":\"BreadcrumbList\",\"@id\":\"https:\/\/www.shootingcracow.com\/it\/offerta\/tiro-individuale\/#breadcrumb\",\"itemListElement\":[{\"@type\":\"ListItem\",\"position\":1,\"name\":\"Strona g\u0142\u00f3wna\",\"item\":\"https:\/\/www.shootingcracow.com\/it\/home-page\/\"},{\"@type\":\"ListItem\",\"position\":2,\"name\":\"Offerta\",\"item\":\"https:\/\/www.shootingcracow.com\/it\/offerta\/\"},{\"@type\":\"ListItem\",\"position\":3,\"name\":\"Tiro individuale\"}]},{\"@type\":\"WebSite\",\"@id\":\"https:\/\/www.shootingcracow.com\/it\/#website\",\"url\":\"https:\/\/www.shootingcracow.com\/it\/\",\"name\":\"Shooting Cracow\",\"description\":\"\",\"potentialAction\":[{\"@type\":\"SearchAction\",\"target\":{\"@type\":\"EntryPoint\",\"urlTemplate\":\"https:\/\/www.shootingcracow.com\/it\/?s={search_term_string}\"},\"query-input\":\"required name=search_term_string\"}],\"inLanguage\":\"it-IT\"}]}<\/script>\n<!-- \/ Yoast SEO plugin. -->","yoast_head_json":{"title":"Armi da fuoco individuali che sparano in un poligono di tiro a Cracovia","description":"Armi da fuoco individuali che sparano in un poligono di tiro a Cracovia Tutti sono i benvenuti, non importa quanto avanzato tu sia nell'uso delle armi.","robots":{"index":"index","follow":"follow","max-snippet":"max-snippet:-1","max-image-preview":"max-image-preview:large","max-video-preview":"max-video-preview:-1"},"canonical":"https:\/\/www.shootingcracow.com\/it\/offerta\/tiro-individuale\/","og_locale":"it_IT","og_type":"article","og_title":"Armi da fuoco individuali che sparano in un poligono di tiro a Cracovia","og_description":"Armi da fuoco individuali che sparano in un poligono di tiro a Cracovia Tutti sono i benvenuti, non importa quanto avanzato tu sia nell'uso delle armi.","og_url":"https:\/\/www.shootingcracow.com\/it\/offerta\/tiro-individuale\/","og_site_name":"Shooting Cracow","article_publisher":"https:\/\/www.facebook.com\/shootingcracow","article_modified_time":"2020-07-08T21:09:51+00:00","og_image":[{"width":1200,"height":800,"url":"https:\/\/www.shootingcracow.com\/wp-content\/uploads\/2020\/03\/IMG_7320.jpg","type":"image\/jpeg"}],"twitter_card":"summary_large_image","twitter_misc":{"Tempo di lettura stimato":"4 minuti"},"schema":{"@context":"https:\/\/schema.org","@graph":[{"@type":"WebPage","@id":"https:\/\/www.shootingcracow.com\/it\/offerta\/tiro-individuale\/","url":"https:\/\/www.shootingcracow.com\/it\/offerta\/tiro-individuale\/","name":"Armi da fuoco individuali che sparano in un poligono di tiro a Cracovia","isPartOf":{"@id":"https:\/\/www.shootingcracow.com\/it\/#website"},"datePublished":"2020-06-10T08:51:53+00:00","dateModified":"2020-07-08T21:09:51+00:00","description":"Armi da fuoco individuali che sparano in un poligono di tiro a Cracovia Tutti sono i benvenuti, non importa quanto avanzato tu sia nell'uso delle armi.","breadcrumb":{"@id":"https:\/\/www.shootingcracow.com\/it\/offerta\/tiro-individuale\/#breadcrumb"},"inLanguage":"it-IT","potentialAction":[{"@type":"ReadAction","target":["https:\/\/www.shootingcracow.com\/it\/offerta\/tiro-individuale\/"]}]},{"@type":"BreadcrumbList","@id":"https:\/\/www.shootingcracow.com\/it\/offerta\/tiro-individuale\/#breadcrumb","itemListElement":[{"@type":"ListItem","position":1,"name":"Strona g\u0142\u00f3wna","item":"https:\/\/www.shootingcracow.com\/it\/home-page\/"},{"@type":"ListItem","position":2,"name":"Offerta","item":"https:\/\/www.shootingcracow.com\/it\/offerta\/"},{"@type":"ListItem","position":3,"name":"Tiro individuale"}]},{"@type":"WebSite","@id":"https:\/\/www.shootingcracow.com\/it\/#website","url":"https:\/\/www.shootingcracow.com\/it\/","name":"Shooting Cracow","description":"","potentialAction":[{"@type":"SearchAction","target":{"@type":"EntryPoint","urlTemplate":"https:\/\/www.shootingcracow.com\/it\/?s={search_term_string}"},"query-input":"required name=search_term_string"}],"inLanguage":"it-IT"}]}},"_links":{"self":[{"href":"https:\/\/www.shootingcracow.com\/it\/wp-json\/wp\/v2\/pages\/5906"}],"collection":[{"href":"https:\/\/www.shootingcracow.com\/it\/wp-json\/wp\/v2\/pages"}],"about":[{"href":"https:\/\/www.shootingcracow.com\/it\/wp-json\/wp\/v2\/types\/page"}],"author":[{"embeddable":true,"href":"https:\/\/www.shootingcracow.com\/it\/wp-json\/wp\/v2\/users\/1"}],"replies":[{"embeddable":true,"href":"https:\/\/www.shootingcracow.com\/it\/wp-json\/wp\/v2\/comments?post=5906"}],"version-history":[{"count":0,"href":"https:\/\/www.shootingcracow.com\/it\/wp-json\/wp\/v2\/pages\/5906\/revisions"}],"up":[{"embeddable":true,"href":"https:\/\/www.shootingcracow.com\/it\/wp-json\/wp\/v2\/pages\/5865"}],"wp:attachment":[{"href":"https:\/\/www.shootingcracow.com\/it\/wp-json\/wp\/v2\/media?parent=5906"}],"curies":[{"name":"wp","href":"https:\/\/api.w.org\/{rel}","templated":true}]}}