{"id":5853,"date":"2020-06-09T15:42:50","date_gmt":"2020-06-09T13:42:50","guid":{"rendered":"https:\/\/www.shootingcracow.com\/offre\/cours-de-formation\/5853-2\/"},"modified":"2020-06-26T21:23:38","modified_gmt":"2020-06-26T19:23:38","slug":"entrainement-au-combat","status":"publish","type":"page","link":"https:\/\/www.shootingcracow.com\/fr\/offre\/cours-de-formation\/entrainement-au-combat\/","title":{"rendered":"Entra\u00eenement au combat"},"content":{"rendered":"<section class=\"l-section wpb_row us_custom_6d54c28f height_medium\"><div class=\"l-section-h i-cf\"><div class=\"g-cols vc_row via_flex valign_top type_default stacking_default\"><div class=\"vc_col-sm-12 wpb_column vc_column_container\"><div class=\"vc_column-inner\"><div class=\"wpb_wrapper\"><div id=\"ultimate-heading-34469f707c80871b\" class=\"uvc-heading ult-adjust-bottom-margin ultimate-heading-34469f707c80871b uvc-1282 \" data-hspacer=\"no_spacer\" data-halign=\"center\" style=\"text-align:center\"><div class=\"uvc-heading-spacer no_spacer\" style=\"top\"><\/div><div class=\"uvc-main-heading ult-responsive\" data-ultimate-target='.uvc-heading.ultimate-heading-34469f707c80871b h1' data-responsive-json-new='{\"font-size\":\"\",\"line-height\":\"\"}' ><h1 style=\"font-family:&#039;Oswald&#039;;font-weight:500;color:#ffffff;\">COURS DE TIR PRATIQUE ET D\u00c9FENSIF<\/h1><\/div><\/div><\/div><\/div><\/div><\/div><\/div><\/section><section class=\"l-section wpb_row us_custom_1715fae4 height_huge color_alternate\"><div class=\"l-section-h i-cf\"><div class=\"g-cols vc_row via_flex valign_middle type_default stacking_default\"><div class=\"vc_col-sm-12 wpb_column vc_column_container\"><div class=\"vc_column-inner\"><div class=\"wpb_wrapper\"><div class=\"wpb_text_column us_custom_7e500814 has_text_color\"><div class=\"wpb_wrapper\"><p>\u00e0 venir<\/p>\n<\/div><\/div><\/div><\/div><\/div><\/div><\/div><\/section><section class=\"l-section wpb_row us_custom_0c54ba39 height_medium width_full\"><div class=\"l-section-h i-cf\"><div class=\"g-cols vc_row via_flex valign_top type_default stacking_default\"><div class=\"vc_col-sm-12 wpb_column vc_column_container\"><div class=\"vc_column-inner\"><div class=\"wpb_wrapper\"><div class=\"w-actionbox us_custom_a86d61b4 action-box-blok has_text_color color_light controls_bottom\"><div class=\"w-actionbox-text\"><h4 class=\"w-actionbox-title\">AVEZ-VOUS DES QUESTIONS?<\/h4><div class=\"w-actionbox-description\"><p>\u00c9CRIVEZ-NOUS MAINTENANT!<\/p>\n<\/div><\/div><div class=\"w-actionbox-controls\"><a class=\"w-btn us-btn-style_1 icon_atleft\" title=\"contact\" href=\"https:\/\/www.shootingcracow.com\/fr\/contact\/\" style=\"font-size:18px;\"><i class=\"far fa-play\"><\/i><span class=\"w-btn-label\">contact<\/span><\/a><a class=\"w-btn us-btn-style_1 icon_atleft\" title=\"tarif\" href=\"https:\/\/www.shootingcracow.com\/fr\/tarif\/\" style=\"font-size:18px;\"><i class=\"far fa-play\"><\/i><span class=\"w-btn-label\">PACKS<\/span><\/a><\/div><\/div><\/div><\/div><\/div><\/div><\/div><\/section><section class=\"l-section wpb_row us_custom_9d21f858 height_medium width_full\"><div class=\"l-section-h i-cf\"><div class=\"g-cols vc_row via_flex valign_top type_default stacking_default\"><div class=\"vc_col-sm-12 wpb_column vc_column_container\"><div class=\"vc_column-inner us_custom_8535c5f4\"><div class=\"wpb_wrapper\">[vc_raw_html el_class=\u00a0\u00bbgoogle-maps\u00a0\u00bb css=\u00a0\u00bb%7B%22default%22%3A%7B%22line-height%22%3A%220%22%2C%22margin-bottom%22%3A%220%22%2C%22padding-bottom%22%3A%220%22%7D%7D\u00a0\u00bb]PGlmcmFtZSBzcmM9Imh0dHBzOi8vd3d3Lmdvb2dsZS5jb20vbWFwcy9lbWJlZD9wYj0hMW0xOCExbTEyITFtMyExZDI1NTkuMDUzMTczNzg5NDQhMmQxOS44NjI1NTk2MTU5NzM0NiEzZDUwLjEwNDAxMTY3OTQyOTE2ITJtMyExZjAhMmYwITNmMCEzbTIhMWkxMDI0ITJpNzY4ITRmMTMuMSEzbTMhMW0yITFzMHg0NzE2NTk5MTJhNzQzNmNiJTNBMHg2MTlmODFkOTMyN2EwYWQ5ITJzQ3JhY293K1Nob290aW5nK0FjYWRlbXkhNWUwITNtMiExc3BsITJzcGwhNHYxNTMyNzg1OTMwMzU0IiB3aWR0aD0iMjAwMCIgaGVpZ2h0PSIzNTAiIGZyYW1lYm9yZGVyPSIwIiBzdHlsZT0iYm9yZGVyOjAiIGFsbG93ZnVsbHNjcmVlbj0iIj48L2lmcmFtZT4=[\/vc_raw_html]<\/div><\/div><\/div><\/div><\/div><\/section>\n","protected":false},"excerpt":{"rendered":"COURS DE TIR PRATIQUE ET D\u00c9FENSIF\u00e0 venir AVEZ-VOUS DES QUESTIONS?\u00c9CRIVEZ-NOUS MAINTENANT! contactPACKS[vc_raw_html el_class=\"google-maps\" css=\"%7B%22default%22%3A%7B%22line-height%22%3A%220%22%2C%22margin-bottom%22%3A%220%22%2C%22padding-bottom%22%3A%220%22%7D%7D\"]PGlmcmFtZSBzcmM9Imh0dHBzOi8vd3d3Lmdvb2dsZS5jb20vbWFwcy9lbWJlZD9wYj0hMW0xOCExbTEyITFtMyExZDI1NTkuMDUzMTczNzg5NDQhMmQxOS44NjI1NTk2MTU5NzM0NiEzZDUwLjEwNDAxMTY3OTQyOTE2ITJtMyExZjAhMmYwITNmMCEzbTIhMWkxMDI0ITJpNzY4ITRmMTMuMSEzbTMhMW0yITFzMHg0NzE2NTk5MTJhNzQzNmNiJTNBMHg2MTlmODFkOTMyN2EwYWQ5ITJzQ3JhY293K1Nob290aW5nK0FjYWRlbXkhNWUwITNtMiExc3BsITJzcGwhNHYxNTMyNzg1OTMwMzU0IiB3aWR0aD0iMjAwMCIgaGVpZ2h0PSIzNTAiIGZyYW1lYm9yZGVyPSIwIiBzdHlsZT0iYm9yZGVyOjAiIGFsbG93ZnVsbHNjcmVlbj0iIj48L2lmcmFtZT4=[\/vc_raw_html]","protected":false},"author":1,"featured_media":0,"parent":5834,"menu_order":0,"comment_status":"closed","ping_status":"closed","template":"","meta":{"powered_cache_disable_cache":false},"acf":[],"yoast_head":"<!-- This site is optimized with the Yoast SEO plugin v20.6 - https:\/\/yoast.com\/wordpress\/plugins\/seo\/ -->\n<title>Cours d&#039;instructeur de tir de combat<\/title>\n<meta name=\"description\" content=\". .\" \/>\n<meta name=\"robots\" content=\"index, follow, max-snippet:-1, max-image-preview:large, max-video-preview:-1\" \/>\n<link rel=\"canonical\" href=\"https:\/\/www.shootingcracow.com\/fr\/offre\/cours-de-formation\/entrainement-au-combat\/\" \/>\n<meta property=\"og:locale\" content=\"fr_FR\" \/>\n<meta property=\"og:type\" content=\"article\" \/>\n<meta property=\"og:title\" content=\"Cours d&#039;instructeur de tir de combat\" \/>\n<meta property=\"og:description\" content=\". .\" \/>\n<meta property=\"og:url\" content=\"https:\/\/www.shootingcracow.com\/fr\/offre\/cours-de-formation\/entrainement-au-combat\/\" \/>\n<meta property=\"og:site_name\" content=\"Shooting Cracow\" \/>\n<meta property=\"article:publisher\" content=\"https:\/\/www.facebook.com\/shootingcracow\" \/>\n<meta property=\"article:modified_time\" content=\"2020-06-26T19:23:38+00:00\" \/>\n<meta property=\"og:image\" content=\"https:\/\/www.shootingcracow.com\/wp-content\/uploads\/2020\/03\/IMG_7320.jpg\" \/>\n\t<meta property=\"og:image:width\" content=\"1200\" \/>\n\t<meta property=\"og:image:height\" content=\"800\" \/>\n\t<meta property=\"og:image:type\" content=\"image\/jpeg\" \/>\n<meta name=\"twitter:card\" content=\"summary_large_image\" \/>\n<meta name=\"twitter:label1\" content=\"Dur\u00e9e de lecture estim\u00e9e\" \/>\n\t<meta name=\"twitter:data1\" content=\"9 minutes\" \/>\n<script type=\"application\/ld+json\" class=\"yoast-schema-graph\">{\"@context\":\"https:\/\/schema.org\",\"@graph\":[{\"@type\":\"WebPage\",\"@id\":\"https:\/\/www.shootingcracow.com\/fr\/offre\/cours-de-formation\/entrainement-au-combat\/\",\"url\":\"https:\/\/www.shootingcracow.com\/fr\/offre\/cours-de-formation\/entrainement-au-combat\/\",\"name\":\"Cours d'instructeur de tir de combat\",\"isPartOf\":{\"@id\":\"https:\/\/www.shootingcracow.com\/fr\/#website\"},\"datePublished\":\"2020-06-09T13:42:50+00:00\",\"dateModified\":\"2020-06-26T19:23:38+00:00\",\"description\":\". .\",\"breadcrumb\":{\"@id\":\"https:\/\/www.shootingcracow.com\/fr\/offre\/cours-de-formation\/entrainement-au-combat\/#breadcrumb\"},\"inLanguage\":\"fr-FR\",\"potentialAction\":[{\"@type\":\"ReadAction\",\"target\":[\"https:\/\/www.shootingcracow.com\/fr\/offre\/cours-de-formation\/entrainement-au-combat\/\"]}]},{\"@type\":\"BreadcrumbList\",\"@id\":\"https:\/\/www.shootingcracow.com\/fr\/offre\/cours-de-formation\/entrainement-au-combat\/#breadcrumb\",\"itemListElement\":[{\"@type\":\"ListItem\",\"position\":1,\"name\":\"Strona g\u0142\u00f3wna\",\"item\":\"https:\/\/www.shootingcracow.com\/fr\/page-d-accueil\/\"},{\"@type\":\"ListItem\",\"position\":2,\"name\":\"Offre\",\"item\":\"https:\/\/www.shootingcracow.com\/fr\/offre\/\"},{\"@type\":\"ListItem\",\"position\":3,\"name\":\"Cours de formation\",\"item\":\"https:\/\/www.shootingcracow.com\/fr\/offre\/cours-de-formation\/\"},{\"@type\":\"ListItem\",\"position\":4,\"name\":\"Entra\u00eenement au combat\"}]},{\"@type\":\"WebSite\",\"@id\":\"https:\/\/www.shootingcracow.com\/fr\/#website\",\"url\":\"https:\/\/www.shootingcracow.com\/fr\/\",\"name\":\"Shooting Cracow\",\"description\":\"\",\"potentialAction\":[{\"@type\":\"SearchAction\",\"target\":{\"@type\":\"EntryPoint\",\"urlTemplate\":\"https:\/\/www.shootingcracow.com\/fr\/?s={search_term_string}\"},\"query-input\":\"required name=search_term_string\"}],\"inLanguage\":\"fr-FR\"}]}<\/script>\n<!-- \/ Yoast SEO plugin. -->","yoast_head_json":{"title":"Cours d'instructeur de tir de combat","description":". .","robots":{"index":"index","follow":"follow","max-snippet":"max-snippet:-1","max-image-preview":"max-image-preview:large","max-video-preview":"max-video-preview:-1"},"canonical":"https:\/\/www.shootingcracow.com\/fr\/offre\/cours-de-formation\/entrainement-au-combat\/","og_locale":"fr_FR","og_type":"article","og_title":"Cours d'instructeur de tir de combat","og_description":". .","og_url":"https:\/\/www.shootingcracow.com\/fr\/offre\/cours-de-formation\/entrainement-au-combat\/","og_site_name":"Shooting Cracow","article_publisher":"https:\/\/www.facebook.com\/shootingcracow","article_modified_time":"2020-06-26T19:23:38+00:00","og_image":[{"width":1200,"height":800,"url":"https:\/\/www.shootingcracow.com\/wp-content\/uploads\/2020\/03\/IMG_7320.jpg","type":"image\/jpeg"}],"twitter_card":"summary_large_image","twitter_misc":{"Dur\u00e9e de lecture estim\u00e9e":"9 minutes"},"schema":{"@context":"https:\/\/schema.org","@graph":[{"@type":"WebPage","@id":"https:\/\/www.shootingcracow.com\/fr\/offre\/cours-de-formation\/entrainement-au-combat\/","url":"https:\/\/www.shootingcracow.com\/fr\/offre\/cours-de-formation\/entrainement-au-combat\/","name":"Cours d'instructeur de tir de combat","isPartOf":{"@id":"https:\/\/www.shootingcracow.com\/fr\/#website"},"datePublished":"2020-06-09T13:42:50+00:00","dateModified":"2020-06-26T19:23:38+00:00","description":". .","breadcrumb":{"@id":"https:\/\/www.shootingcracow.com\/fr\/offre\/cours-de-formation\/entrainement-au-combat\/#breadcrumb"},"inLanguage":"fr-FR","potentialAction":[{"@type":"ReadAction","target":["https:\/\/www.shootingcracow.com\/fr\/offre\/cours-de-formation\/entrainement-au-combat\/"]}]},{"@type":"BreadcrumbList","@id":"https:\/\/www.shootingcracow.com\/fr\/offre\/cours-de-formation\/entrainement-au-combat\/#breadcrumb","itemListElement":[{"@type":"ListItem","position":1,"name":"Strona g\u0142\u00f3wna","item":"https:\/\/www.shootingcracow.com\/fr\/page-d-accueil\/"},{"@type":"ListItem","position":2,"name":"Offre","item":"https:\/\/www.shootingcracow.com\/fr\/offre\/"},{"@type":"ListItem","position":3,"name":"Cours de formation","item":"https:\/\/www.shootingcracow.com\/fr\/offre\/cours-de-formation\/"},{"@type":"ListItem","position":4,"name":"Entra\u00eenement au combat"}]},{"@type":"WebSite","@id":"https:\/\/www.shootingcracow.com\/fr\/#website","url":"https:\/\/www.shootingcracow.com\/fr\/","name":"Shooting Cracow","description":"","potentialAction":[{"@type":"SearchAction","target":{"@type":"EntryPoint","urlTemplate":"https:\/\/www.shootingcracow.com\/fr\/?s={search_term_string}"},"query-input":"required name=search_term_string"}],"inLanguage":"fr-FR"}]}},"_links":{"self":[{"href":"https:\/\/www.shootingcracow.com\/fr\/wp-json\/wp\/v2\/pages\/5853"}],"collection":[{"href":"https:\/\/www.shootingcracow.com\/fr\/wp-json\/wp\/v2\/pages"}],"about":[{"href":"https:\/\/www.shootingcracow.com\/fr\/wp-json\/wp\/v2\/types\/page"}],"author":[{"embeddable":true,"href":"https:\/\/www.shootingcracow.com\/fr\/wp-json\/wp\/v2\/users\/1"}],"replies":[{"embeddable":true,"href":"https:\/\/www.shootingcracow.com\/fr\/wp-json\/wp\/v2\/comments?post=5853"}],"version-history":[{"count":0,"href":"https:\/\/www.shootingcracow.com\/fr\/wp-json\/wp\/v2\/pages\/5853\/revisions"}],"up":[{"embeddable":true,"href":"https:\/\/www.shootingcracow.com\/fr\/wp-json\/wp\/v2\/pages\/5834"}],"wp:attachment":[{"href":"https:\/\/www.shootingcracow.com\/fr\/wp-json\/wp\/v2\/media?parent=5853"}],"curies":[{"name":"wp","href":"https:\/\/api.w.org\/{rel}","templated":true}]}}