{"id":5849,"date":"2020-06-09T15:32:47","date_gmt":"2020-06-09T13:32:47","guid":{"rendered":"https:\/\/www.shootingcracow.com\/offre\/cours-de-formation\/entrainement-sportif-dynamique\/"},"modified":"2020-06-10T13:25:15","modified_gmt":"2020-06-10T11:25:15","slug":"entrainement-sportif-dynamique","status":"publish","type":"page","link":"https:\/\/www.shootingcracow.com\/fr\/offre\/cours-de-formation\/entrainement-sportif-dynamique\/","title":{"rendered":"Entra\u00eenement sportif dynamique"},"content":{"rendered":"<section class=\"l-section wpb_row us_custom_6d54c28f height_medium\"><div class=\"l-section-h i-cf\"><div class=\"g-cols vc_row via_flex valign_top type_default stacking_default\"><div class=\"vc_col-sm-12 wpb_column vc_column_container\"><div class=\"vc_column-inner\"><div class=\"wpb_wrapper\"><div id=\"ultimate-heading-718769f718e68deed\" class=\"uvc-heading ult-adjust-bottom-margin ultimate-heading-718769f718e68deed uvc-9030 \" data-hspacer=\"no_spacer\" data-halign=\"center\" style=\"text-align:center\"><div class=\"uvc-heading-spacer no_spacer\" style=\"top\"><\/div><div class=\"uvc-main-heading ult-responsive\" data-ultimate-target=\".uvc-heading.ultimate-heading-718769f718e68deed h1\" data-responsive-json-new=\"{&quot;font-size&quot;:&quot;&quot;,&quot;line-height&quot;:&quot;&quot;}\"><h1 style=\"font-family:&#039;Oswald&#039;;font-weight:500;color:#ffffff;\">COURS DE TIR SPORTIF ET DYNAMIQUE<\/h1><\/div><\/div><\/div><\/div><\/div><\/div><\/div><\/section><section class=\"l-section wpb_row us_custom_b7a68ffe height_small\"><div class=\"l-section-h i-cf\"><div class=\"g-cols vc_row via_flex valign_top type_default stacking_default\"><div class=\"vc_col-sm-12 wpb_column vc_column_container\"><div class=\"vc_column-inner\"><div class=\"wpb_wrapper\"><div id=\"ultimate-heading-178469f718e68e28b\" class=\"uvc-heading ult-adjust-bottom-margin ultimate-heading-178469f718e68e28b uvc-8653 \" data-hspacer=\"no_spacer\" data-halign=\"center\" style=\"text-align:center\"><div class=\"uvc-heading-spacer no_spacer\" style=\"top\"><\/div><div class=\"uvc-sub-heading ult-responsive\" data-ultimate-target=\".uvc-heading.ultimate-heading-178469f718e68e28b .uvc-sub-heading \" data-responsive-json-new=\"{&quot;font-size&quot;:&quot;&quot;,&quot;line-height&quot;:&quot;&quot;}\" style=\"font-weight:normal;color:#ffffff;\">\n<p style=\"text-align: center;\">Nous proposons des entra\u00eenements au tir visant \u00e0 utiliser les armes dans le sport. Les cours sont con\u00e7us pour les d\u00e9butants qui commencent leur aventure avec la dynamique, ainsi que pour les tireurs pratiquant activement le tir dynamique et d\u00e9sireux d&rsquo;am\u00e9liorer leurs comp\u00e9tences. Ces cours sont dispens\u00e9s avec des armes l\u00e9g\u00e8res ainsi qu&rsquo;avec des fusils et des carabines.<\/p>\n<\/div><\/div><\/div><\/div><\/div><\/div><\/div><\/section><section class=\"l-section wpb_row us_custom_1715fae4 height_small color_alternate\"><div class=\"l-section-h i-cf\"><div class=\"g-cols vc_row via_flex valign_top type_default stacking_default\"><div class=\"vc_col-sm-12 wpb_column vc_column_container\"><div class=\"vc_column-inner\"><div class=\"wpb_wrapper\"><div class=\"wpb_text_column us_custom_a1efb5f0 has_text_color\"><div class=\"wpb_wrapper\"><p style=\"text-align: center;\">Chacun des cours varie en fonction du niveau d&rsquo;avancement<br>\ndu de <strong> Level I<\/strong>, au <strong>Level <\/strong><strong>II<\/strong>.<\/p>\n<\/div><\/div><div class=\"g-cols wpb_row us_custom_41843a68 via_flex valign_top type_default stacking_default\" style=\"--additional-gap:4px;\"><div class=\"vc_col-sm-6 wpb_column vc_column_container Szkolenia-column has_text_color has_bg_color\"><div class=\"vc_column-inner us_custom_d605a70f\"><div class=\"wpb_wrapper\">[vc_custom_heading text=&nbsp;\u00bbProgramme &#8211; Level I&nbsp;\u00bb font_container=&nbsp;\u00bbtag:h2|text_align:center&nbsp;\u00bb google_fonts=&nbsp;\u00bbfont_family:Oswald%3A300%2Cregular%2C700|font_style:400%20regular%3A400%3Anormal&nbsp;\u00bb css=&nbsp;\u00bb%7B%22default%22%3A%7B%22color%22%3A%22%23ffffff%22%2C%22text-transform%22%3A%22uppercase%22%2C%22font-size%22%3A%2220px%22%2C%22line-height%22%3A%2224px%22%7D%7D&nbsp;\u00bb]<div class=\"ult-just-icon-wrapper \"><div class=\"align-icon\" style=\"text-align:center;\">\n<div class=\"aio-icon-img \" style=\"font-size:48px;display:inline-block;\">\n\t<noscript><img class=\"img-icon\" alt=\"null\" src=\"https:\/\/www.shootingcracow.com\/wp-content\/uploads\/2020\/04\/level-white.svg\"><\/noscript><img class=\"img-icon lazyload\" alt=\"null\" src=\"data:image\/gif;base64,R0lGODlhAQABAIAAAAAAAP\/\/\/yH5BAEAAAAALAAAAAABAAEAAAIBRAA7\" data-src=\"https:\/\/www.shootingcracow.com\/wp-content\/uploads\/2020\/04\/level-white.svg\">\n<\/div><\/div><\/div><div class=\"w-separator size_custom\" style=\"height:20px\"><\/div><div class=\"w-popup szkolenia-button-position w-btn-wrapper align_center\"><button aria-label=\"Cliquez-moi\" class=\"w-popup-trigger type_btn w-btn us-btn-style_1\"><span class=\"w-btn-label\">Cliquez-moi<\/span><\/button><div class=\"w-popup-overlay\" style=\"background:rgba(0,0,0,0.85);\"><\/div><div class=\"w-popup-wrap\" style=\"--title-color:var(--color-content-heading);--title-bg-color:var(--color-content-bg-alt);--content-color:var(--color-content-text);--content-bg-color:var(--color-content-bg)\"><div class=\"w-popup-box animation_fadeIn closerpos_outside with_title\" style=\"width:600px;\"><div class=\"w-popup-box-h\"><div class=\"w-popup-box-title\">Programme - Level I<\/div><div class=\"w-popup-box-content\" style=\"padding:5%;\"><h3 style=\"text-align: center;\">Dans le programme :<\/h3>\n<ol>\n<li>Construction et principes des armes \u00e0 feu sous forme de pistolets auto-r\u00e9p\u00e9tables ;<\/li>\n<li>Principes d&rsquo;utilisation s\u00fbre des armes \u00e0 feu courtes ;<\/li>\n<li>Des postures de tir correctes ;<\/li>\n<li>Effectuer un entra\u00eenement sans tir et un entra\u00eenement de la m\u00e9moire musculaire ;<\/li>\n<li>Bonne prise en main de l&rsquo;arme ;<\/li>\n<li>Travail correct sur la langue de d\u00e9clenchement ;<\/li>\n<li>Travail correct sur les instruments de ciblage ;<\/li>\n<li>Effectuer des entra\u00eenements au tir \u00e0 diff\u00e9rentes distances ;<\/li>\n<li>Enlever les confitures en toute s\u00e9curit\u00e9.<\/li>\n<\/ol>\n<p style=\"text-align: center;\">Formation pour d\u00e9butants.<\/p>\n<p style=\"text-align: center;\"><strong>Groupe de personnes :<br>\n<\/strong>fort, 1 \u00e0 10<\/p>\n<p style=\"text-align: center;\"><strong>Dur\u00e9e:<br>\n<\/strong>forte, 2,5 h \u00e0 6 h<br>\n(en fonction du nombre de personnes)<\/p>\n<p style=\"text-align: center;\"><strong>Le prix :<\/strong><br>\n450 PLN (par personne)<br>\nLe prix comprend 23% de TVA (possibilit\u00e9 d&rsquo;\u00e9mettre une facture).<\/p>\n<p style=\"text-align: center;\"><strong>Quantit\u00e9 de munitions dans le prix de la formation :<\/strong><br>\n100 pi\u00e8ces.<\/p>\n<\/div><\/div><\/div><div class=\"w-popup-closer\"><\/div><\/div><\/div><\/div><\/div><\/div><div class=\"vc_col-sm-6 wpb_column vc_column_container Szkolenia-column has_text_color has_bg_color\"><div class=\"vc_column-inner us_custom_d605a70f\"><div class=\"wpb_wrapper\">[vc_custom_heading text=&nbsp;\u00bbProgramme &#8211; Level II&nbsp;\u00bb font_container=&nbsp;\u00bbtag:h2|text_align:center&nbsp;\u00bb google_fonts=&nbsp;\u00bbfont_family:Oswald%3A300%2Cregular%2C700|font_style:400%20regular%3A400%3Anormal&nbsp;\u00bb css=&nbsp;\u00bb%7B%22default%22%3A%7B%22color%22%3A%22%23ffffff%22%2C%22text-transform%22%3A%22uppercase%22%2C%22font-size%22%3A%2220px%22%2C%22line-height%22%3A%2224px%22%7D%7D&nbsp;\u00bb]<div class=\"ult-just-icon-wrapper \"><div class=\"align-icon\" style=\"text-align:center;\">\n<div class=\"aio-icon-img \" style=\"font-size:48px;display:inline-block;\">\n\t<noscript><img class=\"img-icon\" alt=\"null\" src=\"https:\/\/www.shootingcracow.com\/wp-content\/uploads\/2020\/04\/level-white.svg\"><\/noscript><img class=\"img-icon lazyload\" alt=\"null\" src=\"data:image\/gif;base64,R0lGODlhAQABAIAAAAAAAP\/\/\/yH5BAEAAAAALAAAAAABAAEAAAIBRAA7\" data-src=\"https:\/\/www.shootingcracow.com\/wp-content\/uploads\/2020\/04\/level-white.svg\">\n<\/div><\/div><\/div><div class=\"w-separator size_custom\" style=\"height:20px\"><\/div><div class=\"w-popup szkolenia-button-position w-btn-wrapper align_center\"><button aria-label=\"Cliquez-moi\" class=\"w-popup-trigger type_btn w-btn us-btn-style_1\"><span class=\"w-btn-label\">Cliquez-moi<\/span><\/button><div class=\"w-popup-overlay\" style=\"background:rgba(0,0,0,0.85);\"><\/div><div class=\"w-popup-wrap\" style=\"--title-color:var(--color-content-heading);--title-bg-color:var(--color-content-bg-alt);--content-color:var(--color-content-text);--content-bg-color:var(--color-content-bg)\"><div class=\"w-popup-box animation_fadeIn closerpos_outside with_title\" style=\"width:600px;\"><div class=\"w-popup-box-h\"><div class=\"w-popup-box-title\">Programme - Level II<\/div><div class=\"w-popup-box-content\" style=\"padding:5%;\"><h3 style=\"text-align: center;\">Dans le programme :<\/h3>\n<ol>\n<li>Discussion et s\u00e9lection de l&rsquo;\u00e9quipement de tir appropri\u00e9 (holster, ceinture, chargeurs) ;<\/li>\n<li>S\u00e9lection habile de l&rsquo;arme dans l&rsquo;\u00e9tui, conduite de l&rsquo;arme vers la cible, dissimulation correcte de l&rsquo;arme ;<\/li>\n<li>Changements de magazines pendant le tournage ;<\/li>\n<li>Apprendre \u00e0 tirer avec des doubles et travailler rapidement sur le langage de la g\u00e2chette ;<\/li>\n<li>Avancer avec l&rsquo;arme, et reculer habilement avec l&rsquo;arme ;<\/li>\n<\/ol>\n<p style=\"text-align: center;\">Formation pour le <strong>Level I<\/strong> et les comp\u00e9tences interm\u00e9diaires.<\/p>\n<p style=\"text-align: center;\"><strong>Groupe de personnes :<br>\n<\/strong>fort, 1 \u00e0 10<\/p>\n<p style=\"text-align: center;\"><strong>Dur\u00e9e :<br>\n<\/strong> forte, 2,5 h &#8211; 6 h<br>\n(en fonction du nombre de personnes)<\/p>\n<p style=\"text-align: center;\"><strong>Le prix :<\/strong><br>\n500 PLN (par personne)<br>\nLe prix comprend 23% de TVA (possibilit\u00e9 d&rsquo;\u00e9mettre une facture).<\/p>\n<p style=\"text-align: center;\"><strong>Quantit\u00e9 de munitions dans le prix de la formation :<\/strong><br>\n150 pi\u00e8ces.<\/p>\n<\/div><\/div><\/div><div class=\"w-popup-closer\"><\/div><\/div><\/div><\/div><\/div><\/div><\/div><\/div><\/div><\/div><\/div><\/div><\/section><section class=\"l-section wpb_row us_custom_0c54ba39 height_medium width_full\"><div class=\"l-section-h i-cf\"><div class=\"g-cols vc_row via_flex valign_top type_default stacking_default\"><div class=\"vc_col-sm-12 wpb_column vc_column_container\"><div class=\"vc_column-inner\"><div class=\"wpb_wrapper\"><div class=\"w-actionbox us_custom_a86d61b4 action-box-blok has_text_color color_light controls_bottom\"><div class=\"w-actionbox-text\"><h2 class=\"w-actionbox-title\">AVEZ-VOUS DES QUESTIONS?<\/h2><div class=\"w-actionbox-description\"><p>\u00c9CRIVEZ-NOUS MAINTENANT!<\/p>\n<\/div><\/div><div class=\"w-actionbox-controls\"><a class=\"w-btn us-btn-style_1 icon_atleft\" title=\"contact\" href=\"https:\/\/www.shootingcracow.com\/fr\/contact\/\" style=\"font-size:18px;\"><i class=\"far fa-play\"><\/i><span class=\"w-btn-label\">contact<\/span><\/a><\/div><\/div><\/div><\/div><\/div><\/div><\/div><\/section><section class=\"l-section wpb_row us_custom_9d21f858 height_medium width_full\"><div class=\"l-section-h i-cf\"><div class=\"g-cols vc_row via_flex valign_top type_default stacking_default\"><div class=\"vc_col-sm-12 wpb_column vc_column_container\"><div class=\"vc_column-inner us_custom_8535c5f4\"><div class=\"wpb_wrapper\">[vc_raw_html el_class=&nbsp;\u00bbgoogle-maps&nbsp;\u00bb css=&nbsp;\u00bb%7B%22default%22%3A%7B%22line-height%22%3A%220%22%2C%22margin-bottom%22%3A%220%22%2C%22padding-bottom%22%3A%220%22%7D%7D&nbsp;\u00bb]PGlmcmFtZSBzcmM9Imh0dHBzOi8vd3d3Lmdvb2dsZS5jb20vbWFwcy9lbWJlZD9wYj0hMW0xOCExbTEyITFtMyExZDI1NTkuMDUzMTczNzg5NDQhMmQxOS44NjI1NTk2MTU5NzM0NiEzZDUwLjEwNDAxMTY3OTQyOTE2ITJtMyExZjAhMmYwITNmMCEzbTIhMWkxMDI0ITJpNzY4ITRmMTMuMSEzbTMhMW0yITFzMHg0NzE2NTk5MTJhNzQzNmNiJTNBMHg2MTlmODFkOTMyN2EwYWQ5ITJzQ3JhY293K1Nob290aW5nK0FjYWRlbXkhNWUwITNtMiExc3BsITJzcGwhNHYxNTMyNzg1OTMwMzU0IiB3aWR0aD0iMjAwMCIgaGVpZ2h0PSIzNTAiIGZyYW1lYm9yZGVyPSIwIiBzdHlsZT0iYm9yZGVyOjAiIGFsbG93ZnVsbHNjcmVlbj0iIj48L2lmcmFtZT4=[\/vc_raw_html]<\/div><\/div><\/div><\/div><\/div><\/section>\n","protected":false},"excerpt":{"rendered":"COURS DE TIR SPORTIF ET DYNAMIQUE Nous proposons des entra\u00eenements au tir visant \u00e0 utiliser les armes dans le sport. Les cours sont con\u00e7us pour les d\u00e9butants qui commencent leur aventure avec la dynamique, ainsi que pour les tireurs pratiquant activement le tir dynamique et d\u00e9sireux d'am\u00e9liorer leurs comp\u00e9tences. Ces cours sont dispens\u00e9s avec des...","protected":false},"author":1,"featured_media":0,"parent":5834,"menu_order":0,"comment_status":"closed","ping_status":"closed","template":"","meta":{"powered_cache_disable_cache":false},"acf":[],"yoast_head":"<!-- This site is optimized with the Yoast SEO plugin v20.6 - https:\/\/yoast.com\/wordpress\/plugins\/seo\/ -->\n<title>Tir dynamique. D\u00e9roulement du tournage sportif et dynamique<\/title>\n<meta name=\"description\" content=\"Nous proposons des cours de tir dynamique. Les formations sont dispens\u00e9es par des instructeurs qualifi\u00e9s en tir sportif et dynamique.\" \/>\n<meta name=\"robots\" content=\"index, follow, max-snippet:-1, max-image-preview:large, max-video-preview:-1\" \/>\n<link rel=\"canonical\" href=\"https:\/\/www.shootingcracow.com\/fr\/offre\/cours-de-formation\/entrainement-sportif-dynamique\/\" \/>\n<meta property=\"og:locale\" content=\"fr_FR\" \/>\n<meta property=\"og:type\" content=\"article\" \/>\n<meta property=\"og:title\" content=\"Tir dynamique. D\u00e9roulement du tournage sportif et dynamique\" \/>\n<meta property=\"og:description\" content=\"Nous proposons des cours de tir dynamique. Les formations sont dispens\u00e9es par des instructeurs qualifi\u00e9s en tir sportif et dynamique.\" \/>\n<meta property=\"og:url\" content=\"https:\/\/www.shootingcracow.com\/fr\/offre\/cours-de-formation\/entrainement-sportif-dynamique\/\" \/>\n<meta property=\"og:site_name\" content=\"Shooting Cracow\" \/>\n<meta property=\"article:publisher\" content=\"https:\/\/www.facebook.com\/shootingcracow\" \/>\n<meta property=\"article:modified_time\" content=\"2020-06-10T11:25:15+00:00\" \/>\n<meta property=\"og:image\" content=\"https:\/\/www.shootingcracow.com\/wp-content\/uploads\/2020\/03\/IMG_7320.jpg\" \/>\n\t<meta property=\"og:image:width\" content=\"1200\" \/>\n\t<meta property=\"og:image:height\" content=\"800\" \/>\n\t<meta property=\"og:image:type\" content=\"image\/jpeg\" \/>\n<meta name=\"twitter:card\" content=\"summary_large_image\" \/>\n<meta name=\"twitter:label1\" content=\"Dur\u00e9e de lecture estim\u00e9e\" \/>\n\t<meta name=\"twitter:data1\" content=\"5 minutes\" \/>\n<script type=\"application\/ld+json\" class=\"yoast-schema-graph\">{\"@context\":\"https:\/\/schema.org\",\"@graph\":[{\"@type\":\"WebPage\",\"@id\":\"https:\/\/www.shootingcracow.com\/fr\/offre\/cours-de-formation\/entrainement-sportif-dynamique\/\",\"url\":\"https:\/\/www.shootingcracow.com\/fr\/offre\/cours-de-formation\/entrainement-sportif-dynamique\/\",\"name\":\"Tir dynamique. D\u00e9roulement du tournage sportif et dynamique\",\"isPartOf\":{\"@id\":\"https:\/\/www.shootingcracow.com\/fr\/#website\"},\"datePublished\":\"2020-06-09T13:32:47+00:00\",\"dateModified\":\"2020-06-10T11:25:15+00:00\",\"description\":\"Nous proposons des cours de tir dynamique. Les formations sont dispens\u00e9es par des instructeurs qualifi\u00e9s en tir sportif et dynamique.\",\"breadcrumb\":{\"@id\":\"https:\/\/www.shootingcracow.com\/fr\/offre\/cours-de-formation\/entrainement-sportif-dynamique\/#breadcrumb\"},\"inLanguage\":\"fr-FR\",\"potentialAction\":[{\"@type\":\"ReadAction\",\"target\":[\"https:\/\/www.shootingcracow.com\/fr\/offre\/cours-de-formation\/entrainement-sportif-dynamique\/\"]}]},{\"@type\":\"BreadcrumbList\",\"@id\":\"https:\/\/www.shootingcracow.com\/fr\/offre\/cours-de-formation\/entrainement-sportif-dynamique\/#breadcrumb\",\"itemListElement\":[{\"@type\":\"ListItem\",\"position\":1,\"name\":\"Strona g\u0142\u00f3wna\",\"item\":\"https:\/\/www.shootingcracow.com\/fr\/page-d-accueil\/\"},{\"@type\":\"ListItem\",\"position\":2,\"name\":\"Offre\",\"item\":\"https:\/\/www.shootingcracow.com\/fr\/offre\/\"},{\"@type\":\"ListItem\",\"position\":3,\"name\":\"Cours de formation\",\"item\":\"https:\/\/www.shootingcracow.com\/fr\/offre\/cours-de-formation\/\"},{\"@type\":\"ListItem\",\"position\":4,\"name\":\"Entra\u00eenement sportif dynamique\"}]},{\"@type\":\"WebSite\",\"@id\":\"https:\/\/www.shootingcracow.com\/fr\/#website\",\"url\":\"https:\/\/www.shootingcracow.com\/fr\/\",\"name\":\"Shooting Cracow\",\"description\":\"\",\"potentialAction\":[{\"@type\":\"SearchAction\",\"target\":{\"@type\":\"EntryPoint\",\"urlTemplate\":\"https:\/\/www.shootingcracow.com\/fr\/?s={search_term_string}\"},\"query-input\":\"required name=search_term_string\"}],\"inLanguage\":\"fr-FR\"}]}<\/script>\n<!-- \/ Yoast SEO plugin. -->","yoast_head_json":{"title":"Tir dynamique. D\u00e9roulement du tournage sportif et dynamique","description":"Nous proposons des cours de tir dynamique. Les formations sont dispens\u00e9es par des instructeurs qualifi\u00e9s en tir sportif et dynamique.","robots":{"index":"index","follow":"follow","max-snippet":"max-snippet:-1","max-image-preview":"max-image-preview:large","max-video-preview":"max-video-preview:-1"},"canonical":"https:\/\/www.shootingcracow.com\/fr\/offre\/cours-de-formation\/entrainement-sportif-dynamique\/","og_locale":"fr_FR","og_type":"article","og_title":"Tir dynamique. D\u00e9roulement du tournage sportif et dynamique","og_description":"Nous proposons des cours de tir dynamique. Les formations sont dispens\u00e9es par des instructeurs qualifi\u00e9s en tir sportif et dynamique.","og_url":"https:\/\/www.shootingcracow.com\/fr\/offre\/cours-de-formation\/entrainement-sportif-dynamique\/","og_site_name":"Shooting Cracow","article_publisher":"https:\/\/www.facebook.com\/shootingcracow","article_modified_time":"2020-06-10T11:25:15+00:00","og_image":[{"width":1200,"height":800,"url":"https:\/\/www.shootingcracow.com\/wp-content\/uploads\/2020\/03\/IMG_7320.jpg","type":"image\/jpeg"}],"twitter_card":"summary_large_image","twitter_misc":{"Dur\u00e9e de lecture estim\u00e9e":"5 minutes"},"schema":{"@context":"https:\/\/schema.org","@graph":[{"@type":"WebPage","@id":"https:\/\/www.shootingcracow.com\/fr\/offre\/cours-de-formation\/entrainement-sportif-dynamique\/","url":"https:\/\/www.shootingcracow.com\/fr\/offre\/cours-de-formation\/entrainement-sportif-dynamique\/","name":"Tir dynamique. D\u00e9roulement du tournage sportif et dynamique","isPartOf":{"@id":"https:\/\/www.shootingcracow.com\/fr\/#website"},"datePublished":"2020-06-09T13:32:47+00:00","dateModified":"2020-06-10T11:25:15+00:00","description":"Nous proposons des cours de tir dynamique. Les formations sont dispens\u00e9es par des instructeurs qualifi\u00e9s en tir sportif et dynamique.","breadcrumb":{"@id":"https:\/\/www.shootingcracow.com\/fr\/offre\/cours-de-formation\/entrainement-sportif-dynamique\/#breadcrumb"},"inLanguage":"fr-FR","potentialAction":[{"@type":"ReadAction","target":["https:\/\/www.shootingcracow.com\/fr\/offre\/cours-de-formation\/entrainement-sportif-dynamique\/"]}]},{"@type":"BreadcrumbList","@id":"https:\/\/www.shootingcracow.com\/fr\/offre\/cours-de-formation\/entrainement-sportif-dynamique\/#breadcrumb","itemListElement":[{"@type":"ListItem","position":1,"name":"Strona g\u0142\u00f3wna","item":"https:\/\/www.shootingcracow.com\/fr\/page-d-accueil\/"},{"@type":"ListItem","position":2,"name":"Offre","item":"https:\/\/www.shootingcracow.com\/fr\/offre\/"},{"@type":"ListItem","position":3,"name":"Cours de formation","item":"https:\/\/www.shootingcracow.com\/fr\/offre\/cours-de-formation\/"},{"@type":"ListItem","position":4,"name":"Entra\u00eenement sportif dynamique"}]},{"@type":"WebSite","@id":"https:\/\/www.shootingcracow.com\/fr\/#website","url":"https:\/\/www.shootingcracow.com\/fr\/","name":"Shooting Cracow","description":"","potentialAction":[{"@type":"SearchAction","target":{"@type":"EntryPoint","urlTemplate":"https:\/\/www.shootingcracow.com\/fr\/?s={search_term_string}"},"query-input":"required name=search_term_string"}],"inLanguage":"fr-FR"}]}},"_links":{"self":[{"href":"https:\/\/www.shootingcracow.com\/fr\/wp-json\/wp\/v2\/pages\/5849"}],"collection":[{"href":"https:\/\/www.shootingcracow.com\/fr\/wp-json\/wp\/v2\/pages"}],"about":[{"href":"https:\/\/www.shootingcracow.com\/fr\/wp-json\/wp\/v2\/types\/page"}],"author":[{"embeddable":true,"href":"https:\/\/www.shootingcracow.com\/fr\/wp-json\/wp\/v2\/users\/1"}],"replies":[{"embeddable":true,"href":"https:\/\/www.shootingcracow.com\/fr\/wp-json\/wp\/v2\/comments?post=5849"}],"version-history":[{"count":0,"href":"https:\/\/www.shootingcracow.com\/fr\/wp-json\/wp\/v2\/pages\/5849\/revisions"}],"up":[{"embeddable":true,"href":"https:\/\/www.shootingcracow.com\/fr\/wp-json\/wp\/v2\/pages\/5834"}],"wp:attachment":[{"href":"https:\/\/www.shootingcracow.com\/fr\/wp-json\/wp\/v2\/media?parent=5849"}],"curies":[{"name":"wp","href":"https:\/\/api.w.org\/{rel}","templated":true}]}}