{"id":5839,"date":"2020-06-09T15:12:15","date_gmt":"2020-06-09T13:12:15","guid":{"rendered":"https:\/\/www.shootingcracow.com\/offre\/tir-individual\/"},"modified":"2020-07-08T23:08:48","modified_gmt":"2020-07-08T21:08:48","slug":"tir-individual","status":"publish","type":"page","link":"https:\/\/www.shootingcracow.com\/fr\/offre\/tir-individual\/","title":{"rendered":"Tir individual"},"content":{"rendered":"<section class=\"l-section wpb_row us_custom_6d54c28f height_medium\"><div class=\"l-section-h i-cf\"><div class=\"g-cols vc_row via_flex valign_top type_default stacking_default\"><div class=\"vc_col-sm-12 wpb_column vc_column_container\"><div class=\"vc_column-inner\"><div class=\"wpb_wrapper\"><div id=\"ultimate-heading-7296a05ae234cd9e\" class=\"uvc-heading ult-adjust-bottom-margin ultimate-heading-7296a05ae234cd9e uvc-7639 \" data-hspacer=\"no_spacer\" data-halign=\"center\" style=\"text-align:center\"><div class=\"uvc-heading-spacer no_spacer\" style=\"top\"><\/div><div class=\"uvc-main-heading ult-responsive\" data-ultimate-target=\".uvc-heading.ultimate-heading-7296a05ae234cd9e h1\" data-responsive-json-new=\"{&quot;font-size&quot;:&quot;&quot;,&quot;line-height&quot;:&quot;&quot;}\"><h1 style=\"font-family:&#039;Oswald&#039;;font-weight:500;color:#ffffff;\">TIR INDIVIDUEL D'ARMES \u00c0 FEU<\/h1><\/div><\/div><\/div><\/div><\/div><\/div><\/div><\/section><section class=\"l-section wpb_row height_small\"><div class=\"l-section-h i-cf\"><div class=\"g-cols vc_row via_flex valign_top type_default stacking_default\"><div class=\"vc_col-sm-12 wpb_column vc_column_container\"><div class=\"vc_column-inner\"><div class=\"wpb_wrapper\"><div id=\"ultimate-heading-47216a05ae234d7f5\" class=\"uvc-heading ult-adjust-bottom-margin ultimate-heading-47216a05ae234d7f5 uvc-5675 \" data-hspacer=\"line_with_icon\" data-hline_width=\"auto\" data-hicon_type=\"custom\" data-hborder_style=\"solid\" data-hborder_height=\"1\" data-hborder_color=\"#ccc\" data-icon_width=\"48\" data-hfixer=\"10\" data-halign=\"center\" style=\"text-align:center\"><div class=\"uvc-main-heading ult-responsive\" data-ultimate-target=\".uvc-heading.ultimate-heading-47216a05ae234d7f5 h2\" data-responsive-json-new=\"{&quot;font-size&quot;:&quot;&quot;,&quot;line-height&quot;:&quot;&quot;}\"><h2 style=\"font-family:&#039;Oswald&#039;;font-weight:300;\">\u00caTES-VOUS UN AMOUREUX DES ARMES \u00c0 FEU ?<\/h2><\/div><div class=\"uvc-sub-heading ult-responsive\" data-ultimate-target=\".uvc-heading.ultimate-heading-47216a05ae234d7f5 .uvc-sub-heading \" data-responsive-json-new=\"{&quot;font-size&quot;:&quot;&quot;,&quot;line-height&quot;:&quot;&quot;}\" style=\"font-weight:normal;\">\n<p style=\"text-align: center;\">Il \u00e9tait temps que vous nous rendiez visite. Cracow Shooting Academy est l&rsquo;endroit id\u00e9al pour commencer votre aventure avec le tir<br>\nou pour am\u00e9liorer vos comp\u00e9tences d\u00e9j\u00e0 acquises dans l&rsquo;utilisation des armes.<\/p>\n<\/div><div class=\"uvc-heading-spacer line_with_icon\" style=\"margin-top:20px;\"><div class=\"ult-just-icon-wrapper \"><div class=\"align-icon\" style=\"text-align:center;\">\n<div class=\"aio-icon-img \" style=\"font-size:48px;display:inline-block;\">\n\t<noscript><img class=\"img-icon\" alt=\"null\" src=\"https:\/\/www.shootingcracow.com\/wp-content\/uploads\/2020\/03\/guns-312418.svg\"><\/noscript><img class=\"img-icon lazyload\" alt=\"null\" src=\"data:image\/gif;base64,R0lGODlhAQABAIAAAAAAAP\/\/\/yH5BAEAAAAALAAAAAABAAEAAAIBRAA7\" data-src=\"https:\/\/www.shootingcracow.com\/wp-content\/uploads\/2020\/03\/guns-312418.svg\">\n<\/div><\/div><\/div><\/div><\/div><div class=\"w-separator size_custom\" style=\"height:20px\"><\/div><div class=\"w-btn-wrapper align_center\"><a class=\"w-btn us-btn-style_1 icon_atleft\" title=\"contact\" href=\"https:\/\/www.shootingcracow.com\/fr\/creer-un-paquet\/\"><i class=\"far fa-play\"><\/i><span class=\"w-btn-label\">cr\u00e9er un paquet<\/span><\/a><\/div><\/div><\/div><\/div><\/div><\/div><\/section><section class=\"l-section wpb_row height_small\"><div class=\"l-section-h i-cf\"><div class=\"g-cols vc_row via_flex valign_middle type_default stacking_default\"><div class=\"vc_col-sm-6 wpb_column vc_column_container\"><div class=\"vc_column-inner\"><div class=\"wpb_wrapper\"><div id=\"ultimate-heading-70236a05ae234e02d\" class=\"uvc-heading ult-adjust-bottom-margin ultimate-heading-70236a05ae234e02d uvc-4257 \" data-hspacer=\"no_spacer\" data-halign=\"right\" style=\"text-align:right\"><div class=\"uvc-heading-spacer no_spacer\" style=\"top\"><\/div><div class=\"uvc-main-heading ult-responsive\" data-ultimate-target=\".uvc-heading.ultimate-heading-70236a05ae234e02d h3\" data-responsive-json-new=\"{&quot;font-size&quot;:&quot;&quot;,&quot;line-height&quot;:&quot;&quot;}\"><h3 style=\"font-family:&#039;Oswald&#039;;font-weight:500;margin-bottom:10px;\">NOUS GARANTISSONS UN BON DIVERTISSEMENT !<\/h3><\/div><div class=\"uvc-sub-heading ult-responsive\" data-ultimate-target=\".uvc-heading.ultimate-heading-70236a05ae234e02d .uvc-sub-heading \" data-responsive-json-new=\"{&quot;font-size&quot;:&quot;&quot;,&quot;line-height&quot;:&quot;&quot;}\" style=\"font-weight:normal;\">\n<p>Avec nous, vous pourrez choisir l&rsquo;arme de vos r\u00eaves parmi un vaste arsenal, et un instructeur r\u00e9pondra \u00e0 toutes vos questions et \u00e0 tous vos doutes. Il sera \u00e0 votre disposition tout au long de votre s\u00e9jour. Les amateurs de tout ce qui touche aux armes trouveront s\u00fbrement quelque chose \u00e0 leur go\u00fbt.<\/p>\n<\/div><\/div><\/div><\/div><\/div><div class=\"vc_col-sm-6 wpb_column vc_column_container\"><div class=\"vc_column-inner\"><div class=\"wpb_wrapper\"><div class=\"w-image align_none\"><div class=\"w-image-h\"><noscript><img width=\"1024\" height=\"576\" src=\"https:\/\/www.shootingcracow.com\/wp-content\/uploads\/2020\/04\/IMG_7290-1024x576.jpg\" class=\"attachment-large size-large\" alt decoding=\"async\" srcset=\"https:\/\/www.shootingcracow.com\/wp-content\/uploads\/2020\/04\/IMG_7290-1024x576.jpg 1024w, https:\/\/www.shootingcracow.com\/wp-content\/uploads\/2020\/04\/IMG_7290-300x169.jpg 300w, https:\/\/www.shootingcracow.com\/wp-content\/uploads\/2020\/04\/IMG_7290-1536x864.jpg 1536w, https:\/\/www.shootingcracow.com\/wp-content\/uploads\/2020\/04\/IMG_7290.jpg 1920w\" sizes=\"(max-width: 1024px) 100vw, 1024px\"><\/noscript><img width=\"1024\" height=\"576\" src=\"data:image\/svg+xml,%3Csvg%20xmlns%3D%22http%3A%2F%2Fwww.w3.org%2F2000%2Fsvg%22%20viewBox%3D%220%200%201024%20576%22%3E%3C%2Fsvg%3E\" class=\"attachment-large size-large lazyload\" alt decoding=\"async\" srcset=\"data:image\/svg+xml,%3Csvg%20xmlns%3D%22http%3A%2F%2Fwww.w3.org%2F2000%2Fsvg%22%20viewBox%3D%220%200%201024%20576%22%3E%3C%2Fsvg%3E 1024w\" sizes=\"(max-width: 1024px) 100vw, 1024px\" data-srcset=\"https:\/\/www.shootingcracow.com\/wp-content\/uploads\/2020\/04\/IMG_7290-1024x576.jpg 1024w, https:\/\/www.shootingcracow.com\/wp-content\/uploads\/2020\/04\/IMG_7290-300x169.jpg 300w, https:\/\/www.shootingcracow.com\/wp-content\/uploads\/2020\/04\/IMG_7290-1536x864.jpg 1536w, https:\/\/www.shootingcracow.com\/wp-content\/uploads\/2020\/04\/IMG_7290.jpg 1920w\" data-src=\"https:\/\/www.shootingcracow.com\/wp-content\/uploads\/2020\/04\/IMG_7290-1024x576.jpg\"><\/div><\/div><\/div><\/div><\/div><\/div><\/div><\/section><section class=\"l-section wpb_row height_small\"><div class=\"l-section-h i-cf\"><div class=\"g-cols vc_row via_flex valign_middle type_default reversed stacking_default\"><div class=\"vc_col-sm-6 wpb_column vc_column_container\"><div class=\"vc_column-inner\"><div class=\"wpb_wrapper\"><div class=\"w-image align_none\"><div class=\"w-image-h\"><noscript><img width=\"1024\" height=\"577\" src=\"https:\/\/www.shootingcracow.com\/wp-content\/uploads\/2020\/04\/IMG_7285-1024x577.jpg\" class=\"attachment-large size-large\" alt decoding=\"async\" srcset=\"https:\/\/www.shootingcracow.com\/wp-content\/uploads\/2020\/04\/IMG_7285-1024x577.jpg 1024w, https:\/\/www.shootingcracow.com\/wp-content\/uploads\/2020\/04\/IMG_7285-300x169.jpg 300w, https:\/\/www.shootingcracow.com\/wp-content\/uploads\/2020\/04\/IMG_7285-1536x865.jpg 1536w, https:\/\/www.shootingcracow.com\/wp-content\/uploads\/2020\/04\/IMG_7285.jpg 1920w\" sizes=\"(max-width: 1024px) 100vw, 1024px\"><\/noscript><img width=\"1024\" height=\"577\" src=\"data:image\/svg+xml,%3Csvg%20xmlns%3D%22http%3A%2F%2Fwww.w3.org%2F2000%2Fsvg%22%20viewBox%3D%220%200%201024%20577%22%3E%3C%2Fsvg%3E\" class=\"attachment-large size-large lazyload\" alt decoding=\"async\" srcset=\"data:image\/svg+xml,%3Csvg%20xmlns%3D%22http%3A%2F%2Fwww.w3.org%2F2000%2Fsvg%22%20viewBox%3D%220%200%201024%20577%22%3E%3C%2Fsvg%3E 1024w\" sizes=\"(max-width: 1024px) 100vw, 1024px\" data-srcset=\"https:\/\/www.shootingcracow.com\/wp-content\/uploads\/2020\/04\/IMG_7285-1024x577.jpg 1024w, https:\/\/www.shootingcracow.com\/wp-content\/uploads\/2020\/04\/IMG_7285-300x169.jpg 300w, https:\/\/www.shootingcracow.com\/wp-content\/uploads\/2020\/04\/IMG_7285-1536x865.jpg 1536w, https:\/\/www.shootingcracow.com\/wp-content\/uploads\/2020\/04\/IMG_7285.jpg 1920w\" data-src=\"https:\/\/www.shootingcracow.com\/wp-content\/uploads\/2020\/04\/IMG_7285-1024x577.jpg\"><\/div><\/div><\/div><\/div><\/div><div class=\"vc_col-sm-6 wpb_column vc_column_container\"><div class=\"vc_column-inner\"><div class=\"wpb_wrapper\"><div id=\"ultimate-heading-16696a05ae234f23b\" class=\"uvc-heading ult-adjust-bottom-margin ultimate-heading-16696a05ae234f23b uvc-9405 \" data-hspacer=\"no_spacer\" data-halign=\"left\" style=\"text-align:left\"><div class=\"uvc-heading-spacer no_spacer\" style=\"top\"><\/div><div class=\"uvc-main-heading ult-responsive\" data-ultimate-target=\".uvc-heading.ultimate-heading-16696a05ae234f23b h3\" data-responsive-json-new=\"{&quot;font-size&quot;:&quot;&quot;,&quot;line-height&quot;:&quot;&quot;}\"><h3 style=\"font-family:&#039;Oswald&#039;;font-weight:500;margin-bottom:10px;\">LE TIR EST UNE FORME DE LOISIR POUR VOUS ?<\/h3><\/div><div class=\"uvc-sub-heading ult-responsive\" data-ultimate-target=\".uvc-heading.ultimate-heading-16696a05ae234f23b .uvc-sub-heading \" data-responsive-json-new=\"{&quot;font-size&quot;:&quot;&quot;,&quot;line-height&quot;:&quot;&quot;}\" style=\"font-weight:normal;\">\n<p>Vous souhaitez am\u00e9liorer votre atelier, ou simplement essayer les diff\u00e9rents types d&rsquo;armes disponibles dans notre offre ? Nous vous donnons cette possibilit\u00e9. Nos instructeurs vous aideront et vous soutiendront gr\u00e2ce \u00e0 leur expertise en mati\u00e8re d&rsquo;armes et de techniques de tir.<\/p>\n<\/div><\/div><\/div><\/div><\/div><\/div><\/div><\/section><section class=\"l-section wpb_row height_medium\"><div class=\"l-section-h i-cf\"><div class=\"g-cols vc_row via_flex valign_top type_default stacking_default\"><div class=\"vc_col-sm-12 wpb_column vc_column_container\"><div class=\"vc_column-inner\"><div class=\"wpb_wrapper\"><div class=\"g-cols wpb_row us_custom_2c45f91b via_flex valign_top type_default stacking_default\"><div class=\"vc_col-sm-6 wpb_column vc_column_container\"><div class=\"vc_column-inner\"><div class=\"wpb_wrapper\"><div class=\"w-btn-wrapper align_center\"><a class=\"w-btn us-btn-style_1 icon_atleft\" title=\"Tarif\" href=\"https:\/\/www.shootingcracow.com\/fr\/tarif\/\"><i class=\"far fa-play\"><\/i><span class=\"w-btn-label\">Forfaits de tir<\/span><\/a><\/div><\/div><\/div><\/div><div class=\"vc_col-sm-6 wpb_column vc_column_container\"><div class=\"vc_column-inner\"><div class=\"wpb_wrapper\"><div class=\"w-btn-wrapper align_center\"><a class=\"w-btn us-btn-style_1 icon_atleft\" title=\"packs\" href=\"https:\/\/www.shootingcracow.com\/fr\/contact\/\"><i class=\"far fa-play\"><\/i><span class=\"w-btn-label\">R\u00e9servation<\/span><\/a><\/div><\/div><\/div><\/div><\/div><\/div><\/div><\/div><\/div><\/div><\/section><section class=\"l-section wpb_row us_custom_0c54ba39 height_medium width_full\"><div class=\"l-section-h i-cf\"><div class=\"g-cols vc_row via_flex valign_top type_default stacking_default\"><div class=\"vc_col-sm-12 wpb_column vc_column_container\"><div class=\"vc_column-inner\"><div class=\"wpb_wrapper\"><div class=\"w-actionbox us_custom_a86d61b4 action-box-blok has_text_color color_light controls_bottom\"><div class=\"w-actionbox-text\"><h4 class=\"w-actionbox-title\" style=\"font-size:25px\">AVEZ-VOUS DES QUESTIONS?<\/h4><div class=\"w-actionbox-description\"><p>\u00c9CRIVEZ-NOUS MAINTENANT!<\/p>\n<\/div><\/div><div class=\"w-actionbox-controls\"><a class=\"w-btn us-btn-style_1 icon_atleft\" title=\"contact\" href=\"https:\/\/www.shootingcracow.com\/fr\/contact\/\" style=\"font-size:18px;\"><i class=\"far fa-play\"><\/i><span class=\"w-btn-label\">contact<\/span><\/a><a class=\"w-btn us-btn-style_1 icon_atleft\" title=\"tarif\" href=\"https:\/\/www.shootingcracow.com\/fr\/tarif\/\" style=\"font-size:18px;\"><i class=\"far fa-play\"><\/i><span class=\"w-btn-label\">packs<\/span><\/a><\/div><\/div><\/div><\/div><\/div><\/div><\/div><\/section><section class=\"l-section wpb_row us_custom_9d21f858 height_medium width_full\"><div class=\"l-section-h i-cf\"><div class=\"g-cols vc_row via_flex valign_top type_default stacking_default\"><div class=\"vc_col-sm-12 wpb_column vc_column_container\"><div class=\"vc_column-inner us_custom_8535c5f4\"><div class=\"wpb_wrapper\">[vc_raw_html el_class=&nbsp;\u00bbgoogle-maps&nbsp;\u00bb css=&nbsp;\u00bb%7B%22default%22%3A%7B%22line-height%22%3A%220%22%2C%22margin-bottom%22%3A%220%22%2C%22padding-bottom%22%3A%220%22%7D%7D&nbsp;\u00bb]PGlmcmFtZSBzcmM9Imh0dHBzOi8vd3d3Lmdvb2dsZS5jb20vbWFwcy9lbWJlZD9wYj0hMW0xOCExbTEyITFtMyExZDI1NTkuMDUzMTczNzg5NDQhMmQxOS44NjI1NTk2MTU5NzM0NiEzZDUwLjEwNDAxMTY3OTQyOTE2ITJtMyExZjAhMmYwITNmMCEzbTIhMWkxMDI0ITJpNzY4ITRmMTMuMSEzbTMhMW0yITFzMHg0NzE2NTk5MTJhNzQzNmNiJTNBMHg2MTlmODFkOTMyN2EwYWQ5ITJzQ3JhY293K1Nob290aW5nK0FjYWRlbXkhNWUwITNtMiExc3BsITJzcGwhNHYxNTMyNzg1OTMwMzU0IiB3aWR0aD0iMjAwMCIgaGVpZ2h0PSIzNTAiIGZyYW1lYm9yZGVyPSIwIiBzdHlsZT0iYm9yZGVyOjAiIGFsbG93ZnVsbHNjcmVlbj0iIj48L2lmcmFtZT4=[\/vc_raw_html]<\/div><\/div><\/div><\/div><\/div><\/section>\n","protected":false},"excerpt":{"rendered":"TIR INDIVIDUEL D'ARMES \u00c0 FEU\u00caTES-VOUS UN AMOUREUX DES ARMES \u00c0 FEU ? Il \u00e9tait temps que vous nous rendiez visite. Cracow Shooting Academy est l'endroit id\u00e9al pour commencer votre aventure avec le tir ou pour am\u00e9liorer vos comp\u00e9tences d\u00e9j\u00e0 acquises dans l'utilisation des armes. cr\u00e9er un paquetNOUS GARANTISSONS UN BON DIVERTISSEMENT ! Avec nous, vous...","protected":false},"author":1,"featured_media":0,"parent":5818,"menu_order":2,"comment_status":"closed","ping_status":"closed","template":"","meta":{"powered_cache_disable_cache":false},"acf":[],"yoast_head":"<!-- This site is optimized with the Yoast SEO plugin v20.6 - https:\/\/yoast.com\/wordpress\/plugins\/seo\/ -->\n<title>Armes \u00e0 feu individuelles dans un stand de tir \u00e0 Cracovie<\/title>\n<meta name=\"description\" content=\"Armes \u00e0 feu individuelles dans un stand de tir \u00e0 Cracovie Tout le monde est le bienvenu, quel que soit le degr\u00e9 d&#039;avancement dans l&#039;utilisation des armes.\" \/>\n<meta name=\"robots\" content=\"index, follow, max-snippet:-1, max-image-preview:large, max-video-preview:-1\" \/>\n<link rel=\"canonical\" href=\"https:\/\/www.shootingcracow.com\/fr\/offre\/tir-individual\/\" \/>\n<meta property=\"og:locale\" content=\"fr_FR\" \/>\n<meta property=\"og:type\" content=\"article\" \/>\n<meta property=\"og:title\" content=\"Armes \u00e0 feu individuelles dans un stand de tir \u00e0 Cracovie\" \/>\n<meta property=\"og:description\" content=\"Armes \u00e0 feu individuelles dans un stand de tir \u00e0 Cracovie Tout le monde est le bienvenu, quel que soit le degr\u00e9 d&#039;avancement dans l&#039;utilisation des armes.\" \/>\n<meta property=\"og:url\" content=\"https:\/\/www.shootingcracow.com\/fr\/offre\/tir-individual\/\" \/>\n<meta property=\"og:site_name\" content=\"Shooting Cracow\" \/>\n<meta property=\"article:publisher\" content=\"https:\/\/www.facebook.com\/shootingcracow\" \/>\n<meta property=\"article:modified_time\" content=\"2020-07-08T21:08:48+00:00\" \/>\n<meta property=\"og:image\" content=\"https:\/\/www.shootingcracow.com\/wp-content\/uploads\/2020\/03\/IMG_7320.jpg\" \/>\n\t<meta property=\"og:image:width\" content=\"1200\" \/>\n\t<meta property=\"og:image:height\" content=\"800\" \/>\n\t<meta property=\"og:image:type\" content=\"image\/jpeg\" \/>\n<meta name=\"twitter:card\" content=\"summary_large_image\" \/>\n<meta name=\"twitter:label1\" content=\"Dur\u00e9e de lecture estim\u00e9e\" \/>\n\t<meta name=\"twitter:data1\" content=\"4 minutes\" \/>\n<script type=\"application\/ld+json\" class=\"yoast-schema-graph\">{\"@context\":\"https:\/\/schema.org\",\"@graph\":[{\"@type\":\"WebPage\",\"@id\":\"https:\/\/www.shootingcracow.com\/fr\/offre\/tir-individual\/\",\"url\":\"https:\/\/www.shootingcracow.com\/fr\/offre\/tir-individual\/\",\"name\":\"Armes \u00e0 feu individuelles dans un stand de tir \u00e0 Cracovie\",\"isPartOf\":{\"@id\":\"https:\/\/www.shootingcracow.com\/fr\/#website\"},\"datePublished\":\"2020-06-09T13:12:15+00:00\",\"dateModified\":\"2020-07-08T21:08:48+00:00\",\"description\":\"Armes \u00e0 feu individuelles dans un stand de tir \u00e0 Cracovie Tout le monde est le bienvenu, quel que soit le degr\u00e9 d'avancement dans l'utilisation des armes.\",\"breadcrumb\":{\"@id\":\"https:\/\/www.shootingcracow.com\/fr\/offre\/tir-individual\/#breadcrumb\"},\"inLanguage\":\"fr-FR\",\"potentialAction\":[{\"@type\":\"ReadAction\",\"target\":[\"https:\/\/www.shootingcracow.com\/fr\/offre\/tir-individual\/\"]}]},{\"@type\":\"BreadcrumbList\",\"@id\":\"https:\/\/www.shootingcracow.com\/fr\/offre\/tir-individual\/#breadcrumb\",\"itemListElement\":[{\"@type\":\"ListItem\",\"position\":1,\"name\":\"Strona g\u0142\u00f3wna\",\"item\":\"https:\/\/www.shootingcracow.com\/fr\/page-d-accueil\/\"},{\"@type\":\"ListItem\",\"position\":2,\"name\":\"Offre\",\"item\":\"https:\/\/www.shootingcracow.com\/fr\/offre\/\"},{\"@type\":\"ListItem\",\"position\":3,\"name\":\"Tir individual\"}]},{\"@type\":\"WebSite\",\"@id\":\"https:\/\/www.shootingcracow.com\/fr\/#website\",\"url\":\"https:\/\/www.shootingcracow.com\/fr\/\",\"name\":\"Shooting Cracow\",\"description\":\"\",\"potentialAction\":[{\"@type\":\"SearchAction\",\"target\":{\"@type\":\"EntryPoint\",\"urlTemplate\":\"https:\/\/www.shootingcracow.com\/fr\/?s={search_term_string}\"},\"query-input\":\"required name=search_term_string\"}],\"inLanguage\":\"fr-FR\"}]}<\/script>\n<!-- \/ Yoast SEO plugin. -->","yoast_head_json":{"title":"Armes \u00e0 feu individuelles dans un stand de tir \u00e0 Cracovie","description":"Armes \u00e0 feu individuelles dans un stand de tir \u00e0 Cracovie Tout le monde est le bienvenu, quel que soit le degr\u00e9 d'avancement dans l'utilisation des armes.","robots":{"index":"index","follow":"follow","max-snippet":"max-snippet:-1","max-image-preview":"max-image-preview:large","max-video-preview":"max-video-preview:-1"},"canonical":"https:\/\/www.shootingcracow.com\/fr\/offre\/tir-individual\/","og_locale":"fr_FR","og_type":"article","og_title":"Armes \u00e0 feu individuelles dans un stand de tir \u00e0 Cracovie","og_description":"Armes \u00e0 feu individuelles dans un stand de tir \u00e0 Cracovie Tout le monde est le bienvenu, quel que soit le degr\u00e9 d'avancement dans l'utilisation des armes.","og_url":"https:\/\/www.shootingcracow.com\/fr\/offre\/tir-individual\/","og_site_name":"Shooting Cracow","article_publisher":"https:\/\/www.facebook.com\/shootingcracow","article_modified_time":"2020-07-08T21:08:48+00:00","og_image":[{"width":1200,"height":800,"url":"https:\/\/www.shootingcracow.com\/wp-content\/uploads\/2020\/03\/IMG_7320.jpg","type":"image\/jpeg"}],"twitter_card":"summary_large_image","twitter_misc":{"Dur\u00e9e de lecture estim\u00e9e":"4 minutes"},"schema":{"@context":"https:\/\/schema.org","@graph":[{"@type":"WebPage","@id":"https:\/\/www.shootingcracow.com\/fr\/offre\/tir-individual\/","url":"https:\/\/www.shootingcracow.com\/fr\/offre\/tir-individual\/","name":"Armes \u00e0 feu individuelles dans un stand de tir \u00e0 Cracovie","isPartOf":{"@id":"https:\/\/www.shootingcracow.com\/fr\/#website"},"datePublished":"2020-06-09T13:12:15+00:00","dateModified":"2020-07-08T21:08:48+00:00","description":"Armes \u00e0 feu individuelles dans un stand de tir \u00e0 Cracovie Tout le monde est le bienvenu, quel que soit le degr\u00e9 d'avancement dans l'utilisation des armes.","breadcrumb":{"@id":"https:\/\/www.shootingcracow.com\/fr\/offre\/tir-individual\/#breadcrumb"},"inLanguage":"fr-FR","potentialAction":[{"@type":"ReadAction","target":["https:\/\/www.shootingcracow.com\/fr\/offre\/tir-individual\/"]}]},{"@type":"BreadcrumbList","@id":"https:\/\/www.shootingcracow.com\/fr\/offre\/tir-individual\/#breadcrumb","itemListElement":[{"@type":"ListItem","position":1,"name":"Strona g\u0142\u00f3wna","item":"https:\/\/www.shootingcracow.com\/fr\/page-d-accueil\/"},{"@type":"ListItem","position":2,"name":"Offre","item":"https:\/\/www.shootingcracow.com\/fr\/offre\/"},{"@type":"ListItem","position":3,"name":"Tir individual"}]},{"@type":"WebSite","@id":"https:\/\/www.shootingcracow.com\/fr\/#website","url":"https:\/\/www.shootingcracow.com\/fr\/","name":"Shooting Cracow","description":"","potentialAction":[{"@type":"SearchAction","target":{"@type":"EntryPoint","urlTemplate":"https:\/\/www.shootingcracow.com\/fr\/?s={search_term_string}"},"query-input":"required name=search_term_string"}],"inLanguage":"fr-FR"}]}},"_links":{"self":[{"href":"https:\/\/www.shootingcracow.com\/fr\/wp-json\/wp\/v2\/pages\/5839"}],"collection":[{"href":"https:\/\/www.shootingcracow.com\/fr\/wp-json\/wp\/v2\/pages"}],"about":[{"href":"https:\/\/www.shootingcracow.com\/fr\/wp-json\/wp\/v2\/types\/page"}],"author":[{"embeddable":true,"href":"https:\/\/www.shootingcracow.com\/fr\/wp-json\/wp\/v2\/users\/1"}],"replies":[{"embeddable":true,"href":"https:\/\/www.shootingcracow.com\/fr\/wp-json\/wp\/v2\/comments?post=5839"}],"version-history":[{"count":0,"href":"https:\/\/www.shootingcracow.com\/fr\/wp-json\/wp\/v2\/pages\/5839\/revisions"}],"up":[{"embeddable":true,"href":"https:\/\/www.shootingcracow.com\/fr\/wp-json\/wp\/v2\/pages\/5818"}],"wp:attachment":[{"href":"https:\/\/www.shootingcracow.com\/fr\/wp-json\/wp\/v2\/media?parent=5839"}],"curies":[{"name":"wp","href":"https:\/\/api.w.org\/{rel}","templated":true}]}}