{"id":5830,"date":"2020-06-09T15:01:29","date_gmt":"2020-06-09T13:01:29","guid":{"rendered":"https:\/\/www.shootingcracow.com\/faq-cracow-shooting-academy\/"},"modified":"2025-06-11T16:34:09","modified_gmt":"2025-06-11T14:34:09","slug":"faq-cracow-shooting-academy","status":"publish","type":"page","link":"https:\/\/www.shootingcracow.com\/fr\/faq-cracow-shooting-academy\/","title":{"rendered":"Faq"},"content":{"rendered":"<section class=\"l-section wpb_row us_custom_6d54c28f height_medium\"><div class=\"l-section-h i-cf\"><div class=\"g-cols vc_row via_flex valign_top type_default stacking_default\"><div class=\"vc_col-sm-12 wpb_column vc_column_container\"><div class=\"vc_column-inner\"><div class=\"wpb_wrapper\"><div id=\"ultimate-heading-667969f7099e2049d\" class=\"uvc-heading ult-adjust-bottom-margin ultimate-heading-667969f7099e2049d uvc-600 \" data-hspacer=\"no_spacer\" data-halign=\"center\" style=\"text-align:center\"><div class=\"uvc-heading-spacer no_spacer\" style=\"top\"><\/div><div class=\"uvc-main-heading ult-responsive\" data-ultimate-target='.uvc-heading.ultimate-heading-667969f7099e2049d h1' data-responsive-json-new='{\"font-size\":\"\",\"line-height\":\"\"}' ><h1 style=\"font-family:&#039;Oswald&#039;;font-weight:500;color:#ffffff;\">FAQ<\/h1><\/div><\/div><\/div><\/div><\/div><\/div><\/div><\/section><section class=\"l-section wpb_row height_medium\"><div class=\"l-section-h i-cf\"><div class=\"g-cols vc_row via_flex valign_top type_default stacking_default\"><div class=\"vc_col-sm-12 wpb_column vc_column_container\"><div class=\"vc_column-inner\"><div class=\"wpb_wrapper\"><div class=\"w-tabs style_default switch_click accordion type_togglable has_scrolling\" style=\"--sections-title-size:1.4rem\"><div class=\"w-tabs-sections titles-align_none icon_chevron cpos_right\"><div class=\"w-tabs-section\" id=\"1583624489552-d009bba3-e660\"><button class=\"w-tabs-section-header with_icon\" aria-controls=\"content-1583624489552-d009bba3-e660\" aria-expanded=\"false\"><i class=\"far fa-question-circle\"><\/i><div class=\"w-tabs-section-title\">C&apos;est ma premi\u00e8re fois au stand de tir &#8211; \u00e0 quoi cela ressemble-t-il, quelqu&apos;un va-t-il m&apos;aider ?<\/div><div class=\"w-tabs-section-control\"><\/div><\/button><div class=\"w-tabs-section-content\" id=\"content-1583624489552-d009bba3-e660\"><div class=\"w-tabs-section-content-h i-cf\"><div class=\"wpb_text_column\"><div class=\"wpb_wrapper\"><p>Chaque personne qui utilise notre stand de tir commence son s\u00e9jour par une formation aux r\u00e8gles de s\u00e9curit\u00e9 et au maniement de base des armes. L&rsquo;instructeur accompagne le client \u00e0 tout moment, en lui offrant des conseils et en r\u00e9pondant \u00e0 toutes ses questions.<\/p>\n<\/div><\/div><\/div><\/div><\/div><div class=\"w-tabs-section\" id=\"1583624489588-f7df01b0-a0d6\"><button class=\"w-tabs-section-header with_icon\" aria-controls=\"content-1583624489588-f7df01b0-a0d6\" aria-expanded=\"false\"><i class=\"far fa-question-circle\"><\/i><div class=\"w-tabs-section-title\">Les armes du stand de tir sont-elles r\u00e9elles ?<\/div><div class=\"w-tabs-section-control\"><\/div><\/button><div class=\"w-tabs-section-content\" id=\"content-1583624489588-f7df01b0-a0d6\"><div class=\"w-tabs-section-content-h i-cf\"><div class=\"wpb_text_column\"><div class=\"wpb_wrapper\"><p>Oui ! Nous utilisons les m\u00eames armes \u00e0 feu que la police ou l&rsquo;arm\u00e9e. Ce ne sont pas des moulins \u00e0 vent ou des r\u00e9pliques de GSA, ce sont de vraies armes de sport et de combat.<\/p>\n<\/div><\/div><\/div><\/div><\/div><div class=\"w-tabs-section\" id=\"1583624489624-21f713a1-0897\"><button class=\"w-tabs-section-header with_icon\" aria-controls=\"content-1583624489624-21f713a1-0897\" aria-expanded=\"false\"><i class=\"far fa-question-circle\"><\/i><div class=\"w-tabs-section-title\">Est-il possible de prendre des photos et des vid\u00e9os pendant le tournage ?<\/div><div class=\"w-tabs-section-control\"><\/div><\/button><div class=\"w-tabs-section-content\" id=\"content-1583624489624-21f713a1-0897\"><div class=\"w-tabs-section-content-h i-cf\"><div class=\"wpb_text_column\"><div class=\"wpb_wrapper\"><p>Un compagnon peut faire des films et prendre des photos. Si vous \u00eates deux, vous tirez tous les deux, vous pouvez vous photographier \u00e0 tour de r\u00f4le. Apr\u00e8s le tir, l&rsquo;instructeur se fera un plaisir de vous prendre en photo avec l&rsquo;arme ou les cibles, mais pour des raisons de s\u00e9curit\u00e9, ne lui demandez pas de vous prendre en photo pendant le tir. Si vous nous avez rendu visite vous-m\u00eame, demandez \u00e0 l&rsquo;instructeur s&rsquo;il y a quelqu&rsquo;un de disponible pour vous prendre en photo.<\/p>\n<\/div><\/div><\/div><\/div><\/div><div class=\"w-tabs-section\" id=\"1583624489732-dc55b0aa-a862\"><button class=\"w-tabs-section-header with_icon\" aria-controls=\"content-1583624489732-dc55b0aa-a862\" aria-expanded=\"false\"><i class=\"far fa-question-circle\"><\/i><div class=\"w-tabs-section-title\">Les r\u00e9servations sont-elles obligatoires ?<\/div><div class=\"w-tabs-section-control\"><\/div><\/button><div class=\"w-tabs-section-content\" id=\"content-1583624489732-dc55b0aa-a862\"><div class=\"w-tabs-section-content-h i-cf\"><div class=\"wpb_text_column\"><div class=\"wpb_wrapper\"><p>Oui ! Il est n\u00e9cessaire de r\u00e9server votre visite au stand de tir \u00e0 l&rsquo;avance en raison du grand nombre de personnes qui sont pr\u00eates \u00e0 le faire. Ceux qui sont venus sans r\u00e9servation seront pri\u00e9s d&rsquo;attendre la prochaine date libre.<\/p>\n<\/div><\/div><\/div><\/div><\/div><div class=\"w-tabs-section\" id=\"1583624489918-f7332e51-5174\"><button class=\"w-tabs-section-header with_icon\" aria-controls=\"content-1583624489918-f7332e51-5174\" aria-expanded=\"false\"><i class=\"far fa-question-circle\"><\/i><div class=\"w-tabs-section-title\">Des formules personnalis\u00e9es sont-elles disponibles sur place ?<\/div><div class=\"w-tabs-section-control\"><\/div><\/button><div class=\"w-tabs-section-content\" id=\"content-1583624489918-f7332e51-5174\"><div class=\"w-tabs-section-content-h i-cf\"><div class=\"wpb_text_column\"><div class=\"wpb_wrapper\"><p>Si vous souhaitez cr\u00e9er votre propre forfait, nous devons conna\u00eetre la liste des armes (par personne) au moment de la r\u00e9servation. Les formules standard peuvent \u00eatre s\u00e9lectionn\u00e9es sur place :<br \/>\n<a class=\"gmail-\" href=\"https:\/\/www.shootingcracow.com\/fr\/tarif\/\" rel=\"noopener\">https:\/\/www.shootingcracow.com\/cennik\/<\/a><\/p>\n<\/div><\/div><\/div><\/div><\/div><div class=\"w-tabs-section\" id=\"1583624489732-dc55b0aa-a862\"><button class=\"w-tabs-section-header with_icon\" aria-controls=\"content-1583624489732-dc55b0aa-a862\" aria-expanded=\"false\"><i class=\"far fa-question-circle\"><\/i><div class=\"w-tabs-section-title\">Dois-je arriver avant la r\u00e9servation ?<\/div><div class=\"w-tabs-section-control\"><\/div><\/button><div class=\"w-tabs-section-content\" id=\"content-1583624489732-dc55b0aa-a862\"><div class=\"w-tabs-section-content-h i-cf\"><div class=\"wpb_text_column\"><div class=\"wpb_wrapper\"><p>Nous fixons toujours l&rsquo;heure de la r\u00e9servation en fonction de l&rsquo;heure de d\u00e9but de la session (par exemple 14h00). Vous devrez arriver environ 30 minutes \u00e0 l&rsquo;avance (par exemple 13h30) pour s\u00e9lectionner\/confirmer les forfaits et remplir les formalit\u00e9s administratives.<\/p>\n<\/div><\/div><\/div><\/div><\/div><div class=\"w-tabs-section\" id=\"1583624489732-dc55b0aa-a862\"><button class=\"w-tabs-section-header with_icon\" aria-controls=\"content-1583624489732-dc55b0aa-a862\" aria-expanded=\"false\"><i class=\"far fa-question-circle\"><\/i><div class=\"w-tabs-section-title\">Existe-t-il des restrictions pour les mineurs ou les personnes handicap\u00e9es ?<\/div><div class=\"w-tabs-section-control\"><\/div><\/button><div class=\"w-tabs-section-content\" id=\"content-1583624489732-dc55b0aa-a862\"><div class=\"w-tabs-section-content-h i-cf\"><div class=\"wpb_text_column\"><div class=\"wpb_wrapper\"><p>Si les tireurs sont des enfants ou des personnes souffrant d&rsquo;un handicap physique et\/ou mental, veuillez l&rsquo;indiquer lors de la r\u00e9servation. Il peut y avoir des restrictions sur le choix des armes &#8211; chaque cas est \u00e9valu\u00e9 individuellement.<\/p>\n<\/div><\/div><\/div><\/div><\/div><div class=\"w-tabs-section\" id=\"1583624489732-dc55b0aa-a862\"><button class=\"w-tabs-section-header with_icon\" aria-controls=\"content-1583624489732-dc55b0aa-a862\" aria-expanded=\"false\"><i class=\"far fa-question-circle\"><\/i><div class=\"w-tabs-section-title\">Dois-je \u00eatre sobre ?<\/div><div class=\"w-tabs-section-control\"><\/div><\/button><div class=\"w-tabs-section-content\" id=\"content-1583624489732-dc55b0aa-a862\"><div class=\"w-tabs-section-content-h i-cf\"><div class=\"wpb_text_column\"><div class=\"wpb_wrapper\"><p>Il est interdit d&rsquo;apporter de l&rsquo;alcool ou d&rsquo;autres drogues sur le champ de tir.<br \/>\nLes personnes sous l&rsquo;influence de ces substances seront pri\u00e9es de quitter les lieux.<\/p>\n<\/div><\/div><\/div><\/div><\/div><div class=\"w-tabs-section\" id=\"1583624489732-dc55b0aa-a862\"><button class=\"w-tabs-section-header with_icon\" aria-controls=\"content-1583624489732-dc55b0aa-a862\" aria-expanded=\"false\"><i class=\"far fa-question-circle\"><\/i><div class=\"w-tabs-section-title\">Puis-je tirer pendant ma grossesse ?<\/div><div class=\"w-tabs-section-control\"><\/div><\/button><div class=\"w-tabs-section-content\" id=\"content-1583624489732-dc55b0aa-a862\"><div class=\"w-tabs-section-content-h i-cf\"><div class=\"wpb_text_column\"><div class=\"wpb_wrapper\"><p>Pour des raisons de s\u00e9curit\u00e9, les femmes enceintes ne sont pas autoris\u00e9es \u00e0 participer au tir ni \u00e0 se trouver dans la salle pendant le tir.<\/p>\n<\/div><\/div><\/div><\/div><\/div><div class=\"w-tabs-section\" id=\"1583624489732-dc55b0aa-a862\"><button class=\"w-tabs-section-header with_icon\" aria-controls=\"content-1583624489732-dc55b0aa-a862\" aria-expanded=\"false\"><i class=\"far fa-question-circle\"><\/i><div class=\"w-tabs-section-title\">Y a-t-il des restrictions concernant les v\u00eatements ?<\/div><div class=\"w-tabs-section-control\"><\/div><\/button><div class=\"w-tabs-section-content\" id=\"content-1583624489732-dc55b0aa-a862\"><div class=\"w-tabs-section-content-h i-cf\"><div class=\"wpb_text_column\"><div class=\"wpb_wrapper\"><p>Il n&rsquo;y a pas de conditions strictes, mais nous recommandons des v\u00eatements confortables et des chaussures compl\u00e8tes. N&rsquo;oubliez pas que les armes \u00e0 feu peuvent salir vos v\u00eatements.<\/p>\n<\/div><\/div><\/div><\/div><\/div><div class=\"w-tabs-section\" id=\"1583624489732-dc55b0aa-a862\"><button class=\"w-tabs-section-header with_icon\" aria-controls=\"content-1583624489732-dc55b0aa-a862\" aria-expanded=\"false\"><i class=\"far fa-question-circle\"><\/i><div class=\"w-tabs-section-title\">Que se passe-t-il si je ne respecte pas les r\u00e8gles de s\u00e9curit\u00e9 ?<\/div><div class=\"w-tabs-section-control\"><\/div><\/button><div class=\"w-tabs-section-content\" id=\"content-1583624489732-dc55b0aa-a862\"><div class=\"w-tabs-section-content-h i-cf\"><div class=\"wpb_text_column\"><div class=\"wpb_wrapper\"><p>Les personnes qui ne suivent pas les instructions de l&rsquo;instructeur ou qui enfreignent les r\u00e8gles de s\u00e9curit\u00e9 seront imm\u00e9diatement expuls\u00e9es de la salle sans remboursement.<\/p>\n<\/div><\/div><\/div><\/div><\/div><div class=\"w-tabs-section\" id=\"1583624489765-c0d43523-8329\"><button class=\"w-tabs-section-header with_icon\" aria-controls=\"content-1583624489765-c0d43523-8329\" aria-expanded=\"false\"><i class=\"far fa-question-circle\"><\/i><div class=\"w-tabs-section-title\">Quelles sont les limites d&apos;\u00e2ge ?<\/div><div class=\"w-tabs-section-control\"><\/div><\/button><div class=\"w-tabs-section-content\" id=\"content-1583624489765-c0d43523-8329\"><div class=\"w-tabs-section-content-h i-cf\"><div class=\"wpb_text_column\"><div class=\"wpb_wrapper\"><p>Il n&rsquo;y a pas d&rsquo;\u00e2ge, tout d\u00e9pend de la personne. Cependant, notre exp\u00e9rience montre que l&rsquo;\u00e2ge minimum pour commencer l&rsquo;aventure de tir semble \u00eatre de 11-12 ans.<\/p>\n<\/div><\/div><\/div><\/div><\/div><div class=\"w-tabs-section\" id=\"1583624489802-4f94629d-6ce2\"><button class=\"w-tabs-section-header with_icon\" aria-controls=\"content-1583624489802-4f94629d-6ce2\" aria-expanded=\"false\"><i class=\"far fa-question-circle\"><\/i><div class=\"w-tabs-section-title\">Quelqu&apos;un peut-il m&apos;accompagner pendant le tournage ?<\/div><div class=\"w-tabs-section-control\"><\/div><\/button><div class=\"w-tabs-section-content\" id=\"content-1583624489802-4f94629d-6ce2\"><div class=\"w-tabs-section-content-h i-cf\"><div class=\"wpb_text_column\"><div class=\"wpb_wrapper\"><p>Oui, le tireur peut \u00eatre accompagn\u00e9 par des amis qui n&rsquo;ont pas d\u00e9cid\u00e9 de tirer.<\/p>\n<\/div><\/div><\/div><\/div><\/div><div class=\"w-tabs-section\" id=\"1583624489959-1cc5569d-a5a5\"><button class=\"w-tabs-section-header with_icon\" aria-controls=\"content-1583624489959-1cc5569d-a5a5\" aria-expanded=\"false\"><i class=\"far fa-question-circle\"><\/i><div class=\"w-tabs-section-title\">Jusqu&apos;\u00e0 quand dois-je utiliser le ch\u00e8que-cadeau ?<\/div><div class=\"w-tabs-section-control\"><\/div><\/button><div class=\"w-tabs-section-content\" id=\"content-1583624489959-1cc5569d-a5a5\"><div class=\"w-tabs-section-content-h i-cf\"><div class=\"wpb_text_column\"><div class=\"wpb_wrapper\"><p>Les bons cadeaux de l&rsquo;Acad\u00e9mie de Tir de Cracovie sont valables six mois \u00e0 partir de la date d&rsquo;\u00e9mission. Dans des cas particuliers, il est possible de prolonger la validit\u00e9 du bon.<\/p>\n<\/div><\/div><\/div><\/div><\/div><\/div><\/div><div class=\"w-separator size_large\"><\/div><\/div><\/div><\/div><\/div><\/div><\/section><section class=\"l-section wpb_row us_custom_0c54ba39 height_medium width_full\"><div class=\"l-section-h i-cf\"><div class=\"g-cols vc_row via_flex valign_top type_default stacking_default\"><div class=\"vc_col-sm-12 wpb_column vc_column_container\"><div class=\"vc_column-inner\"><div class=\"wpb_wrapper\"><div class=\"w-actionbox us_custom_a86d61b4 action-box-blok has_text_color color_light controls_bottom\"><div class=\"w-actionbox-text\"><h2 class=\"w-actionbox-title\">AVEZ-VOUS DES QUESTIONS?<\/h2><div class=\"w-actionbox-description\"><p>\u00c9CRIVEZ-NOUS MAINTENANT!<\/p>\n<\/div><\/div><div class=\"w-actionbox-controls\"><a class=\"w-btn us-btn-style_1 icon_atleft\" title=\"contact\" href=\"https:\/\/www.shootingcracow.com\/fr\/contact\/\" style=\"font-size:18px;\"><i class=\"far fa-play\"><\/i><span class=\"w-btn-label\">contact<\/span><\/a><a class=\"w-btn us-btn-style_1 icon_atleft\" title=\"tarif\" href=\"https:\/\/www.shootingcracow.com\/fr\/tarif\/\" style=\"font-size:18px;\"><i class=\"far fa-play\"><\/i><span class=\"w-btn-label\">packs<\/span><\/a><\/div><\/div><\/div><\/div><\/div><\/div><\/div><\/section><section class=\"l-section wpb_row us_custom_9d21f858 height_medium width_full\"><div class=\"l-section-h i-cf\"><div class=\"g-cols vc_row via_flex valign_top type_default stacking_default\"><div class=\"vc_col-sm-12 wpb_column vc_column_container\"><div class=\"vc_column-inner us_custom_8535c5f4\"><div class=\"wpb_wrapper\">[vc_raw_html el_class=\u00a0\u00bbgoogle-maps\u00a0\u00bb css=\u00a0\u00bb%7B%22default%22%3A%7B%22line-height%22%3A%220%22%2C%22margin-bottom%22%3A%220%22%2C%22padding-bottom%22%3A%220%22%7D%7D\u00a0\u00bb]PGlmcmFtZSBzcmM9Imh0dHBzOi8vd3d3Lmdvb2dsZS5jb20vbWFwcy9lbWJlZD9wYj0hMW0xOCExbTEyITFtMyExZDI1NTkuMDUzMTczNzg5NDQhMmQxOS44NjI1NTk2MTU5NzM0NiEzZDUwLjEwNDAxMTY3OTQyOTE2ITJtMyExZjAhMmYwITNmMCEzbTIhMWkxMDI0ITJpNzY4ITRmMTMuMSEzbTMhMW0yITFzMHg0NzE2NTk5MTJhNzQzNmNiJTNBMHg2MTlmODFkOTMyN2EwYWQ5ITJzQ3JhY293K1Nob290aW5nK0FjYWRlbXkhNWUwITNtMiExc3BsITJzcGwhNHYxNTMyNzg1OTMwMzU0IiB3aWR0aD0iMjAwMCIgaGVpZ2h0PSIzNTAiIGZyYW1lYm9yZGVyPSIwIiBzdHlsZT0iYm9yZGVyOjAiIGFsbG93ZnVsbHNjcmVlbj0iIj48L2lmcmFtZT4=[\/vc_raw_html]<\/div><\/div><\/div><\/div><\/div><\/section>\n","protected":false},"excerpt":{"rendered":"FAQC&apos;est ma premi\u00e8re fois au stand de tir &#8211; \u00e0 quoi cela ressemble-t-il, quelqu&apos;un va-t-il m&apos;aider ?Chaque personne qui utilise notre stand de tir commence son s\u00e9jour par une formation aux r\u00e8gles de s\u00e9curit\u00e9 et au maniement de base des armes. L&rsquo;instructeur accompagne le client \u00e0 tout moment, en lui offrant des conseils et en...","protected":false},"author":1,"featured_media":0,"parent":0,"menu_order":10,"comment_status":"closed","ping_status":"closed","template":"","meta":{"powered_cache_disable_cache":false},"acf":[],"yoast_head":"<!-- This site is optimized with the Yoast SEO plugin v20.6 - https:\/\/yoast.com\/wordpress\/plugins\/seo\/ -->\n<title>FAQ Champ de tir Cracow Shooting Academy<\/title>\n<meta name=\"description\" content=\"Foire aux questions (FAQ) sur Cracow Shooting Academy. Nous vous invitons \u00e0 vous familiariser avec eux.\" \/>\n<meta name=\"robots\" content=\"index, follow, max-snippet:-1, max-image-preview:large, max-video-preview:-1\" \/>\n<link rel=\"canonical\" href=\"https:\/\/www.shootingcracow.com\/fr\/faq-cracow-shooting-academy\/\" \/>\n<meta property=\"og:locale\" content=\"fr_FR\" \/>\n<meta property=\"og:type\" content=\"article\" \/>\n<meta property=\"og:title\" content=\"FAQ Champ de tir Cracow Shooting Academy\" \/>\n<meta property=\"og:description\" content=\"Foire aux questions (FAQ) sur Cracow Shooting Academy. Nous vous invitons \u00e0 vous familiariser avec eux.\" \/>\n<meta property=\"og:url\" content=\"https:\/\/www.shootingcracow.com\/fr\/faq-cracow-shooting-academy\/\" \/>\n<meta property=\"og:site_name\" content=\"Shooting Cracow\" \/>\n<meta property=\"article:publisher\" content=\"https:\/\/www.facebook.com\/shootingcracow\" \/>\n<meta property=\"article:modified_time\" content=\"2025-06-11T14:34:09+00:00\" \/>\n<meta property=\"og:image\" content=\"https:\/\/www.shootingcracow.com\/wp-content\/uploads\/2020\/03\/IMG_7320.jpg\" \/>\n\t<meta property=\"og:image:width\" content=\"1200\" \/>\n\t<meta property=\"og:image:height\" content=\"800\" \/>\n\t<meta property=\"og:image:type\" content=\"image\/jpeg\" \/>\n<meta name=\"twitter:card\" content=\"summary_large_image\" \/>\n<meta name=\"twitter:label1\" content=\"Dur\u00e9e de lecture estim\u00e9e\" \/>\n\t<meta name=\"twitter:data1\" content=\"6 minutes\" \/>\n<script type=\"application\/ld+json\" class=\"yoast-schema-graph\">{\"@context\":\"https:\/\/schema.org\",\"@graph\":[{\"@type\":\"WebPage\",\"@id\":\"https:\/\/www.shootingcracow.com\/fr\/faq-cracow-shooting-academy\/\",\"url\":\"https:\/\/www.shootingcracow.com\/fr\/faq-cracow-shooting-academy\/\",\"name\":\"FAQ Champ de tir Cracow Shooting Academy\",\"isPartOf\":{\"@id\":\"https:\/\/www.shootingcracow.com\/fr\/#website\"},\"datePublished\":\"2020-06-09T13:01:29+00:00\",\"dateModified\":\"2025-06-11T14:34:09+00:00\",\"description\":\"Foire aux questions (FAQ) sur Cracow Shooting Academy. Nous vous invitons \u00e0 vous familiariser avec eux.\",\"breadcrumb\":{\"@id\":\"https:\/\/www.shootingcracow.com\/fr\/faq-cracow-shooting-academy\/#breadcrumb\"},\"inLanguage\":\"fr-FR\",\"potentialAction\":[{\"@type\":\"ReadAction\",\"target\":[\"https:\/\/www.shootingcracow.com\/fr\/faq-cracow-shooting-academy\/\"]}]},{\"@type\":\"BreadcrumbList\",\"@id\":\"https:\/\/www.shootingcracow.com\/fr\/faq-cracow-shooting-academy\/#breadcrumb\",\"itemListElement\":[{\"@type\":\"ListItem\",\"position\":1,\"name\":\"Strona g\u0142\u00f3wna\",\"item\":\"https:\/\/www.shootingcracow.com\/fr\/page-d-accueil\/\"},{\"@type\":\"ListItem\",\"position\":2,\"name\":\"Faq\"}]},{\"@type\":\"WebSite\",\"@id\":\"https:\/\/www.shootingcracow.com\/fr\/#website\",\"url\":\"https:\/\/www.shootingcracow.com\/fr\/\",\"name\":\"Shooting Cracow\",\"description\":\"\",\"potentialAction\":[{\"@type\":\"SearchAction\",\"target\":{\"@type\":\"EntryPoint\",\"urlTemplate\":\"https:\/\/www.shootingcracow.com\/fr\/?s={search_term_string}\"},\"query-input\":\"required name=search_term_string\"}],\"inLanguage\":\"fr-FR\"}]}<\/script>\n<!-- \/ Yoast SEO plugin. -->","yoast_head_json":{"title":"FAQ Champ de tir Cracow Shooting Academy","description":"Foire aux questions (FAQ) sur Cracow Shooting Academy. Nous vous invitons \u00e0 vous familiariser avec eux.","robots":{"index":"index","follow":"follow","max-snippet":"max-snippet:-1","max-image-preview":"max-image-preview:large","max-video-preview":"max-video-preview:-1"},"canonical":"https:\/\/www.shootingcracow.com\/fr\/faq-cracow-shooting-academy\/","og_locale":"fr_FR","og_type":"article","og_title":"FAQ Champ de tir Cracow Shooting Academy","og_description":"Foire aux questions (FAQ) sur Cracow Shooting Academy. Nous vous invitons \u00e0 vous familiariser avec eux.","og_url":"https:\/\/www.shootingcracow.com\/fr\/faq-cracow-shooting-academy\/","og_site_name":"Shooting Cracow","article_publisher":"https:\/\/www.facebook.com\/shootingcracow","article_modified_time":"2025-06-11T14:34:09+00:00","og_image":[{"width":1200,"height":800,"url":"https:\/\/www.shootingcracow.com\/wp-content\/uploads\/2020\/03\/IMG_7320.jpg","type":"image\/jpeg"}],"twitter_card":"summary_large_image","twitter_misc":{"Dur\u00e9e de lecture estim\u00e9e":"6 minutes"},"schema":{"@context":"https:\/\/schema.org","@graph":[{"@type":"WebPage","@id":"https:\/\/www.shootingcracow.com\/fr\/faq-cracow-shooting-academy\/","url":"https:\/\/www.shootingcracow.com\/fr\/faq-cracow-shooting-academy\/","name":"FAQ Champ de tir Cracow Shooting Academy","isPartOf":{"@id":"https:\/\/www.shootingcracow.com\/fr\/#website"},"datePublished":"2020-06-09T13:01:29+00:00","dateModified":"2025-06-11T14:34:09+00:00","description":"Foire aux questions (FAQ) sur Cracow Shooting Academy. Nous vous invitons \u00e0 vous familiariser avec eux.","breadcrumb":{"@id":"https:\/\/www.shootingcracow.com\/fr\/faq-cracow-shooting-academy\/#breadcrumb"},"inLanguage":"fr-FR","potentialAction":[{"@type":"ReadAction","target":["https:\/\/www.shootingcracow.com\/fr\/faq-cracow-shooting-academy\/"]}]},{"@type":"BreadcrumbList","@id":"https:\/\/www.shootingcracow.com\/fr\/faq-cracow-shooting-academy\/#breadcrumb","itemListElement":[{"@type":"ListItem","position":1,"name":"Strona g\u0142\u00f3wna","item":"https:\/\/www.shootingcracow.com\/fr\/page-d-accueil\/"},{"@type":"ListItem","position":2,"name":"Faq"}]},{"@type":"WebSite","@id":"https:\/\/www.shootingcracow.com\/fr\/#website","url":"https:\/\/www.shootingcracow.com\/fr\/","name":"Shooting Cracow","description":"","potentialAction":[{"@type":"SearchAction","target":{"@type":"EntryPoint","urlTemplate":"https:\/\/www.shootingcracow.com\/fr\/?s={search_term_string}"},"query-input":"required name=search_term_string"}],"inLanguage":"fr-FR"}]}},"_links":{"self":[{"href":"https:\/\/www.shootingcracow.com\/fr\/wp-json\/wp\/v2\/pages\/5830"}],"collection":[{"href":"https:\/\/www.shootingcracow.com\/fr\/wp-json\/wp\/v2\/pages"}],"about":[{"href":"https:\/\/www.shootingcracow.com\/fr\/wp-json\/wp\/v2\/types\/page"}],"author":[{"embeddable":true,"href":"https:\/\/www.shootingcracow.com\/fr\/wp-json\/wp\/v2\/users\/1"}],"replies":[{"embeddable":true,"href":"https:\/\/www.shootingcracow.com\/fr\/wp-json\/wp\/v2\/comments?post=5830"}],"version-history":[{"count":0,"href":"https:\/\/www.shootingcracow.com\/fr\/wp-json\/wp\/v2\/pages\/5830\/revisions"}],"wp:attachment":[{"href":"https:\/\/www.shootingcracow.com\/fr\/wp-json\/wp\/v2\/media?parent=5830"}],"curies":[{"name":"wp","href":"https:\/\/api.w.org\/{rel}","templated":true}]}}