{"id":5823,"date":"2020-03-06T23:48:18","date_gmt":"2020-03-06T22:48:18","guid":{"rendered":"https:\/\/www.shootingcracow.com\/cheque-cadeau\/"},"modified":"2026-03-12T13:41:18","modified_gmt":"2026-03-12T12:41:18","slug":"cheque-cadeau","status":"publish","type":"page","link":"https:\/\/www.shootingcracow.com\/fr\/cheque-cadeau\/","title":{"rendered":"Ch\u00e8que cadeau"},"content":{"rendered":"<section class=\"l-section wpb_row us_custom_6d54c28f height_medium\"><div class=\"l-section-h i-cf\"><div class=\"g-cols vc_row via_flex valign_top type_default stacking_default\"><div class=\"vc_col-sm-12 wpb_column vc_column_container\"><div class=\"vc_column-inner\"><div class=\"wpb_wrapper\"><div id=\"ultimate-heading-27569f70a92d6e76\" class=\"uvc-heading ult-adjust-bottom-margin ultimate-heading-27569f70a92d6e76 uvc-8909 \" data-hspacer=\"no_spacer\" data-halign=\"center\" style=\"text-align:center\"><div class=\"uvc-heading-spacer no_spacer\" style=\"top\"><\/div><div class=\"uvc-main-heading ult-responsive\" data-ultimate-target=\".uvc-heading.ultimate-heading-27569f70a92d6e76 h1\" data-responsive-json-new=\"{&quot;font-size&quot;:&quot;&quot;,&quot;line-height&quot;:&quot;&quot;}\"><h1 style=\"font-family:&#039;Oswald&#039;;font-weight:500;color:#ffffff;\">BON\/BON CADEAU POUR NOTRE STAND DE TIR \u00c0 CRACOVIE<\/h1><\/div><\/div><\/div><\/div><\/div><\/div><\/div><\/section><section class=\"l-section wpb_row height_small\"><div class=\"l-section-h i-cf\"><div class=\"g-cols vc_row via_flex valign_top type_default stacking_default\"><div class=\"vc_col-sm-12 wpb_column vc_column_container\"><div class=\"vc_column-inner\"><div class=\"wpb_wrapper\"><div id=\"ultimate-heading-552269f70a92d7846\" class=\"uvc-heading ult-adjust-bottom-margin ultimate-heading-552269f70a92d7846 uvc-8828 \" data-hspacer=\"line_with_icon\" data-hline_width=\"auto\" data-hicon_type=\"custom\" data-hborder_style=\"solid\" data-hborder_height=\"1\" data-hborder_color=\"#ccc\" data-icon_width=\"48\" data-hfixer=\"10\" data-halign=\"center\" style=\"text-align:center\"><div class=\"uvc-main-heading ult-responsive\" data-ultimate-target=\".uvc-heading.ultimate-heading-552269f70a92d7846 h2\" data-responsive-json-new=\"{&quot;font-size&quot;:&quot;&quot;,&quot;line-height&quot;:&quot;&quot;}\"><h2 style=\"font-family:&#039;Oswald&#039;;font-weight:300;\">NOUS OFFRONS DES CH\u00c8QUES-CADEAUX<\/h2><\/div><div class=\"uvc-sub-heading ult-responsive\" data-ultimate-target=\".uvc-heading.ultimate-heading-552269f70a92d7846 .uvc-sub-heading \" data-responsive-json-new=\"{&quot;font-size&quot;:&quot;&quot;,&quot;line-height&quot;:&quot;&quot;}\" style=\"font-weight:normal;\">\n<p style=\"text-align: center;\">Le ch\u00e8que-cadeau pour notre stand de tir \u00e0 Cracovie est un cadeau parfait pour No\u00ebl, un anniversaire ou toute autre occasion o\u00f9 vous souhaitez offrir \u00e0 quelqu&rsquo;un un cadeau inoubliable et inhabituel, dont le destinataire se souviendra longtemps.<\/p>\n<\/div><div class=\"uvc-heading-spacer line_with_icon\" style=\"margin-top:20px;\"><div class=\"ult-just-icon-wrapper \"><div class=\"align-icon\" style=\"text-align:center;\">\n<div class=\"aio-icon-img \" style=\"font-size:48px;display:inline-block;\">\n\t<noscript><img class=\"img-icon\" alt=\"null\" src=\"https:\/\/www.shootingcracow.com\/wp-content\/uploads\/2020\/03\/guns-312418.svg\"><\/noscript><img class=\"img-icon lazyload\" alt=\"null\" src=\"data:image\/gif;base64,R0lGODlhAQABAIAAAAAAAP\/\/\/yH5BAEAAAAALAAAAAABAAEAAAIBRAA7\" data-src=\"https:\/\/www.shootingcracow.com\/wp-content\/uploads\/2020\/03\/guns-312418.svg\">\n<\/div><\/div><\/div><\/div><\/div><\/div><\/div><\/div><\/div><\/div><\/section><section class=\"l-section wpb_row us_custom_05386472 height_medium\"><div class=\"l-section-h i-cf\"><div class=\"g-cols vc_row via_flex valign_top type_default stacking_default\"><div class=\"vc_col-sm-12 wpb_column vc_column_container\"><div class=\"vc_column-inner\"><div class=\"wpb_wrapper\"><div class=\"w-image align_center\"><a href=\"https:\/\/strzelnicakrakow.panvoucher.pl\" aria-label=\"Lien\" class=\"w-image-h\"><noscript><img width=\"929\" height=\"322\" src=\"https:\/\/www.shootingcracow.com\/wp-content\/uploads\/2021\/11\/bon-na-strone.jpg\" class=\"attachment-full size-full\" alt decoding=\"async\" srcset=\"https:\/\/www.shootingcracow.com\/wp-content\/uploads\/2021\/11\/bon-na-strone.jpg 929w, https:\/\/www.shootingcracow.com\/wp-content\/uploads\/2021\/11\/bon-na-strone-300x104.jpg 300w\" sizes=\"(max-width: 929px) 100vw, 929px\"><\/noscript><img width=\"929\" height=\"322\" src=\"data:image\/svg+xml,%3Csvg%20xmlns%3D%22http%3A%2F%2Fwww.w3.org%2F2000%2Fsvg%22%20viewBox%3D%220%200%20929%20322%22%3E%3C%2Fsvg%3E\" class=\"attachment-full size-full lazyload\" alt decoding=\"async\" srcset=\"data:image\/svg+xml,%3Csvg%20xmlns%3D%22http%3A%2F%2Fwww.w3.org%2F2000%2Fsvg%22%20viewBox%3D%220%200%20929%20322%22%3E%3C%2Fsvg%3E 929w\" sizes=\"(max-width: 929px) 100vw, 929px\" data-srcset=\"https:\/\/www.shootingcracow.com\/wp-content\/uploads\/2021\/11\/bon-na-strone.jpg 929w, https:\/\/www.shootingcracow.com\/wp-content\/uploads\/2021\/11\/bon-na-strone-300x104.jpg 300w\" data-src=\"https:\/\/www.shootingcracow.com\/wp-content\/uploads\/2021\/11\/bon-na-strone.jpg\"><\/a><\/div><div class=\"w-separator size_custom\" style=\"height:30px\"><\/div><div class=\"w-btn-wrapper align_center\"><a class=\"w-btn us-btn-style_4\" title=\"acheter un bon\" href=\"https:\/\/strzelnicakrakow.panvoucher.pl\"><span class=\"w-btn-label\">ACHETER UN BON<\/span><\/a><\/div><div class=\"w-btn-wrapper align_center\"><a class=\"w-btn us-btn-style_4\" title=\"PROLONGER LE BONPRZED\u0141U\u017b BON\" href=\"https:\/\/strzelnicakrakow.panvoucher.pl\/zamowienie\/przedluz\"><span class=\"w-btn-label\">PROLONGER LE BONPRZED\u0141U\u017b BON<\/span><\/a><\/div><div class=\"w-separator size_custom\" style=\"height:30px\"><\/div><div class=\"wpb_text_column\"><div class=\"wpb_wrapper\"><p style=\"text-align: center;\">Un bon\/bonus pour stand de tir est un cadeau unique pour les hommes et les femmes qui veulent vivre une exp\u00e9rience forte et inoubliable avec de vraies armes. Et tout cela dans des conditions totalement s\u00fbres et confortables sous les soins de notre instructeur de tir qualifi\u00e9.<\/p>\n<p style=\"text-align: center;\">Des ch\u00e8ques-cadeaux peuvent \u00eatre \u00e9mis pour n&rsquo;importe quel forfait de tournage de notre offre. Il est \u00e9galement possible de d\u00e9terminer vous-m\u00eame la valeur du bon. Vous ne trouverez ce genre de libert\u00e9 qu&rsquo;avec nous.<\/p>\n<p style=\"text-align: center;\">Le ch\u00e8que-cadeau sera personnalis\u00e9 selon vos directives. Il a \u00e9t\u00e9 d\u00e9velopp\u00e9 dans un design graphique esth\u00e9tique et moderne qui souligne son caract\u00e8re unique. Le bon est d\u00e9livr\u00e9 sous forme \u00e9lectronique afin de garantir une r\u00e9alisation la plus rapide possible. Nous garantissons la livraison le jour du cr\u00e9dit des frais ou de la r\u00e9ception d&rsquo;une confirmation de transfert.<\/p>\n<p style=\"text-align: center;\"><strong>La validit\u00e9 du bon\/bon d&rsquo;achat est de six mois \u00e0 compter de la date d&rsquo;achat.<\/strong> Les destinataires sont pri\u00e9s de nous contacter \u00e0 l&rsquo;avance pour r\u00e9server une date de livraison. Nous invitons \u00e9galement les personnes accompagnantes.<\/p>\n<\/div><\/div><\/div><\/div><\/div><\/div><\/div><\/section><section class=\"l-section wpb_row us_custom_0c54ba39 height_medium width_full\"><div class=\"l-section-h i-cf\"><div class=\"g-cols vc_row via_flex valign_top type_default stacking_default\"><div class=\"vc_col-sm-12 wpb_column vc_column_container\"><div class=\"vc_column-inner\"><div class=\"wpb_wrapper\"><div class=\"w-actionbox us_custom_a86d61b4 action-box-blok has_text_color color_light controls_bottom\"><div class=\"w-actionbox-text\"><h4 class=\"w-actionbox-title\">S&#039;IL VOUS PLA\u00ceT NOUS CONTACTER POUR DISCUTER DES D\u00c9TAILS.<\/h4><\/div><div class=\"w-actionbox-controls\"><a class=\"w-btn us-btn-style_1 icon_atleft\" title=\"contact\" href=\"https:\/\/www.shootingcracow.com\/fr\/contact\/\" style=\"font-size:18px;\"><i class=\"far fa-play\"><\/i><span class=\"w-btn-label\">contact<\/span><\/a><a class=\"w-btn us-btn-style_1 icon_atleft\" title=\"tarif\" href=\"https:\/\/www.shootingcracow.com\/fr\/tarif\/\" style=\"font-size:18px;\"><i class=\"far fa-play\"><\/i><span class=\"w-btn-label\">PACKS<\/span><\/a><\/div><\/div><\/div><\/div><\/div><\/div><\/div><\/section><section class=\"l-section wpb_row us_custom_9d21f858 height_medium width_full\"><div class=\"l-section-h i-cf\"><div class=\"g-cols vc_row via_flex valign_top type_default stacking_default\"><div class=\"vc_col-sm-12 wpb_column vc_column_container\"><div class=\"vc_column-inner\"><div class=\"wpb_wrapper\">[vc_raw_html el_class=&nbsp;\u00bbgoogle-maps&nbsp;\u00bb css=&nbsp;\u00bb%7B%22default%22%3A%7B%22line-height%22%3A%220%22%2C%22margin-bottom%22%3A%220%22%2C%22padding-bottom%22%3A%220%22%7D%7D&nbsp;\u00bb]PGlmcmFtZSBzcmM9Imh0dHBzOi8vd3d3Lmdvb2dsZS5jb20vbWFwcy9lbWJlZD9wYj0hMW0xOCExbTEyITFtMyExZDI1NTkuMDUzMTczNzg5NDQhMmQxOS44NjI1NTk2MTU5NzM0NiEzZDUwLjEwNDAxMTY3OTQyOTE2ITJtMyExZjAhMmYwITNmMCEzbTIhMWkxMDI0ITJpNzY4ITRmMTMuMSEzbTMhMW0yITFzMHg0NzE2NTk5MTJhNzQzNmNiJTNBMHg2MTlmODFkOTMyN2EwYWQ5ITJzQ3JhY293K1Nob290aW5nK0FjYWRlbXkhNWUwITNtMiExc3BsITJzcGwhNHYxNTMyNzg1OTMwMzU0IiB3aWR0aD0iMjAwMCIgaGVpZ2h0PSIzNTAiIGZyYW1lYm9yZGVyPSIwIiBzdHlsZT0iYm9yZGVyOjAiIGFsbG93ZnVsbHNjcmVlbj0iIj48L2lmcmFtZT4=[\/vc_raw_html]<\/div><\/div><\/div><\/div><\/div><\/section>\n","protected":false},"excerpt":{"rendered":"BON\/BON CADEAU POUR NOTRE STAND DE TIR \u00c0 CRACOVIENOUS OFFRONS DES CH\u00c8QUES-CADEAUX Le ch\u00e8que-cadeau pour notre stand de tir \u00e0 Cracovie est un cadeau parfait pour No\u00ebl, un anniversaire ou toute autre occasion o\u00f9 vous souhaitez offrir \u00e0 quelqu'un un cadeau inoubliable et inhabituel, dont le destinataire se souviendra longtemps. ACHETER UN BONPROLONGER LE BONPRZED\u0141U\u017b...","protected":false},"author":1,"featured_media":0,"parent":0,"menu_order":5,"comment_status":"closed","ping_status":"closed","template":"","meta":{"powered_cache_disable_cache":false},"acf":[],"yoast_head":"<!-- This site is optimized with the Yoast SEO plugin v20.6 - https:\/\/yoast.com\/wordpress\/plugins\/seo\/ -->\n<title>Bon\/bon cadeau pour notre stand de tir \u00e0 Cracovie.<\/title>\n<meta name=\"description\" content=\"Le bon\/ch\u00e8que cadeau pour notre stand de tir \u00e0 Cracovie est une id\u00e9e de cadeau unique pour chaque occasion. Nous d\u00e9livrons des bons pour tout forfait de tir.\" \/>\n<meta name=\"robots\" content=\"index, follow, max-snippet:-1, max-image-preview:large, max-video-preview:-1\" \/>\n<link rel=\"canonical\" href=\"https:\/\/www.shootingcracow.com\/fr\/cheque-cadeau\/\" \/>\n<meta property=\"og:locale\" content=\"fr_FR\" \/>\n<meta property=\"og:type\" content=\"article\" \/>\n<meta property=\"og:title\" content=\"Bon\/bon cadeau pour notre stand de tir \u00e0 Cracovie.\" \/>\n<meta property=\"og:description\" content=\"Le bon\/ch\u00e8que cadeau pour notre stand de tir \u00e0 Cracovie est une id\u00e9e de cadeau unique pour chaque occasion. Nous d\u00e9livrons des bons pour tout forfait de tir.\" \/>\n<meta property=\"og:url\" content=\"https:\/\/www.shootingcracow.com\/fr\/cheque-cadeau\/\" \/>\n<meta property=\"og:site_name\" content=\"Shooting Cracow\" \/>\n<meta property=\"article:publisher\" content=\"https:\/\/www.facebook.com\/shootingcracow\" \/>\n<meta property=\"article:modified_time\" content=\"2026-03-12T12:41:18+00:00\" \/>\n<meta property=\"og:image\" content=\"https:\/\/www.shootingcracow.com\/wp-content\/uploads\/2020\/03\/IMG_7320.jpg\" \/>\n\t<meta property=\"og:image:width\" content=\"1200\" \/>\n\t<meta property=\"og:image:height\" content=\"800\" \/>\n\t<meta property=\"og:image:type\" content=\"image\/jpeg\" \/>\n<meta name=\"twitter:card\" content=\"summary_large_image\" \/>\n<meta name=\"twitter:label1\" content=\"Dur\u00e9e de lecture estim\u00e9e\" \/>\n\t<meta name=\"twitter:data1\" content=\"4 minutes\" \/>\n<script type=\"application\/ld+json\" class=\"yoast-schema-graph\">{\"@context\":\"https:\/\/schema.org\",\"@graph\":[{\"@type\":\"WebPage\",\"@id\":\"https:\/\/www.shootingcracow.com\/fr\/cheque-cadeau\/\",\"url\":\"https:\/\/www.shootingcracow.com\/fr\/cheque-cadeau\/\",\"name\":\"Bon\/bon cadeau pour notre stand de tir \u00e0 Cracovie.\",\"isPartOf\":{\"@id\":\"https:\/\/www.shootingcracow.com\/fr\/#website\"},\"datePublished\":\"2020-03-06T22:48:18+00:00\",\"dateModified\":\"2026-03-12T12:41:18+00:00\",\"description\":\"Le bon\/ch\u00e8que cadeau pour notre stand de tir \u00e0 Cracovie est une id\u00e9e de cadeau unique pour chaque occasion. Nous d\u00e9livrons des bons pour tout forfait de tir.\",\"breadcrumb\":{\"@id\":\"https:\/\/www.shootingcracow.com\/fr\/cheque-cadeau\/#breadcrumb\"},\"inLanguage\":\"fr-FR\",\"potentialAction\":[{\"@type\":\"ReadAction\",\"target\":[\"https:\/\/www.shootingcracow.com\/fr\/cheque-cadeau\/\"]}]},{\"@type\":\"BreadcrumbList\",\"@id\":\"https:\/\/www.shootingcracow.com\/fr\/cheque-cadeau\/#breadcrumb\",\"itemListElement\":[{\"@type\":\"ListItem\",\"position\":1,\"name\":\"Strona g\u0142\u00f3wna\",\"item\":\"https:\/\/www.shootingcracow.com\/fr\/page-d-accueil\/\"},{\"@type\":\"ListItem\",\"position\":2,\"name\":\"Ch\u00e8que cadeau\"}]},{\"@type\":\"WebSite\",\"@id\":\"https:\/\/www.shootingcracow.com\/fr\/#website\",\"url\":\"https:\/\/www.shootingcracow.com\/fr\/\",\"name\":\"Shooting Cracow\",\"description\":\"\",\"potentialAction\":[{\"@type\":\"SearchAction\",\"target\":{\"@type\":\"EntryPoint\",\"urlTemplate\":\"https:\/\/www.shootingcracow.com\/fr\/?s={search_term_string}\"},\"query-input\":\"required name=search_term_string\"}],\"inLanguage\":\"fr-FR\"}]}<\/script>\n<!-- \/ Yoast SEO plugin. -->","yoast_head_json":{"title":"Bon\/bon cadeau pour notre stand de tir \u00e0 Cracovie.","description":"Le bon\/ch\u00e8que cadeau pour notre stand de tir \u00e0 Cracovie est une id\u00e9e de cadeau unique pour chaque occasion. Nous d\u00e9livrons des bons pour tout forfait de tir.","robots":{"index":"index","follow":"follow","max-snippet":"max-snippet:-1","max-image-preview":"max-image-preview:large","max-video-preview":"max-video-preview:-1"},"canonical":"https:\/\/www.shootingcracow.com\/fr\/cheque-cadeau\/","og_locale":"fr_FR","og_type":"article","og_title":"Bon\/bon cadeau pour notre stand de tir \u00e0 Cracovie.","og_description":"Le bon\/ch\u00e8que cadeau pour notre stand de tir \u00e0 Cracovie est une id\u00e9e de cadeau unique pour chaque occasion. Nous d\u00e9livrons des bons pour tout forfait de tir.","og_url":"https:\/\/www.shootingcracow.com\/fr\/cheque-cadeau\/","og_site_name":"Shooting Cracow","article_publisher":"https:\/\/www.facebook.com\/shootingcracow","article_modified_time":"2026-03-12T12:41:18+00:00","og_image":[{"width":1200,"height":800,"url":"https:\/\/www.shootingcracow.com\/wp-content\/uploads\/2020\/03\/IMG_7320.jpg","type":"image\/jpeg"}],"twitter_card":"summary_large_image","twitter_misc":{"Dur\u00e9e de lecture estim\u00e9e":"4 minutes"},"schema":{"@context":"https:\/\/schema.org","@graph":[{"@type":"WebPage","@id":"https:\/\/www.shootingcracow.com\/fr\/cheque-cadeau\/","url":"https:\/\/www.shootingcracow.com\/fr\/cheque-cadeau\/","name":"Bon\/bon cadeau pour notre stand de tir \u00e0 Cracovie.","isPartOf":{"@id":"https:\/\/www.shootingcracow.com\/fr\/#website"},"datePublished":"2020-03-06T22:48:18+00:00","dateModified":"2026-03-12T12:41:18+00:00","description":"Le bon\/ch\u00e8que cadeau pour notre stand de tir \u00e0 Cracovie est une id\u00e9e de cadeau unique pour chaque occasion. Nous d\u00e9livrons des bons pour tout forfait de tir.","breadcrumb":{"@id":"https:\/\/www.shootingcracow.com\/fr\/cheque-cadeau\/#breadcrumb"},"inLanguage":"fr-FR","potentialAction":[{"@type":"ReadAction","target":["https:\/\/www.shootingcracow.com\/fr\/cheque-cadeau\/"]}]},{"@type":"BreadcrumbList","@id":"https:\/\/www.shootingcracow.com\/fr\/cheque-cadeau\/#breadcrumb","itemListElement":[{"@type":"ListItem","position":1,"name":"Strona g\u0142\u00f3wna","item":"https:\/\/www.shootingcracow.com\/fr\/page-d-accueil\/"},{"@type":"ListItem","position":2,"name":"Ch\u00e8que cadeau"}]},{"@type":"WebSite","@id":"https:\/\/www.shootingcracow.com\/fr\/#website","url":"https:\/\/www.shootingcracow.com\/fr\/","name":"Shooting Cracow","description":"","potentialAction":[{"@type":"SearchAction","target":{"@type":"EntryPoint","urlTemplate":"https:\/\/www.shootingcracow.com\/fr\/?s={search_term_string}"},"query-input":"required name=search_term_string"}],"inLanguage":"fr-FR"}]}},"_links":{"self":[{"href":"https:\/\/www.shootingcracow.com\/fr\/wp-json\/wp\/v2\/pages\/5823"}],"collection":[{"href":"https:\/\/www.shootingcracow.com\/fr\/wp-json\/wp\/v2\/pages"}],"about":[{"href":"https:\/\/www.shootingcracow.com\/fr\/wp-json\/wp\/v2\/types\/page"}],"author":[{"embeddable":true,"href":"https:\/\/www.shootingcracow.com\/fr\/wp-json\/wp\/v2\/users\/1"}],"replies":[{"embeddable":true,"href":"https:\/\/www.shootingcracow.com\/fr\/wp-json\/wp\/v2\/comments?post=5823"}],"version-history":[{"count":0,"href":"https:\/\/www.shootingcracow.com\/fr\/wp-json\/wp\/v2\/pages\/5823\/revisions"}],"wp:attachment":[{"href":"https:\/\/www.shootingcracow.com\/fr\/wp-json\/wp\/v2\/media?parent=5823"}],"curies":[{"name":"wp","href":"https:\/\/api.w.org\/{rel}","templated":true}]}}