{"id":3636,"date":"2020-05-28T07:23:17","date_gmt":"2020-05-28T05:23:17","guid":{"rendered":"https:\/\/www.shootingcracow.com\/pour-les-entreprises\/"},"modified":"2026-03-03T15:53:49","modified_gmt":"2026-03-03T14:53:49","slug":"pour-les-entreprises","status":"publish","type":"page","link":"https:\/\/www.shootingcracow.com\/fr\/offre\/pour-les-entreprises\/","title":{"rendered":"Pour les entreprises"},"content":{"rendered":"<section class=\"l-section wpb_row us_custom_6d54c28f height_medium\"><div class=\"l-section-h i-cf\"><div class=\"g-cols vc_row via_flex valign_top type_default stacking_default\"><div class=\"vc_col-sm-12 wpb_column vc_column_container\"><div class=\"vc_column-inner\"><div class=\"wpb_wrapper\"><div id=\"ultimate-heading-79376a00e05b92537\" class=\"uvc-heading ult-adjust-bottom-margin ultimate-heading-79376a00e05b92537 uvc-8149 \" data-hspacer=\"no_spacer\" data-halign=\"center\" style=\"text-align:center\"><div class=\"uvc-heading-spacer no_spacer\" style=\"top\"><\/div><div class=\"uvc-main-heading ult-responsive\" data-ultimate-target=\".uvc-heading.ultimate-heading-79376a00e05b92537 h1\" data-responsive-json-new=\"{&quot;font-size&quot;:&quot;&quot;,&quot;line-height&quot;:&quot;&quot;}\"><h1 style=\"font-family:&#039;Oswald&#039;;font-weight:500;color:#ffffff;\">OFFRE POUR LES ENTREPRISES<\/h1><\/div><\/div><\/div><\/div><\/div><\/div><\/div><\/section><section class=\"l-section wpb_row height_small\"><div class=\"l-section-h i-cf\"><div class=\"g-cols vc_row via_flex valign_top type_default stacking_default\"><div class=\"vc_col-sm-12 wpb_column vc_column_container\"><div class=\"vc_column-inner\"><div class=\"wpb_wrapper\"><div id=\"ultimate-heading-18056a00e05b92ef1\" class=\"uvc-heading ult-adjust-bottom-margin ultimate-heading-18056a00e05b92ef1 uvc-1879 \" data-hspacer=\"line_with_icon\" data-hline_width=\"auto\" data-hicon_type=\"custom\" data-hborder_style=\"solid\" data-hborder_height=\"1\" data-hborder_color=\"#ccc\" data-icon_width=\"48\" data-hfixer=\"10\" data-halign=\"center\" style=\"text-align:center\"><div class=\"uvc-main-heading ult-responsive\" data-ultimate-target=\".uvc-heading.ultimate-heading-18056a00e05b92ef1 h2\" data-responsive-json-new=\"{&quot;font-size&quot;:&quot;&quot;,&quot;line-height&quot;:&quot;&quot;}\"><h2 style=\"font-family:&#039;Oswald&#039;;font-weight:300;\">PASSER UN \u00c9V\u00c9NEMENT ENTREPRISE ET INT\u00c9GRATION \u00c0 CRACOVIE AU CHAMP DE TIR<\/h2><\/div><div class=\"uvc-sub-heading ult-responsive\" data-ultimate-target=\".uvc-heading.ultimate-heading-18056a00e05b92ef1 .uvc-sub-heading \" data-responsive-json-new=\"{&quot;font-size&quot;:&quot;&quot;,&quot;line-height&quot;:&quot;&quot;}\" style=\"font-weight:normal;\">\n<p style=\"text-align: center;\">Les \u00e9v\u00e9nements d&rsquo;entreprise et les \u00e9v\u00e9nements d&rsquo;int\u00e9gration sont une forme parfaite de passer du temps dans le cadre de la formation en entreprise et de la consolidation d&rsquo;\u00e9quipe. Nous fournissons une organisation compl\u010dte de ce type d&rsquo;\u00e9v\u00e9nements. Nous assurons le transport et l&rsquo;attraction principale de l&rsquo;\u00e9v\u00e9nement, c&rsquo;est-\u00e0-dire le tir avec des armes \u00e0 feu dans notre champ de tir \u00e0 Cracovie.<\/p>\n<\/div><div class=\"uvc-heading-spacer line_with_icon\" style=\"margin-top:20px;\"><div class=\"ult-just-icon-wrapper \"><div class=\"align-icon\" style=\"text-align:center;\">\n<div class=\"aio-icon-img \" style=\"font-size:48px;display:inline-block;\">\n\t<noscript><img class=\"img-icon\" alt=\"null\" src=\"https:\/\/www.shootingcracow.com\/wp-content\/uploads\/2020\/03\/guns-312418.svg\"><\/noscript><img class=\"img-icon lazyload\" alt=\"null\" src=\"data:image\/gif;base64,R0lGODlhAQABAIAAAAAAAP\/\/\/yH5BAEAAAAALAAAAAABAAEAAAIBRAA7\" data-src=\"https:\/\/www.shootingcracow.com\/wp-content\/uploads\/2020\/03\/guns-312418.svg\">\n<\/div><\/div><\/div><\/div><\/div><div class=\"w-separator size_small\"><\/div><div class=\"g-cols wpb_row via_flex valign_top type_default stacking_default\"><div class=\"vc_col-sm-12 wpb_column vc_column_container\"><div class=\"vc_column-inner\"><div class=\"wpb_wrapper\"><div class=\"wpb_text_column\"><div class=\"wpb_wrapper\"><p>Si vous souhaitez que le parcours d\u2019int\u00e9gration de votre entreprise acqui\u010dre un caract\u010dre original et atypique et procure beaucoup de joie aux participants, contactez-nous. Chacune de nos offres est pr\u00e9par\u00e9e individuellement en fonction des souhaits et des attentes du client. Nous sommes ouvert \u0155 vos propositions.<\/p>\n<\/div><\/div><\/div><\/div><\/div><\/div><\/div><\/div><\/div><\/div><\/div><\/section><section class=\"l-section wpb_row us_custom_d99a8650 height_medium\"><div class=\"l-section-h i-cf\"><div class=\"g-cols vc_row via_flex valign_top type_default stacking_default\"><div class=\"vc_col-sm-12 wpb_column vc_column_container\"><div class=\"vc_column-inner\"><div class=\"wpb_wrapper\"><\/div><\/div><\/div><\/div><\/div><\/section><section class=\"l-section wpb_row height_small\"><div class=\"l-section-h i-cf\"><div class=\"g-cols vc_row via_flex valign_top type_default stacking_default\"><div class=\"vc_col-sm-12 wpb_column vc_column_container\"><div class=\"vc_column-inner\"><div class=\"wpb_wrapper\"><div class=\"wpb_text_column us_custom_ea76afbe\"><div class=\"wpb_wrapper\"><p style=\"text-align: center;\">Tous les participants \u00e0 la f\u00eate d\u2019entreprise \/ \u00e0 l\u2019\u00e9v\u00e9nement d\u2019int\u00e9gration suivront une formation portant sur les r\u00e8gles de s\u00e9curit\u00e9 li\u00e9es \u00e0 l\u2019utilisation des armes \u00e0 feu ainsi que sur les techniques de tir de base.<br>\nLa s\u00e9curit\u00e9 de l\u2019\u00e9v\u00e9nement sera assur\u00e9e par nos instructeurs disposant de nombreuses ann\u00e9es d\u2019exp\u00e9rience.<\/p>\n<\/div><\/div><div class=\"w-separator size_custom\" style=\"height:20px\"><\/div><div class=\"ult-just-icon-wrapper \"><div class=\"align-icon\" style=\"text-align:center;\">\n<div class=\"aio-icon-img \" style=\"font-size:48px;display:inline-block;\">\n\t<noscript><img class=\"img-icon\" alt=\"null\" src=\"https:\/\/www.shootingcracow.com\/wp-content\/uploads\/2020\/03\/gun-3.svg\"><\/noscript><img class=\"img-icon lazyload\" alt=\"null\" src=\"data:image\/gif;base64,R0lGODlhAQABAIAAAAAAAP\/\/\/yH5BAEAAAAALAAAAAABAAEAAAIBRAA7\" data-src=\"https:\/\/www.shootingcracow.com\/wp-content\/uploads\/2020\/03\/gun-3.svg\">\n<\/div><\/div><\/div><div class=\"w-separator size_custom\" style=\"height:40px\"><\/div><div class=\"wpb_text_column us_custom_b40e44a0\"><div class=\"wpb_wrapper\"><h3 style=\"text-align: center;\"><strong>Nous vous invitons au contact et \u0155 la coop\u00e9ration.<\/strong><\/h3>\n<\/div><\/div><div class=\"w-btn-wrapper align_center\"><a class=\"w-btn us-btn-style_1 icon_atleft\" title=\"Tarif\" href=\"https:\/\/www.shootingcracow.com\/fr\/tarif\/\"><i class=\"far fa-play\"><\/i><span class=\"w-btn-label\">Forfaits de tir<\/span><\/a><\/div><div class=\"w-separator size_custom\" style=\"height:40px\"><\/div><\/div><\/div><\/div><\/div><\/div><\/section><section class=\"l-section wpb_row us_custom_0c54ba39 height_medium width_full\"><div class=\"l-section-h i-cf\"><div class=\"g-cols vc_row via_flex valign_top type_default stacking_default\"><div class=\"vc_col-sm-12 wpb_column vc_column_container\"><div class=\"vc_column-inner\"><div class=\"wpb_wrapper\"><div class=\"w-actionbox us_custom_a86d61b4 action-box-blok has_text_color color_light controls_bottom\"><div class=\"w-actionbox-text\"><h3 class=\"w-actionbox-title\">AVEZ-VOUS DES QUESTIONS?<\/h3><div class=\"w-actionbox-description\"><p>\u00c9CRIVEZ-NOUS MAINTENANT!<\/p>\n<\/div><\/div><div class=\"w-actionbox-controls\"><a class=\"w-btn us-btn-style_1 icon_atleft\" title=\"contact\" href=\"https:\/\/www.shootingcracow.com\/fr\/contact\/\" style=\"font-size:18px;\"><i class=\"far fa-play\"><\/i><span class=\"w-btn-label\">contact<\/span><\/a><a class=\"w-btn us-btn-style_1 icon_atleft\" title=\"tarif\" href=\"https:\/\/www.shootingcracow.com\/fr\/tarif\/\" style=\"font-size:18px;\"><i class=\"far fa-play\"><\/i><span class=\"w-btn-label\">packs<\/span><\/a><\/div><\/div><\/div><\/div><\/div><\/div><\/div><\/section><section class=\"l-section wpb_row us_custom_9d21f858 height_medium width_full\"><div class=\"l-section-h i-cf\"><div class=\"g-cols vc_row via_flex valign_top type_default stacking_default\"><div class=\"vc_col-sm-12 wpb_column vc_column_container\"><div class=\"vc_column-inner us_custom_8535c5f4\"><div class=\"wpb_wrapper\">[vc_raw_html el_class=&nbsp;\u00bbgoogle-maps&nbsp;\u00bb css=&nbsp;\u00bb%7B%22default%22%3A%7B%22line-height%22%3A%220%22%2C%22margin-bottom%22%3A%220%22%2C%22padding-bottom%22%3A%220%22%7D%7D&nbsp;\u00bb]PGlmcmFtZSBzcmM9Imh0dHBzOi8vd3d3Lmdvb2dsZS5jb20vbWFwcy9lbWJlZD9wYj0hMW0xOCExbTEyITFtMyExZDI1NTkuMDUzMTczNzg5NDQhMmQxOS44NjI1NTk2MTU5NzM0NiEzZDUwLjEwNDAxMTY3OTQyOTE2ITJtMyExZjAhMmYwITNmMCEzbTIhMWkxMDI0ITJpNzY4ITRmMTMuMSEzbTMhMW0yITFzMHg0NzE2NTk5MTJhNzQzNmNiJTNBMHg2MTlmODFkOTMyN2EwYWQ5ITJzQ3JhY293K1Nob290aW5nK0FjYWRlbXkhNWUwITNtMiExc3BsITJzcGwhNHYxNTMyNzg1OTMwMzU0IiB3aWR0aD0iMjAwMCIgaGVpZ2h0PSIzNTAiIGZyYW1lYm9yZGVyPSIwIiBzdHlsZT0iYm9yZGVyOjAiIGFsbG93ZnVsbHNjcmVlbj0iIj48L2lmcmFtZT4=[\/vc_raw_html]<\/div><\/div><\/div><\/div><\/div><\/section>\n","protected":false},"excerpt":{"rendered":"OFFRE POUR LES ENTREPRISESPASSER UN \u00c9V\u00c9NEMENT ENTREPRISE ET INT\u00c9GRATION \u00c0 CRACOVIE AU CHAMP DE TIR Les \u00e9v\u00e9nements d'entreprise et les \u00e9v\u00e9nements d'int\u00e9gration sont une forme parfaite de passer du temps dans le cadre de la formation en entreprise et de la consolidation d'\u00e9quipe. Nous fournissons une organisation compl\u010dte de ce type d'\u00e9v\u00e9nements. Nous assurons le...","protected":false},"author":1,"featured_media":0,"parent":5818,"menu_order":1,"comment_status":"closed","ping_status":"closed","template":"","meta":{"powered_cache_disable_cache":false},"acf":[],"yoast_head":"<!-- This site is optimized with the Yoast SEO plugin v20.6 - https:\/\/yoast.com\/wordpress\/plugins\/seo\/ -->\n<title>\u00c9v\u00e9nements d&#039;entreprise et d&#039;int\u00e9gration \u00e0 Cracovie au stand de tir<\/title>\n<meta name=\"description\" content=\"Nous organisons des \u00e9v\u00e9nements d&#039;entreprise et d&#039;int\u00e9gration dans notre champ de tir \u00e0 Cracovie.\" \/>\n<meta name=\"robots\" content=\"index, follow, max-snippet:-1, max-image-preview:large, max-video-preview:-1\" \/>\n<link rel=\"canonical\" href=\"https:\/\/www.shootingcracow.com\/fr\/offre\/pour-les-entreprises\/\" \/>\n<meta property=\"og:locale\" content=\"fr_FR\" \/>\n<meta property=\"og:type\" content=\"article\" \/>\n<meta property=\"og:title\" content=\"\u00c9v\u00e9nements d&#039;entreprise et d&#039;int\u00e9gration \u00e0 Cracovie au stand de tir\" \/>\n<meta property=\"og:description\" content=\"Nous organisons des \u00e9v\u00e9nements d&#039;entreprise et d&#039;int\u00e9gration dans notre champ de tir \u00e0 Cracovie.\" \/>\n<meta property=\"og:url\" content=\"https:\/\/www.shootingcracow.com\/fr\/offre\/pour-les-entreprises\/\" \/>\n<meta property=\"og:site_name\" content=\"Shooting Cracow\" \/>\n<meta property=\"article:publisher\" content=\"https:\/\/www.facebook.com\/shootingcracow\" \/>\n<meta property=\"article:modified_time\" content=\"2026-03-03T14:53:49+00:00\" \/>\n<meta property=\"og:image\" content=\"https:\/\/www.shootingcracow.com\/wp-content\/uploads\/2020\/03\/IMG_7320.jpg\" \/>\n<meta name=\"twitter:card\" content=\"summary_large_image\" \/>\n<meta name=\"twitter:label1\" content=\"Dur\u00e9e de lecture estim\u00e9e\" \/>\n\t<meta name=\"twitter:data1\" content=\"4 minutes\" \/>\n<script type=\"application\/ld+json\" class=\"yoast-schema-graph\">{\"@context\":\"https:\/\/schema.org\",\"@graph\":[{\"@type\":\"WebPage\",\"@id\":\"https:\/\/www.shootingcracow.com\/fr\/offre\/pour-les-entreprises\/\",\"url\":\"https:\/\/www.shootingcracow.com\/fr\/offre\/pour-les-entreprises\/\",\"name\":\"\u00c9v\u00e9nements d'entreprise et d'int\u00e9gration \u00e0 Cracovie au stand de tir\",\"isPartOf\":{\"@id\":\"https:\/\/www.shootingcracow.com\/fr\/#website\"},\"datePublished\":\"2020-05-28T05:23:17+00:00\",\"dateModified\":\"2026-03-03T14:53:49+00:00\",\"description\":\"Nous organisons des \u00e9v\u00e9nements d'entreprise et d'int\u00e9gration dans notre champ de tir \u00e0 Cracovie.\",\"breadcrumb\":{\"@id\":\"https:\/\/www.shootingcracow.com\/fr\/offre\/pour-les-entreprises\/#breadcrumb\"},\"inLanguage\":\"fr-FR\",\"potentialAction\":[{\"@type\":\"ReadAction\",\"target\":[\"https:\/\/www.shootingcracow.com\/fr\/offre\/pour-les-entreprises\/\"]}]},{\"@type\":\"BreadcrumbList\",\"@id\":\"https:\/\/www.shootingcracow.com\/fr\/offre\/pour-les-entreprises\/#breadcrumb\",\"itemListElement\":[{\"@type\":\"ListItem\",\"position\":1,\"name\":\"Strona g\u0142\u00f3wna\",\"item\":\"https:\/\/www.shootingcracow.com\/fr\/page-d-accueil\/\"},{\"@type\":\"ListItem\",\"position\":2,\"name\":\"Offre\",\"item\":\"https:\/\/www.shootingcracow.com\/fr\/offre\/\"},{\"@type\":\"ListItem\",\"position\":3,\"name\":\"Pour les entreprises\"}]},{\"@type\":\"WebSite\",\"@id\":\"https:\/\/www.shootingcracow.com\/fr\/#website\",\"url\":\"https:\/\/www.shootingcracow.com\/fr\/\",\"name\":\"Shooting Cracow\",\"description\":\"\",\"potentialAction\":[{\"@type\":\"SearchAction\",\"target\":{\"@type\":\"EntryPoint\",\"urlTemplate\":\"https:\/\/www.shootingcracow.com\/fr\/?s={search_term_string}\"},\"query-input\":\"required name=search_term_string\"}],\"inLanguage\":\"fr-FR\"}]}<\/script>\n<!-- \/ Yoast SEO plugin. -->","yoast_head_json":{"title":"\u00c9v\u00e9nements d'entreprise et d'int\u00e9gration \u00e0 Cracovie au stand de tir","description":"Nous organisons des \u00e9v\u00e9nements d'entreprise et d'int\u00e9gration dans notre champ de tir \u00e0 Cracovie.","robots":{"index":"index","follow":"follow","max-snippet":"max-snippet:-1","max-image-preview":"max-image-preview:large","max-video-preview":"max-video-preview:-1"},"canonical":"https:\/\/www.shootingcracow.com\/fr\/offre\/pour-les-entreprises\/","og_locale":"fr_FR","og_type":"article","og_title":"\u00c9v\u00e9nements d'entreprise et d'int\u00e9gration \u00e0 Cracovie au stand de tir","og_description":"Nous organisons des \u00e9v\u00e9nements d'entreprise et d'int\u00e9gration dans notre champ de tir \u00e0 Cracovie.","og_url":"https:\/\/www.shootingcracow.com\/fr\/offre\/pour-les-entreprises\/","og_site_name":"Shooting Cracow","article_publisher":"https:\/\/www.facebook.com\/shootingcracow","article_modified_time":"2026-03-03T14:53:49+00:00","og_image":[{"url":"https:\/\/www.shootingcracow.com\/wp-content\/uploads\/2020\/03\/IMG_7320.jpg"}],"twitter_card":"summary_large_image","twitter_misc":{"Dur\u00e9e de lecture estim\u00e9e":"4 minutes"},"schema":{"@context":"https:\/\/schema.org","@graph":[{"@type":"WebPage","@id":"https:\/\/www.shootingcracow.com\/fr\/offre\/pour-les-entreprises\/","url":"https:\/\/www.shootingcracow.com\/fr\/offre\/pour-les-entreprises\/","name":"\u00c9v\u00e9nements d'entreprise et d'int\u00e9gration \u00e0 Cracovie au stand de tir","isPartOf":{"@id":"https:\/\/www.shootingcracow.com\/fr\/#website"},"datePublished":"2020-05-28T05:23:17+00:00","dateModified":"2026-03-03T14:53:49+00:00","description":"Nous organisons des \u00e9v\u00e9nements d'entreprise et d'int\u00e9gration dans notre champ de tir \u00e0 Cracovie.","breadcrumb":{"@id":"https:\/\/www.shootingcracow.com\/fr\/offre\/pour-les-entreprises\/#breadcrumb"},"inLanguage":"fr-FR","potentialAction":[{"@type":"ReadAction","target":["https:\/\/www.shootingcracow.com\/fr\/offre\/pour-les-entreprises\/"]}]},{"@type":"BreadcrumbList","@id":"https:\/\/www.shootingcracow.com\/fr\/offre\/pour-les-entreprises\/#breadcrumb","itemListElement":[{"@type":"ListItem","position":1,"name":"Strona g\u0142\u00f3wna","item":"https:\/\/www.shootingcracow.com\/fr\/page-d-accueil\/"},{"@type":"ListItem","position":2,"name":"Offre","item":"https:\/\/www.shootingcracow.com\/fr\/offre\/"},{"@type":"ListItem","position":3,"name":"Pour les entreprises"}]},{"@type":"WebSite","@id":"https:\/\/www.shootingcracow.com\/fr\/#website","url":"https:\/\/www.shootingcracow.com\/fr\/","name":"Shooting Cracow","description":"","potentialAction":[{"@type":"SearchAction","target":{"@type":"EntryPoint","urlTemplate":"https:\/\/www.shootingcracow.com\/fr\/?s={search_term_string}"},"query-input":"required name=search_term_string"}],"inLanguage":"fr-FR"}]}},"_links":{"self":[{"href":"https:\/\/www.shootingcracow.com\/fr\/wp-json\/wp\/v2\/pages\/3636"}],"collection":[{"href":"https:\/\/www.shootingcracow.com\/fr\/wp-json\/wp\/v2\/pages"}],"about":[{"href":"https:\/\/www.shootingcracow.com\/fr\/wp-json\/wp\/v2\/types\/page"}],"author":[{"embeddable":true,"href":"https:\/\/www.shootingcracow.com\/fr\/wp-json\/wp\/v2\/users\/1"}],"replies":[{"embeddable":true,"href":"https:\/\/www.shootingcracow.com\/fr\/wp-json\/wp\/v2\/comments?post=3636"}],"version-history":[{"count":0,"href":"https:\/\/www.shootingcracow.com\/fr\/wp-json\/wp\/v2\/pages\/3636\/revisions"}],"up":[{"embeddable":true,"href":"https:\/\/www.shootingcracow.com\/fr\/wp-json\/wp\/v2\/pages\/5818"}],"wp:attachment":[{"href":"https:\/\/www.shootingcracow.com\/fr\/wp-json\/wp\/v2\/media?parent=3636"}],"curies":[{"name":"wp","href":"https:\/\/api.w.org\/{rel}","templated":true}]}}