{"id":3551,"date":"2020-03-06T23:27:13","date_gmt":"2020-03-06T22:27:13","guid":{"rendered":"https:\/\/www.shootingcracow.com\/contact\/"},"modified":"2025-12-24T16:57:10","modified_gmt":"2025-12-24T15:57:10","slug":"contact","status":"publish","type":"page","link":"https:\/\/www.shootingcracow.com\/fr\/contact\/","title":{"rendered":"Contact"},"content":{"rendered":"<section class=\"l-section wpb_row us_custom_6d54c28f height_medium\"><div class=\"l-section-h i-cf\"><div class=\"g-cols vc_row via_flex valign_top type_default stacking_default\"><div class=\"vc_col-sm-12 wpb_column vc_column_container\"><div class=\"vc_column-inner us_custom_492179a4\"><div class=\"wpb_wrapper\"><div id=\"ultimate-heading-96806a00d4ce7746b\" class=\"uvc-heading ult-adjust-bottom-margin ultimate-heading-96806a00d4ce7746b uvc-3714 \" data-hspacer=\"no_spacer\" data-halign=\"center\" style=\"text-align:center\"><div class=\"uvc-heading-spacer no_spacer\" style=\"top\"><\/div><div class=\"uvc-main-heading ult-responsive\" data-ultimate-target=\".uvc-heading.ultimate-heading-96806a00d4ce7746b h1\" data-responsive-json-new=\"{&quot;font-size&quot;:&quot;&quot;,&quot;line-height&quot;:&quot;&quot;}\"><h1 style=\"font-family:&#039;Oswald&#039;;font-weight:500;color:#ffffff;\">CONTACT<\/h1><\/div><\/div><\/div><\/div><\/div><\/div><\/div><\/section><section class=\"l-section wpb_row height_small\"><div class=\"l-section-h i-cf\"><div class=\"g-cols vc_row via_flex valign_top type_default stacking_default\"><div class=\"vc_col-sm-12 wpb_column vc_column_container\"><div class=\"vc_column-inner\"><div class=\"wpb_wrapper\"><div id=\"ultimate-heading-94056a00d4ce77f53\" class=\"uvc-heading ult-adjust-bottom-margin ultimate-heading-94056a00d4ce77f53 uvc-3980 \" data-hspacer=\"line_with_icon\" data-hline_width=\"auto\" data-hicon_type=\"custom\" data-hborder_style=\"solid\" data-hborder_height=\"1\" data-hborder_color=\"#ccc\" data-icon_width=\"48\" data-hfixer=\"10\" data-halign=\"center\" style=\"text-align:center\"><div class=\"uvc-main-heading ult-responsive\" data-ultimate-target=\".uvc-heading.ultimate-heading-94056a00d4ce77f53 h3\" data-responsive-json-new=\"{&quot;font-size&quot;:&quot;&quot;,&quot;line-height&quot;:&quot;&quot;}\"><h3 style=\"font-family:&#039;Oswald&#039;;font-weight:300;\">\u00c9CRIVEZ-NOUS MAINTENANT!<\/h3><\/div><div class=\"uvc-sub-heading ult-responsive\" data-ultimate-target=\".uvc-heading.ultimate-heading-94056a00d4ce77f53 .uvc-sub-heading \" data-responsive-json-new=\"{&quot;font-size&quot;:&quot;&quot;,&quot;line-height&quot;:&quot;&quot;}\" style=\"font-weight:normal;\">\n<p style=\"text-align: center;\">Voulez-vous faire une r\u00e9servation? Vez-vous des questions?<\/p>\n<\/div><div class=\"uvc-heading-spacer line_with_icon\" style=\"margin-top:20px;\"><div class=\"ult-just-icon-wrapper \"><div class=\"align-icon\" style=\"text-align:center;\">\n<div class=\"aio-icon-img \" style=\"font-size:48px;display:inline-block;\">\n\t<noscript><img class=\"img-icon\" alt=\"null\" src=\"https:\/\/www.shootingcracow.com\/wp-content\/uploads\/2020\/03\/guns-312418.svg\"><\/noscript><img class=\"img-icon lazyload\" alt=\"null\" src=\"data:image\/gif;base64,R0lGODlhAQABAIAAAAAAAP\/\/\/yH5BAEAAAAALAAAAAABAAEAAAIBRAA7\" data-src=\"https:\/\/www.shootingcracow.com\/wp-content\/uploads\/2020\/03\/guns-312418.svg\">\n<\/div><\/div><\/div><\/div><\/div><\/div><\/div><\/div><\/div><\/div><\/section><section class=\"l-section wpb_row height_auto\"><div class=\"l-section-h i-cf\"><div class=\"g-cols vc_row via_flex valign_top type_default stacking_default\"><div class=\"vc_col-sm-12 wpb_column vc_column_container\"><div class=\"vc_column-inner\"><div class=\"wpb_wrapper\"><div class=\"wpb_text_column us_custom_41b4c9f6 has_text_color\"><div class=\"wpb_wrapper\"><p><span style=\"background-color: #a7222e; padding: 10px; border-radius: 5px;\">Vous devez r\u00e9server \u00e0 l\u2019avance!<\/span><\/p>\n<\/div><\/div><div class=\"w-separator size_custom\" style=\"height:20px\"><\/div><\/div><\/div><\/div><\/div><\/div><\/section><section class=\"l-section wpb_row us_custom_05386472 height_medium\"><div class=\"l-section-h i-cf\"><div class=\"g-cols vc_row via_flex valign_top type_default stacking_default\"><div class=\"vc_col-sm-8 wpb_column vc_column_container\"><div class=\"vc_column-inner\"><div class=\"wpb_wrapper\"><div id=\"ultimate-heading-75466a00d4ce78d84\" class=\"uvc-heading ult-adjust-bottom-margin ultimate-heading-75466a00d4ce78d84 uvc-8654 \" data-hspacer=\"no_spacer\" data-halign=\"left\" style=\"text-align:left\"><div class=\"uvc-heading-spacer no_spacer\" style=\"top\"><\/div><div class=\"uvc-main-heading ult-responsive\" data-ultimate-target=\".uvc-heading.ultimate-heading-75466a00d4ce78d84 h5\" data-responsive-json-new=\"{&quot;font-size&quot;:&quot;&quot;,&quot;line-height&quot;:&quot;&quot;}\"><h5 style=\"font-family:&#039;Oswald&#039;;font-weight:300;\">FORME<\/h5><\/div><\/div><div class=\"w-separator size_small\"><\/div>\n<div class=\"wpcf7 no-js\" id=\"wpcf7-f5802-o1\" lang=\"fr-FR\" dir=\"ltr\">\n<div class=\"screen-reader-response\"><p role=\"status\" aria-live=\"polite\" aria-atomic=\"true\"><\/p> <ul><\/ul><\/div>\n<form action=\"\/fr\/wp-json\/wp\/v2\/pages\/3551#wpcf7-f5802-o1\" method=\"post\" class=\"wpcf7-form init\" aria-label=\"Formulaire de contact\" novalidate=\"novalidate\" data-status=\"init\">\n<div style=\"display: none;\">\n<input type=\"hidden\" name=\"_wpcf7\" value=\"5802\">\n<input type=\"hidden\" name=\"_wpcf7_version\" value=\"5.7.6\">\n<input type=\"hidden\" name=\"_wpcf7_locale\" value=\"fr_FR\">\n<input type=\"hidden\" name=\"_wpcf7_unit_tag\" value=\"wpcf7-f5802-o1\">\n<input type=\"hidden\" name=\"_wpcf7_container_post\" value=\"0\">\n<input type=\"hidden\" name=\"_wpcf7_posted_data_hash\" value>\n<input type=\"hidden\" name=\"_wpcf7_recaptcha_response\" value>\n<\/div>\n<p class=\"form_column_c\"><span class=\"fas fa-envelope\"><\/span><span class=\"wpcf7-form-control-wrap\" data-name=\"your-email\"><input size=\"40\" class=\"wpcf7-form-control wpcf7-text wpcf7-email wpcf7-validates-as-required wpcf7-validates-as-email\" aria-required=\"true\" aria-invalid=\"false\" placeholder=\"E-mail *\" value type=\"email\" name=\"your-email\"><\/span>\n<\/p>\n<div class=\"two_column_container\">\n\t<p class=\"form_column_a\"><span class=\"fas fa-phone-alt\"><\/span><span class=\"wpcf7-form-control-wrap\" data-name=\"your-phone-prefix\"><input size=\"40\" class=\"wpcf7-form-control wpcf7-text wpcf7-tel wpcf7-validates-as-required wpcf7-validates-as-tel\" aria-required=\"true\" aria-invalid=\"false\" placeholder=\"Code pays NUmer (+...) *\" value type=\"tel\" name=\"your-phone-prefix\"><\/span>\n\t<\/p>\n\t<p class=\"form_column_b\"><span class=\"fas fa-phone-alt\"><\/span><span class=\"wpcf7-form-control-wrap\" data-name=\"your-phone\"><input size=\"40\" class=\"wpcf7-form-control wpcf7-text wpcf7-tel wpcf7-validates-as-required wpcf7-validates-as-tel\" aria-required=\"true\" aria-invalid=\"false\" placeholder=\"T\u00e9l\u00e9phone *\" value type=\"tel\" name=\"your-phone\"><\/span>\n\t<\/p>\n<\/div>\n<p><span class=\"fas fa-pencil\"><\/span><span class=\"wpcf7-form-control-wrap\" data-name=\"your-message\"><textarea cols=\"40\" rows=\"10\" class=\"wpcf7-form-control wpcf7-textarea wpcf7-validates-as-required\" aria-required=\"true\" aria-invalid=\"false\" placeholder=\"Si vous souhaitez faire une r\u00e9servation, veuillez indiquer le nombre de personnes, la date et l&#039;heure approximative. *\" name=\"your-message\"><\/textarea><\/span>\n<\/p>\n<div class=\"submit-button\">\n\t<p><input class=\"wpcf7-form-control has-spinner wpcf7-submit\" type=\"submit\" value=\"Envoi\">\n\t<\/p>\n<\/div><div class=\"wpcf7-response-output\" aria-hidden=\"true\"><\/div>\n<\/form>\n<\/div>\n<div class=\"w-iconbox us_custom_6ce0c06a iconpos_top style_default color_custom align_center\"><div class=\"w-iconbox-icon\" style=\"font-size:1.6rem;--icon-color:#cf3232;\"><i class=\"fas fa-exclamation-circle\"><\/i><\/div><div class=\"w-iconbox-meta\"><h4 class=\"w-iconbox-title\" style=\"font-size:22px;\">Attention<\/h4><div class=\"w-iconbox-text\"><p>Si vous ne recevez pas de r\u00e9ponse dans les 30 minutes, veuillez v\u00e9rifier <strong>le dossier spam<\/strong> de votre messagerie \u00e9lectronique.<\/p>\n<\/div><\/div><\/div><\/div><\/div><\/div><div class=\"vc_col-sm-4 wpb_column vc_column_container\"><div class=\"vc_column-inner\"><div class=\"wpb_wrapper\"><div id=\"ultimate-heading-36406a00d4ce7a234\" class=\"uvc-heading ult-adjust-bottom-margin ultimate-heading-36406a00d4ce7a234 uvc-6179 \" data-hspacer=\"no_spacer\" data-halign=\"center\" style=\"text-align:center\"><div class=\"uvc-heading-spacer no_spacer\" style=\"top\"><\/div><div class=\"uvc-main-heading ult-responsive\" data-ultimate-target=\".uvc-heading.ultimate-heading-36406a00d4ce7a234 h4\" data-responsive-json-new=\"{&quot;font-size&quot;:&quot;&quot;,&quot;line-height&quot;:&quot;&quot;}\"><h4 style=\"font-family:&#039;Oswald&#039;;font-weight:300;\">D\u00c9TAILS DU CONTACT<\/h4><\/div><\/div><div class=\"w-separator size_small\"><\/div><div class=\"g-cols wpb_row us_custom_af4c8628 via_flex valign_top type_default stacking_default\"><div class=\"vc_col-sm-6 wpb_column vc_column_container\"><div class=\"vc_column-inner\"><div class=\"wpb_wrapper\"><div class=\"ult-just-icon-wrapper \"><div class=\"align-icon\" style=\"text-align:center;\">\n<div class=\"aio-icon-img \" style=\"font-size:38px;display:inline-block;\">\n\t<noscript><img class=\"img-icon\" alt=\"null\" src=\"https:\/\/www.shootingcracow.com\/wp-content\/uploads\/2020\/04\/whatsapp-icon.svg\"><\/noscript><img class=\"img-icon lazyload\" alt=\"null\" src=\"data:image\/gif;base64,R0lGODlhAQABAIAAAAAAAP\/\/\/yH5BAEAAAAALAAAAAABAAEAAAIBRAA7\" data-src=\"https:\/\/www.shootingcracow.com\/wp-content\/uploads\/2020\/04\/whatsapp-icon.svg\">\n<\/div><\/div><\/div><div class=\"wpb_text_column\"><div class=\"wpb_wrapper\"><p style=\"text-align: center;\"><strong>WhatsApp<\/strong><\/p>\n<\/div><\/div><\/div><\/div><\/div><div class=\"vc_col-sm-6 wpb_column vc_column_container\"><div class=\"vc_column-inner\"><div class=\"wpb_wrapper\"><div class=\"w-separator size_custom\" style=\"height:5px\"><\/div><div class=\"ult-just-icon-wrapper \"><div class=\"align-icon\" style=\"text-align:center;\">\n<div class=\"aio-icon-img \" style=\"font-size:28px;display:inline-block;\">\n\t<noscript><img class=\"img-icon\" alt=\"null\" src=\"https:\/\/www.shootingcracow.com\/wp-content\/uploads\/2020\/04\/call.svg\"><\/noscript><img class=\"img-icon lazyload\" alt=\"null\" src=\"data:image\/gif;base64,R0lGODlhAQABAIAAAAAAAP\/\/\/yH5BAEAAAAALAAAAAABAAEAAAIBRAA7\" data-src=\"https:\/\/www.shootingcracow.com\/wp-content\/uploads\/2020\/04\/call.svg\">\n<\/div><\/div><\/div><div class=\"w-separator size_custom\" style=\"height:5px\"><\/div><div class=\"wpb_text_column\"><div class=\"wpb_wrapper\"><p style=\"text-align: center;\"><strong>Num\u00e9ro de t\u00e9l\u00e9phone<\/strong><\/p>\n<\/div><\/div><\/div><\/div><\/div><\/div><div class=\"wpb_text_column\"><div class=\"wpb_wrapper\"><p style=\"text-align: center;\"><a href=\"tel:+48721000505\"><strong>+48 721 000 505<\/strong><\/a><\/p>\n<\/div><\/div><div class=\"ult-just-icon-wrapper \"><div class=\"align-icon\" style=\"text-align:center;\">\n<div class=\"aio-icon none \" style=\"color:#020202;font-size:28px;display:inline-block;\">\n\t<i class=\"Defaults-envelope-o\"><\/i>\n<\/div><\/div><\/div><div class=\"wpb_text_column\"><div class=\"wpb_wrapper\"><p style=\"text-align: center;\"><strong>E-mai<\/strong>l<br>\n<a href=\"mailto:shooting.cracow@gmail.com\"><strong>shooting.cracow@gmail.com<\/strong><\/a><\/p>\n<\/div><\/div><div class=\"ult-just-icon-wrapper \"><div class=\"align-icon\" style=\"text-align:center;\">\n<div class=\"aio-icon none \" style=\"color:#020202;font-size:32px;display:inline-block;\">\n\t<i class=\"Defaults-map-marker\"><\/i>\n<\/div><\/div><\/div><div class=\"wpb_text_column\"><div class=\"wpb_wrapper\"><p style=\"text-align: center;\"><strong>Adresse de tir<\/strong><br>\nSurzyckiego 16<br>\n30-721 Krak\u00f3w<\/p>\n<\/div><\/div><div class=\"ult-just-icon-wrapper \"><div class=\"align-icon\" style=\"text-align:center;\">\n<div class=\"aio-icon none \" style=\"color:#020202;font-size:32px;display:inline-block;\">\n\t<i class=\"Defaults-clock-o\"><\/i>\n<\/div><\/div><\/div><div class=\"wpb_text_column\"><div class=\"wpb_wrapper\"><p style=\"text-align: center;\"><strong>Heures d\u2019ouverture<\/strong><br>\nToute la semaine:<br>\n9:00 &#8211; 20:00<\/p>\n<\/div><\/div><\/div><\/div><\/div><\/div><\/div><\/section><section class=\"l-section wpb_row us_custom_4fb9e5a3 height_medium\"><div class=\"l-section-h i-cf\"><div class=\"g-cols vc_row via_flex valign_top type_default stacking_default\"><div class=\"vc_col-sm-12 wpb_column vc_column_container\"><div class=\"vc_column-inner\"><div class=\"wpb_wrapper\"><div id=\"ultimate-heading-86746a00d4ce7bdcf\" class=\"uvc-heading ult-adjust-bottom-margin ultimate-heading-86746a00d4ce7bdcf uvc-2282 \" data-hspacer=\"no_spacer\" data-halign=\"center\" style=\"text-align:center\"><div class=\"uvc-heading-spacer no_spacer\" style=\"top\"><\/div><div class=\"uvc-main-heading ult-responsive\" data-ultimate-target=\".uvc-heading.ultimate-heading-86746a00d4ce7bdcf h3\" data-responsive-json-new=\"{&quot;font-size&quot;:&quot;&quot;,&quot;line-height&quot;:&quot;&quot;}\"><h3 style=\"font-family:&#039;Oswald&#039;;font-weight:500;\">COMMENT NOUS RENDRE<\/h3><\/div><\/div><div class=\"w-separator size_custom\" style=\"height:20px\"><\/div><div class=\"wpb_text_column us_custom_492179a4\"><div class=\"wpb_wrapper\"><p class=\"sc_item_title sc_title_title sc_align_center sc_item_title_style_iconed sc_item_title_tag\" style=\"text-align: center;\">Gr\u00e2ce \u00e0 un emplacement extr\u00eamement pratique, l&rsquo;acc\u00e8s \u00e0 notre stand de tir est extr\u00eamement facile !<\/p>\n<\/div><\/div><div class=\"wpb_text_column\"><div class=\"wpb_wrapper\"><p style=\"text-align: center;\"><strong>Vous pouvez utiliser plusieurs options de voyage:<\/strong><\/p>\n<\/div><\/div><div class=\"g-cols wpb_row via_flex valign_top type_default stacking_default\" style=\"--additional-gap:4px;\"><div class=\"vc_col-sm-4 wpb_column vc_column_container has_bg_color\"><div class=\"vc_column-inner us_custom_0d15be52\"><div class=\"wpb_wrapper\"><div class=\"ult-just-icon-wrapper \"><div class=\"align-icon\" style=\"text-align:center;\">\n<div class=\"aio-icon-img \" style=\"font-size:48px;display:inline-block;\">\n\t<noscript><img class=\"img-icon\" alt=\"null\" src=\"https:\/\/www.shootingcracow.com\/wp-content\/uploads\/2020\/04\/taxi.svg\"><\/noscript><img class=\"img-icon lazyload\" alt=\"null\" src=\"data:image\/gif;base64,R0lGODlhAQABAIAAAAAAAP\/\/\/yH5BAEAAAAALAAAAAABAAEAAAIBRAA7\" data-src=\"https:\/\/www.shootingcracow.com\/wp-content\/uploads\/2020\/04\/taxi.svg\">\n<\/div><\/div><\/div><div class=\"wpb_text_column us_custom_ea76afbe\"><div class=\"wpb_wrapper\"><p style=\"text-align: center;\">Le taxi du centre-ville co\u00fbte environ 40-50 PLN.<br>\nBien s\u00fbr, si vous le souhaitez, nous pouvons les commander pour vous !<\/p>\n<\/div><\/div><\/div><\/div><\/div><div class=\"vc_col-sm-4 wpb_column vc_column_container has_bg_color\"><div class=\"vc_column-inner us_custom_0d15be52\"><div class=\"wpb_wrapper\"><div class=\"ult-just-icon-wrapper \"><div class=\"align-icon\" style=\"text-align:center;\">\n<div class=\"aio-icon-img \" style=\"font-size:48px;display:inline-block;\">\n\t<noscript><img class=\"img-icon\" alt=\"null\" src=\"https:\/\/www.shootingcracow.com\/wp-content\/uploads\/2022\/04\/bus.svg\"><\/noscript><img class=\"img-icon lazyload\" alt=\"null\" src=\"data:image\/gif;base64,R0lGODlhAQABAIAAAAAAAP\/\/\/yH5BAEAAAAALAAAAAABAAEAAAIBRAA7\" data-src=\"https:\/\/www.shootingcracow.com\/wp-content\/uploads\/2022\/04\/bus.svg\">\n<\/div><\/div><\/div><div class=\"wpb_text_column us_custom_ea76afbe\"><div class=\"wpb_wrapper\"><p style=\"text-align: center;\">Les transports en commun arrivent ici avec le bus n\u00ba <strong>123<\/strong>, <strong>125<\/strong>, <strong>158<\/strong>.<br>\nL\u2019arr\u00eat de bus se trouve \u00e0 seulement 150 m\u00e8tres du champ de tir.<\/p>\n<\/div><\/div><\/div><\/div><\/div><div class=\"vc_col-sm-4 wpb_column vc_column_container has_bg_color\"><div class=\"vc_column-inner us_custom_0d15be52\"><div class=\"wpb_wrapper\"><div class=\"ult-just-icon-wrapper \"><div class=\"align-icon\" style=\"text-align:center;\">\n<div class=\"aio-icon-img \" style=\"font-size:48px;display:inline-block;\">\n\t<noscript><img class=\"img-icon\" alt=\"null\" src=\"https:\/\/www.shootingcracow.com\/wp-content\/uploads\/2020\/04\/bus-2.svg\"><\/noscript><img class=\"img-icon lazyload\" alt=\"null\" src=\"data:image\/gif;base64,R0lGODlhAQABAIAAAAAAAP\/\/\/yH5BAEAAAAALAAAAAABAAEAAAIBRAA7\" data-src=\"https:\/\/www.shootingcracow.com\/wp-content\/uploads\/2020\/04\/bus-2.svg\">\n<\/div><\/div><\/div><div class=\"wpb_text_column us_custom_ea76afbe\"><div class=\"wpb_wrapper\"><p style=\"text-align: center;\">Si vous souhaitez emmener quelques amis avec vous, faites-le nous savoir. Nous pouvons vous commander un minibus priv\u00e9, qui vous emm\u00e8nera de l&rsquo;h\u00f4tel, vous conduira au stand de tir et vous ram\u00e8nera ensuite sur les lieux.<\/p>\n<\/div><\/div><\/div><\/div><\/div><\/div><div class=\"w-separator size_custom\" style=\"height:20px\"><\/div><div class=\"wpb_text_column us_custom_41843a68\"><div class=\"wpb_wrapper\"><p style=\"text-align: center;\">En plus du tir individuel, notre stand de tir vous offre la possibilit\u00e9 d&rsquo;organiser toutes sortes d&rsquo;\u00e9v\u00e9nements, y compris des enterrements de vie de gar\u00e7on, des \u00e9v\u00e9nements d&rsquo;int\u00e9gration en entreprise et d&rsquo;autres \u00e9v\u00e9nements occasionnels.<\/p>\n<p style=\"text-align: center;\">Notre stand de tir est compos\u00e9 de vrais passionn\u00e9s, ce qui vous permet d&rsquo;apprendre tout ce que vous devez savoir sur les armes et de vous adonner \u00e0 un nouveau passe-temps dans des conditions s\u00fbres et confortables !<\/p>\n<\/div><\/div><\/div><\/div><\/div><\/div><\/div><\/section><section class=\"l-section wpb_row us_custom_fdcab3db height_medium width_full\"><div class=\"l-section-h i-cf\"><div class=\"g-cols vc_row via_flex valign_top type_default stacking_default\"><div class=\"vc_col-sm-12 wpb_column vc_column_container\"><div class=\"vc_column-inner\"><div class=\"wpb_wrapper\">[vc_raw_html el_class=&nbsp;\u00bbgoogle-maps&nbsp;\u00bb css=&nbsp;\u00bb%7B%22default%22%3A%7B%22line-height%22%3A%220%22%2C%22margin-bottom%22%3A%220%22%2C%22padding-bottom%22%3A%220%22%7D%7D&nbsp;\u00bb]PGlmcmFtZSBzcmM9Imh0dHBzOi8vd3d3Lmdvb2dsZS5jb20vbWFwcy9lbWJlZD9wYj0hMW0xOCExbTEyITFtMyExZDI1NTkuMDUzMTczNzg5NDQhMmQxOS44NjI1NTk2MTU5NzM0NiEzZDUwLjEwNDAxMTY3OTQyOTE2ITJtMyExZjAhMmYwITNmMCEzbTIhMWkxMDI0ITJpNzY4ITRmMTMuMSEzbTMhMW0yITFzMHg0NzE2NTk5MTJhNzQzNmNiJTNBMHg2MTlmODFkOTMyN2EwYWQ5ITJzQ3JhY293K1Nob290aW5nK0FjYWRlbXkhNWUwITNtMiExc3BsITJzcGwhNHYxNTMyNzg1OTMwMzU0IiB3aWR0aD0iMjAwMCIgaGVpZ2h0PSIzNTAiIGZyYW1lYm9yZGVyPSIwIiBzdHlsZT0iYm9yZGVyOjAiIGFsbG93ZnVsbHNjcmVlbj0iIj48L2lmcmFtZT4=[\/vc_raw_html]<\/div><\/div><\/div><\/div><\/div><\/section>\n","protected":false},"excerpt":{"rendered":"CONTACT\u00c9CRIVEZ-NOUS MAINTENANT! Voulez-vous faire une r\u00e9servation? Vez-vous des questions? Vous devez r\u00e9server \u00e0 l\u2019avance! FORME AttentionSi vous ne recevez pas de r\u00e9ponse dans les 30 minutes, veuillez v\u00e9rifier le dossier spam de votre messagerie \u00e9lectronique. D\u00c9TAILS DU CONTACT WhatsApp Num\u00e9ro de t\u00e9l\u00e9phone +48 721 000 505 E-mail shooting.cracow@gmail.com Adresse de tir Surzyckiego 16 30-721 Krak\u00f3w...","protected":false},"author":1,"featured_media":0,"parent":0,"menu_order":9,"comment_status":"closed","ping_status":"closed","template":"","meta":{"powered_cache_disable_cache":false},"acf":[],"yoast_head":"<!-- This site is optimized with the Yoast SEO plugin v20.6 - https:\/\/yoast.com\/wordpress\/plugins\/seo\/ -->\n<title>Contact Cracow Shooting Academy<\/title>\n<meta name=\"description\" content=\"Strzelnica Cracow Shooting Academy vous invite \u00e0 contacter par e-mail, t\u00e9l\u00e9phone ou via le formulaire de contact. V\u00e9rifiez comment nous rejoindre\" \/>\n<meta name=\"robots\" content=\"index, follow, max-snippet:-1, max-image-preview:large, max-video-preview:-1\" \/>\n<link rel=\"canonical\" href=\"https:\/\/www.shootingcracow.com\/fr\/contact\/\" \/>\n<meta property=\"og:locale\" content=\"fr_FR\" \/>\n<meta property=\"og:type\" content=\"article\" \/>\n<meta property=\"og:title\" content=\"Contact Cracow Shooting Academy\" \/>\n<meta property=\"og:description\" content=\"Strzelnica Cracow Shooting Academy vous invite \u00e0 contacter par e-mail, t\u00e9l\u00e9phone ou via le formulaire de contact. V\u00e9rifiez comment nous rejoindre\" \/>\n<meta property=\"og:url\" content=\"https:\/\/www.shootingcracow.com\/fr\/contact\/\" \/>\n<meta property=\"og:site_name\" content=\"Shooting Cracow\" \/>\n<meta property=\"article:publisher\" content=\"https:\/\/www.facebook.com\/shootingcracow\" \/>\n<meta property=\"article:modified_time\" content=\"2025-12-24T15:57:10+00:00\" \/>\n<meta property=\"og:image\" content=\"https:\/\/www.shootingcracow.com\/wp-content\/uploads\/2020\/03\/IMG_7320.jpg\" \/>\n\t<meta property=\"og:image:width\" content=\"1200\" \/>\n\t<meta property=\"og:image:height\" content=\"800\" \/>\n\t<meta property=\"og:image:type\" content=\"image\/jpeg\" \/>\n<meta name=\"twitter:card\" content=\"summary_large_image\" \/>\n<meta name=\"twitter:label1\" content=\"Dur\u00e9e de lecture estim\u00e9e\" \/>\n\t<meta name=\"twitter:data1\" content=\"3 minutes\" \/>\n<script type=\"application\/ld+json\" class=\"yoast-schema-graph\">{\"@context\":\"https:\/\/schema.org\",\"@graph\":[{\"@type\":\"WebPage\",\"@id\":\"https:\/\/www.shootingcracow.com\/fr\/contact\/\",\"url\":\"https:\/\/www.shootingcracow.com\/fr\/contact\/\",\"name\":\"Contact Cracow Shooting Academy\",\"isPartOf\":{\"@id\":\"https:\/\/www.shootingcracow.com\/fr\/#website\"},\"datePublished\":\"2020-03-06T22:27:13+00:00\",\"dateModified\":\"2025-12-24T15:57:10+00:00\",\"description\":\"Strzelnica Cracow Shooting Academy vous invite \u00e0 contacter par e-mail, t\u00e9l\u00e9phone ou via le formulaire de contact. V\u00e9rifiez comment nous rejoindre\",\"breadcrumb\":{\"@id\":\"https:\/\/www.shootingcracow.com\/fr\/contact\/#breadcrumb\"},\"inLanguage\":\"fr-FR\",\"potentialAction\":[{\"@type\":\"ReadAction\",\"target\":[\"https:\/\/www.shootingcracow.com\/fr\/contact\/\"]}]},{\"@type\":\"BreadcrumbList\",\"@id\":\"https:\/\/www.shootingcracow.com\/fr\/contact\/#breadcrumb\",\"itemListElement\":[{\"@type\":\"ListItem\",\"position\":1,\"name\":\"Strona g\u0142\u00f3wna\",\"item\":\"https:\/\/www.shootingcracow.com\/fr\/page-d-accueil\/\"},{\"@type\":\"ListItem\",\"position\":2,\"name\":\"Contact\"}]},{\"@type\":\"WebSite\",\"@id\":\"https:\/\/www.shootingcracow.com\/fr\/#website\",\"url\":\"https:\/\/www.shootingcracow.com\/fr\/\",\"name\":\"Shooting Cracow\",\"description\":\"\",\"potentialAction\":[{\"@type\":\"SearchAction\",\"target\":{\"@type\":\"EntryPoint\",\"urlTemplate\":\"https:\/\/www.shootingcracow.com\/fr\/?s={search_term_string}\"},\"query-input\":\"required name=search_term_string\"}],\"inLanguage\":\"fr-FR\"}]}<\/script>\n<!-- \/ Yoast SEO plugin. -->","yoast_head_json":{"title":"Contact Cracow Shooting Academy","description":"Strzelnica Cracow Shooting Academy vous invite \u00e0 contacter par e-mail, t\u00e9l\u00e9phone ou via le formulaire de contact. V\u00e9rifiez comment nous rejoindre","robots":{"index":"index","follow":"follow","max-snippet":"max-snippet:-1","max-image-preview":"max-image-preview:large","max-video-preview":"max-video-preview:-1"},"canonical":"https:\/\/www.shootingcracow.com\/fr\/contact\/","og_locale":"fr_FR","og_type":"article","og_title":"Contact Cracow Shooting Academy","og_description":"Strzelnica Cracow Shooting Academy vous invite \u00e0 contacter par e-mail, t\u00e9l\u00e9phone ou via le formulaire de contact. V\u00e9rifiez comment nous rejoindre","og_url":"https:\/\/www.shootingcracow.com\/fr\/contact\/","og_site_name":"Shooting Cracow","article_publisher":"https:\/\/www.facebook.com\/shootingcracow","article_modified_time":"2025-12-24T15:57:10+00:00","og_image":[{"width":1200,"height":800,"url":"https:\/\/www.shootingcracow.com\/wp-content\/uploads\/2020\/03\/IMG_7320.jpg","type":"image\/jpeg"}],"twitter_card":"summary_large_image","twitter_misc":{"Dur\u00e9e de lecture estim\u00e9e":"3 minutes"},"schema":{"@context":"https:\/\/schema.org","@graph":[{"@type":"WebPage","@id":"https:\/\/www.shootingcracow.com\/fr\/contact\/","url":"https:\/\/www.shootingcracow.com\/fr\/contact\/","name":"Contact Cracow Shooting Academy","isPartOf":{"@id":"https:\/\/www.shootingcracow.com\/fr\/#website"},"datePublished":"2020-03-06T22:27:13+00:00","dateModified":"2025-12-24T15:57:10+00:00","description":"Strzelnica Cracow Shooting Academy vous invite \u00e0 contacter par e-mail, t\u00e9l\u00e9phone ou via le formulaire de contact. V\u00e9rifiez comment nous rejoindre","breadcrumb":{"@id":"https:\/\/www.shootingcracow.com\/fr\/contact\/#breadcrumb"},"inLanguage":"fr-FR","potentialAction":[{"@type":"ReadAction","target":["https:\/\/www.shootingcracow.com\/fr\/contact\/"]}]},{"@type":"BreadcrumbList","@id":"https:\/\/www.shootingcracow.com\/fr\/contact\/#breadcrumb","itemListElement":[{"@type":"ListItem","position":1,"name":"Strona g\u0142\u00f3wna","item":"https:\/\/www.shootingcracow.com\/fr\/page-d-accueil\/"},{"@type":"ListItem","position":2,"name":"Contact"}]},{"@type":"WebSite","@id":"https:\/\/www.shootingcracow.com\/fr\/#website","url":"https:\/\/www.shootingcracow.com\/fr\/","name":"Shooting Cracow","description":"","potentialAction":[{"@type":"SearchAction","target":{"@type":"EntryPoint","urlTemplate":"https:\/\/www.shootingcracow.com\/fr\/?s={search_term_string}"},"query-input":"required name=search_term_string"}],"inLanguage":"fr-FR"}]}},"_links":{"self":[{"href":"https:\/\/www.shootingcracow.com\/fr\/wp-json\/wp\/v2\/pages\/3551"}],"collection":[{"href":"https:\/\/www.shootingcracow.com\/fr\/wp-json\/wp\/v2\/pages"}],"about":[{"href":"https:\/\/www.shootingcracow.com\/fr\/wp-json\/wp\/v2\/types\/page"}],"author":[{"embeddable":true,"href":"https:\/\/www.shootingcracow.com\/fr\/wp-json\/wp\/v2\/users\/1"}],"replies":[{"embeddable":true,"href":"https:\/\/www.shootingcracow.com\/fr\/wp-json\/wp\/v2\/comments?post=3551"}],"version-history":[{"count":0,"href":"https:\/\/www.shootingcracow.com\/fr\/wp-json\/wp\/v2\/pages\/3551\/revisions"}],"wp:attachment":[{"href":"https:\/\/www.shootingcracow.com\/fr\/wp-json\/wp\/v2\/media?parent=3551"}],"curies":[{"name":"wp","href":"https:\/\/api.w.org\/{rel}","templated":true}]}}