{"id":5395,"date":"2020-06-04T14:19:37","date_gmt":"2020-06-04T12:19:37","guid":{"rendered":"https:\/\/www.shootingcracow.com\/faq-strzelnica-cracow-shooting-academy-2\/"},"modified":"2025-06-11T17:17:18","modified_gmt":"2025-06-11T15:17:18","slug":"faq-strzelnica-cracow-shooting-academy","status":"publish","type":"page","link":"https:\/\/www.shootingcracow.com\/es\/faq-strzelnica-cracow-shooting-academy\/","title":{"rendered":"Faq"},"content":{"rendered":"<section class=\"l-section wpb_row us_custom_6d54c28f height_medium\"><div class=\"l-section-h i-cf\"><div class=\"g-cols vc_row via_flex valign_top type_default stacking_default\"><div class=\"vc_col-sm-12 wpb_column vc_column_container\"><div class=\"vc_column-inner\"><div class=\"wpb_wrapper\"><div id=\"ultimate-heading-86336a025ce3d1593\" class=\"uvc-heading ult-adjust-bottom-margin ultimate-heading-86336a025ce3d1593 uvc-4958 \" data-hspacer=\"no_spacer\" data-halign=\"center\" style=\"text-align:center\"><div class=\"uvc-heading-spacer no_spacer\" style=\"top\"><\/div><div class=\"uvc-main-heading ult-responsive\" data-ultimate-target='.uvc-heading.ultimate-heading-86336a025ce3d1593 h1' data-responsive-json-new='{\"font-size\":\"\",\"line-height\":\"\"}' ><h1 style=\"font-family:&#039;Oswald&#039;;font-weight:500;color:#ffffff;\">FAQ<\/h1><\/div><\/div><\/div><\/div><\/div><\/div><\/div><\/section><section class=\"l-section wpb_row height_medium\"><div class=\"l-section-h i-cf\"><div class=\"g-cols vc_row via_flex valign_top type_default stacking_default\"><div class=\"vc_col-sm-12 wpb_column vc_column_container\"><div class=\"vc_column-inner\"><div class=\"wpb_wrapper\"><div class=\"w-tabs style_default switch_click accordion type_togglable has_scrolling\" style=\"--sections-title-size:1.4rem\"><div class=\"w-tabs-sections titles-align_none icon_chevron cpos_right\"><div class=\"w-tabs-section\" id=\"1583624489552-d009bba3-e660\"><button class=\"w-tabs-section-header with_icon\" aria-controls=\"content-1583624489552-d009bba3-e660\" aria-expanded=\"false\"><i class=\"far fa-question-circle\"><\/i><div class=\"w-tabs-section-title\">Es la primera vez que voy al campo de tiro, \u00bfalguien puede ayudarme?<\/div><div class=\"w-tabs-section-control\"><\/div><\/button><div class=\"w-tabs-section-content\" id=\"content-1583624489552-d009bba3-e660\"><div class=\"w-tabs-section-content-h i-cf\"><div class=\"wpb_text_column\"><div class=\"wpb_wrapper\"><p>Cada persona que utiliza nuestro campo de tiro comienza su estancia con una formaci\u00f3n sobre las normas de seguridad y el manejo b\u00e1sico de las armas. Un instructor acompa\u00f1a al cliente en todo momento, ofreci\u00e9ndole orientaci\u00f3n y respondiendo a cualquier pregunta. El instructor acompa\u00f1a al cliente en todo momento, ofreci\u00e9ndole orientaci\u00f3n y respondiendo a sus preguntas.<\/p>\n<\/div><\/div><\/div><\/div><\/div><div class=\"w-tabs-section\" id=\"1583624489588-f7df01b0-a0d6\"><button class=\"w-tabs-section-header with_icon\" aria-controls=\"content-1583624489588-f7df01b0-a0d6\" aria-expanded=\"false\"><i class=\"far fa-question-circle\"><\/i><div class=\"w-tabs-section-title\">\u00bfSon reales las armas del campo de tiro?<\/div><div class=\"w-tabs-section-control\"><\/div><\/button><div class=\"w-tabs-section-content\" id=\"content-1583624489588-f7df01b0-a0d6\"><div class=\"w-tabs-section-content-h i-cf\"><div class=\"wpb_text_column\"><div class=\"wpb_wrapper\"><p>Si! Utilizamos las mismas armas de fuego que la polic\u00eda o el ej\u00e9rcito. No se trata de pistolas de viento ni de r\u00e9plicas de ASG, sino de verdaderas armas deportivas y de combate.<\/p>\n<\/div><\/div><\/div><\/div><\/div><div class=\"w-tabs-section\" id=\"1583624489624-21f713a1-0897\"><button class=\"w-tabs-section-header with_icon\" aria-controls=\"content-1583624489624-21f713a1-0897\" aria-expanded=\"false\"><i class=\"far fa-question-circle\"><\/i><div class=\"w-tabs-section-title\">\u00bfEs posible hacer fotos y v\u00eddeos mientras se dispara?<\/div><div class=\"w-tabs-section-control\"><\/div><\/button><div class=\"w-tabs-section-content\" id=\"content-1583624489624-21f713a1-0897\"><div class=\"w-tabs-section-content-h i-cf\"><div class=\"wpb_text_column\"><div class=\"wpb_wrapper\"><p>El acompa\u00f1ante puede filmar y tomar fotograf\u00edas. Si sois dos y ambos dispar\u00e1is, pod\u00e9is turnaros para dispararos el uno al otro. Despu\u00e9s del tiro, el instructor estar\u00e1 encantado de hacerte fotos con el arma o los objetivos, pero por razones de seguridad no le pidas que te haga fotos durante el tiro. Si ha realizado la visita por su cuenta, pregunte al instructor si hay alguien disponible para hacerle fotos.<\/p>\n<\/div><\/div><\/div><\/div><\/div><div class=\"w-tabs-section\" id=\"1583624489732-dc55b0aa-a862\"><button class=\"w-tabs-section-header with_icon\" aria-controls=\"content-1583624489732-dc55b0aa-a862\" aria-expanded=\"false\"><i class=\"far fa-question-circle\"><\/i><div class=\"w-tabs-section-title\">\u00bfEs obligatorio reservar?<\/div><div class=\"w-tabs-section-control\"><\/div><\/button><div class=\"w-tabs-section-content\" id=\"content-1583624489732-dc55b0aa-a862\"><div class=\"w-tabs-section-content-h i-cf\"><div class=\"wpb_text_column\"><div class=\"wpb_wrapper\"><p>Si! Debe reservar su visita al campo de tiro con antelaci\u00f3n debido al gran n\u00famero de solicitantes. A los que no hayan reservado se les pedir\u00e1 que esperen a la siguiente fecha disponible.<\/p>\n<\/div><\/div><\/div><\/div><\/div><div class=\"w-tabs-section\" id=\"1583624489918-f7332e51-5174\"><button class=\"w-tabs-section-header with_icon\" aria-controls=\"content-1583624489918-f7332e51-5174\" aria-expanded=\"false\"><i class=\"far fa-question-circle\"><\/i><div class=\"w-tabs-section-title\">\u00bfSe pueden elegir paquetes personalizados in situ?<\/div><div class=\"w-tabs-section-control\"><\/div><\/button><div class=\"w-tabs-section-content\" id=\"content-1583624489918-f7332e51-5174\"><div class=\"w-tabs-section-content-h i-cf\"><div class=\"wpb_text_column\"><div class=\"wpb_wrapper\"><p>Si desea crear su propio paquete, necesitamos conocer la lista de armas (por persona) ya en el momento de la reserva. Los paquetes est\u00e1ndar pueden elegirse in situ:<br \/>\n<a class=\"gmail-\" href=\"https:\/\/www.shootingcracow.com\/es\/lista-de-precios\/\" rel=\"noopener\">https:\/\/www.shootingcracow.com\/cennik\/<\/a><\/p>\n<\/div><\/div><\/div><\/div><\/div><div class=\"w-tabs-section\" id=\"1583624489732-dc55b0aa-a862\"><button class=\"w-tabs-section-header with_icon\" aria-controls=\"content-1583624489732-dc55b0aa-a862\" aria-expanded=\"false\"><i class=\"far fa-question-circle\"><\/i><div class=\"w-tabs-section-title\">\u00bfTengo que llegar antes de reservar?<\/div><div class=\"w-tabs-section-control\"><\/div><\/button><div class=\"w-tabs-section-content\" id=\"content-1583624489732-dc55b0aa-a862\"><div class=\"w-tabs-section-content-h i-cf\"><div class=\"wpb_text_column\"><div class=\"wpb_wrapper\"><p>Siempre fijamos la hora de reserva para la hora de inicio de la sesi\u00f3n (por ejemplo, las 14:00). Tendr\u00e1 que llegar unos 30 minutos antes (por ejemplo, a las 13:30) para seleccionar\/confirmar los paquetes y completar el papeleo.<\/p>\n<\/div><\/div><\/div><\/div><\/div><div class=\"w-tabs-section\" id=\"1583624489732-dc55b0aa-a862\"><button class=\"w-tabs-section-header with_icon\" aria-controls=\"content-1583624489732-dc55b0aa-a862\" aria-expanded=\"false\"><i class=\"far fa-question-circle\"><\/i><div class=\"w-tabs-section-title\">\u00bfHay alguna restricci\u00f3n para menores o personas con discapacidad?<\/div><div class=\"w-tabs-section-control\"><\/div><\/button><div class=\"w-tabs-section-content\" id=\"content-1583624489732-dc55b0aa-a862\"><div class=\"w-tabs-section-content-h i-cf\"><div class=\"wpb_text_column\"><div class=\"wpb_wrapper\"><p>Si los tiradores van a ser ni\u00f1os o personas con discapacidades f\u00edsicas o mentales, ind\u00edquelo al hacer la reserva. Puede haber restricciones en la selecci\u00f3n de armas; cada caso se eval\u00faa individualmente.<\/p>\n<\/div><\/div><\/div><\/div><\/div><div class=\"w-tabs-section\" id=\"1583624489732-dc55b0aa-a862\"><button class=\"w-tabs-section-header with_icon\" aria-controls=\"content-1583624489732-dc55b0aa-a862\" aria-expanded=\"false\"><i class=\"far fa-question-circle\"><\/i><div class=\"w-tabs-section-title\">\u00bfTengo que estar sobrio?<\/div><div class=\"w-tabs-section-control\"><\/div><\/button><div class=\"w-tabs-section-content\" id=\"content-1583624489732-dc55b0aa-a862\"><div class=\"w-tabs-section-content-h i-cf\"><div class=\"wpb_text_column\"><div class=\"wpb_wrapper\"><p>No est\u00e1 permitida la entrada al campo de tiro con alcohol u otras drogas.<br \/>\nSe pedir\u00e1 a las personas que est\u00e9n bajo sus efectos que abandonen el recinto.<\/p>\n<\/div><\/div><\/div><\/div><\/div><div class=\"w-tabs-section\" id=\"1583624489732-dc55b0aa-a862\"><button class=\"w-tabs-section-header with_icon\" aria-controls=\"content-1583624489732-dc55b0aa-a862\" aria-expanded=\"false\"><i class=\"far fa-question-circle\"><\/i><div class=\"w-tabs-section-title\">\u00bfPuedo disparar estando embarazada?<\/div><div class=\"w-tabs-section-control\"><\/div><\/button><div class=\"w-tabs-section-content\" id=\"content-1583624489732-dc55b0aa-a862\"><div class=\"w-tabs-section-content-h i-cf\"><div class=\"wpb_text_column\"><div class=\"wpb_wrapper\"><p>Por razones de seguridad, las mujeres embarazadas no pueden participar en el tiro ni estar en la sala mientras se dispara.<\/p>\n<\/div><\/div><\/div><\/div><\/div><div class=\"w-tabs-section\" id=\"1583624489732-dc55b0aa-a862\"><button class=\"w-tabs-section-header with_icon\" aria-controls=\"content-1583624489732-dc55b0aa-a862\" aria-expanded=\"false\"><i class=\"far fa-question-circle\"><\/i><div class=\"w-tabs-section-title\">\u00bfHay alguna restricci\u00f3n en cuanto a la ropa?<\/div><div class=\"w-tabs-section-control\"><\/div><\/button><div class=\"w-tabs-section-content\" id=\"content-1583624489732-dc55b0aa-a862\"><div class=\"w-tabs-section-content-h i-cf\"><div class=\"wpb_text_column\"><div class=\"wpb_wrapper\"><p>No hay requisitos estrictos, pero recomendamos ropa c\u00f3moda y calzado completo. Tenga en cuenta que las armas pueden ensuciar la ropa.<\/p>\n<\/div><\/div><\/div><\/div><\/div><div class=\"w-tabs-section\" id=\"1583624489732-dc55b0aa-a862\"><button class=\"w-tabs-section-header with_icon\" aria-controls=\"content-1583624489732-dc55b0aa-a862\" aria-expanded=\"false\"><i class=\"far fa-question-circle\"><\/i><div class=\"w-tabs-section-title\">\u00bfQu\u00e9 ocurre si no sigo las normas de seguridad?<\/div><div class=\"w-tabs-section-control\"><\/div><\/button><div class=\"w-tabs-section-content\" id=\"content-1583624489732-dc55b0aa-a862\"><div class=\"w-tabs-section-content-h i-cf\"><div class=\"wpb_text_column\"><div class=\"wpb_wrapper\"><p>Quienes no sigan las instrucciones del instructor o incumplan las normas de seguridad ser\u00e1n expulsados inmediatamente de la sala sin derecho a reembolso.<\/p>\n<\/div><\/div><\/div><\/div><\/div><div class=\"w-tabs-section\" id=\"1583624489765-c0d43523-8329\"><button class=\"w-tabs-section-header with_icon\" aria-controls=\"content-1583624489765-c0d43523-8329\" aria-expanded=\"false\"><i class=\"far fa-question-circle\"><\/i><div class=\"w-tabs-section-title\">\u00bfCu\u00e1les son las restricciones de edad?<\/div><div class=\"w-tabs-section-control\"><\/div><\/button><div class=\"w-tabs-section-content\" id=\"content-1583624489765-c0d43523-8329\"><div class=\"w-tabs-section-content-h i-cf\"><div class=\"wpb_text_column\"><div class=\"wpb_wrapper\"><p>No existe tal edad, todo depende de la persona. Sin embargo, nuestra experiencia sugiere que la edad m\u00ednima para iniciar una aventura de tiro parece ser de 11-12 a\u00f1os.<\/p>\n<\/div><\/div><\/div><\/div><\/div><div class=\"w-tabs-section\" id=\"1583624489802-4f94629d-6ce2\"><button class=\"w-tabs-section-header with_icon\" aria-controls=\"content-1583624489802-4f94629d-6ce2\" aria-expanded=\"false\"><i class=\"far fa-question-circle\"><\/i><div class=\"w-tabs-section-title\">\u00bfPuede acompa\u00f1arme alguien durante el rodaje?<\/div><div class=\"w-tabs-section-control\"><\/div><\/button><div class=\"w-tabs-section-content\" id=\"content-1583624489802-4f94629d-6ce2\"><div class=\"w-tabs-section-content-h i-cf\"><div class=\"wpb_text_column\"><div class=\"wpb_wrapper\"><p>S\u00ed, en la medida de lo posible, la persona que dispara puede ir acompa\u00f1ada de amigos que no hayan elegido disparar.<\/p>\n<\/div><\/div><\/div><\/div><\/div><div class=\"w-tabs-section\" id=\"1583624489959-1cc5569d-a5a5\"><button class=\"w-tabs-section-header with_icon\" aria-controls=\"content-1583624489959-1cc5569d-a5a5\" aria-expanded=\"false\"><i class=\"far fa-question-circle\"><\/i><div class=\"w-tabs-section-title\">\u00bfCu\u00e1ndo tengo que utilizar el cheque regalo?<\/div><div class=\"w-tabs-section-control\"><\/div><\/button><div class=\"w-tabs-section-content\" id=\"content-1583624489959-1cc5569d-a5a5\"><div class=\"w-tabs-section-content-h i-cf\"><div class=\"wpb_text_column\"><div class=\"wpb_wrapper\"><p>Los vales regalo de la Academia de Tiro de Cracovia son v\u00e1lidos durante seis meses a partir de la fecha de emisi\u00f3n. En casos especiales, es posible prorrogar la validez del bono.<\/p>\n<\/div><\/div><\/div><\/div><\/div><\/div><\/div><div class=\"w-separator size_large\"><\/div><\/div><\/div><\/div><\/div><\/div><\/section><section class=\"l-section wpb_row us_custom_0c54ba39 height_medium width_full\"><div class=\"l-section-h i-cf\"><div class=\"g-cols vc_row via_flex valign_top type_default stacking_default\"><div class=\"vc_col-sm-12 wpb_column vc_column_container\"><div class=\"vc_column-inner\"><div class=\"wpb_wrapper\"><div class=\"w-actionbox us_custom_a86d61b4 action-box-blok has_text_color color_light controls_bottom\"><div class=\"w-actionbox-text\"><h2 class=\"w-actionbox-title\">\u00bfQuiere m\u00e1s informaci\u00f3n?<\/h2><div class=\"w-actionbox-description\"><p>ESCRIBA O LLAME<\/p>\n<\/div><\/div><div class=\"w-actionbox-controls\"><a class=\"w-btn us-btn-style_1 icon_atleft\" title=\"contacto\" href=\"https:\/\/www.shootingcracow.com\/es\/contacto\/\" style=\"font-size:18px;\"><i class=\"far fa-play\"><\/i><span class=\"w-btn-label\">contacto<\/span><\/a><a class=\"w-btn us-btn-style_1 icon_atleft\" title=\"lista-de-precios\" href=\"https:\/\/www.shootingcracow.com\/es\/lista-de-precios\/\" style=\"font-size:18px;\"><i class=\"far fa-play\"><\/i><span class=\"w-btn-label\">paquetes<\/span><\/a><\/div><\/div><\/div><\/div><\/div><\/div><\/div><\/section><section class=\"l-section wpb_row us_custom_9d21f858 height_medium width_full\"><div class=\"l-section-h i-cf\"><div class=\"g-cols vc_row via_flex valign_top type_default stacking_default\"><div class=\"vc_col-sm-12 wpb_column vc_column_container\"><div class=\"vc_column-inner us_custom_8535c5f4\"><div class=\"wpb_wrapper\">[vc_raw_html el_class=\u00bbgoogle-maps\u00bb css=\u00bb%7B%22default%22%3A%7B%22line-height%22%3A%220%22%2C%22margin-bottom%22%3A%220%22%2C%22padding-bottom%22%3A%220%22%7D%7D\u00bb]PGlmcmFtZSBzcmM9Imh0dHBzOi8vd3d3Lmdvb2dsZS5jb20vbWFwcy9lbWJlZD9wYj0hMW0xOCExbTEyITFtMyExZDI1NTkuMDUzMTczNzg5NDQhMmQxOS44NjI1NTk2MTU5NzM0NiEzZDUwLjEwNDAxMTY3OTQyOTE2ITJtMyExZjAhMmYwITNmMCEzbTIhMWkxMDI0ITJpNzY4ITRmMTMuMSEzbTMhMW0yITFzMHg0NzE2NTk5MTJhNzQzNmNiJTNBMHg2MTlmODFkOTMyN2EwYWQ5ITJzQ3JhY293K1Nob290aW5nK0FjYWRlbXkhNWUwITNtMiExc3BsITJzcGwhNHYxNTMyNzg1OTMwMzU0IiB3aWR0aD0iMjAwMCIgaGVpZ2h0PSIzNTAiIGZyYW1lYm9yZGVyPSIwIiBzdHlsZT0iYm9yZGVyOjAiIGFsbG93ZnVsbHNjcmVlbj0iIj48L2lmcmFtZT4=[\/vc_raw_html]<\/div><\/div><\/div><\/div><\/div><\/section>\n","protected":false},"excerpt":{"rendered":"FAQEs la primera vez que voy al campo de tiro, \u00bfalguien puede ayudarme?Cada persona que utiliza nuestro campo de tiro comienza su estancia con una formaci\u00f3n sobre las normas de seguridad y el manejo b\u00e1sico de las armas. Un instructor acompa\u00f1a al cliente en todo momento, ofreci\u00e9ndole orientaci\u00f3n y respondiendo a cualquier pregunta. El instructor...","protected":false},"author":1,"featured_media":0,"parent":0,"menu_order":10,"comment_status":"closed","ping_status":"closed","template":"","meta":{"powered_cache_disable_cache":false},"acf":[],"yoast_head":"<!-- This site is optimized with the Yoast SEO plugin v20.6 - https:\/\/yoast.com\/wordpress\/plugins\/seo\/ -->\n<title>FAQ Pol\u00edgono de tiro Cracow Shooting Academy<\/title>\n<meta name=\"description\" content=\"Preguntas frecuentes (FAQ) sobre el campo de tiro de la Academia de Tiro de Cracovia. Le invitamos a conocerlos.\" \/>\n<meta name=\"robots\" content=\"index, follow, max-snippet:-1, max-image-preview:large, max-video-preview:-1\" \/>\n<link rel=\"canonical\" href=\"https:\/\/www.shootingcracow.com\/es\/faq-strzelnica-cracow-shooting-academy\/\" \/>\n<meta property=\"og:locale\" content=\"es_ES\" \/>\n<meta property=\"og:type\" content=\"article\" \/>\n<meta property=\"og:title\" content=\"FAQ Pol\u00edgono de tiro Cracow Shooting Academy\" \/>\n<meta property=\"og:description\" content=\"Preguntas frecuentes (FAQ) sobre el campo de tiro de la Academia de Tiro de Cracovia. Le invitamos a conocerlos.\" \/>\n<meta property=\"og:url\" content=\"https:\/\/www.shootingcracow.com\/es\/faq-strzelnica-cracow-shooting-academy\/\" \/>\n<meta property=\"og:site_name\" content=\"Shooting Cracow\" \/>\n<meta property=\"article:publisher\" content=\"https:\/\/www.facebook.com\/shootingcracow\" \/>\n<meta property=\"article:modified_time\" content=\"2025-06-11T15:17:18+00:00\" \/>\n<meta property=\"og:image\" content=\"https:\/\/www.shootingcracow.com\/wp-content\/uploads\/2020\/03\/IMG_7320.jpg\" \/>\n\t<meta property=\"og:image:width\" content=\"1200\" \/>\n\t<meta property=\"og:image:height\" content=\"800\" \/>\n\t<meta property=\"og:image:type\" content=\"image\/jpeg\" \/>\n<meta name=\"twitter:card\" content=\"summary_large_image\" \/>\n<meta name=\"twitter:label1\" content=\"Tiempo de lectura\" \/>\n\t<meta name=\"twitter:data1\" content=\"6 minutos\" \/>\n<script type=\"application\/ld+json\" class=\"yoast-schema-graph\">{\"@context\":\"https:\/\/schema.org\",\"@graph\":[{\"@type\":\"WebPage\",\"@id\":\"https:\/\/www.shootingcracow.com\/es\/faq-strzelnica-cracow-shooting-academy\/\",\"url\":\"https:\/\/www.shootingcracow.com\/es\/faq-strzelnica-cracow-shooting-academy\/\",\"name\":\"FAQ Pol\u00edgono de tiro Cracow Shooting Academy\",\"isPartOf\":{\"@id\":\"https:\/\/www.shootingcracow.com\/es\/#website\"},\"datePublished\":\"2020-06-04T12:19:37+00:00\",\"dateModified\":\"2025-06-11T15:17:18+00:00\",\"description\":\"Preguntas frecuentes (FAQ) sobre el campo de tiro de la Academia de Tiro de Cracovia. Le invitamos a conocerlos.\",\"breadcrumb\":{\"@id\":\"https:\/\/www.shootingcracow.com\/es\/faq-strzelnica-cracow-shooting-academy\/#breadcrumb\"},\"inLanguage\":\"es\",\"potentialAction\":[{\"@type\":\"ReadAction\",\"target\":[\"https:\/\/www.shootingcracow.com\/es\/faq-strzelnica-cracow-shooting-academy\/\"]}]},{\"@type\":\"BreadcrumbList\",\"@id\":\"https:\/\/www.shootingcracow.com\/es\/faq-strzelnica-cracow-shooting-academy\/#breadcrumb\",\"itemListElement\":[{\"@type\":\"ListItem\",\"position\":1,\"name\":\"Strona g\u0142\u00f3wna\",\"item\":\"https:\/\/www.shootingcracow.com\/es\/pagina-de-inicio\/\"},{\"@type\":\"ListItem\",\"position\":2,\"name\":\"Faq\"}]},{\"@type\":\"WebSite\",\"@id\":\"https:\/\/www.shootingcracow.com\/es\/#website\",\"url\":\"https:\/\/www.shootingcracow.com\/es\/\",\"name\":\"Shooting Cracow\",\"description\":\"\",\"potentialAction\":[{\"@type\":\"SearchAction\",\"target\":{\"@type\":\"EntryPoint\",\"urlTemplate\":\"https:\/\/www.shootingcracow.com\/es\/?s={search_term_string}\"},\"query-input\":\"required name=search_term_string\"}],\"inLanguage\":\"es\"}]}<\/script>\n<!-- \/ Yoast SEO plugin. -->","yoast_head_json":{"title":"FAQ Pol\u00edgono de tiro Cracow Shooting Academy","description":"Preguntas frecuentes (FAQ) sobre el campo de tiro de la Academia de Tiro de Cracovia. Le invitamos a conocerlos.","robots":{"index":"index","follow":"follow","max-snippet":"max-snippet:-1","max-image-preview":"max-image-preview:large","max-video-preview":"max-video-preview:-1"},"canonical":"https:\/\/www.shootingcracow.com\/es\/faq-strzelnica-cracow-shooting-academy\/","og_locale":"es_ES","og_type":"article","og_title":"FAQ Pol\u00edgono de tiro Cracow Shooting Academy","og_description":"Preguntas frecuentes (FAQ) sobre el campo de tiro de la Academia de Tiro de Cracovia. Le invitamos a conocerlos.","og_url":"https:\/\/www.shootingcracow.com\/es\/faq-strzelnica-cracow-shooting-academy\/","og_site_name":"Shooting Cracow","article_publisher":"https:\/\/www.facebook.com\/shootingcracow","article_modified_time":"2025-06-11T15:17:18+00:00","og_image":[{"width":1200,"height":800,"url":"https:\/\/www.shootingcracow.com\/wp-content\/uploads\/2020\/03\/IMG_7320.jpg","type":"image\/jpeg"}],"twitter_card":"summary_large_image","twitter_misc":{"Tiempo de lectura":"6 minutos"},"schema":{"@context":"https:\/\/schema.org","@graph":[{"@type":"WebPage","@id":"https:\/\/www.shootingcracow.com\/es\/faq-strzelnica-cracow-shooting-academy\/","url":"https:\/\/www.shootingcracow.com\/es\/faq-strzelnica-cracow-shooting-academy\/","name":"FAQ Pol\u00edgono de tiro Cracow Shooting Academy","isPartOf":{"@id":"https:\/\/www.shootingcracow.com\/es\/#website"},"datePublished":"2020-06-04T12:19:37+00:00","dateModified":"2025-06-11T15:17:18+00:00","description":"Preguntas frecuentes (FAQ) sobre el campo de tiro de la Academia de Tiro de Cracovia. Le invitamos a conocerlos.","breadcrumb":{"@id":"https:\/\/www.shootingcracow.com\/es\/faq-strzelnica-cracow-shooting-academy\/#breadcrumb"},"inLanguage":"es","potentialAction":[{"@type":"ReadAction","target":["https:\/\/www.shootingcracow.com\/es\/faq-strzelnica-cracow-shooting-academy\/"]}]},{"@type":"BreadcrumbList","@id":"https:\/\/www.shootingcracow.com\/es\/faq-strzelnica-cracow-shooting-academy\/#breadcrumb","itemListElement":[{"@type":"ListItem","position":1,"name":"Strona g\u0142\u00f3wna","item":"https:\/\/www.shootingcracow.com\/es\/pagina-de-inicio\/"},{"@type":"ListItem","position":2,"name":"Faq"}]},{"@type":"WebSite","@id":"https:\/\/www.shootingcracow.com\/es\/#website","url":"https:\/\/www.shootingcracow.com\/es\/","name":"Shooting Cracow","description":"","potentialAction":[{"@type":"SearchAction","target":{"@type":"EntryPoint","urlTemplate":"https:\/\/www.shootingcracow.com\/es\/?s={search_term_string}"},"query-input":"required name=search_term_string"}],"inLanguage":"es"}]}},"_links":{"self":[{"href":"https:\/\/www.shootingcracow.com\/es\/wp-json\/wp\/v2\/pages\/5395"}],"collection":[{"href":"https:\/\/www.shootingcracow.com\/es\/wp-json\/wp\/v2\/pages"}],"about":[{"href":"https:\/\/www.shootingcracow.com\/es\/wp-json\/wp\/v2\/types\/page"}],"author":[{"embeddable":true,"href":"https:\/\/www.shootingcracow.com\/es\/wp-json\/wp\/v2\/users\/1"}],"replies":[{"embeddable":true,"href":"https:\/\/www.shootingcracow.com\/es\/wp-json\/wp\/v2\/comments?post=5395"}],"version-history":[{"count":0,"href":"https:\/\/www.shootingcracow.com\/es\/wp-json\/wp\/v2\/pages\/5395\/revisions"}],"wp:attachment":[{"href":"https:\/\/www.shootingcracow.com\/es\/wp-json\/wp\/v2\/media?parent=5395"}],"curies":[{"name":"wp","href":"https:\/\/api.w.org\/{rel}","templated":true}]}}