{"id":5391,"date":"2020-06-04T14:17:03","date_gmt":"2020-06-04T12:17:03","guid":{"rendered":"https:\/\/www.shootingcracow.com\/5391-2\/"},"modified":"2024-05-18T21:34:32","modified_gmt":"2024-05-18T19:34:32","slug":"formacion","status":"publish","type":"page","link":"https:\/\/www.shootingcracow.com\/es\/oferta\/formacion\/","title":{"rendered":"Formaci\u00f3n"},"content":{"rendered":"<section class=\"l-section wpb_row us_custom_6d54c28f height_medium\"><div class=\"l-section-h i-cf\"><div class=\"g-cols vc_row via_flex valign_top type_default stacking_default\"><div class=\"vc_col-sm-12 wpb_column vc_column_container\"><div class=\"vc_column-inner\"><div class=\"wpb_wrapper\"><div id=\"ultimate-heading-144769f71ca1aa88e\" class=\"uvc-heading ult-adjust-bottom-margin ultimate-heading-144769f71ca1aa88e uvc-5763 \" data-hspacer=\"no_spacer\" data-halign=\"center\" style=\"text-align:center\"><div class=\"uvc-heading-spacer no_spacer\" style=\"top\"><\/div><div class=\"uvc-main-heading ult-responsive\" data-ultimate-target=\".uvc-heading.ultimate-heading-144769f71ca1aa88e h1\" data-responsive-json-new=\"{&quot;font-size&quot;:&quot;&quot;,&quot;line-height&quot;:&quot;&quot;}\"><h1 style=\"font-family:&#039;Oswald&#039;;font-weight:500;color:#ffffff;\">CURSO\/APRENDIZAJE DE TIRO CON ARMAS DE FUEGO<\/h1><\/div><\/div><\/div><\/div><\/div><\/div><\/div><\/section><section class=\"l-section wpb_row height_small\"><div class=\"l-section-h i-cf\"><div class=\"g-cols vc_row via_flex valign_top type_default stacking_default\"><div class=\"vc_col-sm-12 wpb_column vc_column_container\"><div class=\"vc_column-inner\"><div class=\"wpb_wrapper\"><div id=\"ultimate-heading-790469f71ca1ab357\" class=\"uvc-heading ult-adjust-bottom-margin ultimate-heading-790469f71ca1ab357 uvc-5075 \" data-hspacer=\"line_with_icon\" data-hline_width=\"auto\" data-hicon_type=\"custom\" data-hborder_style=\"solid\" data-hborder_height=\"1\" data-hborder_color=\"#ccc\" data-icon_width=\"48\" data-hfixer=\"10\" data-halign=\"center\" style=\"text-align:center\"><div class=\"uvc-main-heading ult-responsive\" data-ultimate-target=\".uvc-heading.ultimate-heading-790469f71ca1ab357 h3\" data-responsive-json-new=\"{&quot;font-size&quot;:&quot;&quot;,&quot;line-height&quot;:&quot;&quot;}\"><h3 style=\"font-family:&#039;Oswald&#039;;font-weight:300;\">INFORMACI\u00d3N GENERAL<\/h3><\/div><div class=\"uvc-sub-heading ult-responsive\" data-ultimate-target=\".uvc-heading.ultimate-heading-790469f71ca1ab357 .uvc-sub-heading \" data-responsive-json-new=\"{&quot;font-size&quot;:&quot;&quot;,&quot;line-height&quot;:&quot;&quot;}\" style=\"font-weight:normal;\">\n<p style=\"text-align: center;\">La Academia de Tiro de Cracovia imparte formaci\u00f3n en el campo del tiro defensivo de combate y defensivo pr\u00e1ctico, cubriendo cuestiones relacionadas con el uso de armas de fuego en forma de pistolas semiautom\u00e1ticas, carabinas y escopetas de \u00e1nima lisa.<\/p>\n<p><strong>Les ofrecemos:<\/strong><\/p><\/div><div class=\"uvc-heading-spacer line_with_icon\" style=\"margin-top:20px;\"><div class=\"ult-just-icon-wrapper \"><div class=\"align-icon\" style=\"text-align:center;\">\n<div class=\"aio-icon-img \" style=\"font-size:48px;display:inline-block;\">\n\t<noscript><img class=\"img-icon\" alt=\"null\" src=\"https:\/\/www.shootingcracow.com\/wp-content\/uploads\/2020\/03\/guns-312418.svg\"><\/noscript><img class=\"img-icon lazyload\" alt=\"null\" src=\"data:image\/gif;base64,R0lGODlhAQABAIAAAAAAAP\/\/\/yH5BAEAAAAALAAAAAABAAEAAAIBRAA7\" data-src=\"https:\/\/www.shootingcracow.com\/wp-content\/uploads\/2020\/03\/guns-312418.svg\">\n<\/div><\/div><\/div><\/div><\/div><\/div><\/div><\/div><\/div><\/div><\/section><section class=\"l-section wpb_row us_custom_cb3efcb3 height_small\"><div class=\"l-section-h i-cf\"><div class=\"g-cols vc_row via_flex valign_top type_default stacking_default\"><div class=\"vc_col-sm-12 wpb_column vc_column_container\"><div class=\"vc_column-inner\"><div class=\"wpb_wrapper\"><div class=\"w-popup us_custom_42827c34 align_none\"><span class=\"w-popup-trigger type_load\" data-delay=\"0\"><\/span><div class=\"w-popup-overlay\" style=\"background:rgba(0,0,0,0.65);\"><\/div><div class=\"w-popup-wrap\" style=\"--title-color:var(--color-content-heading);--title-bg-color:var(--color-content-bg-alt);--content-color:var(--color-content-text);--content-bg-color:var(--color-content-bg)\"><div class=\"w-popup-box animation_fadeIn closerpos_inside without_title\" style=\"border-radius:5px;width:600px;\"><div class=\"w-popup-box-h\"><div class=\"w-popup-box-content\" style=\"padding:15%;\"><p style=\"text-align: center;\"> ENTRENAMIENTO SUSPENDIDO TEMPORALMENTE<\/p>\n<\/div><div class=\"w-popup-closer\"><\/div><\/div><\/div><\/div><\/div><div class=\"w-separator size_custom\" style=\"height:20px\"><\/div><div class=\"g-cols wpb_row us_custom_0ed93f04 via_flex valign_top type_default stacking_default\" style=\"--additional-gap:4px;\"><div class=\"vc_col-sm-1\/5 wpb_column vc_column_container has_bg_color\"><div class=\"vc_column-inner us_custom_2d26b5ae\"><div class=\"wpb_wrapper\"><div class=\"ult-just-icon-wrapper \"><div class=\"align-icon\" style=\"text-align:center;\">\n<div class=\"aio-icon-img \" style=\"font-size:28px;display:inline-block;\">\n\t<noscript><img class=\"img-icon\" alt=\"null\" src=\"https:\/\/www.shootingcracow.com\/wp-content\/uploads\/2020\/04\/one-orange.svg\"><\/noscript><img class=\"img-icon lazyload\" alt=\"null\" src=\"data:image\/gif;base64,R0lGODlhAQABAIAAAAAAAP\/\/\/yH5BAEAAAAALAAAAAABAAEAAAIBRAA7\" data-src=\"https:\/\/www.shootingcracow.com\/wp-content\/uploads\/2020\/04\/one-orange.svg\">\n<\/div><\/div><\/div><div class=\"w-separator size_custom\" style=\"height:20px\"><\/div><div class=\"wpb_text_column\"><div class=\"wpb_wrapper\"><p style=\"text-align: center;\"><strong>La gente comienza su aventura disparando.<\/strong><\/p>\n<\/div><\/div><\/div><\/div><\/div><div class=\"vc_col-sm-1\/5 wpb_column vc_column_container has_bg_color\"><div class=\"vc_column-inner us_custom_2d26b5ae\"><div class=\"wpb_wrapper\"><div class=\"ult-just-icon-wrapper \"><div class=\"align-icon\" style=\"text-align:center;\">\n<div class=\"aio-icon-img \" style=\"font-size:28px;display:inline-block;\">\n\t<noscript><img class=\"img-icon\" alt=\"null\" src=\"https:\/\/www.shootingcracow.com\/wp-content\/uploads\/2020\/04\/two-orange.svg\"><\/noscript><img class=\"img-icon lazyload\" alt=\"null\" src=\"data:image\/gif;base64,R0lGODlhAQABAIAAAAAAAP\/\/\/yH5BAEAAAAALAAAAAABAAEAAAIBRAA7\" data-src=\"https:\/\/www.shootingcracow.com\/wp-content\/uploads\/2020\/04\/two-orange.svg\">\n<\/div><\/div><\/div><div class=\"w-separator size_custom\" style=\"height:20px\"><\/div><div class=\"wpb_text_column\"><div class=\"wpb_wrapper\"><p style=\"text-align: center;\"><strong>Tiradores recreativos que entrenan regularmente.<\/strong><\/p>\n<\/div><\/div><\/div><\/div><\/div><div class=\"vc_col-sm-1\/5 wpb_column vc_column_container has_bg_color\"><div class=\"vc_column-inner us_custom_2d26b5ae\"><div class=\"wpb_wrapper\"><div class=\"ult-just-icon-wrapper \"><div class=\"align-icon\" style=\"text-align:center;\">\n<div class=\"aio-icon-img \" style=\"font-size:28px;display:inline-block;\">\n\t<noscript><img class=\"img-icon\" alt=\"null\" src=\"https:\/\/www.shootingcracow.com\/wp-content\/uploads\/2020\/04\/three-orange.svg\"><\/noscript><img class=\"img-icon lazyload\" alt=\"null\" src=\"data:image\/gif;base64,R0lGODlhAQABAIAAAAAAAP\/\/\/yH5BAEAAAAALAAAAAABAAEAAAIBRAA7\" data-src=\"https:\/\/www.shootingcracow.com\/wp-content\/uploads\/2020\/04\/three-orange.svg\">\n<\/div><\/div><\/div><div class=\"w-separator size_custom\" style=\"height:20px\"><\/div><div class=\"wpb_text_column\"><div class=\"wpb_wrapper\"><p style=\"text-align: center;\"><strong>Personas que tengan sus propias armas de fuego.<\/strong><\/p>\n<\/div><\/div><\/div><\/div><\/div><div class=\"vc_col-sm-1\/5 wpb_column vc_column_container has_bg_color\"><div class=\"vc_column-inner us_custom_2d26b5ae\"><div class=\"wpb_wrapper\"><div class=\"ult-just-icon-wrapper \"><div class=\"align-icon\" style=\"text-align:center;\">\n<div class=\"aio-icon-img \" style=\"font-size:28px;display:inline-block;\">\n\t<noscript><img class=\"img-icon\" alt=\"null\" src=\"https:\/\/www.shootingcracow.com\/wp-content\/uploads\/2020\/04\/four-orange.svg\"><\/noscript><img class=\"img-icon lazyload\" alt=\"null\" src=\"data:image\/gif;base64,R0lGODlhAQABAIAAAAAAAP\/\/\/yH5BAEAAAAALAAAAAABAAEAAAIBRAA7\" data-src=\"https:\/\/www.shootingcracow.com\/wp-content\/uploads\/2020\/04\/four-orange.svg\">\n<\/div><\/div><\/div><div class=\"w-separator size_custom\" style=\"height:20px\"><\/div><div class=\"wpb_text_column\"><div class=\"wpb_wrapper\"><p style=\"text-align: center;\"><strong>Empleados de servicios uniformados<\/strong><br>\n<strong>(polic\u00eda, ej\u00e9rcito, servicio penitenciario, guardia de fronteras).<\/strong><\/p>\n<\/div><\/div><\/div><\/div><\/div><div class=\"vc_col-sm-1\/5 wpb_column vc_column_container has_bg_color\"><div class=\"vc_column-inner us_custom_2d26b5ae\"><div class=\"wpb_wrapper\"><div class=\"ult-just-icon-wrapper \"><div class=\"align-icon\" style=\"text-align:center;\">\n<div class=\"aio-icon-img \" style=\"font-size:28px;display:inline-block;\">\n\t<noscript><img class=\"img-icon\" alt=\"null\" src=\"https:\/\/www.shootingcracow.com\/wp-content\/uploads\/2020\/04\/fiveorange.svg\"><\/noscript><img class=\"img-icon lazyload\" alt=\"null\" src=\"data:image\/gif;base64,R0lGODlhAQABAIAAAAAAAP\/\/\/yH5BAEAAAAALAAAAAABAAEAAAIBRAA7\" data-src=\"https:\/\/www.shootingcracow.com\/wp-content\/uploads\/2020\/04\/fiveorange.svg\">\n<\/div><\/div><\/div><div class=\"w-separator size_custom\" style=\"height:20px\"><\/div><div class=\"wpb_text_column\"><div class=\"wpb_wrapper\"><p style=\"text-align: center;\"><strong>Trabajadores de seguridad.<\/strong><\/p>\n<\/div><\/div><\/div><\/div><\/div><\/div><div class=\"w-separator size_custom\" style=\"height:25px\"><\/div><\/div><\/div><\/div><\/div><\/div><\/section><section class=\"l-section wpb_row height_medium color_alternate\"><div class=\"l-section-h i-cf\"><div class=\"g-cols vc_row via_flex valign_top type_default stacking_default\"><div class=\"vc_col-sm-12 wpb_column vc_column_container\"><div class=\"vc_column-inner\"><div class=\"wpb_wrapper\"><div id=\"ultimate-heading-713469f71ca1ae5e1\" class=\"uvc-heading ult-adjust-bottom-margin ultimate-heading-713469f71ca1ae5e1 uvc-8892 \" data-hspacer=\"no_spacer\" data-halign=\"center\" style=\"text-align:center\"><div class=\"uvc-heading-spacer no_spacer\" style=\"top\"><\/div><div class=\"uvc-main-heading ult-responsive\" data-ultimate-target=\".uvc-heading.ultimate-heading-713469f71ca1ae5e1 h2\" data-responsive-json-new=\"{&quot;font-size&quot;:&quot;&quot;,&quot;line-height&quot;:&quot;&quot;}\"><h2 style=\"font-family:&#039;Oswald&#039;;font-weight:500;\">PROGRAMA DE ENTRENAMIENTO<\/h2><\/div><\/div><div class=\"w-separator size_custom\" style=\"height:40px\"><\/div><div class=\"g-cols wpb_row us_custom_41843a68 via_flex valign_top type_default stacking_default\"><div class=\"vc_col-sm-6 wpb_column vc_column_container\"><div class=\"vc_column-inner us_custom_7a4fe090\"><div class=\"wpb_wrapper\"><div class=\"w-image align_none\"><div class=\"w-image-h\"><noscript><img width=\"1024\" height=\"685\" src=\"https:\/\/www.shootingcracow.com\/wp-content\/uploads\/2020\/04\/bigstock-machine-gun.jpg\" class=\"attachment-large size-large\" alt decoding=\"async\" srcset=\"https:\/\/www.shootingcracow.com\/wp-content\/uploads\/2020\/04\/bigstock-machine-gun.jpg 1024w, https:\/\/www.shootingcracow.com\/wp-content\/uploads\/2020\/04\/bigstock-machine-gun-300x201.jpg 300w\" sizes=\"(max-width: 1024px) 100vw, 1024px\"><\/noscript><img width=\"1024\" height=\"685\" src=\"data:image\/svg+xml,%3Csvg%20xmlns%3D%22http%3A%2F%2Fwww.w3.org%2F2000%2Fsvg%22%20viewBox%3D%220%200%201024%20685%22%3E%3C%2Fsvg%3E\" class=\"attachment-large size-large lazyload\" alt decoding=\"async\" srcset=\"data:image\/svg+xml,%3Csvg%20xmlns%3D%22http%3A%2F%2Fwww.w3.org%2F2000%2Fsvg%22%20viewBox%3D%220%200%201024%20685%22%3E%3C%2Fsvg%3E 1024w\" sizes=\"(max-width: 1024px) 100vw, 1024px\" data-srcset=\"https:\/\/www.shootingcracow.com\/wp-content\/uploads\/2020\/04\/bigstock-machine-gun.jpg 1024w, https:\/\/www.shootingcracow.com\/wp-content\/uploads\/2020\/04\/bigstock-machine-gun-300x201.jpg 300w\" data-src=\"https:\/\/www.shootingcracow.com\/wp-content\/uploads\/2020\/04\/bigstock-machine-gun.jpg\"><\/div><\/div><div class=\"w-separator size_custom\" style=\"height:29px\"><\/div><div id=\"ultimate-heading-785569f71ca1af380\" class=\"uvc-heading ult-adjust-bottom-margin ultimate-heading-785569f71ca1af380 uvc-535 \" data-hspacer=\"no_spacer\" data-halign=\"center\" style=\"text-align:center\"><div class=\"uvc-heading-spacer no_spacer\" style=\"top\"><\/div><div class=\"uvc-main-heading ult-responsive\" data-ultimate-target=\".uvc-heading.ultimate-heading-785569f71ca1af380 h3\" data-responsive-json-new=\"{&quot;font-size&quot;:&quot;desktop:20px;&quot;,&quot;line-height&quot;:&quot;&quot;}\"><h3 style=\"font-family:&#039;Oswald&#039;;font-weight:500;\">ENTRENAMIENTO DE COMBATE<\/h3><\/div><\/div><div class=\"w-btn-wrapper align_center\"><a class=\"w-btn us-btn-style_1 icon_atleft\" title=\"entrenamiento de combate\" href=\"https:\/\/www.shootingcracow.com\/es\/oferta\/formacion\/entrenamiento-de-combate\/\"><i class=\"far fa-calendar-alt\"><\/i><span class=\"w-btn-label\">programa de entrenamiento<\/span><\/a><\/div><\/div><\/div><\/div><div class=\"vc_col-sm-6 wpb_column vc_column_container\"><div class=\"vc_column-inner\"><div class=\"wpb_wrapper\"><div class=\"w-image align_none\"><div class=\"w-image-h\"><noscript><img width=\"1024\" height=\"683\" src=\"https:\/\/www.shootingcracow.com\/wp-content\/uploads\/2020\/04\/Bartosz-Zakrzewski.jpg\" class=\"attachment-large size-large\" alt decoding=\"async\" srcset=\"https:\/\/www.shootingcracow.com\/wp-content\/uploads\/2020\/04\/Bartosz-Zakrzewski.jpg 1024w, https:\/\/www.shootingcracow.com\/wp-content\/uploads\/2020\/04\/Bartosz-Zakrzewski-300x200.jpg 300w\" sizes=\"(max-width: 1024px) 100vw, 1024px\"><\/noscript><img width=\"1024\" height=\"683\" src=\"data:image\/svg+xml,%3Csvg%20xmlns%3D%22http%3A%2F%2Fwww.w3.org%2F2000%2Fsvg%22%20viewBox%3D%220%200%201024%20683%22%3E%3C%2Fsvg%3E\" class=\"attachment-large size-large lazyload\" alt decoding=\"async\" srcset=\"data:image\/svg+xml,%3Csvg%20xmlns%3D%22http%3A%2F%2Fwww.w3.org%2F2000%2Fsvg%22%20viewBox%3D%220%200%201024%20683%22%3E%3C%2Fsvg%3E 1024w\" sizes=\"(max-width: 1024px) 100vw, 1024px\" data-srcset=\"https:\/\/www.shootingcracow.com\/wp-content\/uploads\/2020\/04\/Bartosz-Zakrzewski.jpg 1024w, https:\/\/www.shootingcracow.com\/wp-content\/uploads\/2020\/04\/Bartosz-Zakrzewski-300x200.jpg 300w\" data-src=\"https:\/\/www.shootingcracow.com\/wp-content\/uploads\/2020\/04\/Bartosz-Zakrzewski.jpg\"><\/div><\/div><div class=\"w-separator size_custom\" style=\"height:29px\"><\/div><div id=\"ultimate-heading-70969f71ca1afd7b\" class=\"uvc-heading ult-adjust-bottom-margin ultimate-heading-70969f71ca1afd7b uvc-951 \" data-hspacer=\"no_spacer\" data-halign=\"center\" style=\"text-align:center\"><div class=\"uvc-heading-spacer no_spacer\" style=\"top\"><\/div><div class=\"uvc-main-heading ult-responsive\" data-ultimate-target=\".uvc-heading.ultimate-heading-70969f71ca1afd7b h3\" data-responsive-json-new=\"{&quot;font-size&quot;:&quot;desktop:20px;&quot;,&quot;line-height&quot;:&quot;&quot;}\"><h3 style=\"font-family:&#039;Oswald&#039;;font-weight:500;\">DEPORTE Y ENTRENAMIENTO DIN\u00c1MICO<\/h3><\/div><\/div><div class=\"w-btn-wrapper align_center\"><a class=\"w-btn us-btn-style_1 icon_atleft\" title=\"entrenamiento deportivo y din\u00e1mico\" href=\"https:\/\/www.shootingcracow.com\/es\/oferta\/formacion\/curso-de-tiro-deportivo-y-dinamico\/\"><i class=\"far fa-calendar-alt\"><\/i><span class=\"w-btn-label\">programa de entrenamiento<\/span><\/a><\/div><\/div><\/div><\/div><\/div><\/div><\/div><\/div><\/div><\/div><\/section><section class=\"l-section wpb_row us_custom_0c54ba39 height_medium width_full\"><div class=\"l-section-h i-cf\"><div class=\"g-cols vc_row via_flex valign_top type_default stacking_default\"><div class=\"vc_col-sm-12 wpb_column vc_column_container\"><div class=\"vc_column-inner\"><div class=\"wpb_wrapper\"><div class=\"w-actionbox us_custom_a86d61b4 action-box-blok has_text_color color_light controls_bottom\"><div class=\"w-actionbox-text\"><h4 class=\"w-actionbox-title\">S&apos;IL VOUS PLA\u00ceT NOUS CONTACTER POUR DISCUTER DES D\u00c9TAILS<\/h4><\/div><div class=\"w-actionbox-controls\"><a class=\"w-btn us-btn-style_1 icon_atleft\" title=\"contacto\" href=\"https:\/\/www.shootingcracow.com\/es\/contacto\/\" style=\"font-size:18px;\"><i class=\"far fa-play\"><\/i><span class=\"w-btn-label\">contacto<\/span><\/a><a class=\"w-btn us-btn-style_1\" title=\"lista-de-precios\" href=\"https:\/\/www.shootingcracow.com\/es\/lista-de-precios\/\" style=\"font-size:18px;\"><span class=\"w-btn-label\">PAQUETES<\/span><\/a><\/div><\/div><\/div><\/div><\/div><\/div><\/div><\/section><section class=\"l-section wpb_row us_custom_9d21f858 height_medium width_full\"><div class=\"l-section-h i-cf\"><div class=\"g-cols vc_row via_flex valign_top type_default stacking_default\"><div class=\"vc_col-sm-12 wpb_column vc_column_container\"><div class=\"vc_column-inner\"><div class=\"wpb_wrapper\">[vc_raw_html el_class=\u00bbgoogle-maps\u00bb css=\u00bb%7B%22default%22%3A%7B%22line-height%22%3A%220%22%2C%22margin-bottom%22%3A%220%22%2C%22padding-bottom%22%3A%220%22%7D%7D\u00bb]PGlmcmFtZSBzcmM9Imh0dHBzOi8vd3d3Lmdvb2dsZS5jb20vbWFwcy9lbWJlZD9wYj0hMW0xOCExbTEyITFtMyExZDI1NTkuMDUzMTczNzg5NDQhMmQxOS44NjI1NTk2MTU5NzM0NiEzZDUwLjEwNDAxMTY3OTQyOTE2ITJtMyExZjAhMmYwITNmMCEzbTIhMWkxMDI0ITJpNzY4ITRmMTMuMSEzbTMhMW0yITFzMHg0NzE2NTk5MTJhNzQzNmNiJTNBMHg2MTlmODFkOTMyN2EwYWQ5ITJzQ3JhY293K1Nob290aW5nK0FjYWRlbXkhNWUwITNtMiExc3BsITJzcGwhNHYxNTMyNzg1OTMwMzU0IiB3aWR0aD0iMjAwMCIgaGVpZ2h0PSIzNTAiIGZyYW1lYm9yZGVyPSIwIiBzdHlsZT0iYm9yZGVyOjAiIGFsbG93ZnVsbHNjcmVlbj0iIj48L2lmcmFtZT4=[\/vc_raw_html]<\/div><\/div><\/div><\/div><\/div><\/section>\n","protected":false},"excerpt":{"rendered":"CURSO\/APRENDIZAJE DE TIRO CON ARMAS DE FUEGOINFORMACI\u00d3N GENERAL La Academia de Tiro de Cracovia imparte formaci\u00f3n en el campo del tiro defensivo de combate y defensivo pr\u00e1ctico, cubriendo cuestiones relacionadas con el uso de armas de fuego en forma de pistolas semiautom\u00e1ticas, carabinas y escopetas de \u00e1nima lisa. Les ofrecemos: ENTRENAMIENTO SUSPENDIDO TEMPORALMENTE La gente...","protected":false},"author":1,"featured_media":0,"parent":5405,"menu_order":0,"comment_status":"closed","ping_status":"closed","template":"","meta":{"powered_cache_disable_cache":false},"acf":[],"yoast_head":"<!-- This site is optimized with the Yoast SEO plugin v20.6 - https:\/\/yoast.com\/wordpress\/plugins\/seo\/ -->\n<title>Curso de tiro. Aprender a disparar con arma de fuego<\/title>\n<meta name=\"description\" content=\"Ofrecemos cursos de tiro con armas de fuego. El entrenamiento se lleva a cabo en el campo del tiro de combate, defensivo y deportivo-din\u00e1mico.\" \/>\n<meta name=\"robots\" content=\"index, follow, max-snippet:-1, max-image-preview:large, max-video-preview:-1\" \/>\n<link rel=\"canonical\" href=\"https:\/\/www.shootingcracow.com\/es\/oferta\/formacion\/\" \/>\n<meta property=\"og:locale\" content=\"es_ES\" \/>\n<meta property=\"og:type\" content=\"article\" \/>\n<meta property=\"og:title\" content=\"Curso de tiro. Aprender a disparar con arma de fuego\" \/>\n<meta property=\"og:description\" content=\"Ofrecemos cursos de tiro con armas de fuego. El entrenamiento se lleva a cabo en el campo del tiro de combate, defensivo y deportivo-din\u00e1mico.\" \/>\n<meta property=\"og:url\" content=\"https:\/\/www.shootingcracow.com\/es\/oferta\/formacion\/\" \/>\n<meta property=\"og:site_name\" content=\"Shooting Cracow\" \/>\n<meta property=\"article:publisher\" content=\"https:\/\/www.facebook.com\/shootingcracow\" \/>\n<meta property=\"article:modified_time\" content=\"2024-05-18T19:34:32+00:00\" \/>\n<meta property=\"og:image\" content=\"https:\/\/www.shootingcracow.com\/wp-content\/uploads\/2020\/03\/IMG_7320.jpg\" \/>\n\t<meta property=\"og:image:width\" content=\"1200\" \/>\n\t<meta property=\"og:image:height\" content=\"800\" \/>\n\t<meta property=\"og:image:type\" content=\"image\/jpeg\" \/>\n<meta name=\"twitter:card\" content=\"summary_large_image\" \/>\n<meta name=\"twitter:label1\" content=\"Tiempo de lectura\" \/>\n\t<meta name=\"twitter:data1\" content=\"7 minutos\" \/>\n<script type=\"application\/ld+json\" class=\"yoast-schema-graph\">{\"@context\":\"https:\/\/schema.org\",\"@graph\":[{\"@type\":\"WebPage\",\"@id\":\"https:\/\/www.shootingcracow.com\/es\/oferta\/formacion\/\",\"url\":\"https:\/\/www.shootingcracow.com\/es\/oferta\/formacion\/\",\"name\":\"Curso de tiro. Aprender a disparar con arma de fuego\",\"isPartOf\":{\"@id\":\"https:\/\/www.shootingcracow.com\/es\/#website\"},\"datePublished\":\"2020-06-04T12:17:03+00:00\",\"dateModified\":\"2024-05-18T19:34:32+00:00\",\"description\":\"Ofrecemos cursos de tiro con armas de fuego. El entrenamiento se lleva a cabo en el campo del tiro de combate, defensivo y deportivo-din\u00e1mico.\",\"breadcrumb\":{\"@id\":\"https:\/\/www.shootingcracow.com\/es\/oferta\/formacion\/#breadcrumb\"},\"inLanguage\":\"es\",\"potentialAction\":[{\"@type\":\"ReadAction\",\"target\":[\"https:\/\/www.shootingcracow.com\/es\/oferta\/formacion\/\"]}]},{\"@type\":\"BreadcrumbList\",\"@id\":\"https:\/\/www.shootingcracow.com\/es\/oferta\/formacion\/#breadcrumb\",\"itemListElement\":[{\"@type\":\"ListItem\",\"position\":1,\"name\":\"Strona g\u0142\u00f3wna\",\"item\":\"https:\/\/www.shootingcracow.com\/es\/pagina-de-inicio\/\"},{\"@type\":\"ListItem\",\"position\":2,\"name\":\"Oferta\",\"item\":\"https:\/\/www.shootingcracow.com\/es\/oferta\/\"},{\"@type\":\"ListItem\",\"position\":3,\"name\":\"Formaci\u00f3n\"}]},{\"@type\":\"WebSite\",\"@id\":\"https:\/\/www.shootingcracow.com\/es\/#website\",\"url\":\"https:\/\/www.shootingcracow.com\/es\/\",\"name\":\"Shooting Cracow\",\"description\":\"\",\"potentialAction\":[{\"@type\":\"SearchAction\",\"target\":{\"@type\":\"EntryPoint\",\"urlTemplate\":\"https:\/\/www.shootingcracow.com\/es\/?s={search_term_string}\"},\"query-input\":\"required name=search_term_string\"}],\"inLanguage\":\"es\"}]}<\/script>\n<!-- \/ Yoast SEO plugin. -->","yoast_head_json":{"title":"Curso de tiro. Aprender a disparar con arma de fuego","description":"Ofrecemos cursos de tiro con armas de fuego. El entrenamiento se lleva a cabo en el campo del tiro de combate, defensivo y deportivo-din\u00e1mico.","robots":{"index":"index","follow":"follow","max-snippet":"max-snippet:-1","max-image-preview":"max-image-preview:large","max-video-preview":"max-video-preview:-1"},"canonical":"https:\/\/www.shootingcracow.com\/es\/oferta\/formacion\/","og_locale":"es_ES","og_type":"article","og_title":"Curso de tiro. Aprender a disparar con arma de fuego","og_description":"Ofrecemos cursos de tiro con armas de fuego. El entrenamiento se lleva a cabo en el campo del tiro de combate, defensivo y deportivo-din\u00e1mico.","og_url":"https:\/\/www.shootingcracow.com\/es\/oferta\/formacion\/","og_site_name":"Shooting Cracow","article_publisher":"https:\/\/www.facebook.com\/shootingcracow","article_modified_time":"2024-05-18T19:34:32+00:00","og_image":[{"width":1200,"height":800,"url":"https:\/\/www.shootingcracow.com\/wp-content\/uploads\/2020\/03\/IMG_7320.jpg","type":"image\/jpeg"}],"twitter_card":"summary_large_image","twitter_misc":{"Tiempo de lectura":"7 minutos"},"schema":{"@context":"https:\/\/schema.org","@graph":[{"@type":"WebPage","@id":"https:\/\/www.shootingcracow.com\/es\/oferta\/formacion\/","url":"https:\/\/www.shootingcracow.com\/es\/oferta\/formacion\/","name":"Curso de tiro. Aprender a disparar con arma de fuego","isPartOf":{"@id":"https:\/\/www.shootingcracow.com\/es\/#website"},"datePublished":"2020-06-04T12:17:03+00:00","dateModified":"2024-05-18T19:34:32+00:00","description":"Ofrecemos cursos de tiro con armas de fuego. El entrenamiento se lleva a cabo en el campo del tiro de combate, defensivo y deportivo-din\u00e1mico.","breadcrumb":{"@id":"https:\/\/www.shootingcracow.com\/es\/oferta\/formacion\/#breadcrumb"},"inLanguage":"es","potentialAction":[{"@type":"ReadAction","target":["https:\/\/www.shootingcracow.com\/es\/oferta\/formacion\/"]}]},{"@type":"BreadcrumbList","@id":"https:\/\/www.shootingcracow.com\/es\/oferta\/formacion\/#breadcrumb","itemListElement":[{"@type":"ListItem","position":1,"name":"Strona g\u0142\u00f3wna","item":"https:\/\/www.shootingcracow.com\/es\/pagina-de-inicio\/"},{"@type":"ListItem","position":2,"name":"Oferta","item":"https:\/\/www.shootingcracow.com\/es\/oferta\/"},{"@type":"ListItem","position":3,"name":"Formaci\u00f3n"}]},{"@type":"WebSite","@id":"https:\/\/www.shootingcracow.com\/es\/#website","url":"https:\/\/www.shootingcracow.com\/es\/","name":"Shooting Cracow","description":"","potentialAction":[{"@type":"SearchAction","target":{"@type":"EntryPoint","urlTemplate":"https:\/\/www.shootingcracow.com\/es\/?s={search_term_string}"},"query-input":"required name=search_term_string"}],"inLanguage":"es"}]}},"_links":{"self":[{"href":"https:\/\/www.shootingcracow.com\/es\/wp-json\/wp\/v2\/pages\/5391"}],"collection":[{"href":"https:\/\/www.shootingcracow.com\/es\/wp-json\/wp\/v2\/pages"}],"about":[{"href":"https:\/\/www.shootingcracow.com\/es\/wp-json\/wp\/v2\/types\/page"}],"author":[{"embeddable":true,"href":"https:\/\/www.shootingcracow.com\/es\/wp-json\/wp\/v2\/users\/1"}],"replies":[{"embeddable":true,"href":"https:\/\/www.shootingcracow.com\/es\/wp-json\/wp\/v2\/comments?post=5391"}],"version-history":[{"count":0,"href":"https:\/\/www.shootingcracow.com\/es\/wp-json\/wp\/v2\/pages\/5391\/revisions"}],"up":[{"embeddable":true,"href":"https:\/\/www.shootingcracow.com\/es\/wp-json\/wp\/v2\/pages\/5405"}],"wp:attachment":[{"href":"https:\/\/www.shootingcracow.com\/es\/wp-json\/wp\/v2\/media?parent=5391"}],"curies":[{"name":"wp","href":"https:\/\/api.w.org\/{rel}","templated":true}]}}