{"id":5380,"date":"2020-06-04T14:10:39","date_gmt":"2020-06-04T12:10:39","guid":{"rendered":"https:\/\/www.shootingcracow.com\/5380-2\/"},"modified":"2021-04-12T20:52:04","modified_gmt":"2021-04-12T18:52:04","slug":"cumpleanos","status":"publish","type":"page","link":"https:\/\/www.shootingcracow.com\/es\/oferta\/cumpleanos\/","title":{"rendered":"Cumplea\u00f1os"},"content":{"rendered":"<section class=\"l-section wpb_row us_custom_6d54c28f height_medium\"><div class=\"l-section-h i-cf\"><div class=\"g-cols vc_row via_flex valign_top type_default stacking_default\"><div class=\"vc_col-sm-12 wpb_column vc_column_container\"><div class=\"vc_column-inner\"><div class=\"wpb_wrapper\"><div id=\"ultimate-heading-981269f70ac75772c\" class=\"uvc-heading ult-adjust-bottom-margin ultimate-heading-981269f70ac75772c uvc-6960 \" data-hspacer=\"no_spacer\" data-halign=\"center\" style=\"text-align:center\"><div class=\"uvc-heading-spacer no_spacer\" style=\"top\"><\/div><div class=\"uvc-main-heading ult-responsive\" data-ultimate-target=\".uvc-heading.ultimate-heading-981269f70ac75772c h1\" data-responsive-json-new=\"{&quot;font-size&quot;:&quot;&quot;,&quot;line-height&quot;:&quot;&quot;}\"><h1 style=\"font-family:&#039;Oswald&#039;;font-weight:500;color:#ffffff;\">EVENTOS DE CUMPLEA\u00d1OS EN CRACOVIA<\/h1><\/div><\/div><\/div><\/div><\/div><\/div><\/div><\/section><section class=\"l-section wpb_row height_small\"><div class=\"l-section-h i-cf\"><div class=\"g-cols vc_row via_flex valign_top type_default stacking_default\"><div class=\"vc_col-sm-12 wpb_column vc_column_container\"><div class=\"vc_column-inner\"><div class=\"wpb_wrapper\"><div id=\"ultimate-heading-101669f70ac7581bb\" class=\"uvc-heading ult-adjust-bottom-margin ultimate-heading-101669f70ac7581bb uvc-6099 \" data-hspacer=\"line_with_icon\" data-hline_width=\"auto\" data-hicon_type=\"custom\" data-hborder_style=\"solid\" data-hborder_height=\"1\" data-hborder_color=\"#ccc\" data-icon_width=\"48\" data-hfixer=\"10\" data-halign=\"center\" style=\"text-align:center\"><div class=\"uvc-main-heading ult-responsive\" data-ultimate-target=\".uvc-heading.ultimate-heading-101669f70ac7581bb h2\" data-responsive-json-new=\"{&quot;font-size&quot;:&quot;&quot;,&quot;line-height&quot;:&quot;&quot;}\"><h2 style=\"font-family:&#039;Oswald&#039;;font-weight:300;\">.<\/h2><\/div><div class=\"uvc-sub-heading ult-responsive\" data-ultimate-target=\".uvc-heading.ultimate-heading-101669f70ac7581bb .uvc-sub-heading \" data-responsive-json-new=\"{&quot;font-size&quot;:&quot;&quot;,&quot;line-height&quot;:&quot;&quot;}\" style=\"font-weight:normal;\">\n<p style=\"text-align: center;\">\u00bfEst\u00e1s cansado de las aburridas fiestas de cumplea\u00f1os? .<\/p>\n<\/div><div class=\"uvc-heading-spacer line_with_icon\" style=\"margin-top:20px;\"><div class=\"ult-just-icon-wrapper \"><div class=\"align-icon\" style=\"text-align:center;\">\n<div class=\"aio-icon-img \" style=\"font-size:48px;display:inline-block;\">\n\t<noscript><img class=\"img-icon\" alt=\"null\" src=\"https:\/\/www.shootingcracow.com\/wp-content\/uploads\/2020\/03\/guns-312418.svg\"><\/noscript><img class=\"img-icon lazyload\" alt=\"null\" src=\"data:image\/gif;base64,R0lGODlhAQABAIAAAAAAAP\/\/\/yH5BAEAAAAALAAAAAABAAEAAAIBRAA7\" data-src=\"https:\/\/www.shootingcracow.com\/wp-content\/uploads\/2020\/03\/guns-312418.svg\">\n<\/div><\/div><\/div><\/div><\/div><div class=\"w-separator size_custom\" style=\"height:60px\"><\/div><div class=\"g-cols wpb_row us_custom_2c45f91b via_flex valign_top type_default stacking_default\"><div class=\"vc_col-sm-6 wpb_column vc_column_container\"><div class=\"vc_column-inner\"><div class=\"wpb_wrapper\"><div class=\"w-btn-wrapper align_center\"><a class=\"w-btn us-btn-style_1 icon_atleft\" title=\"Lista de precios\" href=\"https:\/\/www.shootingcracow.com\/es\/lista-de-precios\/\"><i class=\"far fa-play\"><\/i><span class=\"w-btn-label\">Precios<\/span><\/a><\/div><\/div><\/div><\/div><div class=\"vc_col-sm-6 wpb_column vc_column_container\"><div class=\"vc_column-inner\"><div class=\"wpb_wrapper\"><div class=\"w-btn-wrapper align_center\"><a class=\"w-btn us-btn-style_1 icon_atleft\" title=\"Packs\" href=\"https:\/\/www.shootingcracow.com\/es\/contacto\/\"><i class=\"far fa-play\"><\/i><span class=\"w-btn-label\">Reservar<\/span><\/a><\/div><\/div><\/div><\/div><\/div><\/div><\/div><\/div><\/div><\/div><\/section><section class=\"l-section wpb_row height_medium\"><div class=\"l-section-h i-cf\"><div class=\"g-cols vc_row via_flex valign_top type_default stacking_default\"><div class=\"vc_col-sm-12 wpb_column vc_column_container\"><div class=\"vc_column-inner\"><div class=\"wpb_wrapper\"><div id=\"ultimate-heading-972569f70ac759080\" class=\"uvc-heading ult-adjust-bottom-margin ultimate-heading-972569f70ac759080 uvc-6354 \" data-hspacer=\"no_spacer\" data-halign=\"center\" style=\"text-align:center\"><div class=\"uvc-heading-spacer no_spacer\" style=\"top\"><\/div><div class=\"uvc-main-heading ult-responsive\" data-ultimate-target=\".uvc-heading.ultimate-heading-972569f70ac759080 h3\" data-responsive-json-new=\"{&quot;font-size&quot;:&quot;&quot;,&quot;line-height&quot;:&quot;&quot;}\"><h3 style=\"font-family:&#039;Oswald&#039;;font-weight:500;\">.<\/h3><\/div><\/div><div class=\"w-separator size_custom\" style=\"height:20px\"><\/div><div class=\"wpb_text_column us_custom_ea76afbe\"><div class=\"wpb_wrapper\"><p style=\"text-align: center;\">Una fiesta de cumplea\u00f1os en nuestro campo de tiro en Cracovia no solo es divertida, son momentos inolvidables que recordar\u00e1 durante a\u00f1os.<\/p>\n<\/div><\/div><div class=\"w-separator size_custom\" style=\"height:20px\"><\/div><div class=\"wpb_text_column us_custom_ea76afbe\"><div class=\"wpb_wrapper\"><p style=\"text-align: center;\">.<br>\n.<\/p>\n<\/div><\/div><div class=\"w-separator size_custom\" style=\"height:20px\"><\/div><div class=\"w-image us_custom_2e9da019 align_center\"><div class=\"w-image-h\"><noscript><img width=\"983\" height=\"596\" src=\"https:\/\/www.shootingcracow.com\/wp-content\/uploads\/2020\/05\/img-2018061.jpg\" class=\"attachment-full size-full\" alt decoding=\"async\" srcset=\"https:\/\/www.shootingcracow.com\/wp-content\/uploads\/2020\/05\/img-2018061.jpg 983w, https:\/\/www.shootingcracow.com\/wp-content\/uploads\/2020\/05\/img-2018061-300x182.jpg 300w\" sizes=\"(max-width: 983px) 100vw, 983px\"><\/noscript><img width=\"983\" height=\"596\" src=\"data:image\/svg+xml,%3Csvg%20xmlns%3D%22http%3A%2F%2Fwww.w3.org%2F2000%2Fsvg%22%20viewBox%3D%220%200%20983%20596%22%3E%3C%2Fsvg%3E\" class=\"attachment-full size-full lazyload\" alt decoding=\"async\" srcset=\"data:image\/svg+xml,%3Csvg%20xmlns%3D%22http%3A%2F%2Fwww.w3.org%2F2000%2Fsvg%22%20viewBox%3D%220%200%20983%20596%22%3E%3C%2Fsvg%3E 983w\" sizes=\"(max-width: 983px) 100vw, 983px\" data-srcset=\"https:\/\/www.shootingcracow.com\/wp-content\/uploads\/2020\/05\/img-2018061.jpg 983w, https:\/\/www.shootingcracow.com\/wp-content\/uploads\/2020\/05\/img-2018061-300x182.jpg 300w\" data-src=\"https:\/\/www.shootingcracow.com\/wp-content\/uploads\/2020\/05\/img-2018061.jpg\"><\/div><\/div><div class=\"w-separator size_custom\" style=\"height:20px\"><\/div><div id=\"ultimate-heading-149969f70ac75a0b6\" class=\"uvc-heading ult-adjust-bottom-margin ultimate-heading-149969f70ac75a0b6 uvc-7121 \" data-hspacer=\"no_spacer\" data-halign=\"center\" style=\"text-align:center\"><div class=\"uvc-heading-spacer no_spacer\" style=\"top\"><\/div><div class=\"uvc-main-heading ult-responsive\" data-ultimate-target=\".uvc-heading.ultimate-heading-149969f70ac75a0b6 h3\" data-responsive-json-new=\"{&quot;font-size&quot;:&quot;&quot;,&quot;line-height&quot;:&quot;&quot;}\"><h3 style=\"font-family:&#039;Oswald&#039;;font-weight:500;\">.<\/h3><\/div><\/div><div class=\"w-separator size_custom\" style=\"height:20px\"><\/div><div class=\"wpb_text_column us_custom_ea76afbe\"><div class=\"wpb_wrapper\"><p style=\"text-align: center;\">.<\/p>\n<\/div><\/div><div class=\"w-separator size_custom\" style=\"height:20px\"><\/div><div id=\"ultimate-heading-184669f70ac75a43e\" class=\"uvc-heading ult-adjust-bottom-margin ultimate-heading-184669f70ac75a43e uvc-6272 \" data-hspacer=\"no_spacer\" data-halign=\"center\" style=\"text-align:center\"><div class=\"uvc-heading-spacer no_spacer\" style=\"top\"><\/div><div class=\"uvc-main-heading ult-responsive\" data-ultimate-target=\".uvc-heading.ultimate-heading-184669f70ac75a43e h3\" data-responsive-json-new=\"{&quot;font-size&quot;:&quot;&quot;,&quot;line-height&quot;:&quot;&quot;}\"><h3 style=\"font-family:&#039;Oswald&#039;;font-weight:500;\">.<\/h3><\/div><\/div><div class=\"w-separator size_custom\" style=\"height:20px\"><\/div><div class=\"wpb_text_column us_custom_ea76afbe\"><div class=\"wpb_wrapper\"><p style=\"text-align: center;\">.<\/p>\n<\/div><\/div><div class=\"w-separator size_custom\" style=\"height:20px\"><\/div><div class=\"w-btn-wrapper align_center\"><a class=\"w-btn us-btn-style_1 icon_atleft\" title=\"lista-de-precios\" href=\"https:\/\/www.shootingcracow.com\/es\/lista-de-precios\/\"><i class=\"far fa-play\"><\/i><span class=\"w-btn-label\">PAQUETES<\/span><\/a><\/div><\/div><\/div><\/div><\/div><\/div><\/section><section class=\"l-section wpb_row us_custom_0c54ba39 height_medium width_full\"><div class=\"l-section-h i-cf\"><div class=\"g-cols vc_row via_flex valign_top type_default stacking_default\"><div class=\"vc_col-sm-12 wpb_column vc_column_container\"><div class=\"vc_column-inner\"><div class=\"wpb_wrapper\"><div class=\"w-actionbox us_custom_a86d61b4 action-box-blok has_text_color color_light controls_bottom\"><div class=\"w-actionbox-text\"><h4 class=\"w-actionbox-title\" style=\"font-size:25px\">\u00bfQuiere m\u00e1s informaci\u00f3n?<\/h4><div class=\"w-actionbox-description\"><p>ESCRIBA O LLAME<\/p>\n<\/div><\/div><div class=\"w-actionbox-controls\"><a class=\"w-btn us-btn-style_1 icon_atleft\" title=\"contacto\" href=\"https:\/\/www.shootingcracow.com\/es\/contacto\/\" style=\"font-size:18px;\"><i class=\"far fa-play\"><\/i><span class=\"w-btn-label\">contacto<\/span><\/a><a class=\"w-btn us-btn-style_1 icon_atleft\" title=\"lista-de-precios\" href=\"https:\/\/www.shootingcracow.com\/es\/lista-de-precios\/\" style=\"font-size:18px;\"><i class=\"far fa-play\"><\/i><span class=\"w-btn-label\">Packs<\/span><\/a><\/div><\/div><\/div><\/div><\/div><\/div><\/div><\/section>\n","protected":false},"excerpt":{"rendered":"EVENTOS DE CUMPLEA\u00d1OS EN CRACOVIA. \u00bfEst\u00e1s cansado de las aburridas fiestas de cumplea\u00f1os? . PreciosReservar.Una fiesta de cumplea\u00f1os en nuestro campo de tiro en Cracovia no solo es divertida, son momentos inolvidables que recordar\u00e1 durante a\u00f1os. . . .. .. PAQUETES\u00bfQuiere m\u00e1s informaci\u00f3n?ESCRIBA O LLAME contactoPacks","protected":false},"author":1,"featured_media":0,"parent":5405,"menu_order":2,"comment_status":"closed","ping_status":"closed","template":"","meta":{"powered_cache_disable_cache":false},"acf":[],"yoast_head":"<!-- This site is optimized with the Yoast SEO plugin v20.6 - https:\/\/yoast.com\/wordpress\/plugins\/seo\/ -->\n<title>Fiestas de cumplea\u00f1os en el campo de tiro de Cracovia<\/title>\n<meta name=\"description\" content=\"Una idea para una fiesta de cumplea\u00f1os inusual en un campo de tiro en Cracovia. Organizamos fiestas de cumplea\u00f1os que se recordar\u00e1n durante mucho tiempo.\" \/>\n<meta name=\"robots\" content=\"index, follow, max-snippet:-1, max-image-preview:large, max-video-preview:-1\" \/>\n<link rel=\"canonical\" href=\"https:\/\/www.shootingcracow.com\/es\/oferta\/cumpleanos\/\" \/>\n<meta property=\"og:locale\" content=\"es_ES\" \/>\n<meta property=\"og:type\" content=\"article\" \/>\n<meta property=\"og:title\" content=\"Fiestas de cumplea\u00f1os en el campo de tiro de Cracovia\" \/>\n<meta property=\"og:description\" content=\"Una idea para una fiesta de cumplea\u00f1os inusual en un campo de tiro en Cracovia. Organizamos fiestas de cumplea\u00f1os que se recordar\u00e1n durante mucho tiempo.\" \/>\n<meta property=\"og:url\" content=\"https:\/\/www.shootingcracow.com\/es\/oferta\/cumpleanos\/\" \/>\n<meta property=\"og:site_name\" content=\"Shooting Cracow\" \/>\n<meta property=\"article:publisher\" content=\"https:\/\/www.facebook.com\/shootingcracow\" \/>\n<meta property=\"article:modified_time\" content=\"2021-04-12T18:52:04+00:00\" \/>\n<meta property=\"og:image\" content=\"https:\/\/www.shootingcracow.com\/wp-content\/uploads\/2020\/03\/IMG_7320.jpg\" \/>\n\t<meta property=\"og:image:width\" content=\"1200\" \/>\n\t<meta property=\"og:image:height\" content=\"800\" \/>\n\t<meta property=\"og:image:type\" content=\"image\/jpeg\" \/>\n<meta name=\"twitter:card\" content=\"summary_large_image\" \/>\n<meta name=\"twitter:label1\" content=\"Tiempo de lectura\" \/>\n\t<meta name=\"twitter:data1\" content=\"3 minutos\" \/>\n<script type=\"application\/ld+json\" class=\"yoast-schema-graph\">{\"@context\":\"https:\/\/schema.org\",\"@graph\":[{\"@type\":\"WebPage\",\"@id\":\"https:\/\/www.shootingcracow.com\/es\/oferta\/cumpleanos\/\",\"url\":\"https:\/\/www.shootingcracow.com\/es\/oferta\/cumpleanos\/\",\"name\":\"Fiestas de cumplea\u00f1os en el campo de tiro de Cracovia\",\"isPartOf\":{\"@id\":\"https:\/\/www.shootingcracow.com\/es\/#website\"},\"datePublished\":\"2020-06-04T12:10:39+00:00\",\"dateModified\":\"2021-04-12T18:52:04+00:00\",\"description\":\"Una idea para una fiesta de cumplea\u00f1os inusual en un campo de tiro en Cracovia. Organizamos fiestas de cumplea\u00f1os que se recordar\u00e1n durante mucho tiempo.\",\"breadcrumb\":{\"@id\":\"https:\/\/www.shootingcracow.com\/es\/oferta\/cumpleanos\/#breadcrumb\"},\"inLanguage\":\"es\",\"potentialAction\":[{\"@type\":\"ReadAction\",\"target\":[\"https:\/\/www.shootingcracow.com\/es\/oferta\/cumpleanos\/\"]}]},{\"@type\":\"BreadcrumbList\",\"@id\":\"https:\/\/www.shootingcracow.com\/es\/oferta\/cumpleanos\/#breadcrumb\",\"itemListElement\":[{\"@type\":\"ListItem\",\"position\":1,\"name\":\"Strona g\u0142\u00f3wna\",\"item\":\"https:\/\/www.shootingcracow.com\/es\/pagina-de-inicio\/\"},{\"@type\":\"ListItem\",\"position\":2,\"name\":\"Oferta\",\"item\":\"https:\/\/www.shootingcracow.com\/es\/oferta\/\"},{\"@type\":\"ListItem\",\"position\":3,\"name\":\"Cumplea\u00f1os\"}]},{\"@type\":\"WebSite\",\"@id\":\"https:\/\/www.shootingcracow.com\/es\/#website\",\"url\":\"https:\/\/www.shootingcracow.com\/es\/\",\"name\":\"Shooting Cracow\",\"description\":\"\",\"potentialAction\":[{\"@type\":\"SearchAction\",\"target\":{\"@type\":\"EntryPoint\",\"urlTemplate\":\"https:\/\/www.shootingcracow.com\/es\/?s={search_term_string}\"},\"query-input\":\"required name=search_term_string\"}],\"inLanguage\":\"es\"}]}<\/script>\n<!-- \/ Yoast SEO plugin. -->","yoast_head_json":{"title":"Fiestas de cumplea\u00f1os en el campo de tiro de Cracovia","description":"Una idea para una fiesta de cumplea\u00f1os inusual en un campo de tiro en Cracovia. Organizamos fiestas de cumplea\u00f1os que se recordar\u00e1n durante mucho tiempo.","robots":{"index":"index","follow":"follow","max-snippet":"max-snippet:-1","max-image-preview":"max-image-preview:large","max-video-preview":"max-video-preview:-1"},"canonical":"https:\/\/www.shootingcracow.com\/es\/oferta\/cumpleanos\/","og_locale":"es_ES","og_type":"article","og_title":"Fiestas de cumplea\u00f1os en el campo de tiro de Cracovia","og_description":"Una idea para una fiesta de cumplea\u00f1os inusual en un campo de tiro en Cracovia. Organizamos fiestas de cumplea\u00f1os que se recordar\u00e1n durante mucho tiempo.","og_url":"https:\/\/www.shootingcracow.com\/es\/oferta\/cumpleanos\/","og_site_name":"Shooting Cracow","article_publisher":"https:\/\/www.facebook.com\/shootingcracow","article_modified_time":"2021-04-12T18:52:04+00:00","og_image":[{"width":1200,"height":800,"url":"https:\/\/www.shootingcracow.com\/wp-content\/uploads\/2020\/03\/IMG_7320.jpg","type":"image\/jpeg"}],"twitter_card":"summary_large_image","twitter_misc":{"Tiempo de lectura":"3 minutos"},"schema":{"@context":"https:\/\/schema.org","@graph":[{"@type":"WebPage","@id":"https:\/\/www.shootingcracow.com\/es\/oferta\/cumpleanos\/","url":"https:\/\/www.shootingcracow.com\/es\/oferta\/cumpleanos\/","name":"Fiestas de cumplea\u00f1os en el campo de tiro de Cracovia","isPartOf":{"@id":"https:\/\/www.shootingcracow.com\/es\/#website"},"datePublished":"2020-06-04T12:10:39+00:00","dateModified":"2021-04-12T18:52:04+00:00","description":"Una idea para una fiesta de cumplea\u00f1os inusual en un campo de tiro en Cracovia. Organizamos fiestas de cumplea\u00f1os que se recordar\u00e1n durante mucho tiempo.","breadcrumb":{"@id":"https:\/\/www.shootingcracow.com\/es\/oferta\/cumpleanos\/#breadcrumb"},"inLanguage":"es","potentialAction":[{"@type":"ReadAction","target":["https:\/\/www.shootingcracow.com\/es\/oferta\/cumpleanos\/"]}]},{"@type":"BreadcrumbList","@id":"https:\/\/www.shootingcracow.com\/es\/oferta\/cumpleanos\/#breadcrumb","itemListElement":[{"@type":"ListItem","position":1,"name":"Strona g\u0142\u00f3wna","item":"https:\/\/www.shootingcracow.com\/es\/pagina-de-inicio\/"},{"@type":"ListItem","position":2,"name":"Oferta","item":"https:\/\/www.shootingcracow.com\/es\/oferta\/"},{"@type":"ListItem","position":3,"name":"Cumplea\u00f1os"}]},{"@type":"WebSite","@id":"https:\/\/www.shootingcracow.com\/es\/#website","url":"https:\/\/www.shootingcracow.com\/es\/","name":"Shooting Cracow","description":"","potentialAction":[{"@type":"SearchAction","target":{"@type":"EntryPoint","urlTemplate":"https:\/\/www.shootingcracow.com\/es\/?s={search_term_string}"},"query-input":"required name=search_term_string"}],"inLanguage":"es"}]}},"_links":{"self":[{"href":"https:\/\/www.shootingcracow.com\/es\/wp-json\/wp\/v2\/pages\/5380"}],"collection":[{"href":"https:\/\/www.shootingcracow.com\/es\/wp-json\/wp\/v2\/pages"}],"about":[{"href":"https:\/\/www.shootingcracow.com\/es\/wp-json\/wp\/v2\/types\/page"}],"author":[{"embeddable":true,"href":"https:\/\/www.shootingcracow.com\/es\/wp-json\/wp\/v2\/users\/1"}],"replies":[{"embeddable":true,"href":"https:\/\/www.shootingcracow.com\/es\/wp-json\/wp\/v2\/comments?post=5380"}],"version-history":[{"count":0,"href":"https:\/\/www.shootingcracow.com\/es\/wp-json\/wp\/v2\/pages\/5380\/revisions"}],"up":[{"embeddable":true,"href":"https:\/\/www.shootingcracow.com\/es\/wp-json\/wp\/v2\/pages\/5405"}],"wp:attachment":[{"href":"https:\/\/www.shootingcracow.com\/es\/wp-json\/wp\/v2\/media?parent=5380"}],"curies":[{"name":"wp","href":"https:\/\/api.w.org\/{rel}","templated":true}]}}