{"id":5372,"date":"2020-03-06T23:27:13","date_gmt":"2020-03-06T22:27:13","guid":{"rendered":"https:\/\/www.shootingcracow.com\/contacto\/"},"modified":"2025-12-24T16:56:27","modified_gmt":"2025-12-24T15:56:27","slug":"contacto","status":"publish","type":"page","link":"https:\/\/www.shootingcracow.com\/es\/contacto\/","title":{"rendered":"Contacto"},"content":{"rendered":"<section class=\"l-section wpb_row us_custom_6d54c28f height_medium\"><div class=\"l-section-h i-cf\"><div class=\"g-cols vc_row via_flex valign_top type_default stacking_default\"><div class=\"vc_col-sm-12 wpb_column vc_column_container\"><div class=\"vc_column-inner us_custom_492179a4\"><div class=\"wpb_wrapper\"><div id=\"ultimate-heading-39286a00c7cf0b779\" class=\"uvc-heading ult-adjust-bottom-margin ultimate-heading-39286a00c7cf0b779 uvc-7016 \" data-hspacer=\"no_spacer\" data-halign=\"center\" style=\"text-align:center\"><div class=\"uvc-heading-spacer no_spacer\" style=\"top\"><\/div><div class=\"uvc-main-heading ult-responsive\" data-ultimate-target=\".uvc-heading.ultimate-heading-39286a00c7cf0b779 h1\" data-responsive-json-new=\"{&quot;font-size&quot;:&quot;&quot;,&quot;line-height&quot;:&quot;&quot;}\"><h1 style=\"font-family:&#039;Oswald&#039;;font-weight:500;color:#ffffff;\">Contacto<\/h1><\/div><\/div><\/div><\/div><\/div><\/div><\/div><\/section><section class=\"l-section wpb_row height_small\"><div class=\"l-section-h i-cf\"><div class=\"g-cols vc_row via_flex valign_top type_default stacking_default\"><div class=\"vc_col-sm-12 wpb_column vc_column_container\"><div class=\"vc_column-inner\"><div class=\"wpb_wrapper\"><div id=\"ultimate-heading-57796a00c7cf0c216\" class=\"uvc-heading ult-adjust-bottom-margin ultimate-heading-57796a00c7cf0c216 uvc-2301 \" data-hspacer=\"line_with_icon\" data-hline_width=\"auto\" data-hicon_type=\"custom\" data-hborder_style=\"solid\" data-hborder_height=\"1\" data-hborder_color=\"#ccc\" data-icon_width=\"48\" data-hfixer=\"10\" data-halign=\"center\" style=\"text-align:center\"><div class=\"uvc-main-heading ult-responsive\" data-ultimate-target=\".uvc-heading.ultimate-heading-57796a00c7cf0c216 h3\" data-responsive-json-new=\"{&quot;font-size&quot;:&quot;&quot;,&quot;line-height&quot;:&quot;&quot;}\"><h3 style=\"font-family:&#039;Oswald&#039;;font-weight:300;\">ESCRIBA O LLAME<\/h3><\/div><div class=\"uvc-sub-heading ult-responsive\" data-ultimate-target=\".uvc-heading.ultimate-heading-57796a00c7cf0c216 .uvc-sub-heading \" data-responsive-json-new=\"{&quot;font-size&quot;:&quot;&quot;,&quot;line-height&quot;:&quot;&quot;}\" style=\"font-weight:normal;\">\n<p style=\"text-align: center;\">\u00bfQuieres disparar? \u00bfTiene alguna pregunta?<\/p>\n<\/div><div class=\"uvc-heading-spacer line_with_icon\" style=\"margin-top:20px;\"><div class=\"ult-just-icon-wrapper \"><div class=\"align-icon\" style=\"text-align:center;\">\n<div class=\"aio-icon-img \" style=\"font-size:48px;display:inline-block;\">\n\t<noscript><img class=\"img-icon\" alt=\"null\" src=\"https:\/\/www.shootingcracow.com\/wp-content\/uploads\/2020\/03\/guns-312418.svg\"><\/noscript><img class=\"img-icon lazyload\" alt=\"null\" src=\"data:image\/gif;base64,R0lGODlhAQABAIAAAAAAAP\/\/\/yH5BAEAAAAALAAAAAABAAEAAAIBRAA7\" data-src=\"https:\/\/www.shootingcracow.com\/wp-content\/uploads\/2020\/03\/guns-312418.svg\">\n<\/div><\/div><\/div><\/div><\/div><\/div><\/div><\/div><\/div><\/div><\/section><section class=\"l-section wpb_row height_auto\"><div class=\"l-section-h i-cf\"><div class=\"g-cols vc_row via_flex valign_top type_default stacking_default\"><div class=\"vc_col-sm-12 wpb_column vc_column_container\"><div class=\"vc_column-inner\"><div class=\"wpb_wrapper\"><div class=\"wpb_text_column us_custom_41b4c9f6 has_text_color\"><div class=\"wpb_wrapper\"><p><span style=\"background-color: #a7222e; padding: 10px; border-radius: 5px;\">\u00a1Se requiere reservaci\u00f3n!<\/span><\/p>\n<\/div><\/div><div class=\"w-separator size_custom\" style=\"height:20px\"><\/div><\/div><\/div><\/div><\/div><\/div><\/section><section class=\"l-section wpb_row us_custom_05386472 height_medium\"><div class=\"l-section-h i-cf\"><div class=\"g-cols vc_row via_flex valign_top type_default stacking_default\"><div class=\"vc_col-sm-8 wpb_column vc_column_container\"><div class=\"vc_column-inner\"><div class=\"wpb_wrapper\"><div id=\"ultimate-heading-88596a00c7cf0cf49\" class=\"uvc-heading ult-adjust-bottom-margin ultimate-heading-88596a00c7cf0cf49 uvc-1364 \" data-hspacer=\"no_spacer\" data-halign=\"left\" style=\"text-align:left\"><div class=\"uvc-heading-spacer no_spacer\" style=\"top\"><\/div><div class=\"uvc-main-heading ult-responsive\" data-ultimate-target=\".uvc-heading.ultimate-heading-88596a00c7cf0cf49 h5\" data-responsive-json-new=\"{&quot;font-size&quot;:&quot;&quot;,&quot;line-height&quot;:&quot;&quot;}\"><h5 style=\"font-family:&#039;Oswald&#039;;font-weight:300;\">FORMULARIO DE CONTACTO<\/h5><\/div><\/div><div class=\"w-separator size_small\"><\/div>\n<div class=\"wpcf7 no-js\" id=\"wpcf7-f5900-o1\" lang=\"es-ES\" dir=\"ltr\">\n<div class=\"screen-reader-response\"><p role=\"status\" aria-live=\"polite\" aria-atomic=\"true\"><\/p> <ul><\/ul><\/div>\n<form action=\"\/es\/wp-json\/wp\/v2\/pages\/5372#wpcf7-f5900-o1\" method=\"post\" class=\"wpcf7-form init\" aria-label=\"Formulario de contacto\" novalidate=\"novalidate\" data-status=\"init\">\n<div style=\"display: none;\">\n<input type=\"hidden\" name=\"_wpcf7\" value=\"5900\">\n<input type=\"hidden\" name=\"_wpcf7_version\" value=\"5.7.6\">\n<input type=\"hidden\" name=\"_wpcf7_locale\" value=\"es_ES\">\n<input type=\"hidden\" name=\"_wpcf7_unit_tag\" value=\"wpcf7-f5900-o1\">\n<input type=\"hidden\" name=\"_wpcf7_container_post\" value=\"0\">\n<input type=\"hidden\" name=\"_wpcf7_posted_data_hash\" value>\n<input type=\"hidden\" name=\"_wpcf7_recaptcha_response\" value>\n<\/div>\n<p class=\"form_column_c\"><span class=\"fas fa-envelope\"><\/span><span class=\"wpcf7-form-control-wrap\" data-name=\"your-email\"><input size=\"40\" class=\"wpcf7-form-control wpcf7-text wpcf7-email wpcf7-validates-as-required wpcf7-validates-as-email\" aria-required=\"true\" aria-invalid=\"false\" placeholder=\"E-mail *\" value type=\"email\" name=\"your-email\"><\/span>\n<\/p>\n<div class=\"two_column_container\">\n\t<p class=\"form_column_a\"><span class=\"fas fa-phone-alt\"><\/span><span class=\"wpcf7-form-control-wrap\" data-name=\"your-phone-prefix\"><input size=\"40\" class=\"wpcf7-form-control wpcf7-text wpcf7-tel wpcf7-validates-as-required wpcf7-validates-as-tel\" aria-required=\"true\" aria-invalid=\"false\" placeholder=\"c\u00f3digo de pa\u00eds (+...) *\" value type=\"tel\" name=\"your-phone-prefix\"><\/span>\n\t<\/p>\n\t<p class=\"form_column_b\"><span class=\"fas fa-phone-alt\"><\/span><span class=\"wpcf7-form-control-wrap\" data-name=\"your-phone\"><input size=\"40\" class=\"wpcf7-form-control wpcf7-text wpcf7-tel wpcf7-validates-as-required wpcf7-validates-as-tel\" aria-required=\"true\" aria-invalid=\"false\" placeholder=\"Tel\u00e9fono *\" value type=\"tel\" name=\"your-phone\"><\/span>\n\t<\/p>\n<\/div>\n<p><span class=\"fas fa-pencil\"><\/span><span class=\"wpcf7-form-control-wrap\" data-name=\"your-message\"><textarea cols=\"40\" rows=\"10\" class=\"wpcf7-form-control wpcf7-textarea wpcf7-validates-as-required\" aria-required=\"true\" aria-invalid=\"false\" placeholder=\"Si desea reservar una visita, especifique el n\u00famero de participantes, la fecha y la hora aproximada. *\" name=\"your-message\"><\/textarea><\/span>\n<\/p>\n<div class=\"submit-button\">\n\t<p><input class=\"wpcf7-form-control has-spinner wpcf7-submit\" type=\"submit\" value=\"Env\u00edar\">\n\t<\/p>\n<\/div><div class=\"wpcf7-response-output\" aria-hidden=\"true\"><\/div>\n<\/form>\n<\/div>\n<div class=\"w-iconbox us_custom_6ce0c06a iconpos_top style_default color_custom align_center\"><div class=\"w-iconbox-icon\" style=\"font-size:1.6rem;--icon-color:#cf3232;\"><i class=\"fas fa-exclamation-circle\"><\/i><\/div><div class=\"w-iconbox-meta\"><h4 class=\"w-iconbox-title\" style=\"font-size:22px;\">Atenci\u00f3n<\/h4><div class=\"w-iconbox-text\"><p>Si no recibes una respuesta en un plazo de 30 minutos, revisa la <strong>carpeta de spam<\/strong> de tu correo electr\u00f3nico.<\/p>\n<\/div><\/div><\/div><\/div><\/div><\/div><div class=\"vc_col-sm-4 wpb_column vc_column_container\"><div class=\"vc_column-inner\"><div class=\"wpb_wrapper\"><div id=\"ultimate-heading-60456a00c7cf0e299\" class=\"uvc-heading ult-adjust-bottom-margin ultimate-heading-60456a00c7cf0e299 uvc-1046 \" data-hspacer=\"no_spacer\" data-halign=\"center\" style=\"text-align:center\"><div class=\"uvc-heading-spacer no_spacer\" style=\"top\"><\/div><div class=\"uvc-main-heading ult-responsive\" data-ultimate-target=\".uvc-heading.ultimate-heading-60456a00c7cf0e299 h4\" data-responsive-json-new=\"{&quot;font-size&quot;:&quot;&quot;,&quot;line-height&quot;:&quot;&quot;}\"><h4 style=\"font-family:&#039;Oswald&#039;;font-weight:300;\">DATOS DE CONTACTO<\/h4><\/div><\/div><div class=\"w-separator size_small\"><\/div><div class=\"g-cols wpb_row us_custom_af4c8628 via_flex valign_top type_default stacking_default\"><div class=\"vc_col-sm-6 wpb_column vc_column_container\"><div class=\"vc_column-inner\"><div class=\"wpb_wrapper\"><div class=\"ult-just-icon-wrapper \"><div class=\"align-icon\" style=\"text-align:center;\">\n<div class=\"aio-icon-img \" style=\"font-size:38px;display:inline-block;\">\n\t<noscript><img class=\"img-icon\" alt=\"null\" src=\"https:\/\/www.shootingcracow.com\/wp-content\/uploads\/2020\/04\/whatsapp-icon.svg\"><\/noscript><img class=\"img-icon lazyload\" alt=\"null\" src=\"data:image\/gif;base64,R0lGODlhAQABAIAAAAAAAP\/\/\/yH5BAEAAAAALAAAAAABAAEAAAIBRAA7\" data-src=\"https:\/\/www.shootingcracow.com\/wp-content\/uploads\/2020\/04\/whatsapp-icon.svg\">\n<\/div><\/div><\/div><div class=\"wpb_text_column\"><div class=\"wpb_wrapper\"><p style=\"text-align: center;\"><strong>WhatsApp<\/strong><\/p>\n<\/div><\/div><\/div><\/div><\/div><div class=\"vc_col-sm-6 wpb_column vc_column_container\"><div class=\"vc_column-inner\"><div class=\"wpb_wrapper\"><div class=\"w-separator size_custom\" style=\"height:5px\"><\/div><div class=\"ult-just-icon-wrapper \"><div class=\"align-icon\" style=\"text-align:center;\">\n<div class=\"aio-icon-img \" style=\"font-size:28px;display:inline-block;\">\n\t<noscript><img class=\"img-icon\" alt=\"null\" src=\"https:\/\/www.shootingcracow.com\/wp-content\/uploads\/2020\/04\/call.svg\"><\/noscript><img class=\"img-icon lazyload\" alt=\"null\" src=\"data:image\/gif;base64,R0lGODlhAQABAIAAAAAAAP\/\/\/yH5BAEAAAAALAAAAAABAAEAAAIBRAA7\" data-src=\"https:\/\/www.shootingcracow.com\/wp-content\/uploads\/2020\/04\/call.svg\">\n<\/div><\/div><\/div><div class=\"w-separator size_custom\" style=\"height:5px\"><\/div><div class=\"wpb_text_column\"><div class=\"wpb_wrapper\"><p style=\"text-align: center;\"><strong>Tel\u00e9fono<\/strong><\/p>\n<\/div><\/div><\/div><\/div><\/div><\/div><div class=\"wpb_text_column\"><div class=\"wpb_wrapper\"><p style=\"text-align: center;\"><a href=\"tel:+48721000505\"><strong>+48 721 000 505<\/strong><\/a><\/p>\n<\/div><\/div><div class=\"ult-just-icon-wrapper \"><div class=\"align-icon\" style=\"text-align:center;\">\n<div class=\"aio-icon none \" style=\"color:#020202;font-size:28px;display:inline-block;\">\n\t<i class=\"Defaults-envelope-o\"><\/i>\n<\/div><\/div><\/div><div class=\"wpb_text_column\"><div class=\"wpb_wrapper\"><p style=\"text-align: center;\"><strong>E-mai<\/strong>l<br>\n<a href=\"mailto:shooting.cracow@gmail.com\"><strong>shooting.cracow@gmail.com<\/strong><\/a><\/p>\n<\/div><\/div><div class=\"ult-just-icon-wrapper \"><div class=\"align-icon\" style=\"text-align:center;\">\n<div class=\"aio-icon none \" style=\"color:#020202;font-size:32px;display:inline-block;\">\n\t<i class=\"Defaults-map-marker\"><\/i>\n<\/div><\/div><\/div><div class=\"wpb_text_column\"><div class=\"wpb_wrapper\"><p style=\"text-align: center;\"><strong>Direcci\u00f3n del Campo de Tiro<\/strong><br>\nSurzyckiego 16<br>\n30-721 Krak\u00f3w<\/p>\n<\/div><\/div><div class=\"ult-just-icon-wrapper \"><div class=\"align-icon\" style=\"text-align:center;\">\n<div class=\"aio-icon none \" style=\"color:#020202;font-size:32px;display:inline-block;\">\n\t<i class=\"Defaults-clock-o\"><\/i>\n<\/div><\/div><\/div><div class=\"wpb_text_column\"><div class=\"wpb_wrapper\"><p style=\"text-align: center;\"><strong>Horario de apertura<\/strong><br>\nCa\u0142y tydzie\u0144:<br>\n9:00 &#8211; 20:00<\/p>\n<\/div><\/div><\/div><\/div><\/div><\/div><\/div><\/section><section class=\"l-section wpb_row us_custom_4fb9e5a3 height_medium\"><div class=\"l-section-h i-cf\"><div class=\"g-cols vc_row via_flex valign_top type_default stacking_default\"><div class=\"vc_col-sm-12 wpb_column vc_column_container\"><div class=\"vc_column-inner\"><div class=\"wpb_wrapper\"><div id=\"ultimate-heading-6386a00c7cf0ff41\" class=\"uvc-heading ult-adjust-bottom-margin ultimate-heading-6386a00c7cf0ff41 uvc-2279 \" data-hspacer=\"no_spacer\" data-halign=\"center\" style=\"text-align:center\"><div class=\"uvc-heading-spacer no_spacer\" style=\"top\"><\/div><div class=\"uvc-main-heading ult-responsive\" data-ultimate-target=\".uvc-heading.ultimate-heading-6386a00c7cf0ff41 h3\" data-responsive-json-new=\"{&quot;font-size&quot;:&quot;&quot;,&quot;line-height&quot;:&quot;&quot;}\"><h3 style=\"font-family:&#039;Oswald&#039;;font-weight:500;\">C\u00d3MO LLEGAR AQU\u00cd<\/h3><\/div><\/div><div class=\"w-separator size_custom\" style=\"height:20px\"><\/div><div class=\"wpb_text_column us_custom_492179a4\"><div class=\"wpb_wrapper\"><p class=\"sc_item_title sc_title_title sc_align_center sc_item_title_style_iconed sc_item_title_tag\" style=\"text-align: center;\">\u00a1Gracias a una ubicaci\u00f3n conveniente, el acceso a nuestro campo de tiro es extremadamente f\u00e1cil!<\/p>\n<\/div><\/div><div class=\"wpb_text_column\"><div class=\"wpb_wrapper\"><p style=\"text-align: center;\"><strong>Puede utilizar varias formas para llegar:<\/strong><\/p>\n<\/div><\/div><div class=\"g-cols wpb_row via_flex valign_top type_default stacking_default\" style=\"--additional-gap:4px;\"><div class=\"vc_col-sm-4 wpb_column vc_column_container has_bg_color\"><div class=\"vc_column-inner us_custom_0d15be52\"><div class=\"wpb_wrapper\"><div class=\"ult-just-icon-wrapper \"><div class=\"align-icon\" style=\"text-align:center;\">\n<div class=\"aio-icon-img \" style=\"font-size:48px;display:inline-block;\">\n\t<noscript><img class=\"img-icon\" alt=\"null\" src=\"https:\/\/www.shootingcracow.com\/wp-content\/uploads\/2020\/04\/taxi.svg\"><\/noscript><img class=\"img-icon lazyload\" alt=\"null\" src=\"data:image\/gif;base64,R0lGODlhAQABAIAAAAAAAP\/\/\/yH5BAEAAAAALAAAAAABAAEAAAIBRAA7\" data-src=\"https:\/\/www.shootingcracow.com\/wp-content\/uploads\/2020\/04\/taxi.svg\">\n<\/div><\/div><\/div><div class=\"wpb_text_column us_custom_ea76afbe\"><div class=\"wpb_wrapper\"><p style=\"text-align: center;\">Un taxi desde el centro de la ciudad por alrededor de 40 a 50 PLN.<br>\n\u00a1Por supuesto, si quiere podemos encargarlo por usted!<\/p>\n<\/div><\/div><\/div><\/div><\/div><div class=\"vc_col-sm-4 wpb_column vc_column_container has_bg_color\"><div class=\"vc_column-inner us_custom_0d15be52\"><div class=\"wpb_wrapper\"><div class=\"ult-just-icon-wrapper \"><div class=\"align-icon\" style=\"text-align:center;\">\n<div class=\"aio-icon-img \" style=\"font-size:48px;display:inline-block;\">\n\t<noscript><img class=\"img-icon\" alt=\"null\" src=\"https:\/\/www.shootingcracow.com\/wp-content\/uploads\/2022\/04\/bus.svg\"><\/noscript><img class=\"img-icon lazyload\" alt=\"null\" src=\"data:image\/gif;base64,R0lGODlhAQABAIAAAAAAAP\/\/\/yH5BAEAAAAALAAAAAABAAEAAAIBRAA7\" data-src=\"https:\/\/www.shootingcracow.com\/wp-content\/uploads\/2022\/04\/bus.svg\">\n<\/div><\/div><\/div><div class=\"wpb_text_column us_custom_ea76afbe\"><div class=\"wpb_wrapper\"><p style=\"text-align: center;\">Transporte p\u00fablico \u2013 autobuses <strong>123<\/strong>, <strong>125<\/strong>, <strong>158<\/strong>.<br>\nLa parada del autob\u00fas est\u00e1 a s\u00f3lo 150 metros del campo de tiro.<\/p>\n<\/div><\/div><\/div><\/div><\/div><div class=\"vc_col-sm-4 wpb_column vc_column_container has_bg_color\"><div class=\"vc_column-inner us_custom_0d15be52\"><div class=\"wpb_wrapper\"><div class=\"ult-just-icon-wrapper \"><div class=\"align-icon\" style=\"text-align:center;\">\n<div class=\"aio-icon-img \" style=\"font-size:48px;display:inline-block;\">\n\t<noscript><img class=\"img-icon\" alt=\"null\" src=\"https:\/\/www.shootingcracow.com\/wp-content\/uploads\/2020\/04\/bus-2.svg\"><\/noscript><img class=\"img-icon lazyload\" alt=\"null\" src=\"data:image\/gif;base64,R0lGODlhAQABAIAAAAAAAP\/\/\/yH5BAEAAAAALAAAAAABAAEAAAIBRAA7\" data-src=\"https:\/\/www.shootingcracow.com\/wp-content\/uploads\/2020\/04\/bus-2.svg\">\n<\/div><\/div><\/div><div class=\"wpb_text_column us_custom_ea76afbe\"><div class=\"wpb_wrapper\"><p style=\"text-align: center;\">Si quieres traerte a algunos amigos contigo, h\u00e1znoslo saber. Podemos encargar un minib\u00fas privado, que le llevar\u00e1 desde el hotel, al campo de tiro y luego le llevar\u00e1 de vuelta a casa.<\/p>\n<\/div><\/div><\/div><\/div><\/div><\/div><div class=\"w-separator size_custom\" style=\"height:20px\"><\/div><div class=\"wpb_text_column us_custom_41843a68\"><div class=\"wpb_wrapper\"><p style=\"text-align: center;\">En la oferta de nuestro campo de tiro, adem\u00e1s del tiro individual, tambi\u00e9n encontrar\u00e1 la posibilidad de organizar todo tipo de eventos, incluyendo despedidas de soltero, eventos de integraci\u00f3n de empresas y otros.<\/p>\n<p style=\"text-align: center;\">\u00a1Nuestro campo de tiro est\u00e1 formado por verdaderos entusiastas, lo que hace posible que aprendas todo lo que necesitas saber sobre las armas y que consigas un nuevo hobby en condiciones seguras y c\u00f3modas!<\/p>\n<\/div><\/div><\/div><\/div><\/div><\/div><\/div><\/section><section class=\"l-section wpb_row us_custom_fdcab3db height_medium width_full\"><div class=\"l-section-h i-cf\"><div class=\"g-cols vc_row via_flex valign_top type_default stacking_default\"><div class=\"vc_col-sm-12 wpb_column vc_column_container\"><div class=\"vc_column-inner\"><div class=\"wpb_wrapper\">[vc_raw_html el_class=\u00bbgoogle-maps\u00bb css=\u00bb%7B%22default%22%3A%7B%22line-height%22%3A%220%22%2C%22margin-bottom%22%3A%220%22%2C%22padding-bottom%22%3A%220%22%7D%7D\u00bb]PGlmcmFtZSBzcmM9Imh0dHBzOi8vd3d3Lmdvb2dsZS5jb20vbWFwcy9lbWJlZD9wYj0hMW0xOCExbTEyITFtMyExZDI1NTkuMDUzMTczNzg5NDQhMmQxOS44NjI1NTk2MTU5NzM0NiEzZDUwLjEwNDAxMTY3OTQyOTE2ITJtMyExZjAhMmYwITNmMCEzbTIhMWkxMDI0ITJpNzY4ITRmMTMuMSEzbTMhMW0yITFzMHg0NzE2NTk5MTJhNzQzNmNiJTNBMHg2MTlmODFkOTMyN2EwYWQ5ITJzQ3JhY293K1Nob290aW5nK0FjYWRlbXkhNWUwITNtMiExc3BsITJzcGwhNHYxNTMyNzg1OTMwMzU0IiB3aWR0aD0iMjAwMCIgaGVpZ2h0PSIzNTAiIGZyYW1lYm9yZGVyPSIwIiBzdHlsZT0iYm9yZGVyOjAiIGFsbG93ZnVsbHNjcmVlbj0iIj48L2lmcmFtZT4=[\/vc_raw_html]<\/div><\/div><\/div><\/div><\/div><\/section>\n","protected":false},"excerpt":{"rendered":"ContactoESCRIBA O LLAME \u00bfQuieres disparar? \u00bfTiene alguna pregunta? \u00a1Se requiere reservaci\u00f3n! FORMULARIO DE CONTACTO Atenci\u00f3nSi no recibes una respuesta en un plazo de 30 minutos, revisa la carpeta de spam de tu correo electr\u00f3nico. DATOS DE CONTACTO WhatsApp Tel\u00e9fono +48 721 000 505 E-mail shooting.cracow@gmail.com Direcci\u00f3n del Campo de Tiro Surzyckiego 16 30-721 Krak\u00f3w Horario...","protected":false},"author":1,"featured_media":0,"parent":0,"menu_order":9,"comment_status":"closed","ping_status":"closed","template":"","meta":{"powered_cache_disable_cache":false},"acf":[],"yoast_head":"<!-- This site is optimized with the Yoast SEO plugin v20.6 - https:\/\/yoast.com\/wordpress\/plugins\/seo\/ -->\n<title>Contacto Cracow Shooting Academy<\/title>\n<meta name=\"description\" content=\"Cracow Shooting Academy le invita a ponerse en contacto con nosotros por correo electr\u00f3nico, tel\u00e9fono o a trav\u00e9s del formulario de contacto. Compruebe c\u00f3mo llegar a nosotros\" \/>\n<meta name=\"robots\" content=\"index, follow, max-snippet:-1, max-image-preview:large, max-video-preview:-1\" \/>\n<link rel=\"canonical\" href=\"https:\/\/www.shootingcracow.com\/es\/contacto\/\" \/>\n<meta property=\"og:locale\" content=\"es_ES\" \/>\n<meta property=\"og:type\" content=\"article\" \/>\n<meta property=\"og:title\" content=\"Contacto Cracow Shooting Academy\" \/>\n<meta property=\"og:description\" content=\"Cracow Shooting Academy le invita a ponerse en contacto con nosotros por correo electr\u00f3nico, tel\u00e9fono o a trav\u00e9s del formulario de contacto. Compruebe c\u00f3mo llegar a nosotros\" \/>\n<meta property=\"og:url\" content=\"https:\/\/www.shootingcracow.com\/es\/contacto\/\" \/>\n<meta property=\"og:site_name\" content=\"Shooting Cracow\" \/>\n<meta property=\"article:publisher\" content=\"https:\/\/www.facebook.com\/shootingcracow\" \/>\n<meta property=\"article:modified_time\" content=\"2025-12-24T15:56:27+00:00\" \/>\n<meta property=\"og:image\" content=\"https:\/\/www.shootingcracow.com\/wp-content\/uploads\/2020\/03\/IMG_7320.jpg\" \/>\n\t<meta property=\"og:image:width\" content=\"1200\" \/>\n\t<meta property=\"og:image:height\" content=\"800\" \/>\n\t<meta property=\"og:image:type\" content=\"image\/jpeg\" \/>\n<meta name=\"twitter:card\" content=\"summary_large_image\" \/>\n<meta name=\"twitter:label1\" content=\"Tiempo de lectura\" \/>\n\t<meta name=\"twitter:data1\" content=\"2 minutos\" \/>\n<script type=\"application\/ld+json\" class=\"yoast-schema-graph\">{\"@context\":\"https:\/\/schema.org\",\"@graph\":[{\"@type\":\"WebPage\",\"@id\":\"https:\/\/www.shootingcracow.com\/es\/contacto\/\",\"url\":\"https:\/\/www.shootingcracow.com\/es\/contacto\/\",\"name\":\"Contacto Cracow Shooting Academy\",\"isPartOf\":{\"@id\":\"https:\/\/www.shootingcracow.com\/es\/#website\"},\"datePublished\":\"2020-03-06T22:27:13+00:00\",\"dateModified\":\"2025-12-24T15:56:27+00:00\",\"description\":\"Cracow Shooting Academy le invita a ponerse en contacto con nosotros por correo electr\u00f3nico, tel\u00e9fono o a trav\u00e9s del formulario de contacto. Compruebe c\u00f3mo llegar a nosotros\",\"breadcrumb\":{\"@id\":\"https:\/\/www.shootingcracow.com\/es\/contacto\/#breadcrumb\"},\"inLanguage\":\"es\",\"potentialAction\":[{\"@type\":\"ReadAction\",\"target\":[\"https:\/\/www.shootingcracow.com\/es\/contacto\/\"]}]},{\"@type\":\"BreadcrumbList\",\"@id\":\"https:\/\/www.shootingcracow.com\/es\/contacto\/#breadcrumb\",\"itemListElement\":[{\"@type\":\"ListItem\",\"position\":1,\"name\":\"Strona g\u0142\u00f3wna\",\"item\":\"https:\/\/www.shootingcracow.com\/es\/pagina-de-inicio\/\"},{\"@type\":\"ListItem\",\"position\":2,\"name\":\"Contacto\"}]},{\"@type\":\"WebSite\",\"@id\":\"https:\/\/www.shootingcracow.com\/es\/#website\",\"url\":\"https:\/\/www.shootingcracow.com\/es\/\",\"name\":\"Shooting Cracow\",\"description\":\"\",\"potentialAction\":[{\"@type\":\"SearchAction\",\"target\":{\"@type\":\"EntryPoint\",\"urlTemplate\":\"https:\/\/www.shootingcracow.com\/es\/?s={search_term_string}\"},\"query-input\":\"required name=search_term_string\"}],\"inLanguage\":\"es\"}]}<\/script>\n<!-- \/ Yoast SEO plugin. -->","yoast_head_json":{"title":"Contacto Cracow Shooting Academy","description":"Cracow Shooting Academy le invita a ponerse en contacto con nosotros por correo electr\u00f3nico, tel\u00e9fono o a trav\u00e9s del formulario de contacto. Compruebe c\u00f3mo llegar a nosotros","robots":{"index":"index","follow":"follow","max-snippet":"max-snippet:-1","max-image-preview":"max-image-preview:large","max-video-preview":"max-video-preview:-1"},"canonical":"https:\/\/www.shootingcracow.com\/es\/contacto\/","og_locale":"es_ES","og_type":"article","og_title":"Contacto Cracow Shooting Academy","og_description":"Cracow Shooting Academy le invita a ponerse en contacto con nosotros por correo electr\u00f3nico, tel\u00e9fono o a trav\u00e9s del formulario de contacto. Compruebe c\u00f3mo llegar a nosotros","og_url":"https:\/\/www.shootingcracow.com\/es\/contacto\/","og_site_name":"Shooting Cracow","article_publisher":"https:\/\/www.facebook.com\/shootingcracow","article_modified_time":"2025-12-24T15:56:27+00:00","og_image":[{"width":1200,"height":800,"url":"https:\/\/www.shootingcracow.com\/wp-content\/uploads\/2020\/03\/IMG_7320.jpg","type":"image\/jpeg"}],"twitter_card":"summary_large_image","twitter_misc":{"Tiempo de lectura":"2 minutos"},"schema":{"@context":"https:\/\/schema.org","@graph":[{"@type":"WebPage","@id":"https:\/\/www.shootingcracow.com\/es\/contacto\/","url":"https:\/\/www.shootingcracow.com\/es\/contacto\/","name":"Contacto Cracow Shooting Academy","isPartOf":{"@id":"https:\/\/www.shootingcracow.com\/es\/#website"},"datePublished":"2020-03-06T22:27:13+00:00","dateModified":"2025-12-24T15:56:27+00:00","description":"Cracow Shooting Academy le invita a ponerse en contacto con nosotros por correo electr\u00f3nico, tel\u00e9fono o a trav\u00e9s del formulario de contacto. Compruebe c\u00f3mo llegar a nosotros","breadcrumb":{"@id":"https:\/\/www.shootingcracow.com\/es\/contacto\/#breadcrumb"},"inLanguage":"es","potentialAction":[{"@type":"ReadAction","target":["https:\/\/www.shootingcracow.com\/es\/contacto\/"]}]},{"@type":"BreadcrumbList","@id":"https:\/\/www.shootingcracow.com\/es\/contacto\/#breadcrumb","itemListElement":[{"@type":"ListItem","position":1,"name":"Strona g\u0142\u00f3wna","item":"https:\/\/www.shootingcracow.com\/es\/pagina-de-inicio\/"},{"@type":"ListItem","position":2,"name":"Contacto"}]},{"@type":"WebSite","@id":"https:\/\/www.shootingcracow.com\/es\/#website","url":"https:\/\/www.shootingcracow.com\/es\/","name":"Shooting Cracow","description":"","potentialAction":[{"@type":"SearchAction","target":{"@type":"EntryPoint","urlTemplate":"https:\/\/www.shootingcracow.com\/es\/?s={search_term_string}"},"query-input":"required name=search_term_string"}],"inLanguage":"es"}]}},"_links":{"self":[{"href":"https:\/\/www.shootingcracow.com\/es\/wp-json\/wp\/v2\/pages\/5372"}],"collection":[{"href":"https:\/\/www.shootingcracow.com\/es\/wp-json\/wp\/v2\/pages"}],"about":[{"href":"https:\/\/www.shootingcracow.com\/es\/wp-json\/wp\/v2\/types\/page"}],"author":[{"embeddable":true,"href":"https:\/\/www.shootingcracow.com\/es\/wp-json\/wp\/v2\/users\/1"}],"replies":[{"embeddable":true,"href":"https:\/\/www.shootingcracow.com\/es\/wp-json\/wp\/v2\/comments?post=5372"}],"version-history":[{"count":0,"href":"https:\/\/www.shootingcracow.com\/es\/wp-json\/wp\/v2\/pages\/5372\/revisions"}],"wp:attachment":[{"href":"https:\/\/www.shootingcracow.com\/es\/wp-json\/wp\/v2\/media?parent=5372"}],"curies":[{"name":"wp","href":"https:\/\/api.w.org\/{rel}","templated":true}]}}