{"id":5353,"date":"2020-06-04T12:52:26","date_gmt":"2020-06-04T10:52:26","guid":{"rendered":"https:\/\/www.shootingcracow.com\/5353-2\/"},"modified":"2023-03-17T09:00:22","modified_gmt":"2023-03-17T08:00:22","slug":"para-las-empresas","status":"publish","type":"page","link":"https:\/\/www.shootingcracow.com\/es\/oferta\/para-las-empresas\/","title":{"rendered":"Para las empresas"},"content":{"rendered":"<section class=\"l-section wpb_row us_custom_6d54c28f height_medium\"><div class=\"l-section-h i-cf\"><div class=\"g-cols vc_row via_flex valign_top type_default stacking_default\"><div class=\"vc_col-sm-12 wpb_column vc_column_container\"><div class=\"vc_column-inner\"><div class=\"wpb_wrapper\"><div id=\"ultimate-heading-84446a05b7d516ad6\" class=\"uvc-heading ult-adjust-bottom-margin ultimate-heading-84446a05b7d516ad6 uvc-6603 \" data-hspacer=\"no_spacer\" data-halign=\"center\" style=\"text-align:center\"><div class=\"uvc-heading-spacer no_spacer\" style=\"top\"><\/div><div class=\"uvc-main-heading ult-responsive\" data-ultimate-target=\".uvc-heading.ultimate-heading-84446a05b7d516ad6 h1\" data-responsive-json-new=\"{&quot;font-size&quot;:&quot;&quot;,&quot;line-height&quot;:&quot;&quot;}\"><h1 style=\"font-family:&#039;Oswald&#039;;font-weight:500;color:#ffffff;\">EVENTOS DE EMPRESA E INTEGRACI\u00d3N EN CRACOVIA<\/h1><\/div><\/div><\/div><\/div><\/div><\/div><\/div><\/section><section class=\"l-section wpb_row height_small\"><div class=\"l-section-h i-cf\"><div class=\"g-cols vc_row via_flex valign_top type_default stacking_default\"><div class=\"vc_col-sm-12 wpb_column vc_column_container\"><div class=\"vc_column-inner\"><div class=\"wpb_wrapper\"><div id=\"ultimate-heading-73936a05b7d51743f\" class=\"uvc-heading ult-adjust-bottom-margin ultimate-heading-73936a05b7d51743f uvc-5383 \" data-hspacer=\"line_with_icon\" data-hline_width=\"auto\" data-hicon_type=\"custom\" data-hborder_style=\"solid\" data-hborder_height=\"1\" data-hborder_color=\"#ccc\" data-icon_width=\"48\" data-hfixer=\"10\" data-halign=\"center\" style=\"text-align:center\"><div class=\"uvc-main-heading ult-responsive\" data-ultimate-target=\".uvc-heading.ultimate-heading-73936a05b7d51743f h2\" data-responsive-json-new=\"{&quot;font-size&quot;:&quot;&quot;,&quot;line-height&quot;:&quot;&quot;}\"><h2 style=\"font-family:&#039;Oswald&#039;;font-weight:300;\">\u00a1GASTAR UN EVENTO DE EMPRESA E INTEGRACI\u00d3N EN CRACOVIA EN EL CAMPO DE TIRO!<\/h2><\/div><div class=\"uvc-sub-heading ult-responsive\" data-ultimate-target=\".uvc-heading.ultimate-heading-73936a05b7d51743f .uvc-sub-heading \" data-responsive-json-new=\"{&quot;font-size&quot;:&quot;&quot;,&quot;line-height&quot;:&quot;&quot;}\" style=\"font-weight:normal;\">\n<p style=\"text-align: center;\">Los eventos de la empresa y los eventos de integraci\u00f3n son una forma perfecta de pasar tiempo como parte de la formaci\u00f3n de la empresa y la formaci\u00f3n de equipos. Nos ocupamos de la organizaci\u00f3n integral de este tipo de eventos. Proporcionamos el transporte y la atracci\u00f3n principal del evento, es decir, el tiro con armas de fuego en nuestro campo de tiro en Cracovia.<\/p>\n<\/div><div class=\"uvc-heading-spacer line_with_icon\" style=\"margin-top:20px;\"><div class=\"ult-just-icon-wrapper \"><div class=\"align-icon\" style=\"text-align:center;\">\n<div class=\"aio-icon-img \" style=\"font-size:48px;display:inline-block;\">\n\t<noscript><img class=\"img-icon\" alt=\"null\" src=\"https:\/\/www.shootingcracow.com\/wp-content\/uploads\/2020\/03\/guns-312418.svg\"><\/noscript><img class=\"img-icon lazyload\" alt=\"null\" src=\"data:image\/gif;base64,R0lGODlhAQABAIAAAAAAAP\/\/\/yH5BAEAAAAALAAAAAABAAEAAAIBRAA7\" data-src=\"https:\/\/www.shootingcracow.com\/wp-content\/uploads\/2020\/03\/guns-312418.svg\">\n<\/div><\/div><\/div><\/div><\/div><div class=\"w-separator size_small\"><\/div><div class=\"g-cols wpb_row via_flex valign_top type_default stacking_default\"><div class=\"vc_col-sm-12 wpb_column vc_column_container\"><div class=\"vc_column-inner\"><div class=\"wpb_wrapper\"><div class=\"wpb_text_column\"><div class=\"wpb_wrapper\"><p>Si quieres que el viaje de integraci\u00f3n de tu empresa adopte un car\u00e1cter original, at\u00edpico y transmita a los participantes muchas emociones positivas, cont\u00e1ctanos. Cada una de nuestra oferta se elabora individualmente de acuerdo con los deseos y expectativas del cliente. Estamos abiertos a sus sugerencias.<\/p>\n<\/div><\/div><\/div><\/div><\/div><\/div><\/div><\/div><\/div><\/div><\/div><\/section><section class=\"l-section wpb_row us_custom_d99a8650 height_medium\"><div class=\"l-section-h i-cf\"><div class=\"g-cols vc_row via_flex valign_top type_default stacking_default\"><div class=\"vc_col-sm-12 wpb_column vc_column_container\"><div class=\"vc_column-inner\"><div class=\"wpb_wrapper\"><\/div><\/div><\/div><\/div><\/div><\/section><section class=\"l-section wpb_row height_small\"><div class=\"l-section-h i-cf\"><div class=\"g-cols vc_row via_flex valign_top type_default stacking_default\"><div class=\"vc_col-sm-12 wpb_column vc_column_container\"><div class=\"vc_column-inner\"><div class=\"wpb_wrapper\"><div class=\"wpb_text_column us_custom_ea76afbe\"><div class=\"wpb_wrapper\"><p style=\"text-align: center;\">Todos los participantes del evento corporativo, evento de integraci\u00f3n, recibir\u00e1n capacitaci\u00f3n en los principios del uso seguro de armas de fuego y t\u00e9cnicas b\u00e1sicas de tiro.<br>\nNuestros instructores con muchos a\u00f1os de experiencia velar\u00e1n por la seguridad del evento.<\/p>\n<\/div><\/div><div class=\"w-separator size_custom\" style=\"height:20px\"><\/div><div class=\"ult-just-icon-wrapper \"><div class=\"align-icon\" style=\"text-align:center;\">\n<div class=\"aio-icon-img \" style=\"font-size:48px;display:inline-block;\">\n\t<noscript><img class=\"img-icon\" alt=\"null\" src=\"https:\/\/www.shootingcracow.com\/wp-content\/uploads\/2020\/03\/gun-3.svg\"><\/noscript><img class=\"img-icon lazyload\" alt=\"null\" src=\"data:image\/gif;base64,R0lGODlhAQABAIAAAAAAAP\/\/\/yH5BAEAAAAALAAAAAABAAEAAAIBRAA7\" data-src=\"https:\/\/www.shootingcracow.com\/wp-content\/uploads\/2020\/03\/gun-3.svg\">\n<\/div><\/div><\/div><div class=\"w-separator size_custom\" style=\"height:40px\"><\/div><div class=\"wpb_text_column us_custom_b40e44a0\"><div class=\"wpb_wrapper\"><h3 style=\"text-align: center;\"><strong>Lo invitamos a contactarnos y cooperar<\/strong><\/h3>\n<\/div><\/div><div class=\"w-btn-wrapper align_center\"><a class=\"w-btn us-btn-style_1 icon_atleft\" title=\"Lista de precios\" href=\"https:\/\/www.shootingcracow.com\/es\/lista-de-precios\/\"><i class=\"far fa-play\"><\/i><span class=\"w-btn-label\">Precios<\/span><\/a><\/div><div class=\"w-separator size_custom\" style=\"height:40px\"><\/div><\/div><\/div><\/div><\/div><\/div><\/section><section class=\"l-section wpb_row us_custom_0c54ba39 height_medium width_full\"><div class=\"l-section-h i-cf\"><div class=\"g-cols vc_row via_flex valign_top type_default stacking_default\"><div class=\"vc_col-sm-12 wpb_column vc_column_container\"><div class=\"vc_column-inner\"><div class=\"wpb_wrapper\"><div class=\"w-actionbox us_custom_a86d61b4 action-box-blok has_text_color color_light controls_bottom\"><div class=\"w-actionbox-text\"><h3 class=\"w-actionbox-title\">\u00bfQuiere m\u00e1s informaci\u00f3n?<\/h3><div class=\"w-actionbox-description\"><p>ESCRIBA O LLAME<\/p>\n<\/div><\/div><div class=\"w-actionbox-controls\"><a class=\"w-btn us-btn-style_1 icon_atleft\" title=\"contacto\" href=\"https:\/\/www.shootingcracow.com\/es\/contacto\/\" style=\"font-size:18px;\"><i class=\"far fa-play\"><\/i><span class=\"w-btn-label\">contacto<\/span><\/a><a class=\"w-btn us-btn-style_1 icon_atleft\" title=\"lista-de-precios\" href=\"https:\/\/www.shootingcracow.com\/es\/lista-de-precios\/\" style=\"font-size:18px;\"><i class=\"far fa-play\"><\/i><span class=\"w-btn-label\">Packs<\/span><\/a><\/div><\/div><\/div><\/div><\/div><\/div><\/div><\/section><section class=\"l-section wpb_row us_custom_9d21f858 height_medium width_full\"><div class=\"l-section-h i-cf\"><div class=\"g-cols vc_row via_flex valign_top type_default stacking_default\"><div class=\"vc_col-sm-12 wpb_column vc_column_container\"><div class=\"vc_column-inner us_custom_8535c5f4\"><div class=\"wpb_wrapper\">[vc_raw_html el_class=\u00bbgoogle-maps\u00bb css=\u00bb%7B%22default%22%3A%7B%22line-height%22%3A%220%22%2C%22margin-bottom%22%3A%220%22%2C%22padding-bottom%22%3A%220%22%7D%7D\u00bb]PGlmcmFtZSBzcmM9Imh0dHBzOi8vd3d3Lmdvb2dsZS5jb20vbWFwcy9lbWJlZD9wYj0hMW0xOCExbTEyITFtMyExZDI1NTkuMDUzMTczNzg5NDQhMmQxOS44NjI1NTk2MTU5NzM0NiEzZDUwLjEwNDAxMTY3OTQyOTE2ITJtMyExZjAhMmYwITNmMCEzbTIhMWkxMDI0ITJpNzY4ITRmMTMuMSEzbTMhMW0yITFzMHg0NzE2NTk5MTJhNzQzNmNiJTNBMHg2MTlmODFkOTMyN2EwYWQ5ITJzQ3JhY293K1Nob290aW5nK0FjYWRlbXkhNWUwITNtMiExc3BsITJzcGwhNHYxNTMyNzg1OTMwMzU0IiB3aWR0aD0iMjAwMCIgaGVpZ2h0PSIzNTAiIGZyYW1lYm9yZGVyPSIwIiBzdHlsZT0iYm9yZGVyOjAiIGFsbG93ZnVsbHNjcmVlbj0iIj48L2lmcmFtZT4=[\/vc_raw_html]<\/div><\/div><\/div><\/div><\/div><\/section>\n","protected":false},"excerpt":{"rendered":"EVENTOS DE EMPRESA E INTEGRACI\u00d3N EN CRACOVIA\u00a1GASTAR UN EVENTO DE EMPRESA E INTEGRACI\u00d3N EN CRACOVIA EN EL CAMPO DE TIRO! Los eventos de la empresa y los eventos de integraci\u00f3n son una forma perfecta de pasar tiempo como parte de la formaci\u00f3n de la empresa y la formaci\u00f3n de equipos. Nos ocupamos de la organizaci\u00f3n...","protected":false},"author":1,"featured_media":0,"parent":5405,"menu_order":1,"comment_status":"closed","ping_status":"closed","template":"","meta":{"powered_cache_disable_cache":false},"acf":[],"yoast_head":"<!-- This site is optimized with the Yoast SEO plugin v20.6 - https:\/\/yoast.com\/wordpress\/plugins\/seo\/ -->\n<title>Eventos de empresa e integraci\u00f3n en Cracovia en el campo de tiro<\/title>\n<meta name=\"description\" content=\"Organizamos eventos corporativos y de integraci\u00f3n en nuestro campo de tiro en Cracovia. Proporcionamos transporte, catering y el principal atractivo del evento, es decir, tiro con armas de fuego\" \/>\n<meta name=\"robots\" content=\"index, follow, max-snippet:-1, max-image-preview:large, max-video-preview:-1\" \/>\n<link rel=\"canonical\" href=\"https:\/\/www.shootingcracow.com\/es\/oferta\/para-las-empresas\/\" \/>\n<meta property=\"og:locale\" content=\"es_ES\" \/>\n<meta property=\"og:type\" content=\"article\" \/>\n<meta property=\"og:title\" content=\"Eventos de empresa e integraci\u00f3n en Cracovia en el campo de tiro\" \/>\n<meta property=\"og:description\" content=\"Organizamos eventos corporativos y de integraci\u00f3n en nuestro campo de tiro en Cracovia. Proporcionamos transporte, catering y el principal atractivo del evento, es decir, tiro con armas de fuego\" \/>\n<meta property=\"og:url\" content=\"https:\/\/www.shootingcracow.com\/es\/oferta\/para-las-empresas\/\" \/>\n<meta property=\"og:site_name\" content=\"Shooting Cracow\" \/>\n<meta property=\"article:publisher\" content=\"https:\/\/www.facebook.com\/shootingcracow\" \/>\n<meta property=\"article:modified_time\" content=\"2023-03-17T08:00:22+00:00\" \/>\n<meta property=\"og:image\" content=\"https:\/\/www.shootingcracow.com\/wp-content\/uploads\/2020\/03\/IMG_7320.jpg\" \/>\n<meta name=\"twitter:card\" content=\"summary_large_image\" \/>\n<meta name=\"twitter:label1\" content=\"Tiempo de lectura\" \/>\n\t<meta name=\"twitter:data1\" content=\"4 minutos\" \/>\n<script type=\"application\/ld+json\" class=\"yoast-schema-graph\">{\"@context\":\"https:\/\/schema.org\",\"@graph\":[{\"@type\":\"WebPage\",\"@id\":\"https:\/\/www.shootingcracow.com\/es\/oferta\/para-las-empresas\/\",\"url\":\"https:\/\/www.shootingcracow.com\/es\/oferta\/para-las-empresas\/\",\"name\":\"Eventos de empresa e integraci\u00f3n en Cracovia en el campo de tiro\",\"isPartOf\":{\"@id\":\"https:\/\/www.shootingcracow.com\/es\/#website\"},\"datePublished\":\"2020-06-04T10:52:26+00:00\",\"dateModified\":\"2023-03-17T08:00:22+00:00\",\"description\":\"Organizamos eventos corporativos y de integraci\u00f3n en nuestro campo de tiro en Cracovia. Proporcionamos transporte, catering y el principal atractivo del evento, es decir, tiro con armas de fuego\",\"breadcrumb\":{\"@id\":\"https:\/\/www.shootingcracow.com\/es\/oferta\/para-las-empresas\/#breadcrumb\"},\"inLanguage\":\"es\",\"potentialAction\":[{\"@type\":\"ReadAction\",\"target\":[\"https:\/\/www.shootingcracow.com\/es\/oferta\/para-las-empresas\/\"]}]},{\"@type\":\"BreadcrumbList\",\"@id\":\"https:\/\/www.shootingcracow.com\/es\/oferta\/para-las-empresas\/#breadcrumb\",\"itemListElement\":[{\"@type\":\"ListItem\",\"position\":1,\"name\":\"Strona g\u0142\u00f3wna\",\"item\":\"https:\/\/www.shootingcracow.com\/es\/pagina-de-inicio\/\"},{\"@type\":\"ListItem\",\"position\":2,\"name\":\"Oferta\",\"item\":\"https:\/\/www.shootingcracow.com\/es\/oferta\/\"},{\"@type\":\"ListItem\",\"position\":3,\"name\":\"Para las empresas\"}]},{\"@type\":\"WebSite\",\"@id\":\"https:\/\/www.shootingcracow.com\/es\/#website\",\"url\":\"https:\/\/www.shootingcracow.com\/es\/\",\"name\":\"Shooting Cracow\",\"description\":\"\",\"potentialAction\":[{\"@type\":\"SearchAction\",\"target\":{\"@type\":\"EntryPoint\",\"urlTemplate\":\"https:\/\/www.shootingcracow.com\/es\/?s={search_term_string}\"},\"query-input\":\"required name=search_term_string\"}],\"inLanguage\":\"es\"}]}<\/script>\n<!-- \/ Yoast SEO plugin. -->","yoast_head_json":{"title":"Eventos de empresa e integraci\u00f3n en Cracovia en el campo de tiro","description":"Organizamos eventos corporativos y de integraci\u00f3n en nuestro campo de tiro en Cracovia. Proporcionamos transporte, catering y el principal atractivo del evento, es decir, tiro con armas de fuego","robots":{"index":"index","follow":"follow","max-snippet":"max-snippet:-1","max-image-preview":"max-image-preview:large","max-video-preview":"max-video-preview:-1"},"canonical":"https:\/\/www.shootingcracow.com\/es\/oferta\/para-las-empresas\/","og_locale":"es_ES","og_type":"article","og_title":"Eventos de empresa e integraci\u00f3n en Cracovia en el campo de tiro","og_description":"Organizamos eventos corporativos y de integraci\u00f3n en nuestro campo de tiro en Cracovia. Proporcionamos transporte, catering y el principal atractivo del evento, es decir, tiro con armas de fuego","og_url":"https:\/\/www.shootingcracow.com\/es\/oferta\/para-las-empresas\/","og_site_name":"Shooting Cracow","article_publisher":"https:\/\/www.facebook.com\/shootingcracow","article_modified_time":"2023-03-17T08:00:22+00:00","og_image":[{"url":"https:\/\/www.shootingcracow.com\/wp-content\/uploads\/2020\/03\/IMG_7320.jpg"}],"twitter_card":"summary_large_image","twitter_misc":{"Tiempo de lectura":"4 minutos"},"schema":{"@context":"https:\/\/schema.org","@graph":[{"@type":"WebPage","@id":"https:\/\/www.shootingcracow.com\/es\/oferta\/para-las-empresas\/","url":"https:\/\/www.shootingcracow.com\/es\/oferta\/para-las-empresas\/","name":"Eventos de empresa e integraci\u00f3n en Cracovia en el campo de tiro","isPartOf":{"@id":"https:\/\/www.shootingcracow.com\/es\/#website"},"datePublished":"2020-06-04T10:52:26+00:00","dateModified":"2023-03-17T08:00:22+00:00","description":"Organizamos eventos corporativos y de integraci\u00f3n en nuestro campo de tiro en Cracovia. Proporcionamos transporte, catering y el principal atractivo del evento, es decir, tiro con armas de fuego","breadcrumb":{"@id":"https:\/\/www.shootingcracow.com\/es\/oferta\/para-las-empresas\/#breadcrumb"},"inLanguage":"es","potentialAction":[{"@type":"ReadAction","target":["https:\/\/www.shootingcracow.com\/es\/oferta\/para-las-empresas\/"]}]},{"@type":"BreadcrumbList","@id":"https:\/\/www.shootingcracow.com\/es\/oferta\/para-las-empresas\/#breadcrumb","itemListElement":[{"@type":"ListItem","position":1,"name":"Strona g\u0142\u00f3wna","item":"https:\/\/www.shootingcracow.com\/es\/pagina-de-inicio\/"},{"@type":"ListItem","position":2,"name":"Oferta","item":"https:\/\/www.shootingcracow.com\/es\/oferta\/"},{"@type":"ListItem","position":3,"name":"Para las empresas"}]},{"@type":"WebSite","@id":"https:\/\/www.shootingcracow.com\/es\/#website","url":"https:\/\/www.shootingcracow.com\/es\/","name":"Shooting Cracow","description":"","potentialAction":[{"@type":"SearchAction","target":{"@type":"EntryPoint","urlTemplate":"https:\/\/www.shootingcracow.com\/es\/?s={search_term_string}"},"query-input":"required name=search_term_string"}],"inLanguage":"es"}]}},"_links":{"self":[{"href":"https:\/\/www.shootingcracow.com\/es\/wp-json\/wp\/v2\/pages\/5353"}],"collection":[{"href":"https:\/\/www.shootingcracow.com\/es\/wp-json\/wp\/v2\/pages"}],"about":[{"href":"https:\/\/www.shootingcracow.com\/es\/wp-json\/wp\/v2\/types\/page"}],"author":[{"embeddable":true,"href":"https:\/\/www.shootingcracow.com\/es\/wp-json\/wp\/v2\/users\/1"}],"replies":[{"embeddable":true,"href":"https:\/\/www.shootingcracow.com\/es\/wp-json\/wp\/v2\/comments?post=5353"}],"version-history":[{"count":0,"href":"https:\/\/www.shootingcracow.com\/es\/wp-json\/wp\/v2\/pages\/5353\/revisions"}],"up":[{"embeddable":true,"href":"https:\/\/www.shootingcracow.com\/es\/wp-json\/wp\/v2\/pages\/5405"}],"wp:attachment":[{"href":"https:\/\/www.shootingcracow.com\/es\/wp-json\/wp\/v2\/media?parent=5353"}],"curies":[{"name":"wp","href":"https:\/\/api.w.org\/{rel}","templated":true}]}}