{"id":3957,"date":"2020-06-03T15:17:11","date_gmt":"2020-06-03T13:17:11","guid":{"rendered":"https:\/\/www.shootingcracow.com\/angebot\/"},"modified":"2020-07-31T00:43:30","modified_gmt":"2020-07-30T22:43:30","slug":"angebot","status":"publish","type":"page","link":"https:\/\/www.shootingcracow.com\/de\/angebot\/","title":{"rendered":"Angebot"},"content":{"rendered":"<section class=\"l-section wpb_row us_custom_6d54c28f height_medium\"><div class=\"l-section-h i-cf\"><div class=\"g-cols vc_row via_flex valign_top type_default stacking_default\"><div class=\"vc_col-sm-12 wpb_column vc_column_container\"><div class=\"vc_column-inner\"><div class=\"wpb_wrapper\"><div id=\"ultimate-heading-408669f70a8b4c3bd\" class=\"uvc-heading ult-adjust-bottom-margin ultimate-heading-408669f70a8b4c3bd uvc-3597 \" data-hspacer=\"no_spacer\" data-halign=\"center\" style=\"text-align:center\"><div class=\"uvc-heading-spacer no_spacer\" style=\"top\"><\/div><div class=\"uvc-main-heading ult-responsive\" data-ultimate-target=\".uvc-heading.ultimate-heading-408669f70a8b4c3bd h1\" data-responsive-json-new=\"{&quot;font-size&quot;:&quot;&quot;,&quot;line-height&quot;:&quot;&quot;}\"><h1 style=\"font-family:&#039;Oswald&#039;;font-weight:500;color:#ffffff;\">ANGEBOT<\/h1><\/div><\/div><\/div><\/div><\/div><\/div><\/div><\/section><section class=\"l-section wpb_row us_custom_888f9600 height_medium\"><div class=\"l-section-h i-cf\"><div class=\"g-cols vc_row via_flex valign_top type_default stacking_default\"><div class=\"vc_col-sm-12 wpb_column vc_column_container\"><div class=\"vc_column-inner\"><div class=\"wpb_wrapper\"><div class=\"g-cols wpb_row via_flex valign_top type_default stacking_default\" style=\"--additional-gap:4px;\"><div class=\"vc_col-sm-3 wpb_column vc_column_container oferta-box has_bg_color\"><div class=\"vc_column-inner us_custom_bf6f14db\"><div class=\"wpb_wrapper\"><div id=\"ultimate-heading-545569f70a8b4cbc9\" class=\"uvc-heading ult-adjust-bottom-margin ultimate-heading-545569f70a8b4cbc9 uvc-3272 \" data-hspacer=\"no_spacer\" data-halign=\"center\" style=\"text-align:center\"><div class=\"uvc-heading-spacer no_spacer\" style=\"top\"><\/div><div class=\"uvc-main-heading ult-responsive\" data-ultimate-target=\".uvc-heading.ultimate-heading-545569f70a8b4cbc9 h2\" data-responsive-json-new=\"{&quot;font-size&quot;:&quot;desktop:22px;&quot;,&quot;line-height&quot;:&quot;&quot;}\"><h2 style=\"font-weight:bold;color:#020202;\">Junggesellenabschiede<\/h2><\/div><\/div><div class=\"w-separator size_custom\" style=\"height:48px\"><\/div><div class=\"ult-just-icon-wrapper \"><div class=\"align-icon\" style=\"text-align:center;\">\n<div class=\"aio-icon-img \" style=\"font-size:48px;display:inline-block;\">\n\t<noscript><img class=\"img-icon\" alt=\"null\" src=\"https:\/\/www.shootingcracow.com\/wp-content\/uploads\/2020\/04\/confetti-1.svg\"><\/noscript><img class=\"img-icon lazyload\" alt=\"null\" src=\"data:image\/gif;base64,R0lGODlhAQABAIAAAAAAAP\/\/\/yH5BAEAAAAALAAAAAABAAEAAAIBRAA7\" data-src=\"https:\/\/www.shootingcracow.com\/wp-content\/uploads\/2020\/04\/confetti-1.svg\">\n<\/div><\/div><\/div><div class=\"w-separator size_custom\" style=\"height:10px\"><\/div><div class=\"wpb_text_column us_custom_b0bb91b2\"><div class=\"wpb_wrapper\"><p style=\"text-align: center;\">Die Hochzeit wird bald vorbei sein, und die Idee f\u00fcr einen Junggesellenabschied fehlt noch? Zeit f\u00fcr Unterhaltung f\u00fcr echte M\u00e4nner. Wir versprechen Ihnen, dass Sie sich noch jahrelang an den Abend auf dem Schie\u00dfstand erinnern werden.<\/p>\n<\/div><\/div><div class=\"w-btn-wrapper align_center\"><a class=\"w-btn us-btn-style_1 oferta-button\" title=\"Junggesellenabschiede\" href=\"https:\/\/www.shootingcracow.com\/de\/junggesellenabschiede\/\"><span class=\"w-btn-label\">Sehen<\/span><\/a><\/div><\/div><\/div><\/div><div class=\"vc_col-sm-3 wpb_column vc_column_container oferta-box has_bg_color\"><div class=\"vc_column-inner us_custom_bf6f14db\"><div class=\"wpb_wrapper\"><div id=\"ultimate-heading-844369f70a8b4db0d\" class=\"uvc-heading ult-adjust-bottom-margin ultimate-heading-844369f70a8b4db0d uvc-9213 \" data-hspacer=\"no_spacer\" data-halign=\"center\" style=\"text-align:center\"><div class=\"uvc-heading-spacer no_spacer\" style=\"top\"><\/div><div class=\"uvc-main-heading ult-responsive\" data-ultimate-target=\".uvc-heading.ultimate-heading-844369f70a8b4db0d h2\" data-responsive-json-new=\"{&quot;font-size&quot;:&quot;desktop:22px;&quot;,&quot;line-height&quot;:&quot;&quot;}\"><h2 style=\"font-weight:bold;color:#020202;\">Angebot f\u00fcr Firmen<\/h2><\/div><\/div><div class=\"w-separator size_custom\" style=\"height:48px\"><\/div><div class=\"ult-just-icon-wrapper \"><div class=\"align-icon\" style=\"text-align:center;\">\n<div class=\"aio-icon-img \" style=\"font-size:48px;display:inline-block;\">\n\t<noscript><img class=\"img-icon\" alt=\"null\" src=\"https:\/\/www.shootingcracow.com\/wp-content\/uploads\/2020\/04\/flag.svg\"><\/noscript><img class=\"img-icon lazyload\" alt=\"null\" src=\"data:image\/gif;base64,R0lGODlhAQABAIAAAAAAAP\/\/\/yH5BAEAAAAALAAAAAABAAEAAAIBRAA7\" data-src=\"https:\/\/www.shootingcracow.com\/wp-content\/uploads\/2020\/04\/flag.svg\">\n<\/div><\/div><\/div><div class=\"w-separator size_custom\" style=\"height:10px\"><\/div><div class=\"wpb_text_column us_custom_b0bb91b2\"><div class=\"wpb_wrapper\"><p style=\"text-align: center;\">Eine Integrationsveranstaltung ist eine gute M\u00f6glichkeit, Beziehungen zwischen Mitarbeitern aufzubauen. Warum also nicht am Schie\u00dfstand organisieren? Wir garantieren Ihnen viel Spa\u00df und einen gesunden Wettbewerb.<\/p>\n<\/div><\/div><div class=\"w-btn-wrapper align_center\"><a class=\"w-btn us-btn-style_1 oferta-button\" title=\"Individuelles Schie\u00dfen\" href=\"https:\/\/www.shootingcracow.com\/de\/fur-unternehmen\/\"><span class=\"w-btn-label\">Sehen<\/span><\/a><\/div><\/div><\/div><\/div><div class=\"vc_col-sm-3 wpb_column vc_column_container oferta-box has_bg_color\"><div class=\"vc_column-inner us_custom_bf6f14db\"><div class=\"wpb_wrapper\"><div id=\"ultimate-heading-852069f70a8b4e41d\" class=\"uvc-heading ult-adjust-bottom-margin ultimate-heading-852069f70a8b4e41d uvc-6414 \" data-hspacer=\"no_spacer\" data-halign=\"center\" style=\"text-align:center\"><div class=\"uvc-heading-spacer no_spacer\" style=\"top\"><\/div><div class=\"uvc-main-heading ult-responsive\" data-ultimate-target=\".uvc-heading.ultimate-heading-852069f70a8b4e41d h2\" data-responsive-json-new=\"{&quot;font-size&quot;:&quot;desktop:22px;&quot;,&quot;line-height&quot;:&quot;&quot;}\"><h2 style=\"font-weight:bold;color:#020202;\">Geburtstag<\/h2><\/div><\/div><div class=\"w-separator size_custom\" style=\"height:48px\"><\/div><div class=\"ult-just-icon-wrapper \"><div class=\"align-icon\" style=\"text-align:center;\">\n<div class=\"aio-icon-img \" style=\"font-size:48px;display:inline-block;\">\n\t<noscript><img class=\"img-icon\" alt=\"null\" src=\"https:\/\/www.shootingcracow.com\/wp-content\/uploads\/2020\/04\/balloon.svg\"><\/noscript><img class=\"img-icon lazyload\" alt=\"null\" src=\"data:image\/gif;base64,R0lGODlhAQABAIAAAAAAAP\/\/\/yH5BAEAAAAALAAAAAABAAEAAAIBRAA7\" data-src=\"https:\/\/www.shootingcracow.com\/wp-content\/uploads\/2020\/04\/balloon.svg\">\n<\/div><\/div><\/div><div class=\"w-separator size_custom\" style=\"height:10px\"><\/div><div class=\"wpb_text_column us_custom_b0bb91b2\"><div class=\"wpb_wrapper\"><p style=\"text-align: center;\">Ihr Geburtstag steht vor der T\u00fcr? Oder vielleicht wollen Sie eine Party organisieren und ein weiteres Jahr Ihres Lebens mit einem Knall feiern? Es gibt nicht mehr Spa\u00df als einen Abend mit uns.<\/p>\n<\/div><\/div><div class=\"w-btn-wrapper align_center\"><a class=\"w-btn us-btn-style_1 oferta-button\" title=\"Geburtstag\" href=\"\/geburtstag\/\"><span class=\"w-btn-label\">Sehen<\/span><\/a><\/div><\/div><\/div><\/div><div class=\"vc_col-sm-3 wpb_column vc_column_container oferta-box has_bg_color\"><div class=\"vc_column-inner us_custom_bf6f14db\"><div class=\"wpb_wrapper\"><div id=\"ultimate-heading-403169f70a8b4ed75\" class=\"uvc-heading ult-adjust-bottom-margin ultimate-heading-403169f70a8b4ed75 uvc-707 \" data-hspacer=\"no_spacer\" data-halign=\"center\" style=\"text-align:center\"><div class=\"uvc-heading-spacer no_spacer\" style=\"top\"><\/div><div class=\"uvc-main-heading ult-responsive\" data-ultimate-target=\".uvc-heading.ultimate-heading-403169f70a8b4ed75 h2\" data-responsive-json-new=\"{&quot;font-size&quot;:&quot;desktop:22px;&quot;,&quot;line-height&quot;:&quot;&quot;}\"><h2 style=\"font-weight:bold;color:#020202;\">Individuelles Schie\u00dfen<\/h2><\/div><\/div><div class=\"w-separator size_custom\" style=\"height:20px\"><\/div><div class=\"ult-just-icon-wrapper \"><div class=\"align-icon\" style=\"text-align:center;\">\n<div class=\"aio-icon-img \" style=\"font-size:48px;display:inline-block;\">\n\t<noscript><img class=\"img-icon\" alt=\"null\" src=\"https:\/\/www.shootingcracow.com\/wp-content\/uploads\/2020\/04\/person.svg\"><\/noscript><img class=\"img-icon lazyload\" alt=\"null\" src=\"data:image\/gif;base64,R0lGODlhAQABAIAAAAAAAP\/\/\/yH5BAEAAAAALAAAAAABAAEAAAIBRAA7\" data-src=\"https:\/\/www.shootingcracow.com\/wp-content\/uploads\/2020\/04\/person.svg\">\n<\/div><\/div><\/div><div class=\"w-separator size_custom\" style=\"height:10px\"><\/div><div class=\"wpb_text_column us_custom_b0bb91b2\"><div class=\"wpb_wrapper\"><p style=\"text-align: center;\">Sind Sie ein Militaria-Enthusiast? Sie hatten noch keine Gelegenheit, sich im Schie\u00dfen zu versuchen? Oder vielleicht k\u00f6nnen Sie mit Gewehren umgehen, aber Sie wollen Ihre Technik verbessern? Wir werden sicherlich helfen.<\/p>\n<\/div><\/div><div class=\"w-btn-wrapper align_center\"><a class=\"w-btn us-btn-style_1 oferta-button\" title=\"Individuelles Schie\u00dfen\" href=\"\/individuelles-schiessen\/\"><span class=\"w-btn-label\">Sehen<\/span><\/a><\/div><\/div><\/div><\/div><\/div><\/div><\/div><\/div><\/div><\/div><\/section><section class=\"l-section wpb_row us_custom_fdcab3db height_medium width_full\"><div class=\"l-section-h i-cf\"><div class=\"g-cols vc_row via_flex valign_top type_default stacking_default\"><div class=\"vc_col-sm-12 wpb_column vc_column_container\"><div class=\"vc_column-inner\"><div class=\"wpb_wrapper\"><section class=\"l-section wpb_row us_custom_9d21f858 height_medium width_full\"><div class=\"l-section-h i-cf\"><div class=\"g-cols vc_row via_flex valign_top type_default stacking_default\"><div class=\"vc_col-sm-12 wpb_column vc_column_container\"><div class=\"vc_column-inner us_custom_8535c5f4\"><div class=\"wpb_wrapper\">[vc_raw_html el_class=&#8220;google-maps&#8220; css=&#8220;%7B%22default%22%3A%7B%22line-height%22%3A%220%22%2C%22margin-bottom%22%3A%220%22%2C%22padding-bottom%22%3A%220%22%7D%7D&#8220;]JTNDaWZyYW1lJTIwc3JjJTNEJTIyaHR0cHMlM0ElMkYlMkZ3d3cuZ29vZ2xlLmNvbSUyRm1hcHMlMkZlbWJlZCUzRnBiJTNEJTIxMW0xOCUyMTFtMTIlMjExbTMlMjExZDI1NTkuMDUzMTczNzg5NDQlMjEyZDE5Ljg2MjU1OTYxNTk3MzQ2JTIxM2Q1MC4xMDQwMTE2Nzk0MjkxNiUyMTJtMyUyMTFmMCUyMTJmMCUyMTNmMCUyMTNtMiUyMTFpMTAyNCUyMTJpNzY4JTIxNGYxMy4xJTIxM20zJTIxMW0yJTIxMXMweDQ3MTY1OTkxMmE3NDM2Y2IlMjUzQTB4NjE5ZjgxZDkzMjdhMGFkOSUyMTJzQ3JhY293JTJCU2hvb3RpbmclMkJBY2FkZW15JTIxNWUwJTIxM20yJTIxMXNwbCUyMTJzcGwlMjE0djE1MzI3ODU5MzAzNTQlMjIlMjB3aWR0aCUzRCUyMjIwMDAlMjIlMjBoZWlnaHQlM0QlMjIzNTAlMjIlMjBmcmFtZWJvcmRlciUzRCUyMjAlMjIlMjBzdHlsZSUzRCUyMmJvcmRlciUzQTAlMjIlMjBhbGxvd2Z1bGxzY3JlZW4lM0QlMjIlMjIlM0UlM0MlMkZpZnJhbWUlM0U=[\/vc_raw_html]<\/div><\/div><\/div><\/div><\/div><\/section>\n<\/div><\/div><\/div><\/div><\/div><\/section>\n","protected":false},"excerpt":{"rendered":"ANGEBOTJunggesellenabschiede Die Hochzeit wird bald vorbei sein, und die Idee f\u00fcr einen Junggesellenabschied fehlt noch? Zeit f\u00fcr Unterhaltung f\u00fcr echte M\u00e4nner. Wir versprechen Ihnen, dass Sie sich noch jahrelang an den Abend auf dem Schie\u00dfstand erinnern werden. SehenAngebot f\u00fcr Firmen Eine Integrationsveranstaltung ist eine gute M\u00f6glichkeit, Beziehungen zwischen Mitarbeitern aufzubauen. Warum also nicht am Schie\u00dfstand...","protected":false},"author":1,"featured_media":0,"parent":0,"menu_order":4,"comment_status":"closed","ping_status":"closed","template":"","meta":{"powered_cache_disable_cache":false},"acf":[],"yoast_head":"<!-- This site is optimized with the Yoast SEO plugin v20.6 - https:\/\/yoast.com\/wordpress\/plugins\/seo\/ -->\n<title>Angebot - Cracow Shooting Academy<\/title>\n<meta name=\"description\" content=\"Wir laden Sie ein, sich mit dem Angebot der Cracow Shooting Academy vertraut zu machen. Unser Angebot richtet sich sowohl an Unternehmen als auch an Einzelpersonen.\" \/>\n<meta name=\"robots\" content=\"index, follow, max-snippet:-1, max-image-preview:large, max-video-preview:-1\" \/>\n<link rel=\"canonical\" href=\"https:\/\/www.shootingcracow.com\/de\/angebot\/\" \/>\n<meta property=\"og:locale\" content=\"de_DE\" \/>\n<meta property=\"og:type\" content=\"article\" \/>\n<meta property=\"og:title\" content=\"Angebot - Cracow Shooting Academy\" \/>\n<meta property=\"og:description\" content=\"Wir laden Sie ein, sich mit dem Angebot der Cracow Shooting Academy vertraut zu machen. Unser Angebot richtet sich sowohl an Unternehmen als auch an Einzelpersonen.\" \/>\n<meta property=\"og:url\" content=\"https:\/\/www.shootingcracow.com\/de\/angebot\/\" \/>\n<meta property=\"og:site_name\" content=\"Shooting Cracow\" \/>\n<meta property=\"article:publisher\" content=\"https:\/\/www.facebook.com\/shootingcracow\" \/>\n<meta property=\"article:modified_time\" content=\"2020-07-30T22:43:30+00:00\" \/>\n<meta property=\"og:image\" content=\"https:\/\/www.shootingcracow.com\/wp-content\/uploads\/2020\/03\/IMG_7320.jpg\" \/>\n\t<meta property=\"og:image:width\" content=\"1200\" \/>\n\t<meta property=\"og:image:height\" content=\"800\" \/>\n\t<meta property=\"og:image:type\" content=\"image\/jpeg\" \/>\n<meta name=\"twitter:card\" content=\"summary_large_image\" \/>\n<meta name=\"twitter:label1\" content=\"Gesch\u00e4tzte Lesezeit\" \/>\n\t<meta name=\"twitter:data1\" content=\"4\u00a0Minuten\" \/>\n<script type=\"application\/ld+json\" class=\"yoast-schema-graph\">{\"@context\":\"https:\/\/schema.org\",\"@graph\":[{\"@type\":\"WebPage\",\"@id\":\"https:\/\/www.shootingcracow.com\/de\/angebot\/\",\"url\":\"https:\/\/www.shootingcracow.com\/de\/angebot\/\",\"name\":\"Angebot - Cracow Shooting Academy\",\"isPartOf\":{\"@id\":\"https:\/\/www.shootingcracow.com\/de\/#website\"},\"datePublished\":\"2020-06-03T13:17:11+00:00\",\"dateModified\":\"2020-07-30T22:43:30+00:00\",\"description\":\"Wir laden Sie ein, sich mit dem Angebot der Cracow Shooting Academy vertraut zu machen. Unser Angebot richtet sich sowohl an Unternehmen als auch an Einzelpersonen.\",\"breadcrumb\":{\"@id\":\"https:\/\/www.shootingcracow.com\/de\/angebot\/#breadcrumb\"},\"inLanguage\":\"de\",\"potentialAction\":[{\"@type\":\"ReadAction\",\"target\":[\"https:\/\/www.shootingcracow.com\/de\/angebot\/\"]}]},{\"@type\":\"BreadcrumbList\",\"@id\":\"https:\/\/www.shootingcracow.com\/de\/angebot\/#breadcrumb\",\"itemListElement\":[{\"@type\":\"ListItem\",\"position\":1,\"name\":\"Strona g\u0142\u00f3wna\",\"item\":\"https:\/\/www.shootingcracow.com\/de\/homepage\/\"},{\"@type\":\"ListItem\",\"position\":2,\"name\":\"Angebot\"}]},{\"@type\":\"WebSite\",\"@id\":\"https:\/\/www.shootingcracow.com\/de\/#website\",\"url\":\"https:\/\/www.shootingcracow.com\/de\/\",\"name\":\"Shooting Cracow\",\"description\":\"\",\"potentialAction\":[{\"@type\":\"SearchAction\",\"target\":{\"@type\":\"EntryPoint\",\"urlTemplate\":\"https:\/\/www.shootingcracow.com\/de\/?s={search_term_string}\"},\"query-input\":\"required name=search_term_string\"}],\"inLanguage\":\"de\"}]}<\/script>\n<!-- \/ Yoast SEO plugin. -->","yoast_head_json":{"title":"Angebot - Cracow Shooting Academy","description":"Wir laden Sie ein, sich mit dem Angebot der Cracow Shooting Academy vertraut zu machen. Unser Angebot richtet sich sowohl an Unternehmen als auch an Einzelpersonen.","robots":{"index":"index","follow":"follow","max-snippet":"max-snippet:-1","max-image-preview":"max-image-preview:large","max-video-preview":"max-video-preview:-1"},"canonical":"https:\/\/www.shootingcracow.com\/de\/angebot\/","og_locale":"de_DE","og_type":"article","og_title":"Angebot - Cracow Shooting Academy","og_description":"Wir laden Sie ein, sich mit dem Angebot der Cracow Shooting Academy vertraut zu machen. Unser Angebot richtet sich sowohl an Unternehmen als auch an Einzelpersonen.","og_url":"https:\/\/www.shootingcracow.com\/de\/angebot\/","og_site_name":"Shooting Cracow","article_publisher":"https:\/\/www.facebook.com\/shootingcracow","article_modified_time":"2020-07-30T22:43:30+00:00","og_image":[{"width":1200,"height":800,"url":"https:\/\/www.shootingcracow.com\/wp-content\/uploads\/2020\/03\/IMG_7320.jpg","type":"image\/jpeg"}],"twitter_card":"summary_large_image","twitter_misc":{"Gesch\u00e4tzte Lesezeit":"4\u00a0Minuten"},"schema":{"@context":"https:\/\/schema.org","@graph":[{"@type":"WebPage","@id":"https:\/\/www.shootingcracow.com\/de\/angebot\/","url":"https:\/\/www.shootingcracow.com\/de\/angebot\/","name":"Angebot - Cracow Shooting Academy","isPartOf":{"@id":"https:\/\/www.shootingcracow.com\/de\/#website"},"datePublished":"2020-06-03T13:17:11+00:00","dateModified":"2020-07-30T22:43:30+00:00","description":"Wir laden Sie ein, sich mit dem Angebot der Cracow Shooting Academy vertraut zu machen. Unser Angebot richtet sich sowohl an Unternehmen als auch an Einzelpersonen.","breadcrumb":{"@id":"https:\/\/www.shootingcracow.com\/de\/angebot\/#breadcrumb"},"inLanguage":"de","potentialAction":[{"@type":"ReadAction","target":["https:\/\/www.shootingcracow.com\/de\/angebot\/"]}]},{"@type":"BreadcrumbList","@id":"https:\/\/www.shootingcracow.com\/de\/angebot\/#breadcrumb","itemListElement":[{"@type":"ListItem","position":1,"name":"Strona g\u0142\u00f3wna","item":"https:\/\/www.shootingcracow.com\/de\/homepage\/"},{"@type":"ListItem","position":2,"name":"Angebot"}]},{"@type":"WebSite","@id":"https:\/\/www.shootingcracow.com\/de\/#website","url":"https:\/\/www.shootingcracow.com\/de\/","name":"Shooting Cracow","description":"","potentialAction":[{"@type":"SearchAction","target":{"@type":"EntryPoint","urlTemplate":"https:\/\/www.shootingcracow.com\/de\/?s={search_term_string}"},"query-input":"required name=search_term_string"}],"inLanguage":"de"}]}},"_links":{"self":[{"href":"https:\/\/www.shootingcracow.com\/de\/wp-json\/wp\/v2\/pages\/3957"}],"collection":[{"href":"https:\/\/www.shootingcracow.com\/de\/wp-json\/wp\/v2\/pages"}],"about":[{"href":"https:\/\/www.shootingcracow.com\/de\/wp-json\/wp\/v2\/types\/page"}],"author":[{"embeddable":true,"href":"https:\/\/www.shootingcracow.com\/de\/wp-json\/wp\/v2\/users\/1"}],"replies":[{"embeddable":true,"href":"https:\/\/www.shootingcracow.com\/de\/wp-json\/wp\/v2\/comments?post=3957"}],"version-history":[{"count":0,"href":"https:\/\/www.shootingcracow.com\/de\/wp-json\/wp\/v2\/pages\/3957\/revisions"}],"wp:attachment":[{"href":"https:\/\/www.shootingcracow.com\/de\/wp-json\/wp\/v2\/media?parent=3957"}],"curies":[{"name":"wp","href":"https:\/\/api.w.org\/{rel}","templated":true}]}}