{"id":3949,"date":"2020-03-06T23:48:18","date_gmt":"2020-03-06T22:48:18","guid":{"rendered":"https:\/\/www.shootingcracow.com\/geschenk-gutschein\/"},"modified":"2026-03-12T13:42:38","modified_gmt":"2026-03-12T12:42:38","slug":"geschenk-gutschein","status":"publish","type":"page","link":"https:\/\/www.shootingcracow.com\/de\/geschenk-gutschein\/","title":{"rendered":"Geschenk-Gutschein"},"content":{"rendered":"<section class=\"l-section wpb_row us_custom_6d54c28f height_medium\"><div class=\"l-section-h i-cf\"><div class=\"g-cols vc_row via_flex valign_top type_default stacking_default\"><div class=\"vc_col-sm-12 wpb_column vc_column_container\"><div class=\"vc_column-inner\"><div class=\"wpb_wrapper\"><div id=\"ultimate-heading-39469e348aebe9b9\" class=\"uvc-heading ult-adjust-bottom-margin ultimate-heading-39469e348aebe9b9 uvc-5503 \" data-hspacer=\"no_spacer\" data-halign=\"center\" style=\"text-align:center\"><div class=\"uvc-heading-spacer no_spacer\" style=\"top\"><\/div><div class=\"uvc-main-heading ult-responsive\" data-ultimate-target=\".uvc-heading.ultimate-heading-39469e348aebe9b9 h1\" data-responsive-json-new=\"{&quot;font-size&quot;:&quot;&quot;,&quot;line-height&quot;:&quot;&quot;}\"><h1 style=\"font-family:&#039;Oswald&#039;;font-weight:500;color:#ffffff;\">GUTSCHEIN\/GESCHENKGUTSCHEIN F\u00dcR UNSEREN SCHIE\u00dfSTAND IN KRAKAU<\/h1><\/div><\/div><\/div><\/div><\/div><\/div><\/div><\/section><section class=\"l-section wpb_row height_small\"><div class=\"l-section-h i-cf\"><div class=\"g-cols vc_row via_flex valign_top type_default stacking_default\"><div class=\"vc_col-sm-12 wpb_column vc_column_container\"><div class=\"vc_column-inner\"><div class=\"wpb_wrapper\"><div id=\"ultimate-heading-839669e348aebf2d4\" class=\"uvc-heading ult-adjust-bottom-margin ultimate-heading-839669e348aebf2d4 uvc-4212 \" data-hspacer=\"line_with_icon\" data-hline_width=\"auto\" data-hicon_type=\"custom\" data-hborder_style=\"solid\" data-hborder_height=\"1\" data-hborder_color=\"#ccc\" data-icon_width=\"48\" data-hfixer=\"10\" data-halign=\"center\" style=\"text-align:center\"><div class=\"uvc-main-heading ult-responsive\" data-ultimate-target=\".uvc-heading.ultimate-heading-839669e348aebf2d4 h2\" data-responsive-json-new=\"{&quot;font-size&quot;:&quot;&quot;,&quot;line-height&quot;:&quot;&quot;}\"><h2 style=\"font-family:&#039;Oswald&#039;;font-weight:300;\">WIR BIETEN GESCHENKGUTSCHEINE AN<\/h2><\/div><div class=\"uvc-sub-heading ult-responsive\" data-ultimate-target=\".uvc-heading.ultimate-heading-839669e348aebf2d4 .uvc-sub-heading \" data-responsive-json-new=\"{&quot;font-size&quot;:&quot;&quot;,&quot;line-height&quot;:&quot;&quot;}\" style=\"font-weight:normal;\">\n<p style=\"text-align: center;\">Der Geschenkgutschein f\u00fcr unseren Schie\u00dfstand in Krakau ist ein perfektes Geschenk zu Weihnachten, zum Geburtstag oder zu jedem anderen Anlass, wenn Sie jemandem ein unvergessliches und ungew\u00f6hnliches Geschenk machen m\u00f6chten, an das sich der Empf\u00e4nger noch lange erinnern wird.<\/p>\n<\/div><div class=\"uvc-heading-spacer line_with_icon\" style=\"margin-top:20px;\"><div class=\"ult-just-icon-wrapper \"><div class=\"align-icon\" style=\"text-align:center;\">\n<div class=\"aio-icon-img \" style=\"font-size:48px;display:inline-block;\">\n\t<noscript><img class=\"img-icon\" alt=\"null\" src=\"https:\/\/www.shootingcracow.com\/wp-content\/uploads\/2020\/03\/guns-312418.svg\"><\/noscript><img class=\"img-icon lazyload\" alt=\"null\" src=\"data:image\/gif;base64,R0lGODlhAQABAIAAAAAAAP\/\/\/yH5BAEAAAAALAAAAAABAAEAAAIBRAA7\" data-src=\"https:\/\/www.shootingcracow.com\/wp-content\/uploads\/2020\/03\/guns-312418.svg\">\n<\/div><\/div><\/div><\/div><\/div><\/div><\/div><\/div><\/div><\/div><\/section><section class=\"l-section wpb_row us_custom_05386472 height_medium\"><div class=\"l-section-h i-cf\"><div class=\"g-cols vc_row via_flex valign_top type_default stacking_default\"><div class=\"vc_col-sm-12 wpb_column vc_column_container\"><div class=\"vc_column-inner\"><div class=\"wpb_wrapper\"><div class=\"w-image align_center\"><a href=\"https:\/\/strzelnicakrakow.panvoucher.pl\" aria-label=\"Link\" class=\"w-image-h\"><noscript><img width=\"929\" height=\"322\" src=\"https:\/\/www.shootingcracow.com\/wp-content\/uploads\/2021\/11\/bon-na-strone.jpg\" class=\"attachment-full size-full\" alt decoding=\"async\" srcset=\"https:\/\/www.shootingcracow.com\/wp-content\/uploads\/2021\/11\/bon-na-strone.jpg 929w, https:\/\/www.shootingcracow.com\/wp-content\/uploads\/2021\/11\/bon-na-strone-300x104.jpg 300w\" sizes=\"(max-width: 929px) 100vw, 929px\"><\/noscript><img width=\"929\" height=\"322\" src=\"data:image\/svg+xml,%3Csvg%20xmlns%3D%22http%3A%2F%2Fwww.w3.org%2F2000%2Fsvg%22%20viewBox%3D%220%200%20929%20322%22%3E%3C%2Fsvg%3E\" class=\"attachment-full size-full lazyload\" alt decoding=\"async\" srcset=\"data:image\/svg+xml,%3Csvg%20xmlns%3D%22http%3A%2F%2Fwww.w3.org%2F2000%2Fsvg%22%20viewBox%3D%220%200%20929%20322%22%3E%3C%2Fsvg%3E 929w\" sizes=\"(max-width: 929px) 100vw, 929px\" data-srcset=\"https:\/\/www.shootingcracow.com\/wp-content\/uploads\/2021\/11\/bon-na-strone.jpg 929w, https:\/\/www.shootingcracow.com\/wp-content\/uploads\/2021\/11\/bon-na-strone-300x104.jpg 300w\" data-src=\"https:\/\/www.shootingcracow.com\/wp-content\/uploads\/2021\/11\/bon-na-strone.jpg\"><\/a><\/div><div class=\"w-separator size_custom\" style=\"height:30px\"><\/div><div class=\"w-btn-wrapper align_center\"><a class=\"w-btn us-btn-style_4\" title=\"gutschein kaufen\" href=\"https:\/\/strzelnicakrakow.panvoucher.pl\"><span class=\"w-btn-label\">GUTSCHEIN KAUFEN<\/span><\/a><\/div><div class=\"w-btn-wrapper align_center\"><a class=\"w-btn us-btn-style_4\" title=\"PRZED\u0141U\u017b BON\" href=\"https:\/\/strzelnicakrakow.panvoucher.pl\/zamowienie\/przedluz\"><span class=\"w-btn-label\">PRZED\u0141U\u017b BON<\/span><\/a><\/div><div class=\"w-separator size_custom\" style=\"height:30px\"><\/div><div class=\"wpb_text_column\"><div class=\"wpb_wrapper\"><p style=\"text-align: center;\">Ein Schie\u00dfstand-Gutschein\/Bonus ist ein einzigartiges Geschenk f\u00fcr M\u00e4nner und Frauen, die ein starkes und unvergessliches Erlebnis mit echten Waffen erleben m\u00f6chten. Und das alles unter absolut sicheren und komfortablen Bedingungen unter der Obhut unseres qualifizierten Schie\u00dflehrers.<\/p>\n<p style=\"text-align: center;\">Geschenkgutscheine k\u00f6nnen f\u00fcr jedes Schie\u00dfpaket aus unserem Angebot ausgestellt werden. Es besteht auch die M\u00f6glichkeit, den Wert des Gutscheins selbst zu bestimmen. . Eine solche Freiheit werden Sie nur bei uns finden.<\/p>\n<p style=\"text-align: center;\">Der Geschenkgutschein wird nach Ihren Vorgaben personalisiert. Es wurde in einem \u00e4sthetischen und modernen Grafikdesign entwickelt, das seine Einzigartigkeit unterstreicht. Der Gutschein wird in elektronischer Form geliefert, um eine schnellstm\u00f6gliche Einl\u00f6sung zu gew\u00e4hrleisten. Wir garantieren die Lieferung an dem Tag, an dem die Geb\u00fchr gutgeschrieben wird oder die \u00dcberweisungsbest\u00e4tigung eingeht.<\/p>\n<p style=\"text-align: center;\"><strong>Die G\u00fcltigkeit des Gutscheins betr\u00e4gt sechs Monate ab dem Kaufdatum.<\/strong> Die Empf\u00e4nger werden gebeten, sich im Voraus mit uns in Verbindung zu setzen, um einen Liefertermin zu buchen. Wir laden auch Begleitpersonen ein.<\/p>\n<\/div><\/div><\/div><\/div><\/div><\/div><\/div><\/section><section class=\"l-section wpb_row us_custom_0c54ba39 height_medium width_full\"><div class=\"l-section-h i-cf\"><div class=\"g-cols vc_row via_flex valign_top type_default stacking_default\"><div class=\"vc_col-sm-12 wpb_column vc_column_container\"><div class=\"vc_column-inner\"><div class=\"wpb_wrapper\"><div class=\"w-actionbox us_custom_a86d61b4 action-box-blok has_text_color color_light controls_bottom\"><div class=\"w-actionbox-text\"><h4 class=\"w-actionbox-title\">BITTE KONTAKTIEREN SIE UNS, UM DETAILS ZU BESPRECHEN<\/h4><\/div><div class=\"w-actionbox-controls\"><a class=\"w-btn us-btn-style_1 icon_atleft\" title=\"kontakt\" href=\"https:\/\/www.shootingcracow.com\/de\/kontakt\/\" style=\"font-size:18px;\"><i class=\"far fa-play\"><\/i><span class=\"w-btn-label\">kontakt<\/span><\/a><a class=\"w-btn us-btn-style_1 icon_atleft\" title=\"Preisliste\" href=\"https:\/\/www.shootingcracow.com\/de\/preisliste\/\" style=\"font-size:18px;\"><i class=\"far fa-play\"><\/i><span class=\"w-btn-label\">PAKETE<\/span><\/a><\/div><\/div><\/div><\/div><\/div><\/div><\/div><\/section><section class=\"l-section wpb_row us_custom_9d21f858 height_medium width_full\"><div class=\"l-section-h i-cf\"><div class=\"g-cols vc_row via_flex valign_top type_default stacking_default\"><div class=\"vc_col-sm-12 wpb_column vc_column_container\"><div class=\"vc_column-inner\"><div class=\"wpb_wrapper\">[vc_raw_html el_class=&#8220;google-maps&#8220; css=&#8220;%7B%22default%22%3A%7B%22line-height%22%3A%220%22%2C%22margin-bottom%22%3A%220%22%2C%22padding-bottom%22%3A%220%22%7D%7D&#8220;]PGlmcmFtZSBzcmM9Imh0dHBzOi8vd3d3Lmdvb2dsZS5jb20vbWFwcy9lbWJlZD9wYj0hMW0xOCExbTEyITFtMyExZDI1NTkuMDUzMTczNzg5NDQhMmQxOS44NjI1NTk2MTU5NzM0NiEzZDUwLjEwNDAxMTY3OTQyOTE2ITJtMyExZjAhMmYwITNmMCEzbTIhMWkxMDI0ITJpNzY4ITRmMTMuMSEzbTMhMW0yITFzMHg0NzE2NTk5MTJhNzQzNmNiJTNBMHg2MTlmODFkOTMyN2EwYWQ5ITJzQ3JhY293K1Nob290aW5nK0FjYWRlbXkhNWUwITNtMiExc3BsITJzcGwhNHYxNTMyNzg1OTMwMzU0IiB3aWR0aD0iMjAwMCIgaGVpZ2h0PSIzNTAiIGZyYW1lYm9yZGVyPSIwIiBzdHlsZT0iYm9yZGVyOjAiIGFsbG93ZnVsbHNjcmVlbj0iIj48L2lmcmFtZT4=[\/vc_raw_html]<\/div><\/div><\/div><\/div><\/div><\/section>\n","protected":false},"excerpt":{"rendered":"GUTSCHEIN\/GESCHENKGUTSCHEIN F\u00dcR UNSEREN SCHIE\u00dfSTAND IN KRAKAUWIR BIETEN GESCHENKGUTSCHEINE AN Der Geschenkgutschein f\u00fcr unseren Schie\u00dfstand in Krakau ist ein perfektes Geschenk zu Weihnachten, zum Geburtstag oder zu jedem anderen Anlass, wenn Sie jemandem ein unvergessliches und ungew\u00f6hnliches Geschenk machen m\u00f6chten, an das sich der Empf\u00e4nger noch lange erinnern wird. GUTSCHEIN KAUFENPRZED\u0141U\u017b BONEin Schie\u00dfstand-Gutschein\/Bonus ist ein einzigartiges...","protected":false},"author":1,"featured_media":0,"parent":0,"menu_order":5,"comment_status":"closed","ping_status":"closed","template":"","meta":{"powered_cache_disable_cache":false},"acf":[],"yoast_head":"<!-- This site is optimized with the Yoast SEO plugin v20.6 - https:\/\/yoast.com\/wordpress\/plugins\/seo\/ -->\n<title>Gutschein\/Geschenkgutschein f\u00fcr unseren Schie\u00dfstand in Krakau.<\/title>\n<meta name=\"description\" content=\"Gutschein\/Geschenkgutschein f\u00fcr unseren Schie\u00dfstand in Krakau ist eine einzigartige Geschenkidee f\u00fcr jeden Anlass. Wir stellen Gutscheine\/Gutscheine f\u00fcr jedes Schie\u00dfpaket aus.\" \/>\n<meta name=\"robots\" content=\"index, follow, max-snippet:-1, max-image-preview:large, max-video-preview:-1\" \/>\n<link rel=\"canonical\" href=\"https:\/\/www.shootingcracow.com\/de\/geschenk-gutschein\/\" \/>\n<meta property=\"og:locale\" content=\"de_DE\" \/>\n<meta property=\"og:type\" content=\"article\" \/>\n<meta property=\"og:title\" content=\"Gutschein\/Geschenkgutschein f\u00fcr unseren Schie\u00dfstand in Krakau.\" \/>\n<meta property=\"og:description\" content=\"Gutschein\/Geschenkgutschein f\u00fcr unseren Schie\u00dfstand in Krakau ist eine einzigartige Geschenkidee f\u00fcr jeden Anlass. Wir stellen Gutscheine\/Gutscheine f\u00fcr jedes Schie\u00dfpaket aus.\" \/>\n<meta property=\"og:url\" content=\"https:\/\/www.shootingcracow.com\/de\/geschenk-gutschein\/\" \/>\n<meta property=\"og:site_name\" content=\"Shooting Cracow\" \/>\n<meta property=\"article:publisher\" content=\"https:\/\/www.facebook.com\/shootingcracow\" \/>\n<meta property=\"article:modified_time\" content=\"2026-03-12T12:42:38+00:00\" \/>\n<meta property=\"og:image\" content=\"https:\/\/www.shootingcracow.com\/wp-content\/uploads\/2020\/03\/IMG_7320.jpg\" \/>\n\t<meta property=\"og:image:width\" content=\"1200\" \/>\n\t<meta property=\"og:image:height\" content=\"800\" \/>\n\t<meta property=\"og:image:type\" content=\"image\/jpeg\" \/>\n<meta name=\"twitter:card\" content=\"summary_large_image\" \/>\n<meta name=\"twitter:label1\" content=\"Gesch\u00e4tzte Lesezeit\" \/>\n\t<meta name=\"twitter:data1\" content=\"4\u00a0Minuten\" \/>\n<script type=\"application\/ld+json\" class=\"yoast-schema-graph\">{\"@context\":\"https:\/\/schema.org\",\"@graph\":[{\"@type\":\"WebPage\",\"@id\":\"https:\/\/www.shootingcracow.com\/de\/geschenk-gutschein\/\",\"url\":\"https:\/\/www.shootingcracow.com\/de\/geschenk-gutschein\/\",\"name\":\"Gutschein\/Geschenkgutschein f\u00fcr unseren Schie\u00dfstand in Krakau.\",\"isPartOf\":{\"@id\":\"https:\/\/www.shootingcracow.com\/de\/#website\"},\"datePublished\":\"2020-03-06T22:48:18+00:00\",\"dateModified\":\"2026-03-12T12:42:38+00:00\",\"description\":\"Gutschein\/Geschenkgutschein f\u00fcr unseren Schie\u00dfstand in Krakau ist eine einzigartige Geschenkidee f\u00fcr jeden Anlass. Wir stellen Gutscheine\/Gutscheine f\u00fcr jedes Schie\u00dfpaket aus.\",\"breadcrumb\":{\"@id\":\"https:\/\/www.shootingcracow.com\/de\/geschenk-gutschein\/#breadcrumb\"},\"inLanguage\":\"de\",\"potentialAction\":[{\"@type\":\"ReadAction\",\"target\":[\"https:\/\/www.shootingcracow.com\/de\/geschenk-gutschein\/\"]}]},{\"@type\":\"BreadcrumbList\",\"@id\":\"https:\/\/www.shootingcracow.com\/de\/geschenk-gutschein\/#breadcrumb\",\"itemListElement\":[{\"@type\":\"ListItem\",\"position\":1,\"name\":\"Strona g\u0142\u00f3wna\",\"item\":\"https:\/\/www.shootingcracow.com\/de\/homepage\/\"},{\"@type\":\"ListItem\",\"position\":2,\"name\":\"Geschenk-Gutschein\"}]},{\"@type\":\"WebSite\",\"@id\":\"https:\/\/www.shootingcracow.com\/de\/#website\",\"url\":\"https:\/\/www.shootingcracow.com\/de\/\",\"name\":\"Shooting Cracow\",\"description\":\"\",\"potentialAction\":[{\"@type\":\"SearchAction\",\"target\":{\"@type\":\"EntryPoint\",\"urlTemplate\":\"https:\/\/www.shootingcracow.com\/de\/?s={search_term_string}\"},\"query-input\":\"required name=search_term_string\"}],\"inLanguage\":\"de\"}]}<\/script>\n<!-- \/ Yoast SEO plugin. -->","yoast_head_json":{"title":"Gutschein\/Geschenkgutschein f\u00fcr unseren Schie\u00dfstand in Krakau.","description":"Gutschein\/Geschenkgutschein f\u00fcr unseren Schie\u00dfstand in Krakau ist eine einzigartige Geschenkidee f\u00fcr jeden Anlass. Wir stellen Gutscheine\/Gutscheine f\u00fcr jedes Schie\u00dfpaket aus.","robots":{"index":"index","follow":"follow","max-snippet":"max-snippet:-1","max-image-preview":"max-image-preview:large","max-video-preview":"max-video-preview:-1"},"canonical":"https:\/\/www.shootingcracow.com\/de\/geschenk-gutschein\/","og_locale":"de_DE","og_type":"article","og_title":"Gutschein\/Geschenkgutschein f\u00fcr unseren Schie\u00dfstand in Krakau.","og_description":"Gutschein\/Geschenkgutschein f\u00fcr unseren Schie\u00dfstand in Krakau ist eine einzigartige Geschenkidee f\u00fcr jeden Anlass. Wir stellen Gutscheine\/Gutscheine f\u00fcr jedes Schie\u00dfpaket aus.","og_url":"https:\/\/www.shootingcracow.com\/de\/geschenk-gutschein\/","og_site_name":"Shooting Cracow","article_publisher":"https:\/\/www.facebook.com\/shootingcracow","article_modified_time":"2026-03-12T12:42:38+00:00","og_image":[{"width":1200,"height":800,"url":"https:\/\/www.shootingcracow.com\/wp-content\/uploads\/2020\/03\/IMG_7320.jpg","type":"image\/jpeg"}],"twitter_card":"summary_large_image","twitter_misc":{"Gesch\u00e4tzte Lesezeit":"4\u00a0Minuten"},"schema":{"@context":"https:\/\/schema.org","@graph":[{"@type":"WebPage","@id":"https:\/\/www.shootingcracow.com\/de\/geschenk-gutschein\/","url":"https:\/\/www.shootingcracow.com\/de\/geschenk-gutschein\/","name":"Gutschein\/Geschenkgutschein f\u00fcr unseren Schie\u00dfstand in Krakau.","isPartOf":{"@id":"https:\/\/www.shootingcracow.com\/de\/#website"},"datePublished":"2020-03-06T22:48:18+00:00","dateModified":"2026-03-12T12:42:38+00:00","description":"Gutschein\/Geschenkgutschein f\u00fcr unseren Schie\u00dfstand in Krakau ist eine einzigartige Geschenkidee f\u00fcr jeden Anlass. Wir stellen Gutscheine\/Gutscheine f\u00fcr jedes Schie\u00dfpaket aus.","breadcrumb":{"@id":"https:\/\/www.shootingcracow.com\/de\/geschenk-gutschein\/#breadcrumb"},"inLanguage":"de","potentialAction":[{"@type":"ReadAction","target":["https:\/\/www.shootingcracow.com\/de\/geschenk-gutschein\/"]}]},{"@type":"BreadcrumbList","@id":"https:\/\/www.shootingcracow.com\/de\/geschenk-gutschein\/#breadcrumb","itemListElement":[{"@type":"ListItem","position":1,"name":"Strona g\u0142\u00f3wna","item":"https:\/\/www.shootingcracow.com\/de\/homepage\/"},{"@type":"ListItem","position":2,"name":"Geschenk-Gutschein"}]},{"@type":"WebSite","@id":"https:\/\/www.shootingcracow.com\/de\/#website","url":"https:\/\/www.shootingcracow.com\/de\/","name":"Shooting Cracow","description":"","potentialAction":[{"@type":"SearchAction","target":{"@type":"EntryPoint","urlTemplate":"https:\/\/www.shootingcracow.com\/de\/?s={search_term_string}"},"query-input":"required name=search_term_string"}],"inLanguage":"de"}]}},"_links":{"self":[{"href":"https:\/\/www.shootingcracow.com\/de\/wp-json\/wp\/v2\/pages\/3949"}],"collection":[{"href":"https:\/\/www.shootingcracow.com\/de\/wp-json\/wp\/v2\/pages"}],"about":[{"href":"https:\/\/www.shootingcracow.com\/de\/wp-json\/wp\/v2\/types\/page"}],"author":[{"embeddable":true,"href":"https:\/\/www.shootingcracow.com\/de\/wp-json\/wp\/v2\/users\/1"}],"replies":[{"embeddable":true,"href":"https:\/\/www.shootingcracow.com\/de\/wp-json\/wp\/v2\/comments?post=3949"}],"version-history":[{"count":0,"href":"https:\/\/www.shootingcracow.com\/de\/wp-json\/wp\/v2\/pages\/3949\/revisions"}],"wp:attachment":[{"href":"https:\/\/www.shootingcracow.com\/de\/wp-json\/wp\/v2\/media?parent=3949"}],"curies":[{"name":"wp","href":"https:\/\/api.w.org\/{rel}","templated":true}]}}