{"id":3896,"date":"2020-06-03T13:59:57","date_gmt":"2020-06-03T11:59:57","guid":{"rendered":"https:\/\/www.shootingcracow.com\/ausbildung\/"},"modified":"2024-05-18T21:20:03","modified_gmt":"2024-05-18T19:20:03","slug":"ausbildung","status":"publish","type":"page","link":"https:\/\/www.shootingcracow.com\/de\/angebot\/ausbildung\/","title":{"rendered":"Ausbildung"},"content":{"rendered":"<section class=\"l-section wpb_row us_custom_6d54c28f height_medium\"><div class=\"l-section-h i-cf\"><div class=\"g-cols vc_row via_flex valign_top type_default stacking_default\"><div class=\"vc_col-sm-12 wpb_column vc_column_container\"><div class=\"vc_column-inner\"><div class=\"wpb_wrapper\"><div id=\"ultimate-heading-754169f719a511b36\" class=\"uvc-heading ult-adjust-bottom-margin ultimate-heading-754169f719a511b36 uvc-3217 \" data-hspacer=\"no_spacer\" data-halign=\"center\" style=\"text-align:center\"><div class=\"uvc-heading-spacer no_spacer\" style=\"top\"><\/div><div class=\"uvc-main-heading ult-responsive\" data-ultimate-target=\".uvc-heading.ultimate-heading-754169f719a511b36 h1\" data-responsive-json-new=\"{&quot;font-size&quot;:&quot;&quot;,&quot;line-height&quot;:&quot;&quot;}\"><h1 style=\"font-family:&#039;Oswald&#039;;font-weight:500;color:#ffffff;\">SCHIE\u00dfTRAINING, SCHIE\u00dfEN LERNEN IN KRAKAU<\/h1><\/div><\/div><\/div><\/div><\/div><\/div><\/div><\/section><section class=\"l-section wpb_row height_small\"><div class=\"l-section-h i-cf\"><div class=\"g-cols vc_row via_flex valign_top type_default stacking_default\"><div class=\"vc_col-sm-12 wpb_column vc_column_container\"><div class=\"vc_column-inner\"><div class=\"wpb_wrapper\"><div id=\"ultimate-heading-331169f719a5124c5\" class=\"uvc-heading ult-adjust-bottom-margin ultimate-heading-331169f719a5124c5 uvc-3256 \" data-hspacer=\"line_with_icon\" data-hline_width=\"auto\" data-hicon_type=\"custom\" data-hborder_style=\"solid\" data-hborder_height=\"1\" data-hborder_color=\"#ccc\" data-icon_width=\"48\" data-hfixer=\"10\" data-halign=\"center\" style=\"text-align:center\"><div class=\"uvc-main-heading ult-responsive\" data-ultimate-target=\".uvc-heading.ultimate-heading-331169f719a5124c5 h3\" data-responsive-json-new=\"{&quot;font-size&quot;:&quot;&quot;,&quot;line-height&quot;:&quot;&quot;}\"><h3 style=\"font-family:&#039;Oswald&#039;;font-weight:300;\">ALLGEMEINE INFORMATIONEN<\/h3><\/div><div class=\"uvc-sub-heading ult-responsive\" data-ultimate-target=\".uvc-heading.ultimate-heading-331169f719a5124c5 .uvc-sub-heading \" data-responsive-json-new=\"{&quot;font-size&quot;:&quot;&quot;,&quot;line-height&quot;:&quot;&quot;}\" style=\"font-weight:normal;\">\n<p style=\"text-align: center;\">Die Cracow Shooting Academy f\u00fchrt Schie\u00dftraining und schie\u00dfen lernen in Krakau im Kampf &#8211; und Abwehrschie\u00dfen sowie im praktischen Abwehrschie\u00dfen durch, in denen Fragen im Zusammenhang mit dem Gebrauch von Schusswaffen in Form von selbstwiederholbaren Pistolen und Karabinern sowie Glattrohrschrotflinten behandelt werden.<\/p>\n<p><strong>Wir bieten sie an:<\/strong><\/p><\/div><div class=\"uvc-heading-spacer line_with_icon\" style=\"margin-top:20px;\"><div class=\"ult-just-icon-wrapper \"><div class=\"align-icon\" style=\"text-align:center;\">\n<div class=\"aio-icon-img \" style=\"font-size:48px;display:inline-block;\">\n\t<noscript><img class=\"img-icon\" alt=\"null\" src=\"https:\/\/www.shootingcracow.com\/wp-content\/uploads\/2020\/03\/guns-312418.svg\"><\/noscript><img class=\"img-icon lazyload\" alt=\"null\" src=\"data:image\/gif;base64,R0lGODlhAQABAIAAAAAAAP\/\/\/yH5BAEAAAAALAAAAAABAAEAAAIBRAA7\" data-src=\"https:\/\/www.shootingcracow.com\/wp-content\/uploads\/2020\/03\/guns-312418.svg\">\n<\/div><\/div><\/div><\/div><\/div><\/div><\/div><\/div><\/div><\/div><\/section><section class=\"l-section wpb_row us_custom_cb3efcb3 height_small\"><div class=\"l-section-h i-cf\"><div class=\"g-cols vc_row via_flex valign_top type_default stacking_default\"><div class=\"vc_col-sm-12 wpb_column vc_column_container\"><div class=\"vc_column-inner\"><div class=\"wpb_wrapper\"><div class=\"w-popup us_custom_42827c34 align_none\"><span class=\"w-popup-trigger type_load\" data-delay=\"0\"><\/span><div class=\"w-popup-overlay\" style=\"background:rgba(0,0,0,0.65);\"><\/div><div class=\"w-popup-wrap\" style=\"--title-color:var(--color-content-heading);--title-bg-color:var(--color-content-bg-alt);--content-color:var(--color-content-text);--content-bg-color:var(--color-content-bg)\"><div class=\"w-popup-box animation_fadeIn closerpos_inside without_title\" style=\"border-radius:5px;width:600px;\"><div class=\"w-popup-box-h\"><div class=\"w-popup-box-content\" style=\"padding:15%;\"><p style=\"text-align: center;\"> TRAINING VOR\u00dcBERGEHEND AUSGESETZT<\/p>\n<\/div><div class=\"w-popup-closer\"><\/div><\/div><\/div><\/div><\/div><div class=\"w-separator size_custom\" style=\"height:20px\"><\/div><div class=\"g-cols wpb_row us_custom_0ed93f04 via_flex valign_top type_default stacking_default\" style=\"--additional-gap:4px;\"><div class=\"vc_col-sm-1\/5 wpb_column vc_column_container has_bg_color\"><div class=\"vc_column-inner us_custom_2d26b5ae\"><div class=\"wpb_wrapper\"><div class=\"ult-just-icon-wrapper \"><div class=\"align-icon\" style=\"text-align:center;\">\n<div class=\"aio-icon-img \" style=\"font-size:28px;display:inline-block;\">\n\t<noscript><img class=\"img-icon\" alt=\"null\" src=\"https:\/\/www.shootingcracow.com\/wp-content\/uploads\/2020\/04\/one-orange.svg\"><\/noscript><img class=\"img-icon lazyload\" alt=\"null\" src=\"data:image\/gif;base64,R0lGODlhAQABAIAAAAAAAP\/\/\/yH5BAEAAAAALAAAAAABAAEAAAIBRAA7\" data-src=\"https:\/\/www.shootingcracow.com\/wp-content\/uploads\/2020\/04\/one-orange.svg\">\n<\/div><\/div><\/div><div class=\"w-separator size_custom\" style=\"height:20px\"><\/div><div class=\"wpb_text_column\"><div class=\"wpb_wrapper\"><p style=\"text-align: center;\"><strong>An Menschen, die ihr Abenteuer mit dem Schie\u00dfen beginnen<\/strong><\/p>\n<\/div><\/div><\/div><\/div><\/div><div class=\"vc_col-sm-1\/5 wpb_column vc_column_container has_bg_color\"><div class=\"vc_column-inner us_custom_2d26b5ae\"><div class=\"wpb_wrapper\"><div class=\"ult-just-icon-wrapper \"><div class=\"align-icon\" style=\"text-align:center;\">\n<div class=\"aio-icon-img \" style=\"font-size:28px;display:inline-block;\">\n\t<noscript><img class=\"img-icon\" alt=\"null\" src=\"https:\/\/www.shootingcracow.com\/wp-content\/uploads\/2020\/04\/two-orange.svg\"><\/noscript><img class=\"img-icon lazyload\" alt=\"null\" src=\"data:image\/gif;base64,R0lGODlhAQABAIAAAAAAAP\/\/\/yH5BAEAAAAALAAAAAABAAEAAAIBRAA7\" data-src=\"https:\/\/www.shootingcracow.com\/wp-content\/uploads\/2020\/04\/two-orange.svg\">\n<\/div><\/div><\/div><div class=\"w-separator size_custom\" style=\"height:20px\"><\/div><div class=\"wpb_text_column\"><div class=\"wpb_wrapper\"><p style=\"text-align: center;\"><strong>Regelm\u00e4\u00dfig ausgebildete Freizeitsch\u00fctzen<\/strong><\/p>\n<\/div><\/div><\/div><\/div><\/div><div class=\"vc_col-sm-1\/5 wpb_column vc_column_container has_bg_color\"><div class=\"vc_column-inner us_custom_2d26b5ae\"><div class=\"wpb_wrapper\"><div class=\"ult-just-icon-wrapper \"><div class=\"align-icon\" style=\"text-align:center;\">\n<div class=\"aio-icon-img \" style=\"font-size:28px;display:inline-block;\">\n\t<noscript><img class=\"img-icon\" alt=\"null\" src=\"https:\/\/www.shootingcracow.com\/wp-content\/uploads\/2020\/04\/three-orange.svg\"><\/noscript><img class=\"img-icon lazyload\" alt=\"null\" src=\"data:image\/gif;base64,R0lGODlhAQABAIAAAAAAAP\/\/\/yH5BAEAAAAALAAAAAABAAEAAAIBRAA7\" data-src=\"https:\/\/www.shootingcracow.com\/wp-content\/uploads\/2020\/04\/three-orange.svg\">\n<\/div><\/div><\/div><div class=\"w-separator size_custom\" style=\"height:20px\"><\/div><div class=\"wpb_text_column\"><div class=\"wpb_wrapper\"><p style=\"text-align: center;\"><strong>Personen mit eigenen Schusswaffen<\/strong><\/p>\n<\/div><\/div><\/div><\/div><\/div><div class=\"vc_col-sm-1\/5 wpb_column vc_column_container has_bg_color\"><div class=\"vc_column-inner us_custom_2d26b5ae\"><div class=\"wpb_wrapper\"><div class=\"ult-just-icon-wrapper \"><div class=\"align-icon\" style=\"text-align:center;\">\n<div class=\"aio-icon-img \" style=\"font-size:28px;display:inline-block;\">\n\t<noscript><img class=\"img-icon\" alt=\"null\" src=\"https:\/\/www.shootingcracow.com\/wp-content\/uploads\/2020\/04\/four-orange.svg\"><\/noscript><img class=\"img-icon lazyload\" alt=\"null\" src=\"data:image\/gif;base64,R0lGODlhAQABAIAAAAAAAP\/\/\/yH5BAEAAAAALAAAAAABAAEAAAIBRAA7\" data-src=\"https:\/\/www.shootingcracow.com\/wp-content\/uploads\/2020\/04\/four-orange.svg\">\n<\/div><\/div><\/div><div class=\"w-separator size_custom\" style=\"height:20px\"><\/div><div class=\"wpb_text_column\"><div class=\"wpb_wrapper\"><p style=\"text-align: center;\"><strong>Uniformiertes Personal<\/strong><br>\n<strong>(Polizei, Armee, Strafvollzugsdienst, Grenzschutz)<\/strong><\/p>\n<\/div><\/div><\/div><\/div><\/div><div class=\"vc_col-sm-1\/5 wpb_column vc_column_container has_bg_color\"><div class=\"vc_column-inner us_custom_2d26b5ae\"><div class=\"wpb_wrapper\"><div class=\"ult-just-icon-wrapper \"><div class=\"align-icon\" style=\"text-align:center;\">\n<div class=\"aio-icon-img \" style=\"font-size:28px;display:inline-block;\">\n\t<noscript><img class=\"img-icon\" alt=\"null\" src=\"https:\/\/www.shootingcracow.com\/wp-content\/uploads\/2020\/04\/fiveorange.svg\"><\/noscript><img class=\"img-icon lazyload\" alt=\"null\" src=\"data:image\/gif;base64,R0lGODlhAQABAIAAAAAAAP\/\/\/yH5BAEAAAAALAAAAAABAAEAAAIBRAA7\" data-src=\"https:\/\/www.shootingcracow.com\/wp-content\/uploads\/2020\/04\/fiveorange.svg\">\n<\/div><\/div><\/div><div class=\"w-separator size_custom\" style=\"height:20px\"><\/div><div class=\"wpb_text_column\"><div class=\"wpb_wrapper\"><p style=\"text-align: center;\"><strong>Sicherheitspersonal<\/strong><\/p>\n<\/div><\/div><\/div><\/div><\/div><\/div><div class=\"w-separator size_custom\" style=\"height:25px\"><\/div><\/div><\/div><\/div><\/div><\/div><\/section><section class=\"l-section wpb_row height_medium color_alternate\"><div class=\"l-section-h i-cf\"><div class=\"g-cols vc_row via_flex valign_top type_default stacking_default\"><div class=\"vc_col-sm-12 wpb_column vc_column_container\"><div class=\"vc_column-inner\"><div class=\"wpb_wrapper\"><div id=\"ultimate-heading-309369f719a515679\" class=\"uvc-heading ult-adjust-bottom-margin ultimate-heading-309369f719a515679 uvc-1716 \" data-hspacer=\"no_spacer\" data-halign=\"center\" style=\"text-align:center\"><div class=\"uvc-heading-spacer no_spacer\" style=\"top\"><\/div><div class=\"uvc-main-heading ult-responsive\" data-ultimate-target=\".uvc-heading.ultimate-heading-309369f719a515679 h2\" data-responsive-json-new=\"{&quot;font-size&quot;:&quot;&quot;,&quot;line-height&quot;:&quot;&quot;}\"><h2 style=\"font-family:&#039;Oswald&#039;;font-weight:500;\">AUSBILDUNGSPROGRAMM<\/h2><\/div><\/div><div class=\"w-separator size_custom\" style=\"height:40px\"><\/div><div class=\"g-cols wpb_row us_custom_41843a68 via_flex valign_top type_default stacking_default\"><div class=\"vc_col-sm-6 wpb_column vc_column_container\"><div class=\"vc_column-inner us_custom_7a4fe090\"><div class=\"wpb_wrapper\"><div class=\"w-image align_none\"><div class=\"w-image-h\"><noscript><img width=\"1024\" height=\"685\" src=\"https:\/\/www.shootingcracow.com\/wp-content\/uploads\/2020\/04\/bigstock-machine-gun.jpg\" class=\"attachment-large size-large\" alt decoding=\"async\" srcset=\"https:\/\/www.shootingcracow.com\/wp-content\/uploads\/2020\/04\/bigstock-machine-gun.jpg 1024w, https:\/\/www.shootingcracow.com\/wp-content\/uploads\/2020\/04\/bigstock-machine-gun-300x201.jpg 300w\" sizes=\"(max-width: 1024px) 100vw, 1024px\"><\/noscript><img width=\"1024\" height=\"685\" src=\"data:image\/svg+xml,%3Csvg%20xmlns%3D%22http%3A%2F%2Fwww.w3.org%2F2000%2Fsvg%22%20viewBox%3D%220%200%201024%20685%22%3E%3C%2Fsvg%3E\" class=\"attachment-large size-large lazyload\" alt decoding=\"async\" srcset=\"data:image\/svg+xml,%3Csvg%20xmlns%3D%22http%3A%2F%2Fwww.w3.org%2F2000%2Fsvg%22%20viewBox%3D%220%200%201024%20685%22%3E%3C%2Fsvg%3E 1024w\" sizes=\"(max-width: 1024px) 100vw, 1024px\" data-srcset=\"https:\/\/www.shootingcracow.com\/wp-content\/uploads\/2020\/04\/bigstock-machine-gun.jpg 1024w, https:\/\/www.shootingcracow.com\/wp-content\/uploads\/2020\/04\/bigstock-machine-gun-300x201.jpg 300w\" data-src=\"https:\/\/www.shootingcracow.com\/wp-content\/uploads\/2020\/04\/bigstock-machine-gun.jpg\"><\/div><\/div><div class=\"w-separator size_custom\" style=\"height:29px\"><\/div><div id=\"ultimate-heading-686269f719a5162b7\" class=\"uvc-heading ult-adjust-bottom-margin ultimate-heading-686269f719a5162b7 uvc-4070 \" data-hspacer=\"no_spacer\" data-halign=\"center\" style=\"text-align:center\"><div class=\"uvc-heading-spacer no_spacer\" style=\"top\"><\/div><div class=\"uvc-main-heading ult-responsive\" data-ultimate-target=\".uvc-heading.ultimate-heading-686269f719a5162b7 h3\" data-responsive-json-new=\"{&quot;font-size&quot;:&quot;desktop:20px;&quot;,&quot;line-height&quot;:&quot;&quot;}\"><h3 style=\"font-family:&#039;Oswald&#039;;font-weight:500;\">KAMPFAUSBILDUNG<\/h3><\/div><\/div><div class=\"w-btn-wrapper align_center\"><a class=\"w-btn us-btn-style_1 icon_atleft\" title=\"KAMPFAUSBILDUNG\" href=\"https:\/\/www.shootingcracow.com\/de\/angebot\/ausbildung\/kampftraining\/\"><i class=\"far fa-calendar-alt\"><\/i><span class=\"w-btn-label\">AUSBILDUNGSPROGRAMM<\/span><\/a><\/div><\/div><\/div><\/div><div class=\"vc_col-sm-6 wpb_column vc_column_container\"><div class=\"vc_column-inner\"><div class=\"wpb_wrapper\"><div class=\"w-image align_none\"><div class=\"w-image-h\"><noscript><img width=\"1024\" height=\"683\" src=\"https:\/\/www.shootingcracow.com\/wp-content\/uploads\/2020\/04\/Bartosz-Zakrzewski.jpg\" class=\"attachment-large size-large\" alt decoding=\"async\" srcset=\"https:\/\/www.shootingcracow.com\/wp-content\/uploads\/2020\/04\/Bartosz-Zakrzewski.jpg 1024w, https:\/\/www.shootingcracow.com\/wp-content\/uploads\/2020\/04\/Bartosz-Zakrzewski-300x200.jpg 300w\" sizes=\"(max-width: 1024px) 100vw, 1024px\"><\/noscript><img width=\"1024\" height=\"683\" src=\"data:image\/svg+xml,%3Csvg%20xmlns%3D%22http%3A%2F%2Fwww.w3.org%2F2000%2Fsvg%22%20viewBox%3D%220%200%201024%20683%22%3E%3C%2Fsvg%3E\" class=\"attachment-large size-large lazyload\" alt decoding=\"async\" srcset=\"data:image\/svg+xml,%3Csvg%20xmlns%3D%22http%3A%2F%2Fwww.w3.org%2F2000%2Fsvg%22%20viewBox%3D%220%200%201024%20683%22%3E%3C%2Fsvg%3E 1024w\" sizes=\"(max-width: 1024px) 100vw, 1024px\" data-srcset=\"https:\/\/www.shootingcracow.com\/wp-content\/uploads\/2020\/04\/Bartosz-Zakrzewski.jpg 1024w, https:\/\/www.shootingcracow.com\/wp-content\/uploads\/2020\/04\/Bartosz-Zakrzewski-300x200.jpg 300w\" data-src=\"https:\/\/www.shootingcracow.com\/wp-content\/uploads\/2020\/04\/Bartosz-Zakrzewski.jpg\"><\/div><\/div><div class=\"w-separator size_custom\" style=\"height:29px\"><\/div><div id=\"ultimate-heading-941669f719a516acf\" class=\"uvc-heading ult-adjust-bottom-margin ultimate-heading-941669f719a516acf uvc-7064 \" data-hspacer=\"no_spacer\" data-halign=\"center\" style=\"text-align:center\"><div class=\"uvc-heading-spacer no_spacer\" style=\"top\"><\/div><div class=\"uvc-main-heading ult-responsive\" data-ultimate-target=\".uvc-heading.ultimate-heading-941669f719a516acf h3\" data-responsive-json-new=\"{&quot;font-size&quot;:&quot;desktop:20px;&quot;,&quot;line-height&quot;:&quot;&quot;}\"><h3 style=\"font-family:&#039;Oswald&#039;;font-weight:500;\">SPORT UND DYNAMISCHES TRAINING<\/h3><\/div><\/div><div class=\"w-btn-wrapper align_center\"><a class=\"w-btn us-btn-style_1 icon_atleft\" title=\"sport-und-dynamisches-training\" href=\"https:\/\/www.shootingcracow.com\/de\/angebot\/ausbildung\/sportkurs-und-dynamisches-schiessen\/\"><i class=\"far fa-calendar-alt\"><\/i><span class=\"w-btn-label\">AUSBILDUNGSPROGRAMM<\/span><\/a><\/div><\/div><\/div><\/div><\/div><\/div><\/div><\/div><\/div><\/div><\/section><section class=\"l-section wpb_row us_custom_0c54ba39 height_medium width_full\"><div class=\"l-section-h i-cf\"><div class=\"g-cols vc_row via_flex valign_top type_default stacking_default\"><div class=\"vc_col-sm-12 wpb_column vc_column_container\"><div class=\"vc_column-inner\"><div class=\"wpb_wrapper\"><div class=\"w-actionbox us_custom_a86d61b4 action-box-blok has_text_color color_light controls_bottom\"><div class=\"w-actionbox-text\"><h4 class=\"w-actionbox-title\">BITTE KONTAKTIEREN SIE UNS, UM DETAILS ZU BESPRECHEN<\/h4><\/div><div class=\"w-actionbox-controls\"><a class=\"w-btn us-btn-style_1 icon_atleft\" title=\"kontakt\" href=\"https:\/\/www.shootingcracow.com\/de\/kontakt\/\" style=\"font-size:18px;\"><i class=\"far fa-play\"><\/i><span class=\"w-btn-label\">kontakt<\/span><\/a><a class=\"w-btn us-btn-style_1\" title=\"Preisliste\" href=\"https:\/\/www.shootingcracow.com\/de\/preisliste\/\" style=\"font-size:18px;\"><span class=\"w-btn-label\">PAKETE<\/span><\/a><\/div><\/div><\/div><\/div><\/div><\/div><\/div><\/section><section class=\"l-section wpb_row us_custom_9d21f858 height_medium width_full\"><div class=\"l-section-h i-cf\"><div class=\"g-cols vc_row via_flex valign_top type_default stacking_default\"><div class=\"vc_col-sm-12 wpb_column vc_column_container\"><div class=\"vc_column-inner\"><div class=\"wpb_wrapper\">[vc_raw_html el_class=&#8220;google-maps&#8220; css=&#8220;%7B%22default%22%3A%7B%22line-height%22%3A%220%22%2C%22margin-bottom%22%3A%220%22%2C%22padding-bottom%22%3A%220%22%7D%7D&#8220;]PGlmcmFtZSBzcmM9Imh0dHBzOi8vd3d3Lmdvb2dsZS5jb20vbWFwcy9lbWJlZD9wYj0hMW0xOCExbTEyITFtMyExZDI1NTkuMDUzMTczNzg5NDQhMmQxOS44NjI1NTk2MTU5NzM0NiEzZDUwLjEwNDAxMTY3OTQyOTE2ITJtMyExZjAhMmYwITNmMCEzbTIhMWkxMDI0ITJpNzY4ITRmMTMuMSEzbTMhMW0yITFzMHg0NzE2NTk5MTJhNzQzNmNiJTNBMHg2MTlmODFkOTMyN2EwYWQ5ITJzQ3JhY293K1Nob290aW5nK0FjYWRlbXkhNWUwITNtMiExc3BsITJzcGwhNHYxNTMyNzg1OTMwMzU0IiB3aWR0aD0iMjAwMCIgaGVpZ2h0PSIzNTAiIGZyYW1lYm9yZGVyPSIwIiBzdHlsZT0iYm9yZGVyOjAiIGFsbG93ZnVsbHNjcmVlbj0iIj48L2lmcmFtZT4=[\/vc_raw_html]<\/div><\/div><\/div><\/div><\/div><\/section>\n","protected":false},"excerpt":{"rendered":"SCHIE\u00dfTRAINING, SCHIE\u00dfEN LERNEN IN KRAKAUALLGEMEINE INFORMATIONEN Die Cracow Shooting Academy f\u00fchrt Schie\u00dftraining und schie\u00dfen lernen in Krakau im Kampf - und Abwehrschie\u00dfen sowie im praktischen Abwehrschie\u00dfen durch, in denen Fragen im Zusammenhang mit dem Gebrauch von Schusswaffen in Form von selbstwiederholbaren Pistolen und Karabinern sowie Glattrohrschrotflinten behandelt werden. Wir bieten sie an: TRAINING VOR\u00dcBERGEHEND AUSGESETZT...","protected":false},"author":1,"featured_media":0,"parent":3957,"menu_order":0,"comment_status":"closed","ping_status":"closed","template":"","meta":{"powered_cache_disable_cache":false},"acf":[],"yoast_head":"<!-- This site is optimized with the Yoast SEO plugin v20.6 - https:\/\/yoast.com\/wordpress\/plugins\/seo\/ -->\n<title>Schie\u00dftraining, schie\u00dfen lernen in Krakau<\/title>\n<meta name=\"description\" content=\"We bieden een cursus vuurwapen schieten aan. Es werden Trainings im Bereich des Kampf - und Abwehrschie\u00dfens und des sportlich-dynamischen Schie\u00dfens durchgef\u00fchrt.\" \/>\n<meta name=\"robots\" content=\"index, follow, max-snippet:-1, max-image-preview:large, max-video-preview:-1\" \/>\n<link rel=\"canonical\" href=\"https:\/\/www.shootingcracow.com\/de\/angebot\/ausbildung\/\" \/>\n<meta property=\"og:locale\" content=\"de_DE\" \/>\n<meta property=\"og:type\" content=\"article\" \/>\n<meta property=\"og:title\" content=\"Schie\u00dftraining, schie\u00dfen lernen in Krakau\" \/>\n<meta property=\"og:description\" content=\"We bieden een cursus vuurwapen schieten aan. Es werden Trainings im Bereich des Kampf - und Abwehrschie\u00dfens und des sportlich-dynamischen Schie\u00dfens durchgef\u00fchrt.\" \/>\n<meta property=\"og:url\" content=\"https:\/\/www.shootingcracow.com\/de\/angebot\/ausbildung\/\" \/>\n<meta property=\"og:site_name\" content=\"Shooting Cracow\" \/>\n<meta property=\"article:publisher\" content=\"https:\/\/www.facebook.com\/shootingcracow\" \/>\n<meta property=\"article:modified_time\" content=\"2024-05-18T19:20:03+00:00\" \/>\n<meta property=\"og:image\" content=\"https:\/\/www.shootingcracow.com\/wp-content\/uploads\/2020\/03\/IMG_7320.jpg\" \/>\n\t<meta property=\"og:image:width\" content=\"1200\" \/>\n\t<meta property=\"og:image:height\" content=\"800\" \/>\n\t<meta property=\"og:image:type\" content=\"image\/jpeg\" \/>\n<meta name=\"twitter:card\" content=\"summary_large_image\" \/>\n<meta name=\"twitter:label1\" content=\"Gesch\u00e4tzte Lesezeit\" \/>\n\t<meta name=\"twitter:data1\" content=\"7\u00a0Minuten\" \/>\n<script type=\"application\/ld+json\" class=\"yoast-schema-graph\">{\"@context\":\"https:\/\/schema.org\",\"@graph\":[{\"@type\":\"WebPage\",\"@id\":\"https:\/\/www.shootingcracow.com\/de\/angebot\/ausbildung\/\",\"url\":\"https:\/\/www.shootingcracow.com\/de\/angebot\/ausbildung\/\",\"name\":\"Schie\u00dftraining, schie\u00dfen lernen in Krakau\",\"isPartOf\":{\"@id\":\"https:\/\/www.shootingcracow.com\/de\/#website\"},\"datePublished\":\"2020-06-03T11:59:57+00:00\",\"dateModified\":\"2024-05-18T19:20:03+00:00\",\"description\":\"We bieden een cursus vuurwapen schieten aan. Es werden Trainings im Bereich des Kampf - und Abwehrschie\u00dfens und des sportlich-dynamischen Schie\u00dfens durchgef\u00fchrt.\",\"breadcrumb\":{\"@id\":\"https:\/\/www.shootingcracow.com\/de\/angebot\/ausbildung\/#breadcrumb\"},\"inLanguage\":\"de\",\"potentialAction\":[{\"@type\":\"ReadAction\",\"target\":[\"https:\/\/www.shootingcracow.com\/de\/angebot\/ausbildung\/\"]}]},{\"@type\":\"BreadcrumbList\",\"@id\":\"https:\/\/www.shootingcracow.com\/de\/angebot\/ausbildung\/#breadcrumb\",\"itemListElement\":[{\"@type\":\"ListItem\",\"position\":1,\"name\":\"Strona g\u0142\u00f3wna\",\"item\":\"https:\/\/www.shootingcracow.com\/de\/homepage\/\"},{\"@type\":\"ListItem\",\"position\":2,\"name\":\"Angebot\",\"item\":\"https:\/\/www.shootingcracow.com\/de\/angebot\/\"},{\"@type\":\"ListItem\",\"position\":3,\"name\":\"Ausbildung\"}]},{\"@type\":\"WebSite\",\"@id\":\"https:\/\/www.shootingcracow.com\/de\/#website\",\"url\":\"https:\/\/www.shootingcracow.com\/de\/\",\"name\":\"Shooting Cracow\",\"description\":\"\",\"potentialAction\":[{\"@type\":\"SearchAction\",\"target\":{\"@type\":\"EntryPoint\",\"urlTemplate\":\"https:\/\/www.shootingcracow.com\/de\/?s={search_term_string}\"},\"query-input\":\"required name=search_term_string\"}],\"inLanguage\":\"de\"}]}<\/script>\n<!-- \/ Yoast SEO plugin. -->","yoast_head_json":{"title":"Schie\u00dftraining, schie\u00dfen lernen in Krakau","description":"We bieden een cursus vuurwapen schieten aan. Es werden Trainings im Bereich des Kampf - und Abwehrschie\u00dfens und des sportlich-dynamischen Schie\u00dfens durchgef\u00fchrt.","robots":{"index":"index","follow":"follow","max-snippet":"max-snippet:-1","max-image-preview":"max-image-preview:large","max-video-preview":"max-video-preview:-1"},"canonical":"https:\/\/www.shootingcracow.com\/de\/angebot\/ausbildung\/","og_locale":"de_DE","og_type":"article","og_title":"Schie\u00dftraining, schie\u00dfen lernen in Krakau","og_description":"We bieden een cursus vuurwapen schieten aan. Es werden Trainings im Bereich des Kampf - und Abwehrschie\u00dfens und des sportlich-dynamischen Schie\u00dfens durchgef\u00fchrt.","og_url":"https:\/\/www.shootingcracow.com\/de\/angebot\/ausbildung\/","og_site_name":"Shooting Cracow","article_publisher":"https:\/\/www.facebook.com\/shootingcracow","article_modified_time":"2024-05-18T19:20:03+00:00","og_image":[{"width":1200,"height":800,"url":"https:\/\/www.shootingcracow.com\/wp-content\/uploads\/2020\/03\/IMG_7320.jpg","type":"image\/jpeg"}],"twitter_card":"summary_large_image","twitter_misc":{"Gesch\u00e4tzte Lesezeit":"7\u00a0Minuten"},"schema":{"@context":"https:\/\/schema.org","@graph":[{"@type":"WebPage","@id":"https:\/\/www.shootingcracow.com\/de\/angebot\/ausbildung\/","url":"https:\/\/www.shootingcracow.com\/de\/angebot\/ausbildung\/","name":"Schie\u00dftraining, schie\u00dfen lernen in Krakau","isPartOf":{"@id":"https:\/\/www.shootingcracow.com\/de\/#website"},"datePublished":"2020-06-03T11:59:57+00:00","dateModified":"2024-05-18T19:20:03+00:00","description":"We bieden een cursus vuurwapen schieten aan. Es werden Trainings im Bereich des Kampf - und Abwehrschie\u00dfens und des sportlich-dynamischen Schie\u00dfens durchgef\u00fchrt.","breadcrumb":{"@id":"https:\/\/www.shootingcracow.com\/de\/angebot\/ausbildung\/#breadcrumb"},"inLanguage":"de","potentialAction":[{"@type":"ReadAction","target":["https:\/\/www.shootingcracow.com\/de\/angebot\/ausbildung\/"]}]},{"@type":"BreadcrumbList","@id":"https:\/\/www.shootingcracow.com\/de\/angebot\/ausbildung\/#breadcrumb","itemListElement":[{"@type":"ListItem","position":1,"name":"Strona g\u0142\u00f3wna","item":"https:\/\/www.shootingcracow.com\/de\/homepage\/"},{"@type":"ListItem","position":2,"name":"Angebot","item":"https:\/\/www.shootingcracow.com\/de\/angebot\/"},{"@type":"ListItem","position":3,"name":"Ausbildung"}]},{"@type":"WebSite","@id":"https:\/\/www.shootingcracow.com\/de\/#website","url":"https:\/\/www.shootingcracow.com\/de\/","name":"Shooting Cracow","description":"","potentialAction":[{"@type":"SearchAction","target":{"@type":"EntryPoint","urlTemplate":"https:\/\/www.shootingcracow.com\/de\/?s={search_term_string}"},"query-input":"required name=search_term_string"}],"inLanguage":"de"}]}},"_links":{"self":[{"href":"https:\/\/www.shootingcracow.com\/de\/wp-json\/wp\/v2\/pages\/3896"}],"collection":[{"href":"https:\/\/www.shootingcracow.com\/de\/wp-json\/wp\/v2\/pages"}],"about":[{"href":"https:\/\/www.shootingcracow.com\/de\/wp-json\/wp\/v2\/types\/page"}],"author":[{"embeddable":true,"href":"https:\/\/www.shootingcracow.com\/de\/wp-json\/wp\/v2\/users\/1"}],"replies":[{"embeddable":true,"href":"https:\/\/www.shootingcracow.com\/de\/wp-json\/wp\/v2\/comments?post=3896"}],"version-history":[{"count":0,"href":"https:\/\/www.shootingcracow.com\/de\/wp-json\/wp\/v2\/pages\/3896\/revisions"}],"up":[{"embeddable":true,"href":"https:\/\/www.shootingcracow.com\/de\/wp-json\/wp\/v2\/pages\/3957"}],"wp:attachment":[{"href":"https:\/\/www.shootingcracow.com\/de\/wp-json\/wp\/v2\/media?parent=3896"}],"curies":[{"name":"wp","href":"https:\/\/api.w.org\/{rel}","templated":true}]}}