{"id":3892,"date":"2020-06-03T13:46:15","date_gmt":"2020-06-03T11:46:15","guid":{"rendered":"https:\/\/www.shootingcracow.com\/geburtstag\/"},"modified":"2020-10-14T09:11:53","modified_gmt":"2020-10-14T07:11:53","slug":"geburtstag","status":"publish","type":"page","link":"https:\/\/www.shootingcracow.com\/de\/angebot\/geburtstag\/","title":{"rendered":"Geburtstag"},"content":{"rendered":"<section class=\"l-section wpb_row us_custom_6d54c28f height_medium\"><div class=\"l-section-h i-cf\"><div class=\"g-cols vc_row via_flex valign_top type_default stacking_default\"><div class=\"vc_col-sm-12 wpb_column vc_column_container\"><div class=\"vc_column-inner\"><div class=\"wpb_wrapper\"><div id=\"ultimate-heading-128069f707c7e55d4\" class=\"uvc-heading ult-adjust-bottom-margin ultimate-heading-128069f707c7e55d4 uvc-9106 \" data-hspacer=\"no_spacer\" data-halign=\"center\" style=\"text-align:center\"><div class=\"uvc-heading-spacer no_spacer\" style=\"top\"><\/div><div class=\"uvc-main-heading ult-responsive\" data-ultimate-target=\".uvc-heading.ultimate-heading-128069f707c7e55d4 h1\" data-responsive-json-new=\"{&quot;font-size&quot;:&quot;&quot;,&quot;line-height&quot;:&quot;&quot;}\"><h1 style=\"font-family:&#039;Oswald&#039;;font-weight:500;color:#ffffff;\">GEBURTSTAGSPARTY, GEBURTSTAGSFEIER IN KRAKAU<\/h1><\/div><\/div><\/div><\/div><\/div><\/div><\/div><\/section><section class=\"l-section wpb_row height_small\"><div class=\"l-section-h i-cf\"><div class=\"g-cols vc_row via_flex valign_top type_default stacking_default\"><div class=\"vc_col-sm-12 wpb_column vc_column_container\"><div class=\"vc_column-inner\"><div class=\"wpb_wrapper\"><div id=\"ultimate-heading-276669f707c7e6047\" class=\"uvc-heading ult-adjust-bottom-margin ultimate-heading-276669f707c7e6047 uvc-8588 \" data-hspacer=\"line_with_icon\" data-hline_width=\"auto\" data-hicon_type=\"custom\" data-hborder_style=\"solid\" data-hborder_height=\"1\" data-hborder_color=\"#ccc\" data-icon_width=\"48\" data-hfixer=\"10\" data-halign=\"center\" style=\"text-align:center\"><div class=\"uvc-main-heading ult-responsive\" data-ultimate-target=\".uvc-heading.ultimate-heading-276669f707c7e6047 h2\" data-responsive-json-new=\"{&quot;font-size&quot;:&quot;&quot;,&quot;line-height&quot;:&quot;&quot;}\"><h2 style=\"font-family:&#039;Oswald&#039;;font-weight:300;\">EINE GEBURTSTAGSFEIER IN KRAKAU AUF DEM SCHIE\u00dfSTAND<\/h2><\/div><div class=\"uvc-sub-heading ult-responsive\" data-ultimate-target=\".uvc-heading.ultimate-heading-276669f707c7e6047 .uvc-sub-heading \" data-responsive-json-new=\"{&quot;font-size&quot;:&quot;&quot;,&quot;line-height&quot;:&quot;&quot;}\" style=\"font-weight:normal;\">\n<p style=\"text-align: center;\">Sind Sie es leid, Ihren Geburtstagsfeier zu langweilen? Wollen Sie sich selbst oder jemandem, der Ihnen nahe steht, eine ungew\u00f6hnliche \u00dcberraschung bereiten?<\/p>\n<\/div><div class=\"uvc-heading-spacer line_with_icon\" style=\"margin-top:20px;\"><div class=\"ult-just-icon-wrapper \"><div class=\"align-icon\" style=\"text-align:center;\">\n<div class=\"aio-icon-img \" style=\"font-size:48px;display:inline-block;\">\n\t<noscript><img class=\"img-icon\" alt=\"null\" src=\"https:\/\/www.shootingcracow.com\/wp-content\/uploads\/2020\/03\/guns-312418.svg\"><\/noscript><img class=\"img-icon lazyload\" alt=\"null\" src=\"data:image\/gif;base64,R0lGODlhAQABAIAAAAAAAP\/\/\/yH5BAEAAAAALAAAAAABAAEAAAIBRAA7\" data-src=\"https:\/\/www.shootingcracow.com\/wp-content\/uploads\/2020\/03\/guns-312418.svg\">\n<\/div><\/div><\/div><\/div><\/div><div class=\"w-separator size_custom\" style=\"height:60px\"><\/div><div class=\"g-cols wpb_row us_custom_2c45f91b via_flex valign_top type_default stacking_default\"><div class=\"vc_col-sm-6 wpb_column vc_column_container\"><div class=\"vc_column-inner\"><div class=\"wpb_wrapper\"><div class=\"w-btn-wrapper align_center\"><a class=\"w-btn us-btn-style_1 icon_atleft\" title=\"Preisliste\" href=\"https:\/\/www.shootingcracow.com\/de\/preisliste\/\"><i class=\"far fa-play\"><\/i><span class=\"w-btn-label\">preisliste<\/span><\/a><\/div><\/div><\/div><\/div><div class=\"vc_col-sm-6 wpb_column vc_column_container\"><div class=\"vc_column-inner\"><div class=\"wpb_wrapper\"><div class=\"w-btn-wrapper align_center\"><a class=\"w-btn us-btn-style_1 icon_atleft\" title=\"Pakete\" href=\"https:\/\/www.shootingcracow.com\/de\/kontakt\/\"><i class=\"far fa-play\"><\/i><span class=\"w-btn-label\">Pakete buchen<\/span><\/a><\/div><\/div><\/div><\/div><\/div><\/div><\/div><\/div><\/div><\/div><\/section><section class=\"l-section wpb_row height_medium\"><div class=\"l-section-h i-cf\"><div class=\"g-cols vc_row via_flex valign_top type_default stacking_default\"><div class=\"vc_col-sm-12 wpb_column vc_column_container\"><div class=\"vc_column-inner\"><div class=\"wpb_wrapper\"><div id=\"ultimate-heading-232169f707c7e6e28\" class=\"uvc-heading ult-adjust-bottom-margin ultimate-heading-232169f707c7e6e28 uvc-8338 \" data-hspacer=\"no_spacer\" data-halign=\"center\" style=\"text-align:center\"><div class=\"uvc-heading-spacer no_spacer\" style=\"top\"><\/div><div class=\"uvc-main-heading ult-responsive\" data-ultimate-target=\".uvc-heading.ultimate-heading-232169f707c7e6e28 h3\" data-responsive-json-new=\"{&quot;font-size&quot;:&quot;&quot;,&quot;line-height&quot;:&quot;&quot;}\"><h3 style=\"font-family:&#039;Oswald&#039;;font-weight:500;\">Sie sind an der richtigen Stelle<\/h3><\/div><\/div><div class=\"w-separator size_custom\" style=\"height:20px\"><\/div><div class=\"wpb_text_column us_custom_ea76afbe\"><div class=\"wpb_wrapper\"><p style=\"text-align: center;\">Geburtstagsparty in Krakau auf dem unser Schie\u00dfstand machen nicht nur Spa\u00df, sondern sind unvergessliche Momente, an die Sie sich noch jahrelang erinnern werden.<\/p>\n<\/div><\/div><div class=\"w-separator size_custom\" style=\"height:20px\"><\/div><div class=\"wpb_text_column us_custom_ea76afbe\"><div class=\"wpb_wrapper\"><p style=\"text-align: center;\">Speziell f\u00fcr die Sch\u00fctzen und ihre G\u00e4ste haben wir professionelle Strecken und eine breite Palette an Waffen sowie eine komplette Schie\u00dfausr\u00fcstung vorbereitet.<br>\nWenn Sie m\u00f6chten, k\u00f6nnen Sie gegeneinander antreten und den besten Sch\u00fctzen des Abends w\u00e4hlen.<\/p>\n<\/div><\/div><div class=\"w-separator size_custom\" style=\"height:20px\"><\/div><div class=\"w-image us_custom_2e9da019 align_center\"><div class=\"w-image-h\"><noscript><img width=\"983\" height=\"596\" src=\"https:\/\/www.shootingcracow.com\/wp-content\/uploads\/2020\/05\/img-2018061.jpg\" class=\"attachment-full size-full\" alt decoding=\"async\" srcset=\"https:\/\/www.shootingcracow.com\/wp-content\/uploads\/2020\/05\/img-2018061.jpg 983w, https:\/\/www.shootingcracow.com\/wp-content\/uploads\/2020\/05\/img-2018061-300x182.jpg 300w\" sizes=\"(max-width: 983px) 100vw, 983px\"><\/noscript><img width=\"983\" height=\"596\" src=\"data:image\/svg+xml,%3Csvg%20xmlns%3D%22http%3A%2F%2Fwww.w3.org%2F2000%2Fsvg%22%20viewBox%3D%220%200%20983%20596%22%3E%3C%2Fsvg%3E\" class=\"attachment-full size-full lazyload\" alt decoding=\"async\" srcset=\"data:image\/svg+xml,%3Csvg%20xmlns%3D%22http%3A%2F%2Fwww.w3.org%2F2000%2Fsvg%22%20viewBox%3D%220%200%20983%20596%22%3E%3C%2Fsvg%3E 983w\" sizes=\"(max-width: 983px) 100vw, 983px\" data-srcset=\"https:\/\/www.shootingcracow.com\/wp-content\/uploads\/2020\/05\/img-2018061.jpg 983w, https:\/\/www.shootingcracow.com\/wp-content\/uploads\/2020\/05\/img-2018061-300x182.jpg 300w\" data-src=\"https:\/\/www.shootingcracow.com\/wp-content\/uploads\/2020\/05\/img-2018061.jpg\"><\/div><\/div><div class=\"w-separator size_custom\" style=\"height:20px\"><\/div><div id=\"ultimate-heading-745969f707c7e7c72\" class=\"uvc-heading ult-adjust-bottom-margin ultimate-heading-745969f707c7e7c72 uvc-2318 \" data-hspacer=\"no_spacer\" data-halign=\"center\" style=\"text-align:center\"><div class=\"uvc-heading-spacer no_spacer\" style=\"top\"><\/div><div class=\"uvc-main-heading ult-responsive\" data-ultimate-target=\".uvc-heading.ultimate-heading-745969f707c7e7c72 h3\" data-responsive-json-new=\"{&quot;font-size&quot;:&quot;&quot;,&quot;line-height&quot;:&quot;&quot;}\"><h3 style=\"font-family:&#039;Oswald&#039;;font-weight:500;\">WIR GARANTIEREN IHNEN EMOTIONEN, DIE IHNEN LANGE ZEIT ERHALTEN BLEIBEN<\/h3><\/div><\/div><div class=\"w-separator size_custom\" style=\"height:20px\"><\/div><div class=\"wpb_text_column us_custom_ea76afbe\"><div class=\"wpb_wrapper\"><p style=\"text-align: center;\">Alles findet unter der Aufsicht unserer Ausbilder statt, die Ihnen w\u00e4hrend Ihres gesamten Aufenthalts zur Seite stehen und sich um die Sicherheit Ihrer G\u00e4ste k\u00fcmmern.<\/p>\n<\/div><\/div><div class=\"w-separator size_custom\" style=\"height:20px\"><\/div><div id=\"ultimate-heading-92569f707c7e7f5a\" class=\"uvc-heading ult-adjust-bottom-margin ultimate-heading-92569f707c7e7f5a uvc-4763 \" data-hspacer=\"no_spacer\" data-halign=\"center\" style=\"text-align:center\"><div class=\"uvc-heading-spacer no_spacer\" style=\"top\"><\/div><div class=\"uvc-main-heading ult-responsive\" data-ultimate-target=\".uvc-heading.ultimate-heading-92569f707c7e7f5a h3\" data-responsive-json-new=\"{&quot;font-size&quot;:&quot;&quot;,&quot;line-height&quot;:&quot;&quot;}\"><h3 style=\"font-family:&#039;Oswald&#039;;font-weight:500;\">W\u00c4HLEN SIE EIN PAKET UND BUCHEN SIE EINEN TERMIN!<\/h3><\/div><\/div><div class=\"w-separator size_custom\" style=\"height:20px\"><\/div><div class=\"wpb_text_column us_custom_ea76afbe\"><div class=\"wpb_wrapper\"><p style=\"text-align: center;\">Eine aufgeheizte Geburtstagsfeier &#8211; nur bei uns!<\/p>\n<\/div><\/div><div class=\"w-separator size_custom\" style=\"height:20px\"><\/div><div class=\"w-btn-wrapper align_center\"><a class=\"w-btn us-btn-style_1 icon_atleft\" title=\"Preisliste\" href=\"https:\/\/www.shootingcracow.com\/de\/preisliste\/\"><i class=\"far fa-play\"><\/i><span class=\"w-btn-label\">PAKETE<\/span><\/a><\/div><\/div><\/div><\/div><\/div><\/div><\/section><section class=\"l-section wpb_row us_custom_0c54ba39 height_medium width_full\"><div class=\"l-section-h i-cf\"><div class=\"g-cols vc_row via_flex valign_top type_default stacking_default\"><div class=\"vc_col-sm-12 wpb_column vc_column_container\"><div class=\"vc_column-inner\"><div class=\"wpb_wrapper\"><div class=\"w-actionbox us_custom_a86d61b4 action-box-blok has_text_color color_light controls_bottom\"><div class=\"w-actionbox-text\"><h4 class=\"w-actionbox-title\" style=\"font-size:25px\">HABEN SIE IRGENDWELCHE FRAGEN?<\/h4><div class=\"w-actionbox-description\"><p>SCHREIBEN SIE UNS JETZT<\/p>\n<\/div><\/div><div class=\"w-actionbox-controls\"><a class=\"w-btn us-btn-style_1 icon_atleft\" title=\"kontakt\" href=\"https:\/\/www.shootingcracow.com\/de\/kontakt\/\" style=\"font-size:18px;\"><i class=\"far fa-play\"><\/i><span class=\"w-btn-label\">kontakt<\/span><\/a><a class=\"w-btn us-btn-style_1 icon_atleft\" title=\"Preisliste\" href=\"https:\/\/www.shootingcracow.com\/de\/preisliste\/\" style=\"font-size:18px;\"><i class=\"far fa-play\"><\/i><span class=\"w-btn-label\">Pakete<\/span><\/a><\/div><\/div><\/div><\/div><\/div><\/div><\/div><\/section>\n","protected":false},"excerpt":{"rendered":"GEBURTSTAGSPARTY, GEBURTSTAGSFEIER IN KRAKAUEINE GEBURTSTAGSFEIER IN KRAKAU AUF DEM SCHIE\u00dfSTAND Sind Sie es leid, Ihren Geburtstagsfeier zu langweilen? Wollen Sie sich selbst oder jemandem, der Ihnen nahe steht, eine ungew\u00f6hnliche \u00dcberraschung bereiten? preislistePakete buchenSie sind an der richtigen Stelle Geburtstagsparty in Krakau auf dem unser Schie\u00dfstand machen nicht nur Spa\u00df, sondern sind unvergessliche Momente, an...","protected":false},"author":1,"featured_media":0,"parent":3957,"menu_order":2,"comment_status":"closed","ping_status":"closed","template":"","meta":{"powered_cache_disable_cache":false},"acf":[],"yoast_head":"<!-- This site is optimized with the Yoast SEO plugin v20.6 - https:\/\/yoast.com\/wordpress\/plugins\/seo\/ -->\n<title>Geburtstagsparty, Geburtstagsfeier ideen in Krakau<\/title>\n<meta name=\"description\" content=\"Idee f\u00fcr eine ungew\u00f6hnliche Geburtstagsfeier\/Geburtstagsparty auf dem Schie\u00dfstand in Krakau. Wir organisieren Geburtstagsfeier, an die man sich noch lange erinnern wird.\" \/>\n<meta name=\"robots\" content=\"index, follow, max-snippet:-1, max-image-preview:large, max-video-preview:-1\" \/>\n<link rel=\"canonical\" href=\"https:\/\/www.shootingcracow.com\/de\/angebot\/geburtstag\/\" \/>\n<meta property=\"og:locale\" content=\"de_DE\" \/>\n<meta property=\"og:type\" content=\"article\" \/>\n<meta property=\"og:title\" content=\"Geburtstagsparty, Geburtstagsfeier ideen in Krakau\" \/>\n<meta property=\"og:description\" content=\"Idee f\u00fcr eine ungew\u00f6hnliche Geburtstagsfeier\/Geburtstagsparty auf dem Schie\u00dfstand in Krakau. Wir organisieren Geburtstagsfeier, an die man sich noch lange erinnern wird.\" \/>\n<meta property=\"og:url\" content=\"https:\/\/www.shootingcracow.com\/de\/angebot\/geburtstag\/\" \/>\n<meta property=\"og:site_name\" content=\"Shooting Cracow\" \/>\n<meta property=\"article:publisher\" content=\"https:\/\/www.facebook.com\/shootingcracow\" \/>\n<meta property=\"article:modified_time\" content=\"2020-10-14T07:11:53+00:00\" \/>\n<meta property=\"og:image\" content=\"https:\/\/www.shootingcracow.com\/wp-content\/uploads\/2020\/03\/IMG_7320.jpg\" \/>\n\t<meta property=\"og:image:width\" content=\"1200\" \/>\n\t<meta property=\"og:image:height\" content=\"800\" \/>\n\t<meta property=\"og:image:type\" content=\"image\/jpeg\" \/>\n<meta name=\"twitter:card\" content=\"summary_large_image\" \/>\n<meta name=\"twitter:label1\" content=\"Gesch\u00e4tzte Lesezeit\" \/>\n\t<meta name=\"twitter:data1\" content=\"4\u00a0Minuten\" \/>\n<script type=\"application\/ld+json\" class=\"yoast-schema-graph\">{\"@context\":\"https:\/\/schema.org\",\"@graph\":[{\"@type\":\"WebPage\",\"@id\":\"https:\/\/www.shootingcracow.com\/de\/angebot\/geburtstag\/\",\"url\":\"https:\/\/www.shootingcracow.com\/de\/angebot\/geburtstag\/\",\"name\":\"Geburtstagsparty, Geburtstagsfeier ideen in Krakau\",\"isPartOf\":{\"@id\":\"https:\/\/www.shootingcracow.com\/de\/#website\"},\"datePublished\":\"2020-06-03T11:46:15+00:00\",\"dateModified\":\"2020-10-14T07:11:53+00:00\",\"description\":\"Idee f\u00fcr eine ungew\u00f6hnliche Geburtstagsfeier\/Geburtstagsparty auf dem Schie\u00dfstand in Krakau. Wir organisieren Geburtstagsfeier, an die man sich noch lange erinnern wird.\",\"breadcrumb\":{\"@id\":\"https:\/\/www.shootingcracow.com\/de\/angebot\/geburtstag\/#breadcrumb\"},\"inLanguage\":\"de\",\"potentialAction\":[{\"@type\":\"ReadAction\",\"target\":[\"https:\/\/www.shootingcracow.com\/de\/angebot\/geburtstag\/\"]}]},{\"@type\":\"BreadcrumbList\",\"@id\":\"https:\/\/www.shootingcracow.com\/de\/angebot\/geburtstag\/#breadcrumb\",\"itemListElement\":[{\"@type\":\"ListItem\",\"position\":1,\"name\":\"Strona g\u0142\u00f3wna\",\"item\":\"https:\/\/www.shootingcracow.com\/de\/homepage\/\"},{\"@type\":\"ListItem\",\"position\":2,\"name\":\"Angebot\",\"item\":\"https:\/\/www.shootingcracow.com\/de\/angebot\/\"},{\"@type\":\"ListItem\",\"position\":3,\"name\":\"Geburtstag\"}]},{\"@type\":\"WebSite\",\"@id\":\"https:\/\/www.shootingcracow.com\/de\/#website\",\"url\":\"https:\/\/www.shootingcracow.com\/de\/\",\"name\":\"Shooting Cracow\",\"description\":\"\",\"potentialAction\":[{\"@type\":\"SearchAction\",\"target\":{\"@type\":\"EntryPoint\",\"urlTemplate\":\"https:\/\/www.shootingcracow.com\/de\/?s={search_term_string}\"},\"query-input\":\"required name=search_term_string\"}],\"inLanguage\":\"de\"}]}<\/script>\n<!-- \/ Yoast SEO plugin. -->","yoast_head_json":{"title":"Geburtstagsparty, Geburtstagsfeier ideen in Krakau","description":"Idee f\u00fcr eine ungew\u00f6hnliche Geburtstagsfeier\/Geburtstagsparty auf dem Schie\u00dfstand in Krakau. Wir organisieren Geburtstagsfeier, an die man sich noch lange erinnern wird.","robots":{"index":"index","follow":"follow","max-snippet":"max-snippet:-1","max-image-preview":"max-image-preview:large","max-video-preview":"max-video-preview:-1"},"canonical":"https:\/\/www.shootingcracow.com\/de\/angebot\/geburtstag\/","og_locale":"de_DE","og_type":"article","og_title":"Geburtstagsparty, Geburtstagsfeier ideen in Krakau","og_description":"Idee f\u00fcr eine ungew\u00f6hnliche Geburtstagsfeier\/Geburtstagsparty auf dem Schie\u00dfstand in Krakau. Wir organisieren Geburtstagsfeier, an die man sich noch lange erinnern wird.","og_url":"https:\/\/www.shootingcracow.com\/de\/angebot\/geburtstag\/","og_site_name":"Shooting Cracow","article_publisher":"https:\/\/www.facebook.com\/shootingcracow","article_modified_time":"2020-10-14T07:11:53+00:00","og_image":[{"width":1200,"height":800,"url":"https:\/\/www.shootingcracow.com\/wp-content\/uploads\/2020\/03\/IMG_7320.jpg","type":"image\/jpeg"}],"twitter_card":"summary_large_image","twitter_misc":{"Gesch\u00e4tzte Lesezeit":"4\u00a0Minuten"},"schema":{"@context":"https:\/\/schema.org","@graph":[{"@type":"WebPage","@id":"https:\/\/www.shootingcracow.com\/de\/angebot\/geburtstag\/","url":"https:\/\/www.shootingcracow.com\/de\/angebot\/geburtstag\/","name":"Geburtstagsparty, Geburtstagsfeier ideen in Krakau","isPartOf":{"@id":"https:\/\/www.shootingcracow.com\/de\/#website"},"datePublished":"2020-06-03T11:46:15+00:00","dateModified":"2020-10-14T07:11:53+00:00","description":"Idee f\u00fcr eine ungew\u00f6hnliche Geburtstagsfeier\/Geburtstagsparty auf dem Schie\u00dfstand in Krakau. Wir organisieren Geburtstagsfeier, an die man sich noch lange erinnern wird.","breadcrumb":{"@id":"https:\/\/www.shootingcracow.com\/de\/angebot\/geburtstag\/#breadcrumb"},"inLanguage":"de","potentialAction":[{"@type":"ReadAction","target":["https:\/\/www.shootingcracow.com\/de\/angebot\/geburtstag\/"]}]},{"@type":"BreadcrumbList","@id":"https:\/\/www.shootingcracow.com\/de\/angebot\/geburtstag\/#breadcrumb","itemListElement":[{"@type":"ListItem","position":1,"name":"Strona g\u0142\u00f3wna","item":"https:\/\/www.shootingcracow.com\/de\/homepage\/"},{"@type":"ListItem","position":2,"name":"Angebot","item":"https:\/\/www.shootingcracow.com\/de\/angebot\/"},{"@type":"ListItem","position":3,"name":"Geburtstag"}]},{"@type":"WebSite","@id":"https:\/\/www.shootingcracow.com\/de\/#website","url":"https:\/\/www.shootingcracow.com\/de\/","name":"Shooting Cracow","description":"","potentialAction":[{"@type":"SearchAction","target":{"@type":"EntryPoint","urlTemplate":"https:\/\/www.shootingcracow.com\/de\/?s={search_term_string}"},"query-input":"required name=search_term_string"}],"inLanguage":"de"}]}},"_links":{"self":[{"href":"https:\/\/www.shootingcracow.com\/de\/wp-json\/wp\/v2\/pages\/3892"}],"collection":[{"href":"https:\/\/www.shootingcracow.com\/de\/wp-json\/wp\/v2\/pages"}],"about":[{"href":"https:\/\/www.shootingcracow.com\/de\/wp-json\/wp\/v2\/types\/page"}],"author":[{"embeddable":true,"href":"https:\/\/www.shootingcracow.com\/de\/wp-json\/wp\/v2\/users\/1"}],"replies":[{"embeddable":true,"href":"https:\/\/www.shootingcracow.com\/de\/wp-json\/wp\/v2\/comments?post=3892"}],"version-history":[{"count":0,"href":"https:\/\/www.shootingcracow.com\/de\/wp-json\/wp\/v2\/pages\/3892\/revisions"}],"up":[{"embeddable":true,"href":"https:\/\/www.shootingcracow.com\/de\/wp-json\/wp\/v2\/pages\/3957"}],"wp:attachment":[{"href":"https:\/\/www.shootingcracow.com\/de\/wp-json\/wp\/v2\/media?parent=3892"}],"curies":[{"name":"wp","href":"https:\/\/api.w.org\/{rel}","templated":true}]}}